{"id":14425,"date":"2022-08-16T01:57:52","date_gmt":"2022-08-16T01:57:52","guid":{"rendered":"https:\/\/www.tenyutool.com\/?post_type=product&#038;p=14425"},"modified":"2022-08-16T02:03:10","modified_gmt":"2022-08-16T02:03:10","slug":"14mm-schneckenbohrer","status":"publish","type":"product","link":"https:\/\/www.tenyutool.com\/de\/product\/14mm-auger-drill-bit\/","title":{"rendered":"Einschneidiger Holzschneckenbohrer ohne Stiel"},"content":{"rendered":"<p>Feature<\/p>\n<ul>\n<li>Aus Kohlenstoffstahl mit Gewindespitze.<\/li>\n<li>Selbstvorschub Grobe Schraubspitze f\u00fcr schnelleres Bohren.<\/li>\n<li>Erzielen Sie einen schnelleren und saubereren Schnitt und beseitigen Sie schnell Sp\u00e4ne aus L\u00f6chern.<\/li>\n<li>Fixiert in allen Elektrowerkzeugen sicherer zum Durchrutschen Reduzieren in Standard-Futtern.<\/li>\n<li data-spm-anchor-id=\"a2700.pc-decorate.0.i10.223f3333oqCITw\">Zum pr\u00e4zisen Bohren in Hartholz, Weichholz, Balken mit gro\u00dfen Querschnitten, Spanplatten, Kunststoff und Sperrholz verwendet werden.<\/li>\n<\/ul>\n<figure id=\"attachment_14427\" aria-describedby=\"caption-attachment-14427\" style=\"width: 800px\" class=\"wp-caption alignnone\"><img fetchpriority=\"high\" decoding=\"async\" class=\"size-full wp-image-14427\" src=\"https:\/\/www.tenyutool.com\/wp-content\/uploads\/2022\/08\/Hex-Shank-Titanium-Coated-Single-Flute-Wood-Auger-Drill-Bit-without-Stem-for-Wood-Drilling.jpg\" alt=\"Einschneidiger Holzschneckenbohrer ohne Schaft\" width=\"800\" height=\"800\" srcset=\"https:\/\/www.tenyutool.com\/wp-content\/uploads\/2022\/08\/Hex-Shank-Titanium-Coated-Single-Flute-Wood-Auger-Drill-Bit-without-Stem-for-Wood-Drilling.jpg 800w, https:\/\/www.tenyutool.com\/wp-content\/uploads\/2022\/08\/Hex-Shank-Titanium-Coated-Single-Flute-Wood-Auger-Drill-Bit-without-Stem-for-Wood-Drilling-150x150.jpg 150w, https:\/\/www.tenyutool.com\/wp-content\/uploads\/2022\/08\/Hex-Shank-Titanium-Coated-Single-Flute-Wood-Auger-Drill-Bit-without-Stem-for-Wood-Drilling-768x768.jpg 768w, https:\/\/www.tenyutool.com\/wp-content\/uploads\/2022\/08\/Hex-Shank-Titanium-Coated-Single-Flute-Wood-Auger-Drill-Bit-without-Stem-for-Wood-Drilling-12x12.jpg 12w, https:\/\/www.tenyutool.com\/wp-content\/uploads\/2022\/08\/Hex-Shank-Titanium-Coated-Single-Flute-Wood-Auger-Drill-Bit-without-Stem-for-Wood-Drilling-300x300.jpg 300w, https:\/\/www.tenyutool.com\/wp-content\/uploads\/2022\/08\/Hex-Shank-Titanium-Coated-Single-Flute-Wood-Auger-Drill-Bit-without-Stem-for-Wood-Drilling-600x600.jpg 600w, https:\/\/www.tenyutool.com\/wp-content\/uploads\/2022\/08\/Hex-Shank-Titanium-Coated-Single-Flute-Wood-Auger-Drill-Bit-without-Stem-for-Wood-Drilling-100x100.jpg 100w\" sizes=\"(max-width: 800px) 100vw, 800px\" \/><figcaption id=\"caption-attachment-14427\" class=\"wp-caption-text\">Einschneidiger Holzschneckenbohrer ohne Schaft<\/figcaption><\/figure>\n<table class=\"has-title hight-light-first-column all magic-4\">\n<tbody>\n<tr>\n<td colspan=\"5\" rowspan=\"1\">\n<div class=\"magic-5\"><span class=\"magic-6\">Produktbeschreibung<\/span><\/div>\n<\/td>\n<\/tr>\n<tr>\n<td colspan=\"5\" rowspan=\"1\">\n<div class=\"magic-5\"><b><span class=\"magic-11\">Mehr Auswahl f\u00fcr Sie:\u00a0<a href=\"https:\/\/www.tenyutool.com\/de\/\" target=\"_blank\" rel=\"noopener\">Heim<\/a>\u00a0&gt;\u00a0<a href=\"https:\/\/www.tenyutool.com\/de\/holzbohrer\/\" target=\"_blank\" rel=\"noopener\">Holzbohrer<\/a>\u00a0&gt;\u00a0<a href=\"https:\/\/www.tenyutool.com\/de\/schlangenbohrer-aus-holz\/\" target=\"_blank\" rel=\"noopener\">Holzbohrer<\/a><\/span><\/b><\/div>\n<\/td>\n<\/tr>\n<tr>\n<td colspan=\"1\" rowspan=\"1\">\n<div class=\"magic-12\">Produktname<\/div>\n<\/td>\n<td colspan=\"4\" rowspan=\"1\">\n<div class=\"magic-13\" data-spm-anchor-id=\"a2700.details.0.i45.5a5c7c8eBwqjav\">Holzschneckenbohrer mit Sechskantschaft, einschneidig, ohne Stiel zum Bohren in Holz<\/div>\n<\/td>\n<\/tr>\n<tr>\n<td colspan=\"1\" rowspan=\"1\">\n<div class=\"magic-12\">Schaft<\/div>\n<\/td>\n<td colspan=\"1\" rowspan=\"1\">\n<div class=\"magic-14\" data-spm-anchor-id=\"a2700.details.0.i47.5a5c7c8eBwqjav\">Schnellwechsel-Sechskantschaft (Wir haben auch Sechskantschaft, SDS Plus-Schaft und Handgebrauchsschaft)<\/div>\n<\/td>\n<\/tr>\n<tr>\n<td colspan=\"1\" rowspan=\"1\">\n<div class=\"magic-12\">Fl\u00f6te<\/div>\n<\/td>\n<td colspan=\"4\" rowspan=\"1\">\n<div class=\"magic-14\">Einzelfl\u00f6te mit Stiel (Wir haben auch Einzelfl\u00f6ten ohne Stiel, Doppelfl\u00f6ten,<br \/>\nDrei Fl\u00f6ten und Vier Fl\u00f6ten)<\/div>\n<\/td>\n<\/tr>\n<tr>\n<td colspan=\"1\" rowspan=\"1\">\n<div class=\"magic-12\">Tipp<\/div>\n<\/td>\n<td colspan=\"4\" rowspan=\"1\">\n<div class=\"magic-14\">Einzelsporn mit Schraubspitze (Wir haben auch Doppelsporn, Dreisporn und Viersporn mit vier K\u00f6pfen)<\/div>\n<\/td>\n<\/tr>\n<tr>\n<td colspan=\"1\" rowspan=\"1\">\n<div class=\"magic-12\">Material<\/div>\n<\/td>\n<td colspan=\"1\" rowspan=\"1\">\n<div class=\"magic-14\">Kohlenstoffstahl mit W\u00e4rmebehandlung<\/div>\n<\/td>\n<\/tr>\n<tr>\n<td colspan=\"1\" rowspan=\"1\">\n<div class=\"magic-12\">Oberfl\u00e4chenveredlung<\/div>\n<\/td>\n<td colspan=\"1\" rowspan=\"1\">\n<div class=\"magic-14\">Titanbeschichtet (Wir haben auch Farblackierung, Schwarz und Hell)<\/div>\n<\/td>\n<\/tr>\n<tr>\n<td colspan=\"1\" rowspan=\"1\">\n<div class=\"magic-12\">Paket<\/div>\n<\/td>\n<td colspan=\"1\" rowspan=\"1\">\n<div class=\"magic-14\">Ein St\u00fcck in einem PVC-Beutel, PVC-Schlauch oder PVC-Doppelblister<\/div>\n<\/td>\n<\/tr>\n<\/tbody>\n<\/table>","protected":false},"excerpt":{"rendered":"<p>Feature Made of high carbon steel with a threaded tip. Self Feeding Coarse screw point designed for faster drilling. Produce a faster and cleaner cut and clear quickly chips out of holes. Fixed in all power tools more safely for slipping reducing in standard chucks. Be used in hardwood, softwood, large section beam, chipboard, plastic, [&hellip;]<\/p>\n","protected":false},"featured_media":14427,"comment_status":"closed","ping_status":"closed","template":"","meta":{"_acf_changed":false,"_seopress_robots_primary_cat":"none","_seopress_titles_title":"14mm Auger Drill Bit | Single Flute Wood Auger Bit","_seopress_titles_desc":"","_seopress_robots_index":"","site-sidebar-layout":"default","site-content-layout":"default","ast-site-content-layout":"default","site-content-style":"default","site-sidebar-style":"default","ast-global-header-display":"","ast-banner-title-visibility":"","ast-main-header-display":"","ast-hfb-above-header-display":"","ast-hfb-below-header-display":"","ast-hfb-mobile-header-display":"","site-post-title":"","ast-breadcrumbs-content":"","ast-featured-img":"","footer-sml-layout":"","ast-disable-related-posts":"","theme-transparent-header-meta":"default","adv-header-id-meta":"","stick-header-meta":"","header-above-stick-meta":"","header-main-stick-meta":"","header-below-stick-meta":"","astra-migrate-meta-layouts":"default","ast-page-background-enabled":"default","ast-page-background-meta":{"desktop":{"background-color":"","background-image":"","background-repeat":"repeat","background-position":"center center","background-size":"auto","background-attachment":"scroll","background-type":"","background-media":"","overlay-type":"","overlay-color":"","overlay-opacity":"","overlay-gradient":""},"tablet":{"background-color":"","background-image":"","background-repeat":"repeat","background-position":"center center","background-size":"auto","background-attachment":"scroll","background-type":"","background-media":"","overlay-type":"","overlay-color":"","overlay-opacity":"","overlay-gradient":""},"mobile":{"background-color":"","background-image":"","background-repeat":"repeat","background-position":"center center","background-size":"auto","background-attachment":"scroll","background-type":"","background-media":"","overlay-type":"","overlay-color":"","overlay-opacity":"","overlay-gradient":""}},"ast-content-background-meta":{"desktop":{"background-color":"var(--ast-global-color-5)","background-image":"","background-repeat":"repeat","background-position":"center center","background-size":"auto","background-attachment":"scroll","background-type":"","background-media":"","overlay-type":"","overlay-color":"","overlay-opacity":"","overlay-gradient":""},"tablet":{"background-color":"var(--ast-global-color-5)","background-image":"","background-repeat":"repeat","background-position":"center center","background-size":"auto","background-attachment":"scroll","background-type":"","background-media":"","overlay-type":"","overlay-color":"","overlay-opacity":"","overlay-gradient":""},"mobile":{"background-color":"var(--ast-global-color-5)","background-image":"","background-repeat":"repeat","background-position":"center center","background-size":"auto","background-attachment":"scroll","background-type":"","background-media":"","overlay-type":"","overlay-color":"","overlay-opacity":"","overlay-gradient":""}}},"product_brand":[],"product_cat":[23],"product_tag":[],"class_list":{"0":"post-14425","1":"product","2":"type-product","3":"status-publish","4":"has-post-thumbnail","6":"product_cat-wood-auger-drill-bits","7":"desktop-align-left","8":"tablet-align-left","9":"mobile-align-left","11":"first","12":"instock","13":"shipping-taxable","14":"product-type-simple"},"acf":[],"_links":{"self":[{"href":"https:\/\/www.tenyutool.com\/de\/wp-json\/wp\/v2\/product\/14425","targetHints":{"allow":["GET"]}}],"collection":[{"href":"https:\/\/www.tenyutool.com\/de\/wp-json\/wp\/v2\/product"}],"about":[{"href":"https:\/\/www.tenyutool.com\/de\/wp-json\/wp\/v2\/types\/product"}],"replies":[{"embeddable":true,"href":"https:\/\/www.tenyutool.com\/de\/wp-json\/wp\/v2\/comments?post=14425"}],"wp:featuredmedia":[{"embeddable":true,"href":"https:\/\/www.tenyutool.com\/de\/wp-json\/wp\/v2\/media\/14427"}],"wp:attachment":[{"href":"https:\/\/www.tenyutool.com\/de\/wp-json\/wp\/v2\/media?parent=14425"}],"wp:term":[{"taxonomy":"product_brand","embeddable":true,"href":"https:\/\/www.tenyutool.com\/de\/wp-json\/wp\/v2\/product_brand?post=14425"},{"taxonomy":"product_cat","embeddable":true,"href":"https:\/\/www.tenyutool.com\/de\/wp-json\/wp\/v2\/product_cat?post=14425"},{"taxonomy":"product_tag","embeddable":true,"href":"https:\/\/www.tenyutool.com\/de\/wp-json\/wp\/v2\/product_tag?post=14425"}],"curies":[{"name":"wp","href":"https:\/\/api.w.org\/{rel}","templated":true}]}}