{"id":14604,"date":"2022-08-17T07:05:36","date_gmt":"2022-08-17T07:05:36","guid":{"rendered":"https:\/\/www.tenyutool.com\/?post_type=product&#038;p=14604"},"modified":"2022-08-23T07:36:08","modified_gmt":"2022-08-23T07:36:08","slug":"6-tlg-vhm-zentrierbohrer","status":"publish","type":"product","link":"https:\/\/www.tenyutool.com\/de\/product\/6pcs-solid-carbide-centre-drill-bits\/","title":{"rendered":"6 St\u00fcck Vollhartmetall-Zentrierbohrer mit Tialn-Beschichtung f\u00fcr die Metallbearbeitung auf Drehmaschinen"},"content":{"rendered":"<p>Feature:<\/p>\n<ul>\n<li>Mit diesen Zentrierbohrern erzielen Sie pr\u00e4zise und genaue Bohrergebnisse. Die Tiall-Beschichtung tr\u00e4gt dazu bei, die Lebensdauer der Bits zu verl\u00e4ngern und Verschlei\u00df zu widerstehen.<\/li>\n<li>Die Vollhartmetallkonstruktion macht sie langlebig und in der Lage, starker Beanspruchung standzuhalten.<\/li>\n<li>Und da sie aus hochwertigen Materialien hergestellt sind, eignen sie sich perfekt f\u00fcr den Einsatz auf einer Vielzahl von Materialien.<\/li>\n<li>Ob Sie durch Metall, Holz oder Kunststoff bohren, unsere Zentrierbohrer erledigen die Arbeit schnell und effizient.<\/li>\n<\/ul>\n<figure id=\"attachment_14189\" aria-describedby=\"caption-attachment-14189\" style=\"width: 800px\" class=\"wp-caption alignnone\"><img fetchpriority=\"high\" decoding=\"async\" class=\"size-full wp-image-14189\" src=\"https:\/\/www.tenyutool.com\/wp-content\/uploads\/2022\/08\/6pcs-Solid-Carbide-Centre-Drill-Bits-with-Tialn-Coated.jpg\" alt=\"6-teilige Vollhartmetall-Zentrierbohrer mit Tialn-Beschichtung\" width=\"800\" height=\"800\" srcset=\"https:\/\/www.tenyutool.com\/wp-content\/uploads\/2022\/08\/6pcs-Solid-Carbide-Centre-Drill-Bits-with-Tialn-Coated.jpg 800w, https:\/\/www.tenyutool.com\/wp-content\/uploads\/2022\/08\/6pcs-Solid-Carbide-Centre-Drill-Bits-with-Tialn-Coated-150x150.jpg 150w, https:\/\/www.tenyutool.com\/wp-content\/uploads\/2022\/08\/6pcs-Solid-Carbide-Centre-Drill-Bits-with-Tialn-Coated-768x768.jpg 768w, https:\/\/www.tenyutool.com\/wp-content\/uploads\/2022\/08\/6pcs-Solid-Carbide-Centre-Drill-Bits-with-Tialn-Coated-12x12.jpg 12w, https:\/\/www.tenyutool.com\/wp-content\/uploads\/2022\/08\/6pcs-Solid-Carbide-Centre-Drill-Bits-with-Tialn-Coated-300x300.jpg 300w, https:\/\/www.tenyutool.com\/wp-content\/uploads\/2022\/08\/6pcs-Solid-Carbide-Centre-Drill-Bits-with-Tialn-Coated-600x600.jpg 600w, https:\/\/www.tenyutool.com\/wp-content\/uploads\/2022\/08\/6pcs-Solid-Carbide-Centre-Drill-Bits-with-Tialn-Coated-100x100.jpg 100w\" sizes=\"(max-width: 800px) 100vw, 800px\" \/><figcaption id=\"caption-attachment-14189\" class=\"wp-caption-text\">6-teilige Vollhartmetall-Zentrierbohrer mit Tialn-Beschichtung<\/figcaption><\/figure>\n<table style=\"border-collapse: collapse; width: 808.52pt;\" border=\"0\" width=\"1078\" cellspacing=\"0\" cellpadding=\"0\">\n<tbody>\n<tr style=\"height: 30.00pt;\">\n<td class=\"et3\" style=\"height: 30.00pt; width: 808.50pt;\" colspan=\"9\" width=\"1078\" height=\"40\">Produktbeschreibung<\/td>\n<\/tr>\n<tr style=\"height: 32.00pt;\">\n<td class=\"et4\" style=\"height: 32.00pt;\" colspan=\"9\" height=\"42\">Mehr Auswahl f\u00fcr Sie: <a href=\"https:\/\/www.tenyutool.com\/de\/\">Heim<\/a> &gt; Bohrer zentrieren<\/td>\n<\/tr>\n<tr style=\"height: 35.00pt;\">\n<td class=\"et6\" style=\"height: 35.00pt;\" height=\"46\">Produktname<\/td>\n<td class=\"et7\" style=\"width: 682.50pt;\" colspan=\"8\" width=\"910\">6 St\u00fcck Vollhartmetall-Zentrierbohrer mit Tian-Beschichtung f\u00fcr die Metallbearbeitung auf Drehmaschinen<\/td>\n<\/tr>\n<tr style=\"height: 32.00pt;\">\n<td class=\"et9\" style=\"height: 32.00pt;\" height=\"42\">Material<\/td>\n<td class=\"et10\" colspan=\"8\">Hartmetall<\/td>\n<\/tr>\n<tr style=\"height: 32.00pt;\">\n<td class=\"et12\" style=\"height: 32.00pt;\" height=\"42\">Finish-Typ<\/td>\n<td class=\"et13\" style=\"border-right: .5pt solid #000000;\" colspan=\"8\">Titan-Aluminium-Nitrid<\/td>\n<\/tr>\n<tr style=\"height: 32.00pt;\">\n<td class=\"et15\" style=\"height: 32.00pt;\" height=\"42\">Typ der Werkzeugnut<\/td>\n<td class=\"et10\" colspan=\"8\">Spiral<\/td>\n<\/tr>\n<tr style=\"height: 32.00pt;\">\n<td class=\"et15\" style=\"height: 32.00pt;\" height=\"42\">Paket<\/td>\n<td class=\"et13\" style=\"border-right: .5pt solid #000000;\" colspan=\"8\">Kunststoff-Box<\/td>\n<\/tr>\n<\/tbody>\n<\/table>","protected":false},"excerpt":{"rendered":"<p>Feature: With these center drill bits, you can achieve precise and accurate drilling results. The tialn coating helps to extend the life of the bits and resist wear and tear. The solid carbide construction makes them durable and able to withstand heavy use. And because they&#8217;re made from high quality materials, they&#8217;re perfect for use [&hellip;]<\/p>\n","protected":false},"featured_media":14189,"comment_status":"closed","ping_status":"closed","template":"","meta":{"_acf_changed":false,"_seopress_robots_primary_cat":"none","_seopress_titles_title":"Carbide Centre Drill Bits | for Lathe Metalworking","_seopress_titles_desc":"","_seopress_robots_index":"","site-sidebar-layout":"default","site-content-layout":"default","ast-site-content-layout":"default","site-content-style":"default","site-sidebar-style":"default","ast-global-header-display":"","ast-banner-title-visibility":"","ast-main-header-display":"","ast-hfb-above-header-display":"","ast-hfb-below-header-display":"","ast-hfb-mobile-header-display":"","site-post-title":"","ast-breadcrumbs-content":"","ast-featured-img":"","footer-sml-layout":"","ast-disable-related-posts":"","theme-transparent-header-meta":"default","adv-header-id-meta":"","stick-header-meta":"","header-above-stick-meta":"","header-main-stick-meta":"","header-below-stick-meta":"","astra-migrate-meta-layouts":"default","ast-page-background-enabled":"default","ast-page-background-meta":{"desktop":{"background-color":"","background-image":"","background-repeat":"repeat","background-position":"center center","background-size":"auto","background-attachment":"scroll","background-type":"","background-media":"","overlay-type":"","overlay-color":"","overlay-opacity":"","overlay-gradient":""},"tablet":{"background-color":"","background-image":"","background-repeat":"repeat","background-position":"center center","background-size":"auto","background-attachment":"scroll","background-type":"","background-media":"","overlay-type":"","overlay-color":"","overlay-opacity":"","overlay-gradient":""},"mobile":{"background-color":"","background-image":"","background-repeat":"repeat","background-position":"center center","background-size":"auto","background-attachment":"scroll","background-type":"","background-media":"","overlay-type":"","overlay-color":"","overlay-opacity":"","overlay-gradient":""}},"ast-content-background-meta":{"desktop":{"background-color":"var(--ast-global-color-5)","background-image":"","background-repeat":"repeat","background-position":"center center","background-size":"auto","background-attachment":"scroll","background-type":"","background-media":"","overlay-type":"","overlay-color":"","overlay-opacity":"","overlay-gradient":""},"tablet":{"background-color":"var(--ast-global-color-5)","background-image":"","background-repeat":"repeat","background-position":"center center","background-size":"auto","background-attachment":"scroll","background-type":"","background-media":"","overlay-type":"","overlay-color":"","overlay-opacity":"","overlay-gradient":""},"mobile":{"background-color":"var(--ast-global-color-5)","background-image":"","background-repeat":"repeat","background-position":"center center","background-size":"auto","background-attachment":"scroll","background-type":"","background-media":"","overlay-type":"","overlay-color":"","overlay-opacity":"","overlay-gradient":""}}},"product_brand":[],"product_cat":[24],"product_tag":[],"class_list":{"0":"post-14604","1":"product","2":"type-product","3":"status-publish","4":"has-post-thumbnail","6":"product_cat-center-drill-bit","7":"desktop-align-left","8":"tablet-align-left","9":"mobile-align-left","11":"first","12":"instock","13":"shipping-taxable","14":"product-type-simple"},"acf":[],"_links":{"self":[{"href":"https:\/\/www.tenyutool.com\/de\/wp-json\/wp\/v2\/product\/14604","targetHints":{"allow":["GET"]}}],"collection":[{"href":"https:\/\/www.tenyutool.com\/de\/wp-json\/wp\/v2\/product"}],"about":[{"href":"https:\/\/www.tenyutool.com\/de\/wp-json\/wp\/v2\/types\/product"}],"replies":[{"embeddable":true,"href":"https:\/\/www.tenyutool.com\/de\/wp-json\/wp\/v2\/comments?post=14604"}],"wp:featuredmedia":[{"embeddable":true,"href":"https:\/\/www.tenyutool.com\/de\/wp-json\/wp\/v2\/media\/14189"}],"wp:attachment":[{"href":"https:\/\/www.tenyutool.com\/de\/wp-json\/wp\/v2\/media?parent=14604"}],"wp:term":[{"taxonomy":"product_brand","embeddable":true,"href":"https:\/\/www.tenyutool.com\/de\/wp-json\/wp\/v2\/product_brand?post=14604"},{"taxonomy":"product_cat","embeddable":true,"href":"https:\/\/www.tenyutool.com\/de\/wp-json\/wp\/v2\/product_cat?post=14604"},{"taxonomy":"product_tag","embeddable":true,"href":"https:\/\/www.tenyutool.com\/de\/wp-json\/wp\/v2\/product_tag?post=14604"}],"curies":[{"name":"wp","href":"https:\/\/api.w.org\/{rel}","templated":true}]}}