{"id":14608,"date":"2022-08-17T07:37:35","date_gmt":"2022-08-17T07:37:35","guid":{"rendered":"https:\/\/www.tenyutool.com\/?post_type=product&#038;p=14608"},"modified":"2022-08-23T07:32:34","modified_gmt":"2022-08-23T07:32:34","slug":"4mm-hss-zentrierbohrer-satz","status":"publish","type":"product","link":"https:\/\/www.tenyutool.com\/de\/product\/4mm-hss-centre-drill-set\/","title":{"rendered":"1 St\u00fcck Spanfl\u00f6te Design AType 4 mm HSS Zentrierbohrer-Set Zentrierbohrer Senker Drehmei\u00dfel"},"content":{"rendered":"<p>Feature:<\/p>\n<ul>\n<li>Geeignet f\u00fcr Tischbohrmaschinen, Fr\u00e4smaschinen, Bearbeitungszentren.<\/li>\n<li>Schnellarbeitsstahlmaterial mit hoher H\u00e4rte, Sch\u00e4rfe, Verschlei\u00dffestigkeit und Hitzebest\u00e4ndigkeit, lange Lebensdauer.<\/li>\n<li>Vergr\u00f6\u00dfertes Spannutendesign, vorteilhaft f\u00fcr Hochgeschwindigkeitsbetrieb und beschleunigte Spanabfuhr.<\/li>\n<li>Bessere St\u00e4rke und Haltbarkeit All-Boden-Spiralpositionierung mit hoher Arbeitseffizienz.<\/li>\n<li>Speziell f\u00fcr die Stahl- und Edelstahlbearbeitung, sehr praktisch.<\/li>\n<\/ul>\n<figure id=\"attachment_14186\" aria-describedby=\"caption-attachment-14186\" style=\"width: 800px\" class=\"wp-caption alignnone\"><img fetchpriority=\"high\" decoding=\"async\" class=\"size-full wp-image-14186\" src=\"https:\/\/www.tenyutool.com\/wp-content\/uploads\/2022\/08\/AType-4mm-HSS-Centre-Drill-Set-Center-Drill-Countersink-Lathe-Bit-Mill-Tooling.jpg\" alt=\"atype 4mm hss zentrierbohrer set zentrierbohrer senker drehmaschine bit fr\u00e4swerkzeuge\" width=\"800\" height=\"800\" srcset=\"https:\/\/www.tenyutool.com\/wp-content\/uploads\/2022\/08\/AType-4mm-HSS-Centre-Drill-Set-Center-Drill-Countersink-Lathe-Bit-Mill-Tooling.jpg 800w, https:\/\/www.tenyutool.com\/wp-content\/uploads\/2022\/08\/AType-4mm-HSS-Centre-Drill-Set-Center-Drill-Countersink-Lathe-Bit-Mill-Tooling-150x150.jpg 150w, https:\/\/www.tenyutool.com\/wp-content\/uploads\/2022\/08\/AType-4mm-HSS-Centre-Drill-Set-Center-Drill-Countersink-Lathe-Bit-Mill-Tooling-768x768.jpg 768w, https:\/\/www.tenyutool.com\/wp-content\/uploads\/2022\/08\/AType-4mm-HSS-Centre-Drill-Set-Center-Drill-Countersink-Lathe-Bit-Mill-Tooling-12x12.jpg 12w, https:\/\/www.tenyutool.com\/wp-content\/uploads\/2022\/08\/AType-4mm-HSS-Centre-Drill-Set-Center-Drill-Countersink-Lathe-Bit-Mill-Tooling-300x300.jpg 300w, https:\/\/www.tenyutool.com\/wp-content\/uploads\/2022\/08\/AType-4mm-HSS-Centre-Drill-Set-Center-Drill-Countersink-Lathe-Bit-Mill-Tooling-600x600.jpg 600w, https:\/\/www.tenyutool.com\/wp-content\/uploads\/2022\/08\/AType-4mm-HSS-Centre-Drill-Set-Center-Drill-Countersink-Lathe-Bit-Mill-Tooling-100x100.jpg 100w\" sizes=\"(max-width: 800px) 100vw, 800px\" \/><figcaption id=\"caption-attachment-14186\" class=\"wp-caption-text\">atype 4mm hss zentrierbohrer set zentrierbohrer senker drehmaschine bit fr\u00e4swerkzeuge<\/figcaption><\/figure>\n<table width=\"1078\">\n<tbody>\n<tr>\n<td colspan=\"9\" width=\"1078\">Produktbeschreibung<\/td>\n<\/tr>\n<tr>\n<td colspan=\"9\">Mehr Auswahl f\u00fcr Sie: <a href=\"https:\/\/www.tenyutool.com\/de\/\">Heim<\/a> &gt; Bohrer zentrieren<\/td>\n<\/tr>\n<tr>\n<td>Produktname<\/td>\n<td colspan=\"8\" width=\"910\">1 St\u00fcck Spanfl\u00f6te Design AType 4 mm HSS Zentrierbohrer-Set Zentrierbohrer Senker Drehmei\u00dfel<\/td>\n<\/tr>\n<tr>\n<td>Material<\/td>\n<td colspan=\"8\">Hochgeschwindigkeitsstahl<\/td>\n<\/tr>\n<tr>\n<td>Finish-Typ<\/td>\n<td colspan=\"8\">Titan<\/td>\n<\/tr>\n<tr>\n<td>Spezifikation:<\/td>\n<td colspan=\"8\">Ca. 4 mm \/ 0,2 Zoll<\/td>\n<\/tr>\n<tr>\n<td>Typ der Werkzeugnut<\/td>\n<td colspan=\"8\">Spiral<\/td>\n<\/tr>\n<tr>\n<td>Paket<\/td>\n<td colspan=\"8\">Kunststoff-Box<\/td>\n<\/tr>\n<\/tbody>\n<\/table>","protected":false},"excerpt":{"rendered":"<p>Feature: Suitable for bench drills, milling machines, machining centers. High\u2011speed steel material, with high hardness, of sharpness, wear\u2011resistant and heat\u2011resistant, long service life. Enlarged chip flute design, beneficial to high\u2011speed operation and accelerate chip removal. Better strength and durability all\u2011ground spiral positioning with high work efficiency. Special for die steel and stainless steel processing, very [&hellip;]<\/p>\n","protected":false},"featured_media":14186,"comment_status":"closed","ping_status":"closed","template":"","meta":{"_acf_changed":false,"_seopress_robots_primary_cat":"none","_seopress_titles_title":"4mm Center Drill | Countersink Lathe Bit","_seopress_titles_desc":"","_seopress_robots_index":"","site-sidebar-layout":"default","site-content-layout":"default","ast-site-content-layout":"default","site-content-style":"default","site-sidebar-style":"default","ast-global-header-display":"","ast-banner-title-visibility":"","ast-main-header-display":"","ast-hfb-above-header-display":"","ast-hfb-below-header-display":"","ast-hfb-mobile-header-display":"","site-post-title":"","ast-breadcrumbs-content":"","ast-featured-img":"","footer-sml-layout":"","ast-disable-related-posts":"","theme-transparent-header-meta":"default","adv-header-id-meta":"","stick-header-meta":"","header-above-stick-meta":"","header-main-stick-meta":"","header-below-stick-meta":"","astra-migrate-meta-layouts":"default","ast-page-background-enabled":"default","ast-page-background-meta":{"desktop":{"background-color":"","background-image":"","background-repeat":"repeat","background-position":"center center","background-size":"auto","background-attachment":"scroll","background-type":"","background-media":"","overlay-type":"","overlay-color":"","overlay-opacity":"","overlay-gradient":""},"tablet":{"background-color":"","background-image":"","background-repeat":"repeat","background-position":"center center","background-size":"auto","background-attachment":"scroll","background-type":"","background-media":"","overlay-type":"","overlay-color":"","overlay-opacity":"","overlay-gradient":""},"mobile":{"background-color":"","background-image":"","background-repeat":"repeat","background-position":"center center","background-size":"auto","background-attachment":"scroll","background-type":"","background-media":"","overlay-type":"","overlay-color":"","overlay-opacity":"","overlay-gradient":""}},"ast-content-background-meta":{"desktop":{"background-color":"var(--ast-global-color-5)","background-image":"","background-repeat":"repeat","background-position":"center center","background-size":"auto","background-attachment":"scroll","background-type":"","background-media":"","overlay-type":"","overlay-color":"","overlay-opacity":"","overlay-gradient":""},"tablet":{"background-color":"var(--ast-global-color-5)","background-image":"","background-repeat":"repeat","background-position":"center center","background-size":"auto","background-attachment":"scroll","background-type":"","background-media":"","overlay-type":"","overlay-color":"","overlay-opacity":"","overlay-gradient":""},"mobile":{"background-color":"var(--ast-global-color-5)","background-image":"","background-repeat":"repeat","background-position":"center center","background-size":"auto","background-attachment":"scroll","background-type":"","background-media":"","overlay-type":"","overlay-color":"","overlay-opacity":"","overlay-gradient":""}}},"product_brand":[],"product_cat":[24],"product_tag":[],"class_list":{"0":"post-14608","1":"product","2":"type-product","3":"status-publish","4":"has-post-thumbnail","6":"product_cat-center-drill-bit","7":"desktop-align-left","8":"tablet-align-left","9":"mobile-align-left","11":"first","12":"instock","13":"shipping-taxable","14":"product-type-simple"},"acf":[],"_links":{"self":[{"href":"https:\/\/www.tenyutool.com\/de\/wp-json\/wp\/v2\/product\/14608","targetHints":{"allow":["GET"]}}],"collection":[{"href":"https:\/\/www.tenyutool.com\/de\/wp-json\/wp\/v2\/product"}],"about":[{"href":"https:\/\/www.tenyutool.com\/de\/wp-json\/wp\/v2\/types\/product"}],"replies":[{"embeddable":true,"href":"https:\/\/www.tenyutool.com\/de\/wp-json\/wp\/v2\/comments?post=14608"}],"wp:featuredmedia":[{"embeddable":true,"href":"https:\/\/www.tenyutool.com\/de\/wp-json\/wp\/v2\/media\/14186"}],"wp:attachment":[{"href":"https:\/\/www.tenyutool.com\/de\/wp-json\/wp\/v2\/media?parent=14608"}],"wp:term":[{"taxonomy":"product_brand","embeddable":true,"href":"https:\/\/www.tenyutool.com\/de\/wp-json\/wp\/v2\/product_brand?post=14608"},{"taxonomy":"product_cat","embeddable":true,"href":"https:\/\/www.tenyutool.com\/de\/wp-json\/wp\/v2\/product_cat?post=14608"},{"taxonomy":"product_tag","embeddable":true,"href":"https:\/\/www.tenyutool.com\/de\/wp-json\/wp\/v2\/product_tag?post=14608"}],"curies":[{"name":"wp","href":"https:\/\/api.w.org\/{rel}","templated":true}]}}