{"id":14623,"date":"2022-08-17T08:20:31","date_gmt":"2022-08-17T08:20:31","guid":{"rendered":"https:\/\/www.tenyutool.com\/?post_type=product&#038;p=14623"},"modified":"2022-08-23T07:16:10","modified_gmt":"2022-08-23T07:16:10","slug":"mittelbohrer-mit-langer-lange","status":"publish","type":"product","link":"https:\/\/www.tenyutool.com\/de\/product\/long-length-centre-drill-bits\/","title":{"rendered":"Langer Zentrierbohrer mit heller Oberfl\u00e4che aus Hochgeschwindigkeitsstahl mit langsamer Spirale, unbeschichtet"},"content":{"rendered":"<p>Feature:<\/p>\n<ul>\n<li>Mit langem Schaft f\u00fcr zus\u00e4tzliche Stabilit\u00e4t und einer scharfen Schneide.<\/li>\n<li>Dieser Bohrer ist aus hochwertigen Materialien gefertigt und auf Langlebigkeit ausgelegt, ideal zum Bohren von genauen und pr\u00e4zisen L\u00f6chern in eine Vielzahl von Materialien.<\/li>\n<li>Es hat einen Senkwinkel von 60 Grad, der in alle Standardzentren passt.<\/li>\n<\/ul>\n<figure id=\"attachment_14187\" aria-describedby=\"caption-attachment-14187\" style=\"width: 800px\" class=\"wp-caption alignnone\"><img fetchpriority=\"high\" decoding=\"async\" class=\"size-full wp-image-14187\" src=\"https:\/\/www.tenyutool.com\/wp-content\/uploads\/2022\/08\/High-Speed-Steel-Bright-Surface-Long-Length-Centre-Drill-Bit-with-Slow-Spiral.jpg\" alt=\"Hochgeschwindigkeits-Stahlbohrer mit heller Oberfl\u00e4che, langer Zentrierbohrer mit langsamer Spirale\" width=\"800\" height=\"800\" srcset=\"https:\/\/www.tenyutool.com\/wp-content\/uploads\/2022\/08\/High-Speed-Steel-Bright-Surface-Long-Length-Centre-Drill-Bit-with-Slow-Spiral.jpg 800w, https:\/\/www.tenyutool.com\/wp-content\/uploads\/2022\/08\/High-Speed-Steel-Bright-Surface-Long-Length-Centre-Drill-Bit-with-Slow-Spiral-150x150.jpg 150w, https:\/\/www.tenyutool.com\/wp-content\/uploads\/2022\/08\/High-Speed-Steel-Bright-Surface-Long-Length-Centre-Drill-Bit-with-Slow-Spiral-768x768.jpg 768w, https:\/\/www.tenyutool.com\/wp-content\/uploads\/2022\/08\/High-Speed-Steel-Bright-Surface-Long-Length-Centre-Drill-Bit-with-Slow-Spiral-12x12.jpg 12w, https:\/\/www.tenyutool.com\/wp-content\/uploads\/2022\/08\/High-Speed-Steel-Bright-Surface-Long-Length-Centre-Drill-Bit-with-Slow-Spiral-300x300.jpg 300w, https:\/\/www.tenyutool.com\/wp-content\/uploads\/2022\/08\/High-Speed-Steel-Bright-Surface-Long-Length-Centre-Drill-Bit-with-Slow-Spiral-600x600.jpg 600w, https:\/\/www.tenyutool.com\/wp-content\/uploads\/2022\/08\/High-Speed-Steel-Bright-Surface-Long-Length-Centre-Drill-Bit-with-Slow-Spiral-100x100.jpg 100w\" sizes=\"(max-width: 800px) 100vw, 800px\" \/><figcaption id=\"caption-attachment-14187\" class=\"wp-caption-text\">Hochgeschwindigkeits-Stahlbohrer mit heller Oberfl\u00e4che, langer Zentrierbohrer mit langsamer Spirale<\/figcaption><\/figure>\n<table width=\"1078\">\n<tbody>\n<tr>\n<td colspan=\"9\" width=\"1078\">Produktbeschreibung<\/td>\n<\/tr>\n<tr>\n<td colspan=\"9\">Mehr Auswahl f\u00fcr Sie: <a href=\"https:\/\/www.tenyutool.com\/de\/\">Heim<\/a> &gt; Bohrer zentrieren<\/td>\n<\/tr>\n<tr>\n<td>Produktname<\/td>\n<td colspan=\"8\" width=\"910\">Langer Zentrierbohrer mit heller Oberfl\u00e4che aus Hochgeschwindigkeitsstahl mit langsamer Spirale, unbeschichtet<\/td>\n<\/tr>\n<tr>\n<td>Material<\/td>\n<td colspan=\"8\">Hochgeschwindigkeitsstahl<\/td>\n<\/tr>\n<tr>\n<td>Artikeldurchmesser<\/td>\n<td colspan=\"8\">3\/64 Zoll<\/td>\n<\/tr>\n<tr>\n<td>Schnittwinkel<\/td>\n<td colspan=\"8\">60 Grad<\/td>\n<\/tr>\n<tr>\n<td>Typ der Werkzeugnut<\/td>\n<td colspan=\"8\">Spiral<\/td>\n<\/tr>\n<tr>\n<td>Finish-Typ<\/td>\n<td colspan=\"8\">Unbeschichtet<\/td>\n<\/tr>\n<tr>\n<td>Paket<\/td>\n<td colspan=\"8\">Kunststoff-Box<\/td>\n<\/tr>\n<\/tbody>\n<\/table>\n<p>&nbsp;<\/p>\n<p>&nbsp;<\/p>\n<p>&nbsp;<\/p>","protected":false},"excerpt":{"rendered":"<p>Feature: With a long-length shank for added stability and a sharp cutting edge. Ideal for drilling accurate and precise holes in a variety of materials, this drill bit is made from high-quality materials and engineered to last. it has a 60 degree countersink angle that fits all standard centers. Product Description More Choice For You: [&hellip;]<\/p>\n","protected":false},"featured_media":14187,"comment_status":"closed","ping_status":"closed","template":"","meta":{"_acf_changed":false,"_seopress_robots_primary_cat":"none","_seopress_titles_title":"Long Length Centre Drill Bit | HSS Bright Surface Slow Spiral Uncoated","_seopress_titles_desc":"","_seopress_robots_index":"","site-sidebar-layout":"default","site-content-layout":"default","ast-site-content-layout":"default","site-content-style":"default","site-sidebar-style":"default","ast-global-header-display":"","ast-banner-title-visibility":"","ast-main-header-display":"","ast-hfb-above-header-display":"","ast-hfb-below-header-display":"","ast-hfb-mobile-header-display":"","site-post-title":"","ast-breadcrumbs-content":"","ast-featured-img":"","footer-sml-layout":"","ast-disable-related-posts":"","theme-transparent-header-meta":"default","adv-header-id-meta":"","stick-header-meta":"","header-above-stick-meta":"","header-main-stick-meta":"","header-below-stick-meta":"","astra-migrate-meta-layouts":"default","ast-page-background-enabled":"default","ast-page-background-meta":{"desktop":{"background-color":"","background-image":"","background-repeat":"repeat","background-position":"center center","background-size":"auto","background-attachment":"scroll","background-type":"","background-media":"","overlay-type":"","overlay-color":"","overlay-opacity":"","overlay-gradient":""},"tablet":{"background-color":"","background-image":"","background-repeat":"repeat","background-position":"center center","background-size":"auto","background-attachment":"scroll","background-type":"","background-media":"","overlay-type":"","overlay-color":"","overlay-opacity":"","overlay-gradient":""},"mobile":{"background-color":"","background-image":"","background-repeat":"repeat","background-position":"center center","background-size":"auto","background-attachment":"scroll","background-type":"","background-media":"","overlay-type":"","overlay-color":"","overlay-opacity":"","overlay-gradient":""}},"ast-content-background-meta":{"desktop":{"background-color":"var(--ast-global-color-5)","background-image":"","background-repeat":"repeat","background-position":"center center","background-size":"auto","background-attachment":"scroll","background-type":"","background-media":"","overlay-type":"","overlay-color":"","overlay-opacity":"","overlay-gradient":""},"tablet":{"background-color":"var(--ast-global-color-5)","background-image":"","background-repeat":"repeat","background-position":"center center","background-size":"auto","background-attachment":"scroll","background-type":"","background-media":"","overlay-type":"","overlay-color":"","overlay-opacity":"","overlay-gradient":""},"mobile":{"background-color":"var(--ast-global-color-5)","background-image":"","background-repeat":"repeat","background-position":"center center","background-size":"auto","background-attachment":"scroll","background-type":"","background-media":"","overlay-type":"","overlay-color":"","overlay-opacity":"","overlay-gradient":""}}},"product_brand":[],"product_cat":[24],"product_tag":[],"class_list":{"0":"post-14623","1":"product","2":"type-product","3":"status-publish","4":"has-post-thumbnail","6":"product_cat-center-drill-bit","7":"desktop-align-left","8":"tablet-align-left","9":"mobile-align-left","11":"first","12":"instock","13":"shipping-taxable","14":"product-type-simple"},"acf":[],"_links":{"self":[{"href":"https:\/\/www.tenyutool.com\/de\/wp-json\/wp\/v2\/product\/14623","targetHints":{"allow":["GET"]}}],"collection":[{"href":"https:\/\/www.tenyutool.com\/de\/wp-json\/wp\/v2\/product"}],"about":[{"href":"https:\/\/www.tenyutool.com\/de\/wp-json\/wp\/v2\/types\/product"}],"replies":[{"embeddable":true,"href":"https:\/\/www.tenyutool.com\/de\/wp-json\/wp\/v2\/comments?post=14623"}],"wp:featuredmedia":[{"embeddable":true,"href":"https:\/\/www.tenyutool.com\/de\/wp-json\/wp\/v2\/media\/14187"}],"wp:attachment":[{"href":"https:\/\/www.tenyutool.com\/de\/wp-json\/wp\/v2\/media?parent=14623"}],"wp:term":[{"taxonomy":"product_brand","embeddable":true,"href":"https:\/\/www.tenyutool.com\/de\/wp-json\/wp\/v2\/product_brand?post=14623"},{"taxonomy":"product_cat","embeddable":true,"href":"https:\/\/www.tenyutool.com\/de\/wp-json\/wp\/v2\/product_cat?post=14623"},{"taxonomy":"product_tag","embeddable":true,"href":"https:\/\/www.tenyutool.com\/de\/wp-json\/wp\/v2\/product_tag?post=14623"}],"curies":[{"name":"wp","href":"https:\/\/api.w.org\/{rel}","templated":true}]}}