{"id":14758,"date":"2022-08-19T06:58:45","date_gmt":"2022-08-19T06:58:45","guid":{"rendered":"https:\/\/www.tenyutool.com\/?post_type=product&#038;p=14758"},"modified":"2022-08-19T07:06:27","modified_gmt":"2022-08-19T07:06:27","slug":"flexibles-installationsbit","status":"publish","type":"product","link":"https:\/\/www.tenyutool.com\/de\/product\/flexible-installer-bit\/","title":{"rendered":"Flex Schlangenbohrer mit Schraubspitze 3\/4 Zoll x 54 Zoll lang Flexibler Kabelbohrer Fischbohrer zum Ziehen von Draht hinter W\u00e4nden"},"content":{"rendered":"<p>Feature:<\/p>\n<ul>\n<li>Flexibler Bohrer, mit dem Sie L\u00f6cher durch Holz in einer Wand bohren k\u00f6nnen.<\/li>\n<li>Es verf\u00fcgt \u00fcber eine Schraubspitze, die den Bit durch Holz zieht.<\/li>\n<li>Ein praktisches Loch in der Spitze, das die Verwendung mit Draht- oder Kabelziehstr\u00fcmpfen erm\u00f6glicht.<\/li>\n<li>Die verj\u00fcngte R\u00fcckseite des Bits erleichtert das Zur\u00fcckholen und der Schaft aus Federstahl widersteht Verformungen.<\/li>\n<li>Das Bit hat einen Durchmesser von 3\/4 Zoll und eine L\u00e4nge von 54 Zoll.<\/li>\n<\/ul>\n<div class=\"mceTemp\"><\/div>\n<figure id=\"attachment_14767\" aria-describedby=\"caption-attachment-14767\" style=\"width: 800px\" class=\"wp-caption alignnone\"><img fetchpriority=\"high\" decoding=\"async\" class=\"size-full wp-image-14767\" src=\"https:\/\/www.tenyutool.com\/wp-content\/uploads\/2022\/08\/Flex-Auger-Bit-with-Screw-Point-0.75Inch-x-54Inch-Long-Flexible-Cable-Drill-Bit-Fish-Bit-for-Pulling-Wire-Behind-Walls.jpg\" alt=\"Flex Schlangenbohrer mit Schraubspitze 3\/4 Zoll x 54 Zoll lang flexibler Kabelbohrer Fischbit zum Ziehen von Draht hinter W\u00e4nden\" width=\"800\" height=\"800\" srcset=\"https:\/\/www.tenyutool.com\/wp-content\/uploads\/2022\/08\/Flex-Auger-Bit-with-Screw-Point-0.75Inch-x-54Inch-Long-Flexible-Cable-Drill-Bit-Fish-Bit-for-Pulling-Wire-Behind-Walls.jpg 800w, https:\/\/www.tenyutool.com\/wp-content\/uploads\/2022\/08\/Flex-Auger-Bit-with-Screw-Point-0.75Inch-x-54Inch-Long-Flexible-Cable-Drill-Bit-Fish-Bit-for-Pulling-Wire-Behind-Walls-150x150.jpg 150w, https:\/\/www.tenyutool.com\/wp-content\/uploads\/2022\/08\/Flex-Auger-Bit-with-Screw-Point-0.75Inch-x-54Inch-Long-Flexible-Cable-Drill-Bit-Fish-Bit-for-Pulling-Wire-Behind-Walls-768x768.jpg 768w, https:\/\/www.tenyutool.com\/wp-content\/uploads\/2022\/08\/Flex-Auger-Bit-with-Screw-Point-0.75Inch-x-54Inch-Long-Flexible-Cable-Drill-Bit-Fish-Bit-for-Pulling-Wire-Behind-Walls-12x12.jpg 12w, https:\/\/www.tenyutool.com\/wp-content\/uploads\/2022\/08\/Flex-Auger-Bit-with-Screw-Point-0.75Inch-x-54Inch-Long-Flexible-Cable-Drill-Bit-Fish-Bit-for-Pulling-Wire-Behind-Walls-300x300.jpg 300w, https:\/\/www.tenyutool.com\/wp-content\/uploads\/2022\/08\/Flex-Auger-Bit-with-Screw-Point-0.75Inch-x-54Inch-Long-Flexible-Cable-Drill-Bit-Fish-Bit-for-Pulling-Wire-Behind-Walls-600x600.jpg 600w, https:\/\/www.tenyutool.com\/wp-content\/uploads\/2022\/08\/Flex-Auger-Bit-with-Screw-Point-0.75Inch-x-54Inch-Long-Flexible-Cable-Drill-Bit-Fish-Bit-for-Pulling-Wire-Behind-Walls-100x100.jpg 100w\" sizes=\"(max-width: 800px) 100vw, 800px\" \/><figcaption id=\"caption-attachment-14767\" class=\"wp-caption-text\">Flex Schlangenbohrer mit Schraubspitze 3\/4 Zoll x 54 Zoll lang flexibler Kabelbohrer Fischbit zum Ziehen von Draht hinter W\u00e4nden<\/figcaption><\/figure>\n<table class=\"has-title hight-light-first-column all magic-4\">\n<tbody>\n<tr>\n<td colspan=\"5\" rowspan=\"1\">\n<div class=\"magic-5\"><span class=\"magic-6\">Produktbeschreibung<\/span><\/div>\n<\/td>\n<\/tr>\n<tr>\n<td colspan=\"5\" rowspan=\"1\">\n<div class=\"magic-5\"><b><span class=\"magic-11\">Mehr Auswahl f\u00fcr Sie:\u00a0<a href=\"https:\/\/www.tenyutool.com\/de\/\" target=\"_blank\" rel=\"noopener\">Heim<\/a>\u00a0&gt;\u00a0<a href=\"https:\/\/www.tenyutool.com\/de\/holzbohrer\/\" target=\"_blank\" rel=\"noopener\">Holzbohrer<\/a>\u00a0&gt;\u00a0<a href=\"https:\/\/www.tenyutool.com\/de\/schlangenbohrer-aus-holz\/\" target=\"_blank\" rel=\"noopener\">Holzbohrer<\/a><\/span><\/b><\/div>\n<\/td>\n<\/tr>\n<tr>\n<td colspan=\"1\" rowspan=\"1\">\n<div class=\"magic-12\">Produktname<\/div>\n<\/td>\n<td colspan=\"4\" rowspan=\"1\">\n<div class=\"magic-13\" data-spm-anchor-id=\"a2700.details.0.i33.3ea41c75KgF4Wo\">Flex Schlangenbohrer mit Schraubspitze 3\/4 Zoll x 54 Zoll lang Flexibler Kabelbohrer Fischbohrer zum Ziehen von Draht hinter W\u00e4nden<\/div>\n<\/td>\n<\/tr>\n<tr>\n<td colspan=\"1\" rowspan=\"1\">\n<div class=\"magic-12\">Schaft<\/div>\n<\/td>\n<td colspan=\"4\" rowspan=\"1\">\n<div class=\"magic-14\">Gerader Schaft<\/div>\n<\/td>\n<\/tr>\n<tr>\n<td colspan=\"1\" rowspan=\"1\">\n<div class=\"magic-12\">Tipp<\/div>\n<\/td>\n<td colspan=\"4\" rowspan=\"1\">\n<div class=\"magic-14\">Schraubspitze<\/div>\n<\/td>\n<\/tr>\n<tr>\n<td colspan=\"1\" rowspan=\"1\">\n<div class=\"magic-12\">Bohrermaterial<\/div>\n<\/td>\n<td colspan=\"4\" rowspan=\"1\">\n<div class=\"magic-14\">65 Mio<\/div>\n<\/td>\n<\/tr>\n<tr>\n<td colspan=\"1\" rowspan=\"1\">\n<div class=\"magic-12\">Schaftmaterial<\/div>\n<\/td>\n<td colspan=\"4\" rowspan=\"1\">\n<div class=\"magic-14\">Federstahl<\/div>\n<\/td>\n<\/tr>\n<tr>\n<td colspan=\"1\" rowspan=\"1\">\n<div class=\"magic-12\">Oberfl\u00e4chenveredlung<\/div>\n<\/td>\n<td colspan=\"4\" rowspan=\"1\">\n<div class=\"magic-14\">Schwarzes Oxid<\/div>\n<\/td>\n<\/tr>\n<tr>\n<td colspan=\"1\" rowspan=\"1\">\n<div class=\"magic-12\">Paket<\/div>\n<\/td>\n<td colspan=\"4\" rowspan=\"1\">\n<div class=\"magic-14\">Plastikbox und PVC-Tasche<\/div>\n<\/td>\n<\/tr>\n<\/tbody>\n<\/table>\n<table width=\"820\">\n<tbody>\n<tr>\n<td colspan=\"8\" width=\"820\">Produktgr\u00f6\u00dfe<\/td>\n<\/tr>\n<tr>\n<td>Durchmesser in Zollgr\u00f6\u00dfe<\/td>\n<td>Schafttyp<\/td>\n<td>Tipptyp<\/td>\n<td>Schaftgr\u00f6\u00dfe<\/td>\n<td>Wellendurchmesser<\/td>\n<td>Gesamtl\u00e4nge<\/td>\n<td>Maximale Bohrtiefe<\/td>\n<td>F\u00fcr Gebraucht auf<\/td>\n<\/tr>\n<tr>\n<td>3\/8&#8243;(0.375&#8243;)<\/td>\n<td>Rund\/Tri-Flat<\/td>\n<td>Schraubenspitze<\/td>\n<td>3\/16&#8243;<\/td>\n<td>3\/16&#8243;<\/td>\n<td>54&#8243;<\/td>\n<td>53&#8243;<\/td>\n<td>Holz<\/td>\n<\/tr>\n<tr>\n<td>1\/2&#8243;(0.5&#8243;)<\/td>\n<td>Rund\/Tri-Flat<\/td>\n<td>Schraubenspitze<\/td>\n<td>1\/4&#8243;<\/td>\n<td>3\/16&#8243;<\/td>\n<td>54&#8243;<\/td>\n<td>53&#8243;<\/td>\n<td>Holz<\/td>\n<\/tr>\n<tr>\n<td>9\/16&#8243;(0.5625&#8243;)<\/td>\n<td>Rund\/Tri-Flat<\/td>\n<td>Schraubenspitze<\/td>\n<td>1\/4&#8243;<\/td>\n<td>3\/16&#8243;<\/td>\n<td>54&#8243;<\/td>\n<td>53&#8243;<\/td>\n<td>Holz<\/td>\n<\/tr>\n<tr>\n<td>5\/8&#8243;(0.625&#8243;)<\/td>\n<td>Rund\/Tri-Flat<\/td>\n<td>Schraubenspitze<\/td>\n<td>1\/4&#8243;<\/td>\n<td>3\/16&#8243;<\/td>\n<td>54&#8243;<\/td>\n<td>53&#8243;<\/td>\n<td>Holz<\/td>\n<\/tr>\n<tr>\n<td>3\/4&#8243;(0.75&#8243;)<\/td>\n<td>Rund\/Tri-Flat<\/td>\n<td>Schraubenspitze<\/td>\n<td>1\/4&#8243;<\/td>\n<td>1\/4&#8243;<\/td>\n<td>54&#8243;<\/td>\n<td>53&#8243;<\/td>\n<td>Holz<\/td>\n<\/tr>\n<tr>\n<td>1&#8243;(1&#8243;)<\/td>\n<td>Rund\/Tri-Flat<\/td>\n<td>Schraubenspitze<\/td>\n<td>1\/4&#8243;<\/td>\n<td>1\/4&#8243;<\/td>\n<td>54&#8243;<\/td>\n<td>53&#8243;<\/td>\n<td>Holz<\/td>\n<\/tr>\n<tr>\n<td><\/td>\n<td><\/td>\n<td><\/td>\n<td><\/td>\n<td><\/td>\n<td><\/td>\n<td><\/td>\n<td><\/td>\n<\/tr>\n<tr>\n<td>Durchmesser in Zollgr\u00f6\u00dfe<\/td>\n<td>Schafttyp<\/td>\n<td>Tipptyp<\/td>\n<td>Schaftgr\u00f6\u00dfe<\/td>\n<td>Wellendurchmesser<\/td>\n<td>Gesamtl\u00e4nge<\/td>\n<td>Maximale Bohrtiefe<\/td>\n<td>F\u00fcr Gebraucht auf<\/td>\n<\/tr>\n<tr>\n<td>3\/8&#8243;(0.375&#8243;)<\/td>\n<td>Rund\/Tri-Flat<\/td>\n<td>Schraubenspitze<\/td>\n<td>3\/16&#8243;<\/td>\n<td>3\/16&#8243;<\/td>\n<td>72&#8243;<\/td>\n<td>71&#8243;<\/td>\n<td>Holz<\/td>\n<\/tr>\n<tr>\n<td>1\/2&#8243;(0.5&#8243;)<\/td>\n<td>Rund\/Tri-Flat<\/td>\n<td>Schraubenspitze<\/td>\n<td>1\/4&#8243;<\/td>\n<td>3\/16&#8243;<\/td>\n<td>72&#8243;<\/td>\n<td>71&#8243;<\/td>\n<td>Holz<\/td>\n<\/tr>\n<tr>\n<td>9\/16&#8243;(0.5625&#8243;)<\/td>\n<td>Rund\/Tri-Flat<\/td>\n<td>Schraubenspitze<\/td>\n<td>1\/4&#8243;<\/td>\n<td>3\/16&#8243;<\/td>\n<td>72&#8243;<\/td>\n<td>71&#8243;<\/td>\n<td>Holz<\/td>\n<\/tr>\n<\/tbody>\n<\/table>","protected":false},"excerpt":{"rendered":"<p>Feature: Flexible drill bit that can help you drill holes through wood within a wall. It features a screw point tip that pulls the bit through wood. A convenient hole in the tip that allows for use with wire or cable pulling grips. The tapered back of the bit makes it easy to retrieve, and [&hellip;]<\/p>\n","protected":false},"featured_media":14767,"comment_status":"closed","ping_status":"closed","template":"","meta":{"_acf_changed":false,"_seopress_robots_primary_cat":"none","_seopress_titles_title":"Flexible Installer Bit | 3\/4&quot; x 54&quot; Cable Fish Wood Bit","_seopress_titles_desc":"","_seopress_robots_index":"","site-sidebar-layout":"default","site-content-layout":"default","ast-site-content-layout":"default","site-content-style":"default","site-sidebar-style":"default","ast-global-header-display":"","ast-banner-title-visibility":"","ast-main-header-display":"","ast-hfb-above-header-display":"","ast-hfb-below-header-display":"","ast-hfb-mobile-header-display":"","site-post-title":"","ast-breadcrumbs-content":"","ast-featured-img":"","footer-sml-layout":"","ast-disable-related-posts":"","theme-transparent-header-meta":"default","adv-header-id-meta":"","stick-header-meta":"","header-above-stick-meta":"","header-main-stick-meta":"","header-below-stick-meta":"","astra-migrate-meta-layouts":"default","ast-page-background-enabled":"default","ast-page-background-meta":{"desktop":{"background-color":"","background-image":"","background-repeat":"repeat","background-position":"center center","background-size":"auto","background-attachment":"scroll","background-type":"","background-media":"","overlay-type":"","overlay-color":"","overlay-opacity":"","overlay-gradient":""},"tablet":{"background-color":"","background-image":"","background-repeat":"repeat","background-position":"center center","background-size":"auto","background-attachment":"scroll","background-type":"","background-media":"","overlay-type":"","overlay-color":"","overlay-opacity":"","overlay-gradient":""},"mobile":{"background-color":"","background-image":"","background-repeat":"repeat","background-position":"center center","background-size":"auto","background-attachment":"scroll","background-type":"","background-media":"","overlay-type":"","overlay-color":"","overlay-opacity":"","overlay-gradient":""}},"ast-content-background-meta":{"desktop":{"background-color":"var(--ast-global-color-5)","background-image":"","background-repeat":"repeat","background-position":"center center","background-size":"auto","background-attachment":"scroll","background-type":"","background-media":"","overlay-type":"","overlay-color":"","overlay-opacity":"","overlay-gradient":""},"tablet":{"background-color":"var(--ast-global-color-5)","background-image":"","background-repeat":"repeat","background-position":"center center","background-size":"auto","background-attachment":"scroll","background-type":"","background-media":"","overlay-type":"","overlay-color":"","overlay-opacity":"","overlay-gradient":""},"mobile":{"background-color":"var(--ast-global-color-5)","background-image":"","background-repeat":"repeat","background-position":"center center","background-size":"auto","background-attachment":"scroll","background-type":"","background-media":"","overlay-type":"","overlay-color":"","overlay-opacity":"","overlay-gradient":""}}},"product_brand":[],"product_cat":[23],"product_tag":[],"class_list":{"0":"post-14758","1":"product","2":"type-product","3":"status-publish","4":"has-post-thumbnail","6":"product_cat-wood-auger-drill-bits","7":"desktop-align-left","8":"tablet-align-left","9":"mobile-align-left","11":"first","12":"instock","13":"shipping-taxable","14":"product-type-simple"},"acf":[],"_links":{"self":[{"href":"https:\/\/www.tenyutool.com\/de\/wp-json\/wp\/v2\/product\/14758","targetHints":{"allow":["GET"]}}],"collection":[{"href":"https:\/\/www.tenyutool.com\/de\/wp-json\/wp\/v2\/product"}],"about":[{"href":"https:\/\/www.tenyutool.com\/de\/wp-json\/wp\/v2\/types\/product"}],"replies":[{"embeddable":true,"href":"https:\/\/www.tenyutool.com\/de\/wp-json\/wp\/v2\/comments?post=14758"}],"wp:featuredmedia":[{"embeddable":true,"href":"https:\/\/www.tenyutool.com\/de\/wp-json\/wp\/v2\/media\/14767"}],"wp:attachment":[{"href":"https:\/\/www.tenyutool.com\/de\/wp-json\/wp\/v2\/media?parent=14758"}],"wp:term":[{"taxonomy":"product_brand","embeddable":true,"href":"https:\/\/www.tenyutool.com\/de\/wp-json\/wp\/v2\/product_brand?post=14758"},{"taxonomy":"product_cat","embeddable":true,"href":"https:\/\/www.tenyutool.com\/de\/wp-json\/wp\/v2\/product_cat?post=14758"},{"taxonomy":"product_tag","embeddable":true,"href":"https:\/\/www.tenyutool.com\/de\/wp-json\/wp\/v2\/product_tag?post=14758"}],"curies":[{"name":"wp","href":"https:\/\/api.w.org\/{rel}","templated":true}]}}