{"id":15228,"date":"2022-08-29T09:14:33","date_gmt":"2022-08-29T09:14:33","guid":{"rendered":"https:\/\/www.tenyutool.com\/?post_type=product&#038;p=15228"},"modified":"2022-08-29T09:14:33","modified_gmt":"2022-08-29T09:14:33","slug":"akku-bohrschrauber-1-2-zoll-bohrschrauber","status":"publish","type":"product","link":"https:\/\/www.tenyutool.com\/de\/product\/cordless-drill-1-2-inch-drill\/","title":{"rendered":"Akku-Bohrmaschine 1\/2 Zoll Bohrmaschine, 400 In-lbs Drehmoment, 20 V Akku mit Schnellladeger\u00e4t, Akku-Bohrmaschine f\u00fcr Betonwand, Holz, Metall"},"content":{"rendered":"<p>Feature:<\/p>\n<ul>\n<li>Das 1\/2-Zoll-Ratschenfutter bietet eine hervorragende Bit-Greifkraft.<\/li>\n<li>Bohrk\u00f6rper etwas gr\u00f6\u00dfer als 3\/8\u2033 Bohrer mit viel soliderer, h\u00f6herer Leistung. Der Seitengriff erh\u00f6ht den Komfort, das Gleichgewicht und die einfachere Werkzeugkontrolle.<\/li>\n<li>400 in-lbs Drehmoment, 2 variable Geschwindigkeitseinstellungen (0\u2013400 U\/min und 0\u20131.600 U\/min), 20+1 Drehmomenteinstellungen.<\/li>\n<\/ul>\n<figure id=\"attachment_15222\" aria-describedby=\"caption-attachment-15222\" style=\"width: 800px\" class=\"wp-caption alignnone\"><img fetchpriority=\"high\" decoding=\"async\" class=\"size-full wp-image-15222\" src=\"https:\/\/www.tenyutool.com\/wp-content\/uploads\/2022\/08\/Electric-Hammer5.jpg\" alt=\"Elektrohammer5\" width=\"800\" height=\"800\" srcset=\"https:\/\/www.tenyutool.com\/wp-content\/uploads\/2022\/08\/Electric-Hammer5.jpg 800w, https:\/\/www.tenyutool.com\/wp-content\/uploads\/2022\/08\/Electric-Hammer5-150x150.jpg 150w, https:\/\/www.tenyutool.com\/wp-content\/uploads\/2022\/08\/Electric-Hammer5-768x768.jpg 768w, https:\/\/www.tenyutool.com\/wp-content\/uploads\/2022\/08\/Electric-Hammer5-12x12.jpg 12w, https:\/\/www.tenyutool.com\/wp-content\/uploads\/2022\/08\/Electric-Hammer5-300x300.jpg 300w, https:\/\/www.tenyutool.com\/wp-content\/uploads\/2022\/08\/Electric-Hammer5-600x600.jpg 600w, https:\/\/www.tenyutool.com\/wp-content\/uploads\/2022\/08\/Electric-Hammer5-100x100.jpg 100w\" sizes=\"(max-width: 800px) 100vw, 800px\" \/><figcaption id=\"caption-attachment-15222\" class=\"wp-caption-text\">Elektrischer Hammer<\/figcaption><\/figure>\n<table width=\"1114\">\n<tbody>\n<tr>\n<td colspan=\"9\" width=\"1114\">Produktbeschreibung<\/td>\n<\/tr>\n<tr>\n<td colspan=\"9\">Mehr Auswahl f\u00fcr Sie: <a href=\"https:\/\/www.tenyutool.com\/de\/\">Heim<\/a> &gt; Elektrohammer<\/td>\n<\/tr>\n<tr>\n<td>Produktname<\/td>\n<td colspan=\"8\" width=\"910\">Akku-Bohrmaschine 1\/2 Zoll Bohrmaschine, 400 In-lbs Drehmoment, 20 V Akku mit Schnellladeger\u00e4t, Akku-Bohrmaschine f\u00fcr Betonwand, Holz, Metall<\/td>\n<\/tr>\n<tr>\n<td>Energiequelle<\/td>\n<td colspan=\"8\">Batteriebetrieben<\/td>\n<\/tr>\n<tr>\n<td>Maximale Drehzahl<\/td>\n<td colspan=\"8\">1600 U\/min<\/td>\n<\/tr>\n<tr>\n<td>Stromspannung<\/td>\n<td colspan=\"8\">\u00a020 Volt<\/td>\n<\/tr>\n<\/tbody>\n<\/table>\n<p>&nbsp;<\/p>","protected":false},"excerpt":{"rendered":"<p>Feature: 1\/2 inch ratcheting chuck provides superior bit gripping strength. Drill body little bit larger than 3\/8&#8243; drills with much more solid, higher performance. The side handle increased comfort, balance, and easier tool control. 400 in-lbs torque, 2 variable speed setting(0-400rpm&amp;0-1,600rpm), 20+1 torque settings. Product Description More Choice For You: Home &gt; Electric Hammer Product [&hellip;]<\/p>\n","protected":false},"featured_media":15222,"comment_status":"closed","ping_status":"closed","template":"","meta":{"_acf_changed":false,"_seopress_robots_primary_cat":"","_seopress_titles_title":"Cordless Drill 1\/2 Inch Drill | for Concrete Wall, Wood, Metal","_seopress_titles_desc":"","_seopress_robots_index":"","site-sidebar-layout":"default","site-content-layout":"default","ast-site-content-layout":"default","site-content-style":"default","site-sidebar-style":"default","ast-global-header-display":"","ast-banner-title-visibility":"","ast-main-header-display":"","ast-hfb-above-header-display":"","ast-hfb-below-header-display":"","ast-hfb-mobile-header-display":"","site-post-title":"","ast-breadcrumbs-content":"","ast-featured-img":"","footer-sml-layout":"","ast-disable-related-posts":"","theme-transparent-header-meta":"default","adv-header-id-meta":"","stick-header-meta":"","header-above-stick-meta":"","header-main-stick-meta":"","header-below-stick-meta":"","astra-migrate-meta-layouts":"default","ast-page-background-enabled":"default","ast-page-background-meta":{"desktop":{"background-color":"","background-image":"","background-repeat":"repeat","background-position":"center center","background-size":"auto","background-attachment":"scroll","background-type":"","background-media":"","overlay-type":"","overlay-color":"","overlay-opacity":"","overlay-gradient":""},"tablet":{"background-color":"","background-image":"","background-repeat":"repeat","background-position":"center center","background-size":"auto","background-attachment":"scroll","background-type":"","background-media":"","overlay-type":"","overlay-color":"","overlay-opacity":"","overlay-gradient":""},"mobile":{"background-color":"","background-image":"","background-repeat":"repeat","background-position":"center center","background-size":"auto","background-attachment":"scroll","background-type":"","background-media":"","overlay-type":"","overlay-color":"","overlay-opacity":"","overlay-gradient":""}},"ast-content-background-meta":{"desktop":{"background-color":"var(--ast-global-color-5)","background-image":"","background-repeat":"repeat","background-position":"center center","background-size":"auto","background-attachment":"scroll","background-type":"","background-media":"","overlay-type":"","overlay-color":"","overlay-opacity":"","overlay-gradient":""},"tablet":{"background-color":"var(--ast-global-color-5)","background-image":"","background-repeat":"repeat","background-position":"center center","background-size":"auto","background-attachment":"scroll","background-type":"","background-media":"","overlay-type":"","overlay-color":"","overlay-opacity":"","overlay-gradient":""},"mobile":{"background-color":"var(--ast-global-color-5)","background-image":"","background-repeat":"repeat","background-position":"center center","background-size":"auto","background-attachment":"scroll","background-type":"","background-media":"","overlay-type":"","overlay-color":"","overlay-opacity":"","overlay-gradient":""}}},"product_brand":[],"product_cat":[25],"product_tag":[],"class_list":{"0":"post-15228","1":"product","2":"type-product","3":"status-publish","4":"has-post-thumbnail","6":"product_cat-electric-hammer","7":"desktop-align-left","8":"tablet-align-left","9":"mobile-align-left","11":"first","12":"instock","13":"shipping-taxable","14":"product-type-simple"},"acf":[],"_links":{"self":[{"href":"https:\/\/www.tenyutool.com\/de\/wp-json\/wp\/v2\/product\/15228","targetHints":{"allow":["GET"]}}],"collection":[{"href":"https:\/\/www.tenyutool.com\/de\/wp-json\/wp\/v2\/product"}],"about":[{"href":"https:\/\/www.tenyutool.com\/de\/wp-json\/wp\/v2\/types\/product"}],"replies":[{"embeddable":true,"href":"https:\/\/www.tenyutool.com\/de\/wp-json\/wp\/v2\/comments?post=15228"}],"wp:featuredmedia":[{"embeddable":true,"href":"https:\/\/www.tenyutool.com\/de\/wp-json\/wp\/v2\/media\/15222"}],"wp:attachment":[{"href":"https:\/\/www.tenyutool.com\/de\/wp-json\/wp\/v2\/media?parent=15228"}],"wp:term":[{"taxonomy":"product_brand","embeddable":true,"href":"https:\/\/www.tenyutool.com\/de\/wp-json\/wp\/v2\/product_brand?post=15228"},{"taxonomy":"product_cat","embeddable":true,"href":"https:\/\/www.tenyutool.com\/de\/wp-json\/wp\/v2\/product_cat?post=15228"},{"taxonomy":"product_tag","embeddable":true,"href":"https:\/\/www.tenyutool.com\/de\/wp-json\/wp\/v2\/product_tag?post=15228"}],"curies":[{"name":"wp","href":"https:\/\/api.w.org\/{rel}","templated":true}]}}