{"id":15315,"date":"2022-08-30T07:08:09","date_gmt":"2022-08-30T07:08:09","guid":{"rendered":"https:\/\/www.tenyutool.com\/?post_type=product&#038;p=15315"},"modified":"2022-08-30T07:08:09","modified_gmt":"2022-08-30T07:08:09","slug":"nassschnitt-diamant-lochsage-bohrer-set","status":"publish","type":"product","link":"https:\/\/www.tenyutool.com\/de\/product\/wet-cutting-diamond-hole-saw-drill-bit-set\/","title":{"rendered":"10-teiliges Nassschneid-Diamant-Lochs\u00e4gen-Kernbohrer-Set f\u00fcr Fliesen, Glas, Stein, Keramik, Sommth-Schneidwerkzeuge"},"content":{"rendered":"<p>Feature:<\/p>\n<ul>\n<li>Diese Diamantbohrer aus Schnellarbeitsstahl sind langlebig und haben eine lange Lebensdauer.<\/li>\n<li>Hohe Qualit\u00e4t und gute Leistung, die sich hervorragend f\u00fcr saubere und genaue L\u00f6cher eignen.<\/li>\n<li>Die Diamant-Lochs\u00e4ge ist mit hochwertigem Diamant beschichtet und erzeugt einen hochpr\u00e4zisen, glatten Schnitt ohne gebrochene Kanten.<\/li>\n<li>Keine gebrochene Kante, kein Zitterph\u00e4nomen, der Schnittwiderstand ist gering und die Lochgeschwindigkeit ist sehr schnell, einfache Spanabfuhr und so weiter.<\/li>\n<li>Beim Bohren wird Wasser zur Schmierung ben\u00f6tigt.<\/li>\n<\/ul>\n<figure id=\"attachment_15317\" aria-describedby=\"caption-attachment-15317\" style=\"width: 800px\" class=\"wp-caption alignnone\"><img fetchpriority=\"high\" decoding=\"async\" class=\"size-full wp-image-15317\" src=\"https:\/\/www.tenyutool.com\/wp-content\/uploads\/2022\/08\/10pcs-diamond-hole-saw-set.jpg\" alt=\"12-teiliges Nassschnitt-Diamant-Lochs\u00e4gen-Kernbohrer-Set f\u00fcr Fliesen, Glas, Stein, Keramik, Sommth-Schneidwerkzeuge\" width=\"800\" height=\"800\" srcset=\"https:\/\/www.tenyutool.com\/wp-content\/uploads\/2022\/08\/10pcs-diamond-hole-saw-set.jpg 800w, https:\/\/www.tenyutool.com\/wp-content\/uploads\/2022\/08\/10pcs-diamond-hole-saw-set-150x150.jpg 150w, https:\/\/www.tenyutool.com\/wp-content\/uploads\/2022\/08\/10pcs-diamond-hole-saw-set-768x768.jpg 768w, https:\/\/www.tenyutool.com\/wp-content\/uploads\/2022\/08\/10pcs-diamond-hole-saw-set-12x12.jpg 12w, https:\/\/www.tenyutool.com\/wp-content\/uploads\/2022\/08\/10pcs-diamond-hole-saw-set-300x300.jpg 300w, https:\/\/www.tenyutool.com\/wp-content\/uploads\/2022\/08\/10pcs-diamond-hole-saw-set-600x600.jpg 600w, https:\/\/www.tenyutool.com\/wp-content\/uploads\/2022\/08\/10pcs-diamond-hole-saw-set-100x100.jpg 100w\" sizes=\"(max-width: 800px) 100vw, 800px\" \/><figcaption id=\"caption-attachment-15317\" class=\"wp-caption-text\">10-teiliges Nassschnitt-Diamant-Lochs\u00e4gen-Kernbohrer-Set f\u00fcr Fliesen, Glas, Stein, Keramik, Sommth-Schneidwerkzeuge<\/figcaption><\/figure>\n<table class=\"has-title hight-light-first-column all magic-4\">\n<tbody>\n<tr>\n<td colspan=\"5\" rowspan=\"1\">\n<div class=\"magic-5\" data-spm-anchor-id=\"a2700.details.0.i39.32a03ea4B4f8XQ\"><span class=\"magic-6\">Produktbeschreibung<\/span><\/div>\n<\/td>\n<\/tr>\n<tr>\n<td colspan=\"5\" rowspan=\"1\">\n<div class=\"magic-5\"><b><span class=\"magic-9\">Mehr Auswahl f\u00fcr Sie: <a href=\"https:\/\/www.tenyutool.com\/de\/\" target=\"_blank\" rel=\"noopener\">Heim<\/a> &gt; Diamant-Lochs\u00e4ge<\/span><\/b><\/div>\n<\/td>\n<\/tr>\n<tr>\n<td colspan=\"1\" rowspan=\"1\">\n<div class=\"magic-10\">Produktname<\/div>\n<\/td>\n<td colspan=\"1\" rowspan=\"1\">\n<div class=\"magic-11\" data-spm-anchor-id=\"a2700.details.0.i40.32a03ea4B4f8XQ\">10-teiliges Nassschneid-Diamant-Lochs\u00e4gen-Kernbohrer-Set f\u00fcr Fliesen, Glas, Stein, Keramik, Sommth-Schneidwerkzeuge<\/div>\n<\/td>\n<\/tr>\n<tr>\n<td colspan=\"1\" rowspan=\"1\">\n<div class=\"magic-10\">K\u00f6rpermaterial<\/div>\n<\/td>\n<td colspan=\"4\" rowspan=\"1\">\n<div class=\"magic-11\">Kohlenstoffstahl<\/div>\n<\/td>\n<\/tr>\n<tr>\n<td colspan=\"1\" rowspan=\"1\">\n<div class=\"magic-12\">Segmentmaterial<\/div>\n<\/td>\n<td colspan=\"4\" rowspan=\"1\">\n<div class=\"magic-11\">Diamant<\/div>\n<\/td>\n<\/tr>\n<tr>\n<td colspan=\"1\" rowspan=\"1\">\n<div class=\"magic-12\">Verfahren<\/div>\n<\/td>\n<td colspan=\"4\" rowspan=\"1\">\n<div class=\"magic-11\">Galvanisiert<\/div>\n<\/td>\n<\/tr>\n<tr>\n<td colspan=\"1\" rowspan=\"1\">\n<div class=\"magic-12\">Schaft<\/div>\n<\/td>\n<td colspan=\"4\" rowspan=\"1\">\n<div class=\"magic-11\">Rundschaft<\/div>\n<\/td>\n<\/tr>\n<tr>\n<td colspan=\"1\" rowspan=\"1\">\n<div class=\"magic-12\">Oberfl\u00e4chenveredlung<\/div>\n<\/td>\n<td colspan=\"4\" rowspan=\"1\">\n<div class=\"magic-11\">Silber<\/div>\n<\/td>\n<\/tr>\n<tr>\n<td colspan=\"1\" rowspan=\"1\">\n<div class=\"magic-12\">Gr\u00f6\u00dfe<\/div>\n<\/td>\n<td colspan=\"4\" rowspan=\"1\">\n<div class=\"magic-11\">4 mm, 5 mm, 6 mm, 8 mm, 10 mm, 14 mm, 16 mm, 18 mm, 22 mm, 35 mm, 40 mm, 50 mm<\/div>\n<\/td>\n<\/tr>\n<tr>\n<td colspan=\"1\" rowspan=\"1\">\n<div class=\"magic-12\">Paket<\/div>\n<\/td>\n<td colspan=\"4\" rowspan=\"1\">\n<div class=\"magic-11\">12 St\u00fcck in einem PVC-Rohr oder einer Kunststoffbox<\/div>\n<\/td>\n<\/tr>\n<\/tbody>\n<\/table>","protected":false},"excerpt":{"rendered":"<p>Feature: These diamond drill bits made of high-speed steel that is durable and have a long sevice life. High quality and good performance that excellent for making clean and accurate hole. Coated with high quality diamond, the diamond hole saw creates a high precision, smooth cut with no broken edges. No broken edge, no tremor [&hellip;]<\/p>\n","protected":false},"featured_media":15317,"comment_status":"closed","ping_status":"closed","template":"","meta":{"_acf_changed":false,"_seopress_robots_primary_cat":"","_seopress_titles_title":"wet cutting diamond hole saw drill bit set | for Tile Glass Stone Ceramic Sommth Cutting Tools","_seopress_titles_desc":"","_seopress_robots_index":"","site-sidebar-layout":"default","site-content-layout":"default","ast-site-content-layout":"default","site-content-style":"default","site-sidebar-style":"default","ast-global-header-display":"","ast-banner-title-visibility":"","ast-main-header-display":"","ast-hfb-above-header-display":"","ast-hfb-below-header-display":"","ast-hfb-mobile-header-display":"","site-post-title":"","ast-breadcrumbs-content":"","ast-featured-img":"","footer-sml-layout":"","ast-disable-related-posts":"","theme-transparent-header-meta":"default","adv-header-id-meta":"","stick-header-meta":"","header-above-stick-meta":"","header-main-stick-meta":"","header-below-stick-meta":"","astra-migrate-meta-layouts":"default","ast-page-background-enabled":"default","ast-page-background-meta":{"desktop":{"background-color":"","background-image":"","background-repeat":"repeat","background-position":"center center","background-size":"auto","background-attachment":"scroll","background-type":"","background-media":"","overlay-type":"","overlay-color":"","overlay-opacity":"","overlay-gradient":""},"tablet":{"background-color":"","background-image":"","background-repeat":"repeat","background-position":"center center","background-size":"auto","background-attachment":"scroll","background-type":"","background-media":"","overlay-type":"","overlay-color":"","overlay-opacity":"","overlay-gradient":""},"mobile":{"background-color":"","background-image":"","background-repeat":"repeat","background-position":"center center","background-size":"auto","background-attachment":"scroll","background-type":"","background-media":"","overlay-type":"","overlay-color":"","overlay-opacity":"","overlay-gradient":""}},"ast-content-background-meta":{"desktop":{"background-color":"var(--ast-global-color-5)","background-image":"","background-repeat":"repeat","background-position":"center center","background-size":"auto","background-attachment":"scroll","background-type":"","background-media":"","overlay-type":"","overlay-color":"","overlay-opacity":"","overlay-gradient":""},"tablet":{"background-color":"var(--ast-global-color-5)","background-image":"","background-repeat":"repeat","background-position":"center center","background-size":"auto","background-attachment":"scroll","background-type":"","background-media":"","overlay-type":"","overlay-color":"","overlay-opacity":"","overlay-gradient":""},"mobile":{"background-color":"var(--ast-global-color-5)","background-image":"","background-repeat":"repeat","background-position":"center center","background-size":"auto","background-attachment":"scroll","background-type":"","background-media":"","overlay-type":"","overlay-color":"","overlay-opacity":"","overlay-gradient":""}}},"product_brand":[],"product_cat":[27],"product_tag":[],"class_list":{"0":"post-15315","1":"product","2":"type-product","3":"status-publish","4":"has-post-thumbnail","6":"product_cat-hole-saw","7":"desktop-align-left","8":"tablet-align-left","9":"mobile-align-left","11":"first","12":"instock","13":"shipping-taxable","14":"product-type-simple"},"acf":[],"_links":{"self":[{"href":"https:\/\/www.tenyutool.com\/de\/wp-json\/wp\/v2\/product\/15315","targetHints":{"allow":["GET"]}}],"collection":[{"href":"https:\/\/www.tenyutool.com\/de\/wp-json\/wp\/v2\/product"}],"about":[{"href":"https:\/\/www.tenyutool.com\/de\/wp-json\/wp\/v2\/types\/product"}],"replies":[{"embeddable":true,"href":"https:\/\/www.tenyutool.com\/de\/wp-json\/wp\/v2\/comments?post=15315"}],"wp:featuredmedia":[{"embeddable":true,"href":"https:\/\/www.tenyutool.com\/de\/wp-json\/wp\/v2\/media\/15317"}],"wp:attachment":[{"href":"https:\/\/www.tenyutool.com\/de\/wp-json\/wp\/v2\/media?parent=15315"}],"wp:term":[{"taxonomy":"product_brand","embeddable":true,"href":"https:\/\/www.tenyutool.com\/de\/wp-json\/wp\/v2\/product_brand?post=15315"},{"taxonomy":"product_cat","embeddable":true,"href":"https:\/\/www.tenyutool.com\/de\/wp-json\/wp\/v2\/product_cat?post=15315"},{"taxonomy":"product_tag","embeddable":true,"href":"https:\/\/www.tenyutool.com\/de\/wp-json\/wp\/v2\/product_tag?post=15315"}],"curies":[{"name":"wp","href":"https:\/\/api.w.org\/{rel}","templated":true}]}}