{"id":15734,"date":"2022-09-14T09:47:43","date_gmt":"2022-09-14T09:47:43","guid":{"rendered":"https:\/\/www.tenyutool.com\/?post_type=product&#038;p=15734"},"modified":"2022-09-14T09:47:43","modified_gmt":"2022-09-14T09:47:43","slug":"co5-hss-cobalt-bohrer","status":"publish","type":"product","link":"https:\/\/www.tenyutool.com\/de\/product\/co5-hss-cobalt-drill-bits\/","title":{"rendered":"DIN338 M35 Material Co5 Hss Kobaltbohrer f\u00fcr Hartmetall"},"content":{"rendered":"<p>Merkmale:<\/p>\n<ul>\n<li>Hergestellt aus Kobalt (5%) Schnellarbeitsstahl, erh\u00f6ht die Verschlei\u00df- und Hitzebest\u00e4ndigkeit des Bohrers, die Lebensdauer des Bohrers wird verl\u00e4ngert.<\/li>\n<li>Die vollst\u00e4ndige Schleifbearbeitung macht die Oberfl\u00e4che des Bohrers glatter, die Reibung kann reduziert werden und die Schnittgeschwindigkeit ist h\u00f6her.<\/li>\n<li>Perfekt geeignet zum Bohren in Hartmetalle wie Edelstahl und Gusseisen, auch andere weichere Materialien sind m\u00f6glich.<\/li>\n<\/ul>\n<figure id=\"attachment_15736\" aria-describedby=\"caption-attachment-15736\" style=\"width: 650px\" class=\"wp-caption alignnone\"><img fetchpriority=\"high\" decoding=\"async\" class=\"size-full wp-image-15736\" src=\"https:\/\/www.tenyutool.com\/wp-content\/uploads\/2022\/09\/DIN338-M35-Material-Co5-Hss-Cobalt-Drill-Bits-for-Hard-Metal-1.jpg\" alt=\"din338 m35 material co5 hss kobaltbohrer f\u00fcr hartmetall\" width=\"650\" height=\"450\" srcset=\"https:\/\/www.tenyutool.com\/wp-content\/uploads\/2022\/09\/DIN338-M35-Material-Co5-Hss-Cobalt-Drill-Bits-for-Hard-Metal-1.jpg 650w, https:\/\/www.tenyutool.com\/wp-content\/uploads\/2022\/09\/DIN338-M35-Material-Co5-Hss-Cobalt-Drill-Bits-for-Hard-Metal-1-18x12.jpg 18w, https:\/\/www.tenyutool.com\/wp-content\/uploads\/2022\/09\/DIN338-M35-Material-Co5-Hss-Cobalt-Drill-Bits-for-Hard-Metal-1-600x415.jpg 600w\" sizes=\"(max-width: 650px) 100vw, 650px\" \/><figcaption id=\"caption-attachment-15736\" class=\"wp-caption-text\">din338 m35 material co5 hss kobaltbohrer f\u00fcr hartmetall<\/figcaption><\/figure>\n<table class=\"has-title hight-light-first-column all magic-7\">\n<tbody>\n<tr>\n<td colspan=\"5\" rowspan=\"1\">\n<div class=\"magic-8\"><span class=\"magic-9\" style=\"font-family: Arial;\" data-spm-anchor-id=\"a2700.details.0.i29.6beb7e06MqKB48\">Produktbeschreibung<\/span><\/div>\n<\/td>\n<\/tr>\n<tr>\n<td colspan=\"5\" rowspan=\"1\">\n<div class=\"magic-8\"><span class=\"magic-13\"><span class=\"magic-14\" style=\"font-family: Arial;\"><b class=\"magic-14\" data-spm-anchor-id=\"0.0.0.i53.2dea4f05jD1M0Y\"><span class=\"magic-14\">Mehr Auswahl f\u00fcr Sie<\/span>:\u00a0<a class=\"magic-14\" href=\"https:\/\/www.tenyutool.com\/de\/\" target=\"_blank\" rel=\"noopener\">Heim<\/a>\u00a0&gt; HSS-Bohrer\u00a0<\/b><\/span><b><\/b><\/span><\/div>\n<\/td>\n<\/tr>\n<tr>\n<td colspan=\"1\" rowspan=\"1\">\n<div class=\"magic-15\">Produktname<\/div>\n<\/td>\n<td colspan=\"4\" rowspan=\"1\">\n<div class=\"magic-16\">High-Speed-Steel-Typen der besten Bohrer f\u00fcr Metall vollst\u00e4ndig geschliffen<\/div>\n<\/td>\n<\/tr>\n<tr>\n<td colspan=\"1\" rowspan=\"1\">\n<div class=\"magic-15\">Material<\/div>\n<\/td>\n<td colspan=\"4\" rowspan=\"1\">\n<div class=\"magic-16\">HSS Kobalt ( M35 HSS-E HSS-Co5% )<\/div>\n<\/td>\n<\/tr>\n<tr>\n<td colspan=\"1\" rowspan=\"1\">\n<div class=\"magic-15\">Verfahren<\/div>\n<\/td>\n<td colspan=\"4\" rowspan=\"1\">\n<div class=\"magic-16\" data-spm-anchor-id=\"a2700.details.0.i22.6beb7e06MqKB48\">Vollst\u00e4ndig geschliffen (auch gerollt und poliert, gerollt, gefr\u00e4st)<\/div>\n<\/td>\n<\/tr>\n<tr>\n<td colspan=\"1\" rowspan=\"1\">\n<div class=\"magic-15\">Standard<\/div>\n<\/td>\n<td colspan=\"4\" rowspan=\"1\">\n<div class=\"magic-16\" data-spm-anchor-id=\"a2700.details.0.i23.6beb7e06MqKB48\">DIN338 (Auch Stub DIN1897, langer DIN340, extra langer DIN1869, Schmied reduzierter Schaft 10 mm, 13 mm, DIN345 Kegelschaft sind verf\u00fcgbar)<br \/>\nJobber-L\u00e4nge (auch Stub Screw Machine Length, Long Taper Length, Airctraft Extensoin, Extra Long 12\u2033, 18\u2033, 24\u2033, Silver &amp; Deming 1\/2\u2033 Reduced Shank)<\/div>\n<\/td>\n<\/tr>\n<tr>\n<td colspan=\"1\" rowspan=\"1\">\n<div class=\"magic-15\">Gr\u00f6\u00dfe<\/div>\n<\/td>\n<td colspan=\"4\" rowspan=\"1\">\n<div class=\"magic-16\">1\/16\u2033 \u2013 1\u2033 (0,5 mm-25 mm)<\/div>\n<\/td>\n<\/tr>\n<tr>\n<td colspan=\"1\" rowspan=\"1\">\n<div class=\"magic-15\">Punkttyp<\/div>\n<\/td>\n<td colspan=\"4\" rowspan=\"1\">\n<div class=\"magic-16\">135 Grad Split Point (auch 118 Grad Regular Point, Turbo Max Point, Pilot Point)<\/div>\n<\/td>\n<\/tr>\n<tr>\n<td colspan=\"1\" rowspan=\"1\">\n<div class=\"magic-17\">Paket<\/div>\n<\/td>\n<td class=\"magic-18\" colspan=\"4\" rowspan=\"1\">\n<div class=\"magic-19\">10\/5 St\u00fcck in PVC-Beutel, Kunststoffbox, einzeln in Skin-Karte, Doppelblister, Clamshell<\/div>\n<\/td>\n<\/tr>\n<\/tbody>\n<\/table>","protected":false},"excerpt":{"rendered":"<p>Features: Made from cobalt(5%) High Speed Steel , increases the wear and heat resistance of drill bit, the life span of drill bit is prolonged. Fully Grinding Processing makes the surface of drill bit smoother, the friction can be reduced and the cutting speed is faster. Perfect suitable for drilling in hard metals such as [&hellip;]<\/p>\n","protected":false},"featured_media":15736,"comment_status":"closed","ping_status":"closed","template":"","meta":{"_acf_changed":false,"_seopress_robots_primary_cat":"","_seopress_titles_title":"DIN338 M35 Material | Co5 Hss Cobalt Drill Bits","_seopress_titles_desc":"","_seopress_robots_index":"","site-sidebar-layout":"default","site-content-layout":"default","ast-site-content-layout":"default","site-content-style":"default","site-sidebar-style":"default","ast-global-header-display":"","ast-banner-title-visibility":"","ast-main-header-display":"","ast-hfb-above-header-display":"","ast-hfb-below-header-display":"","ast-hfb-mobile-header-display":"","site-post-title":"","ast-breadcrumbs-content":"","ast-featured-img":"","footer-sml-layout":"","ast-disable-related-posts":"","theme-transparent-header-meta":"default","adv-header-id-meta":"","stick-header-meta":"","header-above-stick-meta":"","header-main-stick-meta":"","header-below-stick-meta":"","astra-migrate-meta-layouts":"default","ast-page-background-enabled":"default","ast-page-background-meta":{"desktop":{"background-color":"","background-image":"","background-repeat":"repeat","background-position":"center center","background-size":"auto","background-attachment":"scroll","background-type":"","background-media":"","overlay-type":"","overlay-color":"","overlay-opacity":"","overlay-gradient":""},"tablet":{"background-color":"","background-image":"","background-repeat":"repeat","background-position":"center center","background-size":"auto","background-attachment":"scroll","background-type":"","background-media":"","overlay-type":"","overlay-color":"","overlay-opacity":"","overlay-gradient":""},"mobile":{"background-color":"","background-image":"","background-repeat":"repeat","background-position":"center center","background-size":"auto","background-attachment":"scroll","background-type":"","background-media":"","overlay-type":"","overlay-color":"","overlay-opacity":"","overlay-gradient":""}},"ast-content-background-meta":{"desktop":{"background-color":"var(--ast-global-color-5)","background-image":"","background-repeat":"repeat","background-position":"center center","background-size":"auto","background-attachment":"scroll","background-type":"","background-media":"","overlay-type":"","overlay-color":"","overlay-opacity":"","overlay-gradient":""},"tablet":{"background-color":"var(--ast-global-color-5)","background-image":"","background-repeat":"repeat","background-position":"center center","background-size":"auto","background-attachment":"scroll","background-type":"","background-media":"","overlay-type":"","overlay-color":"","overlay-opacity":"","overlay-gradient":""},"mobile":{"background-color":"var(--ast-global-color-5)","background-image":"","background-repeat":"repeat","background-position":"center center","background-size":"auto","background-attachment":"scroll","background-type":"","background-media":"","overlay-type":"","overlay-color":"","overlay-opacity":"","overlay-gradient":""}}},"product_brand":[],"product_cat":[29],"product_tag":[],"class_list":{"0":"post-15734","1":"product","2":"type-product","3":"status-publish","4":"has-post-thumbnail","6":"product_cat-hss-twist-drill-bits","7":"desktop-align-left","8":"tablet-align-left","9":"mobile-align-left","11":"first","12":"instock","13":"shipping-taxable","14":"product-type-simple"},"acf":[],"_links":{"self":[{"href":"https:\/\/www.tenyutool.com\/de\/wp-json\/wp\/v2\/product\/15734","targetHints":{"allow":["GET"]}}],"collection":[{"href":"https:\/\/www.tenyutool.com\/de\/wp-json\/wp\/v2\/product"}],"about":[{"href":"https:\/\/www.tenyutool.com\/de\/wp-json\/wp\/v2\/types\/product"}],"replies":[{"embeddable":true,"href":"https:\/\/www.tenyutool.com\/de\/wp-json\/wp\/v2\/comments?post=15734"}],"wp:featuredmedia":[{"embeddable":true,"href":"https:\/\/www.tenyutool.com\/de\/wp-json\/wp\/v2\/media\/15736"}],"wp:attachment":[{"href":"https:\/\/www.tenyutool.com\/de\/wp-json\/wp\/v2\/media?parent=15734"}],"wp:term":[{"taxonomy":"product_brand","embeddable":true,"href":"https:\/\/www.tenyutool.com\/de\/wp-json\/wp\/v2\/product_brand?post=15734"},{"taxonomy":"product_cat","embeddable":true,"href":"https:\/\/www.tenyutool.com\/de\/wp-json\/wp\/v2\/product_cat?post=15734"},{"taxonomy":"product_tag","embeddable":true,"href":"https:\/\/www.tenyutool.com\/de\/wp-json\/wp\/v2\/product_tag?post=15734"}],"curies":[{"name":"wp","href":"https:\/\/api.w.org\/{rel}","templated":true}]}}