{"id":16196,"date":"2022-10-25T07:33:02","date_gmt":"2022-10-25T07:33:02","guid":{"rendered":"https:\/\/www.tenyutool.com\/?post_type=product&#038;p=16196"},"modified":"2022-10-25T07:33:03","modified_gmt":"2022-10-25T07:33:03","slug":"3-flachschaft-bohrer","status":"publish","type":"product","link":"https:\/\/www.tenyutool.com\/de\/product\/3-flat-shank-drill-bits\/","title":{"rendered":"1\/4\u2033 HSS-Bohrer mit schwarzer und goldfarbener Oberfl\u00e4che, Jobber-L\u00e4nge mit 3-Flachschaft, 135-Grad-Teilungsspitze"},"content":{"rendered":"<p>Merkmale:<\/p>\n<ul>\n<li>Klassische Konstruktion aus M2-Schnellarbeitsstahl mit schwarzem und goldenem Finish f\u00fcr bew\u00e4hrte Leistungsf\u00e4higkeit und Langlebigkeit.<\/li>\n<li>H\u00e4rte: Felswand-H\u00e4rtegrad HRC 62-63 der M2-Spiralbohrer.<\/li>\n<li>135 Tip &amp; Twist Design: Erh\u00f6ht die Schnittgeschwindigkeit durch Selbstzentrierung und verhindert Wandern, beseitigt Sp\u00e4ne und Partikel schneller.<\/li>\n<li>F\u00fcr den Einsatz auf Metall, Holz und Kunststoffen. Nicht zur Verwendung auf Beton\/Mauerwerk.\n<figure id=\"attachment_16198\" aria-describedby=\"caption-attachment-16198\" style=\"width: 800px\" class=\"wp-caption alignnone\"><img fetchpriority=\"high\" decoding=\"async\" class=\"size-full wp-image-16198\" src=\"https:\/\/www.tenyutool.com\/wp-content\/uploads\/2022\/10\/14-HSS-Black-Gold-Finished-Drill-Bit-Jobber-Length-with-3-flat-Shank-135-Degree-Split-Point.jpg\" alt=\"1\/4&quot; hss-Bohrer mit schwarzer und goldfarbener Oberfl\u00e4che, Jobber-L\u00e4nge mit 3 flachen Schaftteilen, 135-Grad-Spitze\" width=\"800\" height=\"800\" srcset=\"https:\/\/www.tenyutool.com\/wp-content\/uploads\/2022\/10\/14-HSS-Black-Gold-Finished-Drill-Bit-Jobber-Length-with-3-flat-Shank-135-Degree-Split-Point.jpg 800w, https:\/\/www.tenyutool.com\/wp-content\/uploads\/2022\/10\/14-HSS-Black-Gold-Finished-Drill-Bit-Jobber-Length-with-3-flat-Shank-135-Degree-Split-Point-150x150.jpg 150w, https:\/\/www.tenyutool.com\/wp-content\/uploads\/2022\/10\/14-HSS-Black-Gold-Finished-Drill-Bit-Jobber-Length-with-3-flat-Shank-135-Degree-Split-Point-768x768.jpg 768w, https:\/\/www.tenyutool.com\/wp-content\/uploads\/2022\/10\/14-HSS-Black-Gold-Finished-Drill-Bit-Jobber-Length-with-3-flat-Shank-135-Degree-Split-Point-12x12.jpg 12w, https:\/\/www.tenyutool.com\/wp-content\/uploads\/2022\/10\/14-HSS-Black-Gold-Finished-Drill-Bit-Jobber-Length-with-3-flat-Shank-135-Degree-Split-Point-300x300.jpg 300w, https:\/\/www.tenyutool.com\/wp-content\/uploads\/2022\/10\/14-HSS-Black-Gold-Finished-Drill-Bit-Jobber-Length-with-3-flat-Shank-135-Degree-Split-Point-600x600.jpg 600w, https:\/\/www.tenyutool.com\/wp-content\/uploads\/2022\/10\/14-HSS-Black-Gold-Finished-Drill-Bit-Jobber-Length-with-3-flat-Shank-135-Degree-Split-Point-100x100.jpg 100w\" sizes=\"(max-width: 800px) 100vw, 800px\" \/><figcaption id=\"caption-attachment-16198\" class=\"wp-caption-text\">1\/4\u2033 hss-Bohrer mit schwarzer und goldener Oberfl\u00e4che, Jobber-L\u00e4nge mit 3 flachen Schaft, 135-Grad-Teilungsspitze<\/figcaption><\/figure>\n<table style=\"border-collapse: collapse; width: 1301px; height: 446px;\" border=\"0\" width=\"703\" cellspacing=\"0\" cellpadding=\"0\">\n<tbody>\n<tr style=\"height: 45.00pt;\">\n<td class=\"et2\" style=\"height: 45.00pt; width: 527.25pt;\" colspan=\"9\" width=\"703\" height=\"60\">\n<h2>Produktbeschreibung<\/h2>\n<\/td>\n<\/tr>\n<tr style=\"height: 25.00pt;\">\n<td class=\"et4\" style=\"height: 25.00pt;\" colspan=\"9\" height=\"33\">Mehr Auswahl f\u00fcr Sie:<a href=\"https:\/\/www.tenyutool.com\/de\/\">Heim<\/a><\/td>\n<\/tr>\n<tr style=\"height: 35.00pt;\">\n<td class=\"et5\" style=\"height: 35.00pt;\" colspan=\"2\" height=\"46\">Produktname<\/td>\n<td class=\"et6\" colspan=\"7\">1\/4\u2033 HSS-Bohrer mit schwarzer und goldfarbener Oberfl\u00e4che, Jobber-L\u00e4nge mit 3-Flachschaft, 135-Grad-Teilungsspitze<\/td>\n<\/tr>\n<tr style=\"height: 35.00pt;\">\n<td class=\"et6\" style=\"height: 35.00pt;\" colspan=\"2\" height=\"46\">Finish-Typ<\/td>\n<td class=\"et6\" colspan=\"7\">Gold<\/td>\n<\/tr>\n<tr style=\"height: 35.00pt;\">\n<td class=\"et6\" style=\"height: 35.00pt;\" colspan=\"2\" height=\"46\">Schafttyp<\/td>\n<td class=\"et6\" colspan=\"7\">3-Flachschaft<\/td>\n<\/tr>\n<tr style=\"height: 35.00pt;\">\n<td class=\"et6\" style=\"height: 35.00pt;\" colspan=\"2\" height=\"46\">Schnittwinkelschnur<\/td>\n<td class=\"et6\" colspan=\"7\">135 Grad<\/td>\n<\/tr>\n<tr style=\"height: 35.00pt;\">\n<td class=\"et6\" style=\"height: 35.00pt;\" colspan=\"2\" height=\"46\">Oberfl\u00e4chenempfehlung<\/td>\n<td class=\"et6\" colspan=\"7\">Holz, Kunststoff, Metall, Stahl<\/td>\n<\/tr>\n<tr style=\"height: 30.00pt;\">\n<td class=\"et6\" style=\"height: 30.00pt;\" colspan=\"2\" height=\"40\">Packungsgr\u00f6sse<\/td>\n<td class=\"et7\" style=\"width: 378.00pt;\" colspan=\"7\" width=\"504\">6 St\u00fcck Bohrer in einer Plastikt\u00fcte, Durchmesser 7\/16 Zoll, Gesamtl\u00e4nge 5-1\/2 Zoll, Arbeitsl\u00e4nge 4-1\/16 Zoll.<\/td>\n<\/tr>\n<\/tbody>\n<\/table>\n<\/li>\n<\/ul>","protected":false},"excerpt":{"rendered":"<p>Features: Classic M2 High Speed Steel construction with Black and Gold finish for proven capability and durability. Hardness: M2 Twist drill bits\u2019 Rock wall Hardness Level HRC 62-63. 135 Tip &amp; Twist Design: Increases cutting speed with self-centering and prevents walking, clears chips and particles faster. For use on metal, wood &amp; plastics. Not For [&hellip;]<\/p>\n","protected":false},"featured_media":16198,"comment_status":"closed","ping_status":"closed","template":"","meta":{"_acf_changed":false,"_seopress_robots_primary_cat":"","_seopress_titles_title":"1\/4&quot; HSS Black &amp; Gold Finished Drill Bit | Jobber Length with 3-flat Shank","_seopress_titles_desc":"","_seopress_robots_index":"","site-sidebar-layout":"default","site-content-layout":"default","ast-site-content-layout":"default","site-content-style":"default","site-sidebar-style":"default","ast-global-header-display":"","ast-banner-title-visibility":"","ast-main-header-display":"","ast-hfb-above-header-display":"","ast-hfb-below-header-display":"","ast-hfb-mobile-header-display":"","site-post-title":"","ast-breadcrumbs-content":"","ast-featured-img":"","footer-sml-layout":"","ast-disable-related-posts":"","theme-transparent-header-meta":"default","adv-header-id-meta":"","stick-header-meta":"","header-above-stick-meta":"","header-main-stick-meta":"","header-below-stick-meta":"","astra-migrate-meta-layouts":"default","ast-page-background-enabled":"default","ast-page-background-meta":{"desktop":{"background-color":"","background-image":"","background-repeat":"repeat","background-position":"center center","background-size":"auto","background-attachment":"scroll","background-type":"","background-media":"","overlay-type":"","overlay-color":"","overlay-opacity":"","overlay-gradient":""},"tablet":{"background-color":"","background-image":"","background-repeat":"repeat","background-position":"center center","background-size":"auto","background-attachment":"scroll","background-type":"","background-media":"","overlay-type":"","overlay-color":"","overlay-opacity":"","overlay-gradient":""},"mobile":{"background-color":"","background-image":"","background-repeat":"repeat","background-position":"center center","background-size":"auto","background-attachment":"scroll","background-type":"","background-media":"","overlay-type":"","overlay-color":"","overlay-opacity":"","overlay-gradient":""}},"ast-content-background-meta":{"desktop":{"background-color":"var(--ast-global-color-5)","background-image":"","background-repeat":"repeat","background-position":"center center","background-size":"auto","background-attachment":"scroll","background-type":"","background-media":"","overlay-type":"","overlay-color":"","overlay-opacity":"","overlay-gradient":""},"tablet":{"background-color":"var(--ast-global-color-5)","background-image":"","background-repeat":"repeat","background-position":"center center","background-size":"auto","background-attachment":"scroll","background-type":"","background-media":"","overlay-type":"","overlay-color":"","overlay-opacity":"","overlay-gradient":""},"mobile":{"background-color":"var(--ast-global-color-5)","background-image":"","background-repeat":"repeat","background-position":"center center","background-size":"auto","background-attachment":"scroll","background-type":"","background-media":"","overlay-type":"","overlay-color":"","overlay-opacity":"","overlay-gradient":""}}},"product_brand":[],"product_cat":[30,29],"product_tag":[],"class_list":{"0":"post-16196","1":"product","2":"type-product","3":"status-publish","4":"has-post-thumbnail","6":"product_cat-3-flat-shank-drill-bits","7":"product_cat-hss-twist-drill-bits","8":"desktop-align-left","9":"tablet-align-left","10":"mobile-align-left","12":"first","13":"instock","14":"shipping-taxable","15":"product-type-simple"},"acf":[],"_links":{"self":[{"href":"https:\/\/www.tenyutool.com\/de\/wp-json\/wp\/v2\/product\/16196","targetHints":{"allow":["GET"]}}],"collection":[{"href":"https:\/\/www.tenyutool.com\/de\/wp-json\/wp\/v2\/product"}],"about":[{"href":"https:\/\/www.tenyutool.com\/de\/wp-json\/wp\/v2\/types\/product"}],"replies":[{"embeddable":true,"href":"https:\/\/www.tenyutool.com\/de\/wp-json\/wp\/v2\/comments?post=16196"}],"wp:featuredmedia":[{"embeddable":true,"href":"https:\/\/www.tenyutool.com\/de\/wp-json\/wp\/v2\/media\/16198"}],"wp:attachment":[{"href":"https:\/\/www.tenyutool.com\/de\/wp-json\/wp\/v2\/media?parent=16196"}],"wp:term":[{"taxonomy":"product_brand","embeddable":true,"href":"https:\/\/www.tenyutool.com\/de\/wp-json\/wp\/v2\/product_brand?post=16196"},{"taxonomy":"product_cat","embeddable":true,"href":"https:\/\/www.tenyutool.com\/de\/wp-json\/wp\/v2\/product_cat?post=16196"},{"taxonomy":"product_tag","embeddable":true,"href":"https:\/\/www.tenyutool.com\/de\/wp-json\/wp\/v2\/product_tag?post=16196"}],"curies":[{"name":"wp","href":"https:\/\/api.w.org\/{rel}","templated":true}]}}