{"id":16626,"date":"2022-12-05T02:11:16","date_gmt":"2022-12-05T02:11:16","guid":{"rendered":"https:\/\/www.tenyutool.com\/?post_type=product&#038;p=16626"},"modified":"2022-12-28T03:07:09","modified_gmt":"2022-12-28T03:07:09","slug":"erde-ziegel-sds-max-ton-spaten-meisel","status":"publish","type":"product","link":"https:\/\/www.tenyutool.com\/de\/product\/soil-brick-sds-max-clay-spade-chisel\/","title":{"rendered":"Bohrhammer Bohrer Erdziegel SDS Max Clay Spade Mei\u00dfelbohrer zum schnellen Entfernen"},"content":{"rendered":"<div class=\"mceTemp\"><\/div>\n<p>Merkmale:<\/p>\n<ul>\n<li>40Cr-Stahl f\u00fcr erh\u00f6hte H\u00e4rte und Best\u00e4ndigkeit gegen Abrieb, Oxidation und Korrosion.<\/li>\n<li>Geh\u00e4rtet, um die Sto\u00dffestigkeit zu erh\u00f6hen.<\/li>\n<li>SDS max Schaft, st\u00e4rkere Schlagkraft.<\/li>\n<li>Der ganze K\u00f6rper kann starker H\u00e4rte standhalten.<\/li>\n<li>Grabt sich durch Beton, Erdreich, Ton, Kies, Adobe, Sandstein, gefrorenen Schmutz und mehr.\n<p><figure id=\"attachment_16796\" aria-describedby=\"caption-attachment-16796\" style=\"width: 800px\" class=\"wp-caption alignnone\"><img fetchpriority=\"high\" decoding=\"async\" class=\"size-full wp-image-16796\" src=\"https:\/\/www.tenyutool.com\/wp-content\/uploads\/2022\/12\/H7206edc687a4412c97b038b3e1f4206eo.webp.jpg\" alt=\"bohrhammer bohrhammer erde ziegel sds max tonspaten mei\u00dfel bohrer zum schnellen entfernen\" width=\"800\" height=\"800\" srcset=\"https:\/\/www.tenyutool.com\/wp-content\/uploads\/2022\/12\/H7206edc687a4412c97b038b3e1f4206eo.webp.jpg 800w, https:\/\/www.tenyutool.com\/wp-content\/uploads\/2022\/12\/H7206edc687a4412c97b038b3e1f4206eo.webp-150x150.jpg 150w, https:\/\/www.tenyutool.com\/wp-content\/uploads\/2022\/12\/H7206edc687a4412c97b038b3e1f4206eo.webp-768x768.jpg 768w, https:\/\/www.tenyutool.com\/wp-content\/uploads\/2022\/12\/H7206edc687a4412c97b038b3e1f4206eo.webp-12x12.jpg 12w, https:\/\/www.tenyutool.com\/wp-content\/uploads\/2022\/12\/H7206edc687a4412c97b038b3e1f4206eo.webp-300x300.jpg 300w, https:\/\/www.tenyutool.com\/wp-content\/uploads\/2022\/12\/H7206edc687a4412c97b038b3e1f4206eo.webp-600x600.jpg 600w, https:\/\/www.tenyutool.com\/wp-content\/uploads\/2022\/12\/H7206edc687a4412c97b038b3e1f4206eo.webp-100x100.jpg 100w\" sizes=\"(max-width: 800px) 100vw, 800px\" \/><figcaption id=\"caption-attachment-16796\" class=\"wp-caption-text\">bohrhammer bohrhammer erde ziegel sds max tonspaten mei\u00dfel bohrer zum schnellen entfernen<\/figcaption><\/figure><\/li>\n<\/ul>\n<table class=\"has-title hight-light-first-column all magic-6\">\n<tbody>\n<tr>\n<td colspan=\"5\" rowspan=\"1\">\n<div class=\"magic-7\"><span class=\"magic-8\">Produktbeschreibung<\/span><\/div>\n<\/td>\n<\/tr>\n<tr>\n<td colspan=\"5\" rowspan=\"1\">\n<div class=\"magic-7\"><span class=\"magic-11\"><b data-spm-anchor-id=\"0.0.0.i43.2dea4f05AneQoR\">Mehr Auswahl f\u00fcr Sie:\u00a0<a href=\"https:\/\/www.tenyutool.com\/de\/\" target=\"_blank\" rel=\"noopener\">Heim<\/a> &gt;\u00a0<a href=\"https:\/\/www.tenyutool.com\/de\/sds-meisel\/\" target=\"_blank\" rel=\"noopener\">Mei\u00dfel<\/a><\/b><\/span><\/div>\n<\/td>\n<\/tr>\n<tr>\n<td colspan=\"1\" rowspan=\"1\">\n<div class=\"magic-12\">Produktname<\/div>\n<\/td>\n<td colspan=\"4\" rowspan=\"1\">\n<div class=\"magic-13\" data-spm-anchor-id=\"a2700.details.0.i7.285e1f2aLuNjYr\">Bohrhammer Bohrer Erdziegel SDS Max Clay Spade Mei\u00dfelbohrer zum schnellen Entfernen<\/div>\n<\/td>\n<\/tr>\n<tr>\n<td colspan=\"1\" rowspan=\"1\">\n<div class=\"magic-12\">Material<\/div>\n<\/td>\n<td colspan=\"4\" rowspan=\"1\">\n<div class=\"magic-14\">40Cr-Stahl<\/div>\n<\/td>\n<\/tr>\n<tr>\n<td colspan=\"1\" rowspan=\"1\">\n<div class=\"magic-12\">Verfahren<\/div>\n<\/td>\n<td colspan=\"4\" rowspan=\"1\">\n<div class=\"magic-14\">W\u00e4rmebehandlung<\/div>\n<\/td>\n<\/tr>\n<tr>\n<td colspan=\"1\" rowspan=\"1\">\n<div class=\"magic-12\">Kopftyp<\/div>\n<\/td>\n<td colspan=\"4\" rowspan=\"1\">\n<div class=\"magic-14\">Spatenmei\u00dfel<\/div>\n<\/td>\n<\/tr>\n<tr>\n<td colspan=\"1\" rowspan=\"1\">\n<div class=\"magic-12\">Schaft<\/div>\n<\/td>\n<td colspan=\"4\" rowspan=\"1\">\n<div class=\"magic-14\">SDS Max Shank (Wir haben auch 65PH Shank)<\/div>\n<\/td>\n<\/tr>\n<tr>\n<td colspan=\"1\" rowspan=\"1\">\n<div class=\"magic-12\">Oberfl\u00e4chenveredlung<\/div>\n<\/td>\n<td colspan=\"4\" rowspan=\"1\">\n<div class=\"magic-14\">Sandgestrahlt<\/div>\n<\/td>\n<\/tr>\n<tr>\n<td colspan=\"1\" rowspan=\"1\">\n<div class=\"magic-12\">Paket<\/div>\n<\/td>\n<td colspan=\"4\" rowspan=\"1\">\n<div class=\"magic-14\">Ein St\u00fcck in einer Holzkiste oder Plastikbox<\/div>\n<\/td>\n<\/tr>\n<\/tbody>\n<\/table>\n<p>&nbsp;<\/p>","protected":false},"excerpt":{"rendered":"<p>Features: 40Cr steel for increased hardness and resistance to abrasion, oxidation, and corrosion. Tempered to increase impact durability. SDS max shank, stronger impact. The whole body can withstand strong hardness. Digs through concrete, packed soil, clay, gravel, adobe, sandstone, frozen dirt, and more. Product Description More Choice For You:\u00a0Home &gt;\u00a0Chisel Product Name Rotary Hammer Drill [&hellip;]<\/p>\n","protected":false},"featured_media":16796,"comment_status":"closed","ping_status":"closed","template":"","meta":{"_acf_changed":false,"_seopress_robots_primary_cat":"none","_seopress_titles_title":"Clay Spade Bit | SDS Max Clay Spade Chisel","_seopress_titles_desc":"","_seopress_robots_index":"","site-sidebar-layout":"default","site-content-layout":"default","ast-site-content-layout":"default","site-content-style":"default","site-sidebar-style":"default","ast-global-header-display":"","ast-banner-title-visibility":"","ast-main-header-display":"","ast-hfb-above-header-display":"","ast-hfb-below-header-display":"","ast-hfb-mobile-header-display":"","site-post-title":"","ast-breadcrumbs-content":"","ast-featured-img":"","footer-sml-layout":"","ast-disable-related-posts":"","theme-transparent-header-meta":"default","adv-header-id-meta":"","stick-header-meta":"","header-above-stick-meta":"","header-main-stick-meta":"","header-below-stick-meta":"","astra-migrate-meta-layouts":"default","ast-page-background-enabled":"default","ast-page-background-meta":{"desktop":{"background-color":"","background-image":"","background-repeat":"repeat","background-position":"center center","background-size":"auto","background-attachment":"scroll","background-type":"","background-media":"","overlay-type":"","overlay-color":"","overlay-opacity":"","overlay-gradient":""},"tablet":{"background-color":"","background-image":"","background-repeat":"repeat","background-position":"center center","background-size":"auto","background-attachment":"scroll","background-type":"","background-media":"","overlay-type":"","overlay-color":"","overlay-opacity":"","overlay-gradient":""},"mobile":{"background-color":"","background-image":"","background-repeat":"repeat","background-position":"center center","background-size":"auto","background-attachment":"scroll","background-type":"","background-media":"","overlay-type":"","overlay-color":"","overlay-opacity":"","overlay-gradient":""}},"ast-content-background-meta":{"desktop":{"background-color":"var(--ast-global-color-5)","background-image":"","background-repeat":"repeat","background-position":"center center","background-size":"auto","background-attachment":"scroll","background-type":"","background-media":"","overlay-type":"","overlay-color":"","overlay-opacity":"","overlay-gradient":""},"tablet":{"background-color":"var(--ast-global-color-5)","background-image":"","background-repeat":"repeat","background-position":"center center","background-size":"auto","background-attachment":"scroll","background-type":"","background-media":"","overlay-type":"","overlay-color":"","overlay-opacity":"","overlay-gradient":""},"mobile":{"background-color":"var(--ast-global-color-5)","background-image":"","background-repeat":"repeat","background-position":"center center","background-size":"auto","background-attachment":"scroll","background-type":"","background-media":"","overlay-type":"","overlay-color":"","overlay-opacity":"","overlay-gradient":""}}},"product_brand":[],"product_cat":[33],"product_tag":[],"class_list":{"0":"post-16626","1":"product","2":"type-product","3":"status-publish","4":"has-post-thumbnail","6":"product_cat-sds-chisel","7":"desktop-align-left","8":"tablet-align-left","9":"mobile-align-left","11":"first","12":"instock","13":"shipping-taxable","14":"product-type-simple"},"acf":[],"_links":{"self":[{"href":"https:\/\/www.tenyutool.com\/de\/wp-json\/wp\/v2\/product\/16626","targetHints":{"allow":["GET"]}}],"collection":[{"href":"https:\/\/www.tenyutool.com\/de\/wp-json\/wp\/v2\/product"}],"about":[{"href":"https:\/\/www.tenyutool.com\/de\/wp-json\/wp\/v2\/types\/product"}],"replies":[{"embeddable":true,"href":"https:\/\/www.tenyutool.com\/de\/wp-json\/wp\/v2\/comments?post=16626"}],"wp:featuredmedia":[{"embeddable":true,"href":"https:\/\/www.tenyutool.com\/de\/wp-json\/wp\/v2\/media\/16796"}],"wp:attachment":[{"href":"https:\/\/www.tenyutool.com\/de\/wp-json\/wp\/v2\/media?parent=16626"}],"wp:term":[{"taxonomy":"product_brand","embeddable":true,"href":"https:\/\/www.tenyutool.com\/de\/wp-json\/wp\/v2\/product_brand?post=16626"},{"taxonomy":"product_cat","embeddable":true,"href":"https:\/\/www.tenyutool.com\/de\/wp-json\/wp\/v2\/product_cat?post=16626"},{"taxonomy":"product_tag","embeddable":true,"href":"https:\/\/www.tenyutool.com\/de\/wp-json\/wp\/v2\/product_tag?post=16626"}],"curies":[{"name":"wp","href":"https:\/\/api.w.org\/{rel}","templated":true}]}}