{"id":16721,"date":"2022-12-20T08:53:01","date_gmt":"2022-12-20T08:53:01","guid":{"rendered":"https:\/\/www.tenyutool.com\/?post_type=product&#038;p=16721"},"modified":"2022-12-20T08:53:01","modified_gmt":"2022-12-20T08:53:01","slug":"schnellwechsel-sechskantschaft-dreispitz-flachholz-spatenbohrer-mit-schneidrille-fur-holz-schnell-und-sauber-bohren","status":"publish","type":"product","link":"https:\/\/www.tenyutool.com\/de\/product\/quick-change-hex-shank-tri-point-flat-wood-spade-drill-bit-with-cutting-groove-for-wood-fast-and-clean-drilling\/","title":{"rendered":"Schnellwechsel-Sechskantschaft-Tri-Point-Flachholz-Spatenbohrer mit Schneidnut f\u00fcr schnelles und sauberes Bohren von Holz"},"content":{"rendered":"<p>Merkmale:<\/p>\n<ul>\n<li>Hergestellt aus Kohlenstoffstahl, w\u00e4rmebehandelter Schaft zum Schutz.<\/li>\n<li data-spm-anchor-id=\"a2700.pc-decorate.0.i14.50ca33330i6BKI\">Das flache Paddeldesign verf\u00fcgt \u00fcber eine scharfe Schneide, die daf\u00fcr sorgt, dass das Loch glatt und sauber ist.<\/li>\n<li data-spm-anchor-id=\"a2700.pc-decorate.0.i16.50ca33330i6BKI\">Gew\u00e4hrleisten Langlebigkeit und hohe Verschlei\u00dffestigkeit.<\/li>\n<li data-spm-anchor-id=\"a2700.pc-decorate.0.i13.50ca33330i6BKI\">F\u00fcr eine effiziente und reibungslose Spanabfuhr, schneller als Standard-Spatenbohrer.<\/li>\n<li data-spm-anchor-id=\"a2700.pc-decorate.0.i15.50ca33330i6BKI\">Erm\u00f6glicht genaues Bohren in die meisten Holzarten sowie in Kunststoff und weiche Metalle wie Aluminium.\n<figure id=\"attachment_16776\" aria-describedby=\"caption-attachment-16776\" style=\"width: 800px\" class=\"wp-caption alignnone\"><img fetchpriority=\"high\" decoding=\"async\" class=\"size-full wp-image-16776\" src=\"https:\/\/www.tenyutool.com\/wp-content\/uploads\/2022\/12\/H683f23de26264f9e85b803458f2826c2a.jpg\" alt=\"Schnellwechsel-Sechskantschaft-Tri-Point-Flachholz-Spatenbohrer mit Schneidrille f\u00fcr schnelles und sauberes Bohren von Holz\" width=\"800\" height=\"800\" srcset=\"https:\/\/www.tenyutool.com\/wp-content\/uploads\/2022\/12\/H683f23de26264f9e85b803458f2826c2a.jpg 800w, https:\/\/www.tenyutool.com\/wp-content\/uploads\/2022\/12\/H683f23de26264f9e85b803458f2826c2a-150x150.jpg 150w, https:\/\/www.tenyutool.com\/wp-content\/uploads\/2022\/12\/H683f23de26264f9e85b803458f2826c2a-768x768.jpg 768w, https:\/\/www.tenyutool.com\/wp-content\/uploads\/2022\/12\/H683f23de26264f9e85b803458f2826c2a-12x12.jpg 12w, https:\/\/www.tenyutool.com\/wp-content\/uploads\/2022\/12\/H683f23de26264f9e85b803458f2826c2a-300x300.jpg 300w, https:\/\/www.tenyutool.com\/wp-content\/uploads\/2022\/12\/H683f23de26264f9e85b803458f2826c2a-600x600.jpg 600w, https:\/\/www.tenyutool.com\/wp-content\/uploads\/2022\/12\/H683f23de26264f9e85b803458f2826c2a-100x100.jpg 100w\" sizes=\"(max-width: 800px) 100vw, 800px\" \/><figcaption id=\"caption-attachment-16776\" class=\"wp-caption-text\">Schnellwechsel-Sechskantschaft-Tri-Point-Flachholz-Spatenbohrer mit Schneidrille f\u00fcr schnelles und sauberes Bohren von Holz<\/figcaption><\/figure>\n<table width=\"794\">\n<tbody>\n<tr>\n<td colspan=\"6\" width=\"794\">Produktbeschreibung<\/td>\n<\/tr>\n<tr>\n<td colspan=\"6\">Mehr Auswahl f\u00fcr Sie: Zuhause &gt; Holzbohrer &gt; Holzspatenbohrer<\/td>\n<\/tr>\n<tr>\n<td>Produktname<\/td>\n<td colspan=\"5\" width=\"572\">Schnellwechsel-Sechskantschaft-Tri-Point-Flachholz-Spatenbohrer mit Schneidnut f\u00fcr schnelles und sauberes Bohren von Holz<\/td>\n<\/tr>\n<tr>\n<td>Material<\/td>\n<td colspan=\"5\" width=\"572\">Kohlenstoffstahl mit W\u00e4rmebehandlung<\/td>\n<\/tr>\n<tr>\n<td>Schafttyp<\/td>\n<td colspan=\"5\">Schnellwechsel-Sechskantschaft (Wir haben auch Sechskantschaft)<\/td>\n<\/tr>\n<tr>\n<td>Kopfspitze<\/td>\n<td colspan=\"5\" width=\"572\">\u00a0Tri-Point mit Schneidrille (Wir haben auch Center Point und Tri-Point)<\/td>\n<\/tr>\n<tr>\n<td>Oberfl\u00e4chenveredlung<\/td>\n<td colspan=\"5\">Hell (wir haben auch schwarze Oxid- und Titanbeschichtung)<\/td>\n<\/tr>\n<tr>\n<td>Paket<\/td>\n<td colspan=\"5\" width=\"572\">One Piece in One PVC-Beutel oder PVC-Hautkarte oder Papiersandwich oder PVC-Doppelblister<\/td>\n<\/tr>\n<\/tbody>\n<\/table>\n<\/li>\n<\/ul>","protected":false},"excerpt":{"rendered":"<p>Features: Made of high carbon steel, heat-treated shank for protection. The flat paddle design features a sharp cutting edge, ensures the hole smooth clean. Ensure longevity and high wear resistance. For efficient and smooth chip removal, faster than standard spade bits. Allows for accurate drilling to most types of wood, and also plastic and soft [&hellip;]<\/p>\n","protected":false},"featured_media":16776,"comment_status":"closed","ping_status":"closed","template":"","meta":{"_acf_changed":false,"_seopress_robots_primary_cat":"","_seopress_titles_title":"Hex Shank Tri-Point Flat Wood Spade Drill Bit | for Wood Fast and Clean Drilling","_seopress_titles_desc":"","_seopress_robots_index":"","site-sidebar-layout":"default","site-content-layout":"default","ast-site-content-layout":"default","site-content-style":"default","site-sidebar-style":"default","ast-global-header-display":"","ast-banner-title-visibility":"","ast-main-header-display":"","ast-hfb-above-header-display":"","ast-hfb-below-header-display":"","ast-hfb-mobile-header-display":"","site-post-title":"","ast-breadcrumbs-content":"","ast-featured-img":"","footer-sml-layout":"","ast-disable-related-posts":"","theme-transparent-header-meta":"default","adv-header-id-meta":"","stick-header-meta":"","header-above-stick-meta":"","header-main-stick-meta":"","header-below-stick-meta":"","astra-migrate-meta-layouts":"default","ast-page-background-enabled":"default","ast-page-background-meta":{"desktop":{"background-color":"","background-image":"","background-repeat":"repeat","background-position":"center center","background-size":"auto","background-attachment":"scroll","background-type":"","background-media":"","overlay-type":"","overlay-color":"","overlay-opacity":"","overlay-gradient":""},"tablet":{"background-color":"","background-image":"","background-repeat":"repeat","background-position":"center center","background-size":"auto","background-attachment":"scroll","background-type":"","background-media":"","overlay-type":"","overlay-color":"","overlay-opacity":"","overlay-gradient":""},"mobile":{"background-color":"","background-image":"","background-repeat":"repeat","background-position":"center center","background-size":"auto","background-attachment":"scroll","background-type":"","background-media":"","overlay-type":"","overlay-color":"","overlay-opacity":"","overlay-gradient":""}},"ast-content-background-meta":{"desktop":{"background-color":"var(--ast-global-color-5)","background-image":"","background-repeat":"repeat","background-position":"center center","background-size":"auto","background-attachment":"scroll","background-type":"","background-media":"","overlay-type":"","overlay-color":"","overlay-opacity":"","overlay-gradient":""},"tablet":{"background-color":"var(--ast-global-color-5)","background-image":"","background-repeat":"repeat","background-position":"center center","background-size":"auto","background-attachment":"scroll","background-type":"","background-media":"","overlay-type":"","overlay-color":"","overlay-opacity":"","overlay-gradient":""},"mobile":{"background-color":"var(--ast-global-color-5)","background-image":"","background-repeat":"repeat","background-position":"center center","background-size":"auto","background-attachment":"scroll","background-type":"","background-media":"","overlay-type":"","overlay-color":"","overlay-opacity":"","overlay-gradient":""}}},"product_brand":[],"product_cat":[34],"product_tag":[],"class_list":{"0":"post-16721","1":"product","2":"type-product","3":"status-publish","4":"has-post-thumbnail","6":"product_cat-wood-spade-paddle-drill-bit","7":"desktop-align-left","8":"tablet-align-left","9":"mobile-align-left","11":"first","12":"instock","13":"shipping-taxable","14":"product-type-simple"},"acf":[],"_links":{"self":[{"href":"https:\/\/www.tenyutool.com\/de\/wp-json\/wp\/v2\/product\/16721","targetHints":{"allow":["GET"]}}],"collection":[{"href":"https:\/\/www.tenyutool.com\/de\/wp-json\/wp\/v2\/product"}],"about":[{"href":"https:\/\/www.tenyutool.com\/de\/wp-json\/wp\/v2\/types\/product"}],"replies":[{"embeddable":true,"href":"https:\/\/www.tenyutool.com\/de\/wp-json\/wp\/v2\/comments?post=16721"}],"wp:featuredmedia":[{"embeddable":true,"href":"https:\/\/www.tenyutool.com\/de\/wp-json\/wp\/v2\/media\/16776"}],"wp:attachment":[{"href":"https:\/\/www.tenyutool.com\/de\/wp-json\/wp\/v2\/media?parent=16721"}],"wp:term":[{"taxonomy":"product_brand","embeddable":true,"href":"https:\/\/www.tenyutool.com\/de\/wp-json\/wp\/v2\/product_brand?post=16721"},{"taxonomy":"product_cat","embeddable":true,"href":"https:\/\/www.tenyutool.com\/de\/wp-json\/wp\/v2\/product_cat?post=16721"},{"taxonomy":"product_tag","embeddable":true,"href":"https:\/\/www.tenyutool.com\/de\/wp-json\/wp\/v2\/product_tag?post=16721"}],"curies":[{"name":"wp","href":"https:\/\/api.w.org\/{rel}","templated":true}]}}