{"id":16786,"date":"2022-12-28T01:53:19","date_gmt":"2022-12-28T01:53:19","guid":{"rendered":"https:\/\/www.tenyutool.com\/?post_type=product&#038;p=16786"},"modified":"2022-12-28T01:53:19","modified_gmt":"2022-12-28T01:53:19","slug":"11-tlg-prazisions-handbohrer-mit-mini-mikro-spiralbohrer-set-kleinster-bohrer-mit-schraubstock-hand-grosartig-fur-modelle-und-hobby","status":"publish","type":"product","link":"https:\/\/www.tenyutool.com\/de\/product\/11pcs-precision-hand-drill-with-mini-micro-twist-drill-bits-set-smallest-drill-bit-with-pin-vise-hand-great-for-models-and-hobby\/","title":{"rendered":"11-teilige Pr\u00e4zisions-Handbohrmaschine mit Mini-Mikro-Spiralbohrer-Set, kleinster Bohrer mit Stiftschraubstock, ideal f\u00fcr Modelle und Hobby"},"content":{"rendered":"<p>Merkmale:<\/p>\n<ul>\n<li>Das Bohrer-Set besteht aus 1 Handbohrer und 10 Mini-Spiralbohrern.<\/li>\n<li data-spm-anchor-id=\"a2700.pc-decorate.0.i8.23e63333XIsGJl\">Pr\u00e4zise konstruiertes Spannfutter, um diesen Bohrer aufrecht zu halten.<\/li>\n<li data-spm-anchor-id=\"a2700.pc-decorate.0.i5.23e63333XIsGJl\">Hervorragende Leistung und einfach zu bedienen.<\/li>\n<li data-spm-anchor-id=\"a2700.pc-decorate.0.i11.23e63333XIsGJl\">Kompakte Gr\u00f6\u00dfe und leicht.<\/li>\n<li data-spm-anchor-id=\"a2700.pc-decorate.0.i6.23e63333XIsGJl\">Die Handbohrmaschine wird verwendet, um kleine Bohrer zu halten und zu drehen, um an Modellen, Schmuck, Perlen, Kunststoff, Dr\u00e4hten und vielen anderen Heimwerkerprojekten zu arbeiten, bei denen pr\u00e4zise L\u00f6cher gebohrt werden m\u00fcssen.<\/li>\n<\/ul>\n<figure id=\"attachment_16789\" aria-describedby=\"caption-attachment-16789\" style=\"width: 800px\" class=\"wp-caption alignnone\"><img fetchpriority=\"high\" decoding=\"async\" class=\"size-full wp-image-16789\" src=\"https:\/\/www.tenyutool.com\/wp-content\/uploads\/2022\/12\/H3eda7572a1d54b028b4aff6f5f8e82d91.webp.jpg\" alt=\"11-teilige Pr\u00e4zisions-Handbohrmaschine mit Mini-Mikro-Spiralbohrern, kleinster Bohrer mit Stiftschraubstock, ideal f\u00fcr Modelle und Hobby\" width=\"800\" height=\"800\" srcset=\"https:\/\/www.tenyutool.com\/wp-content\/uploads\/2022\/12\/H3eda7572a1d54b028b4aff6f5f8e82d91.webp.jpg 800w, https:\/\/www.tenyutool.com\/wp-content\/uploads\/2022\/12\/H3eda7572a1d54b028b4aff6f5f8e82d91.webp-150x150.jpg 150w, https:\/\/www.tenyutool.com\/wp-content\/uploads\/2022\/12\/H3eda7572a1d54b028b4aff6f5f8e82d91.webp-768x768.jpg 768w, https:\/\/www.tenyutool.com\/wp-content\/uploads\/2022\/12\/H3eda7572a1d54b028b4aff6f5f8e82d91.webp-12x12.jpg 12w, https:\/\/www.tenyutool.com\/wp-content\/uploads\/2022\/12\/H3eda7572a1d54b028b4aff6f5f8e82d91.webp-300x300.jpg 300w, https:\/\/www.tenyutool.com\/wp-content\/uploads\/2022\/12\/H3eda7572a1d54b028b4aff6f5f8e82d91.webp-600x600.jpg 600w, https:\/\/www.tenyutool.com\/wp-content\/uploads\/2022\/12\/H3eda7572a1d54b028b4aff6f5f8e82d91.webp-100x100.jpg 100w\" sizes=\"(max-width: 800px) 100vw, 800px\" \/><figcaption id=\"caption-attachment-16789\" class=\"wp-caption-text\">11-teilige Pr\u00e4zisions-Handbohrmaschine mit Mini-Mikro-Spiralbohrern, kleinster Bohrer mit Stiftschraubstock, ideal f\u00fcr Modelle und Hobby<\/figcaption><\/figure>\n<table width=\"794\">\n<tbody>\n<tr>\n<td colspan=\"6\" width=\"794\">Produktbeschreibung<\/td>\n<\/tr>\n<tr>\n<td colspan=\"6\">Mehr Auswahl f\u00fcr Sie:<a href=\"https:\/\/www.tenyutool.com\/de\/\">Heim<\/a> &gt; Neue Werkzeuge<\/td>\n<\/tr>\n<tr>\n<td>Produktname<\/td>\n<td colspan=\"5\" width=\"572\">11-teilige Pr\u00e4zisions-Handbohrmaschine mit Mini-Mikro-Spiralbohrer-Set, kleinster Bohrer, ideal f\u00fcr Modelle und Hobby<\/td>\n<\/tr>\n<tr>\n<td>Material<\/td>\n<td colspan=\"5\" width=\"572\">HSS4241 oder HSS4341<\/td>\n<\/tr>\n<tr>\n<td>Gewicht der Handbohrmaschine<\/td>\n<td colspan=\"5\">30g oder 45g<\/td>\n<\/tr>\n<tr>\n<td>Gr\u00f6\u00dfe<\/td>\n<td colspan=\"5\" width=\"572\">0,5 mm-2,0 mm oder 0,8 mm-3,0 mm<\/td>\n<\/tr>\n<tr>\n<td>Verwendungszweck<\/td>\n<td colspan=\"5\">Zum Holzbohren, ideal f\u00fcr Modellbau und Hobby<\/td>\n<\/tr>\n<tr>\n<td>Paket<\/td>\n<td colspan=\"5\" width=\"572\">\u00a010 St\u00fcck Mini-Bohrer in einer Kunststoffbox<\/td>\n<\/tr>\n<\/tbody>\n<\/table>","protected":false},"excerpt":{"rendered":"<p>Features: Drill set is Includes 1 piece of hand drill and 10 pieces of mini twist drill bits. Precise designed chuck to keep that drill upright. Superior performance and easy to use. Compact size and light. Hand drill is used to hold and rotate small drill bits for working on models, jewelry, beads, plastic, wires [&hellip;]<\/p>\n","protected":false},"featured_media":16789,"comment_status":"closed","ping_status":"closed","template":"","meta":{"_acf_changed":false,"_seopress_robots_primary_cat":"","_seopress_titles_title":" Hand Drill Mini Micro Twist Drill Bits Set |  for Models and Hobby","_seopress_titles_desc":"","_seopress_robots_index":"","site-sidebar-layout":"default","site-content-layout":"default","ast-site-content-layout":"default","site-content-style":"default","site-sidebar-style":"default","ast-global-header-display":"","ast-banner-title-visibility":"","ast-main-header-display":"","ast-hfb-above-header-display":"","ast-hfb-below-header-display":"","ast-hfb-mobile-header-display":"","site-post-title":"","ast-breadcrumbs-content":"","ast-featured-img":"","footer-sml-layout":"","ast-disable-related-posts":"","theme-transparent-header-meta":"default","adv-header-id-meta":"","stick-header-meta":"","header-above-stick-meta":"","header-main-stick-meta":"","header-below-stick-meta":"","astra-migrate-meta-layouts":"default","ast-page-background-enabled":"default","ast-page-background-meta":{"desktop":{"background-color":"","background-image":"","background-repeat":"repeat","background-position":"center center","background-size":"auto","background-attachment":"scroll","background-type":"","background-media":"","overlay-type":"","overlay-color":"","overlay-opacity":"","overlay-gradient":""},"tablet":{"background-color":"","background-image":"","background-repeat":"repeat","background-position":"center center","background-size":"auto","background-attachment":"scroll","background-type":"","background-media":"","overlay-type":"","overlay-color":"","overlay-opacity":"","overlay-gradient":""},"mobile":{"background-color":"","background-image":"","background-repeat":"repeat","background-position":"center center","background-size":"auto","background-attachment":"scroll","background-type":"","background-media":"","overlay-type":"","overlay-color":"","overlay-opacity":"","overlay-gradient":""}},"ast-content-background-meta":{"desktop":{"background-color":"var(--ast-global-color-5)","background-image":"","background-repeat":"repeat","background-position":"center center","background-size":"auto","background-attachment":"scroll","background-type":"","background-media":"","overlay-type":"","overlay-color":"","overlay-opacity":"","overlay-gradient":""},"tablet":{"background-color":"var(--ast-global-color-5)","background-image":"","background-repeat":"repeat","background-position":"center center","background-size":"auto","background-attachment":"scroll","background-type":"","background-media":"","overlay-type":"","overlay-color":"","overlay-opacity":"","overlay-gradient":""},"mobile":{"background-color":"var(--ast-global-color-5)","background-image":"","background-repeat":"repeat","background-position":"center center","background-size":"auto","background-attachment":"scroll","background-type":"","background-media":"","overlay-type":"","overlay-color":"","overlay-opacity":"","overlay-gradient":""}}},"product_brand":[],"product_cat":[36],"product_tag":[],"class_list":{"0":"post-16786","1":"product","2":"type-product","3":"status-publish","4":"has-post-thumbnail","6":"product_cat-new-tools","7":"desktop-align-left","8":"tablet-align-left","9":"mobile-align-left","11":"first","12":"instock","13":"shipping-taxable","14":"product-type-simple"},"acf":[],"_links":{"self":[{"href":"https:\/\/www.tenyutool.com\/de\/wp-json\/wp\/v2\/product\/16786","targetHints":{"allow":["GET"]}}],"collection":[{"href":"https:\/\/www.tenyutool.com\/de\/wp-json\/wp\/v2\/product"}],"about":[{"href":"https:\/\/www.tenyutool.com\/de\/wp-json\/wp\/v2\/types\/product"}],"replies":[{"embeddable":true,"href":"https:\/\/www.tenyutool.com\/de\/wp-json\/wp\/v2\/comments?post=16786"}],"wp:featuredmedia":[{"embeddable":true,"href":"https:\/\/www.tenyutool.com\/de\/wp-json\/wp\/v2\/media\/16789"}],"wp:attachment":[{"href":"https:\/\/www.tenyutool.com\/de\/wp-json\/wp\/v2\/media?parent=16786"}],"wp:term":[{"taxonomy":"product_brand","embeddable":true,"href":"https:\/\/www.tenyutool.com\/de\/wp-json\/wp\/v2\/product_brand?post=16786"},{"taxonomy":"product_cat","embeddable":true,"href":"https:\/\/www.tenyutool.com\/de\/wp-json\/wp\/v2\/product_cat?post=16786"},{"taxonomy":"product_tag","embeddable":true,"href":"https:\/\/www.tenyutool.com\/de\/wp-json\/wp\/v2\/product_tag?post=16786"}],"curies":[{"name":"wp","href":"https:\/\/api.w.org\/{rel}","templated":true}]}}