{"id":16799,"date":"2022-12-28T06:25:43","date_gmt":"2022-12-28T06:25:43","guid":{"rendered":"https:\/\/www.tenyutool.com\/?post_type=product&#038;p=16799"},"modified":"2022-12-28T06:25:44","modified_gmt":"2022-12-28T06:25:44","slug":"246-tlg","status":"publish","type":"product","link":"https:\/\/www.tenyutool.com\/de\/product\/multi-function-246-pcs-drill-and-bit-tools-hardware-combination-drill-bits-socket-set-wood-hss-center-punch-screwdriver\/","title":{"rendered":"Multifunktionales 246-teiliges Bohrer- und Bit-Werkzeug-Hardware-Kombinationsbohrer-Steckschl\u00fcssel-Set Holz-HSS-K\u00f6rner-Schraubendreher"},"content":{"rendered":"<p>Merkmale:<\/p>\n<ul>\n<li data-spm-anchor-id=\"0.0.0.i140.2dea4f05jD1M0Y\">\u00a0Das komplette Set beinhaltet 87 x HSS-Spiralbohrer, 22 x Holzbohrer, 21 x Steinbohrer, 4 x Bohrstopps, 66 x 1 Bohrer, 30 x 2 Bohrer, 6 x Steckschl\u00fcssel, 2 x Sechskantschl\u00fcssel, 1 X Senker, 4 X Lochs\u00e4gen, 1 X Dornadapter, 1 X Nageltreiber und 1 X Bithalter.<\/li>\n<li data-spm-anchor-id=\"0.0.0.i140.2dea4f05jD1M0Y\">\u00a0Geeignet zum Bohren in Mauerwerk, Holz, Metall und Kunststoff sowie f\u00fcr vielf\u00e4ltige Schraub- und Befestigungsanwendungen.<\/li>\n<li data-spm-anchor-id=\"0.0.0.i140.2dea4f05jD1M0Y\">\u00a0Es kann mehrfach ohne Verformung verwendet werden.<\/li>\n<li data-spm-anchor-id=\"0.0.0.i140.2dea4f05jD1M0Y\">\u00a0Es ist so konzipiert, dass alle Komponenten organisiert und bequem zu verstauen sind.<\/li>\n<li data-spm-anchor-id=\"0.0.0.i140.2dea4f05jD1M0Y\">\u00a0Mit einer gro\u00dfen Auswahl an Bitgr\u00f6\u00dfen und den wichtigsten Werkzeugen wie Bohrern, Schrauben, Senker und mehr, die Ihnen helfen, professionelle Ergebnisse bei Ihrem n\u00e4chsten Heimwerker- oder Heimwerkerprojekt zu erzielen.<\/li>\n<\/ul>\n<figure id=\"attachment_16801\" aria-describedby=\"caption-attachment-16801\" style=\"width: 800px\" class=\"wp-caption alignnone\"><img fetchpriority=\"high\" decoding=\"async\" class=\"size-full wp-image-16801\" src=\"https:\/\/www.tenyutool.com\/wp-content\/uploads\/2022\/12\/H4904a5ad7ac94753af5c62522875ec4cy.webp.jpg\" alt=\"Multifunktions-246-tlg. Bohrer- und Bit-Werkzeuge, Hardware-Kombination, Bohrer, Steckschl\u00fcssel-Set, Holz-HSS-K\u00f6rner-Schraubendreher\" width=\"800\" height=\"800\" srcset=\"https:\/\/www.tenyutool.com\/wp-content\/uploads\/2022\/12\/H4904a5ad7ac94753af5c62522875ec4cy.webp.jpg 800w, https:\/\/www.tenyutool.com\/wp-content\/uploads\/2022\/12\/H4904a5ad7ac94753af5c62522875ec4cy.webp-150x150.jpg 150w, https:\/\/www.tenyutool.com\/wp-content\/uploads\/2022\/12\/H4904a5ad7ac94753af5c62522875ec4cy.webp-768x768.jpg 768w, https:\/\/www.tenyutool.com\/wp-content\/uploads\/2022\/12\/H4904a5ad7ac94753af5c62522875ec4cy.webp-12x12.jpg 12w, https:\/\/www.tenyutool.com\/wp-content\/uploads\/2022\/12\/H4904a5ad7ac94753af5c62522875ec4cy.webp-300x300.jpg 300w, https:\/\/www.tenyutool.com\/wp-content\/uploads\/2022\/12\/H4904a5ad7ac94753af5c62522875ec4cy.webp-600x600.jpg 600w, https:\/\/www.tenyutool.com\/wp-content\/uploads\/2022\/12\/H4904a5ad7ac94753af5c62522875ec4cy.webp-100x100.jpg 100w\" sizes=\"(max-width: 800px) 100vw, 800px\" \/><figcaption id=\"caption-attachment-16801\" class=\"wp-caption-text\">Multifunktions-246-tlg. Bohrer- und Bit-Werkzeuge, Hardware-Kombination, Bohrer, Steckschl\u00fcssel-Set, Holz-HSS-K\u00f6rner-Schraubendreher<\/figcaption><\/figure>\n<table width=\"794\">\n<tbody>\n<tr>\n<td colspan=\"6\" width=\"794\">Produktbeschreibung<\/td>\n<\/tr>\n<tr>\n<td colspan=\"6\">Mehr Auswahl f\u00fcr Sie: <a href=\"https:\/\/www.tenyutool.com\/de\/\">Heim<\/a> &gt; HSS-Bohrer &gt; Bohrer-Set<\/td>\n<\/tr>\n<tr>\n<td>Produktname<\/td>\n<td colspan=\"5\" width=\"572\">Multifunktionales 246-teiliges Bohrer- und Bit-Werkzeug-Hardware-Kombinationsbohrer-Steckschl\u00fcssel-Set Holz-HSS-K\u00f6rner-Schraubendreher<\/td>\n<\/tr>\n<tr>\n<td>Material<\/td>\n<td colspan=\"5\" width=\"572\">\u00a0HSS 4241\/4341\/M2 (HSS6542)\/M35\/M42\/Kohlenstoffstahl<\/td>\n<\/tr>\n<tr>\n<td>Oberfl\u00e4chenveredlung<\/td>\n<td colspan=\"5\">TiN-beschichtet\/Optionale gl\u00e4nzende Oberfl\u00e4che\/nitriert\/gl\u00e4nzend\/Kobalt\/Schwarzoxid<\/td>\n<\/tr>\n<tr>\n<td>Schafttyp<\/td>\n<td colspan=\"5\" width=\"572\">Rundschaft, Sechskantschaft, SDS-Schaft<\/td>\n<\/tr>\n<tr>\n<td>Verwendungszweck<\/td>\n<td colspan=\"5\">Zum Bohren von Metall, Edelstahl, Holz, Steinmauerwerk<\/td>\n<\/tr>\n<tr>\n<td>Paket<\/td>\n<td colspan=\"5\" width=\"572\">\u00a0 256 St\u00fcck in einer Kunststoff-\/Metallbox<\/td>\n<\/tr>\n<\/tbody>\n<\/table>","protected":false},"excerpt":{"rendered":"<p>Features: \u00a0The full set includes 87 X HSS twist drills, 22 X wood drill bits, 21 X masonry drill bits, 4 X drill stops, 66 X 1 drill bits, 30 X 2 drill bits, 6 X nut drivers, 2 X hex keys, 1 X countersink, 4 X hole saws, 1 X arbor adaptor, 1 X [&hellip;]<\/p>\n","protected":false},"featured_media":16801,"comment_status":"closed","ping_status":"closed","template":"","meta":{"_acf_changed":false,"_seopress_robots_primary_cat":"","_seopress_titles_title":"Multi-function 246 pcs Drill and Bit Tools | Hardware Combination Drill Bits","_seopress_titles_desc":"","_seopress_robots_index":"","site-sidebar-layout":"default","site-content-layout":"default","ast-site-content-layout":"default","site-content-style":"default","site-sidebar-style":"default","ast-global-header-display":"","ast-banner-title-visibility":"","ast-main-header-display":"","ast-hfb-above-header-display":"","ast-hfb-below-header-display":"","ast-hfb-mobile-header-display":"","site-post-title":"","ast-breadcrumbs-content":"","ast-featured-img":"","footer-sml-layout":"","ast-disable-related-posts":"","theme-transparent-header-meta":"default","adv-header-id-meta":"","stick-header-meta":"","header-above-stick-meta":"","header-main-stick-meta":"","header-below-stick-meta":"","astra-migrate-meta-layouts":"default","ast-page-background-enabled":"default","ast-page-background-meta":{"desktop":{"background-color":"","background-image":"","background-repeat":"repeat","background-position":"center center","background-size":"auto","background-attachment":"scroll","background-type":"","background-media":"","overlay-type":"","overlay-color":"","overlay-opacity":"","overlay-gradient":""},"tablet":{"background-color":"","background-image":"","background-repeat":"repeat","background-position":"center center","background-size":"auto","background-attachment":"scroll","background-type":"","background-media":"","overlay-type":"","overlay-color":"","overlay-opacity":"","overlay-gradient":""},"mobile":{"background-color":"","background-image":"","background-repeat":"repeat","background-position":"center center","background-size":"auto","background-attachment":"scroll","background-type":"","background-media":"","overlay-type":"","overlay-color":"","overlay-opacity":"","overlay-gradient":""}},"ast-content-background-meta":{"desktop":{"background-color":"var(--ast-global-color-5)","background-image":"","background-repeat":"repeat","background-position":"center center","background-size":"auto","background-attachment":"scroll","background-type":"","background-media":"","overlay-type":"","overlay-color":"","overlay-opacity":"","overlay-gradient":""},"tablet":{"background-color":"var(--ast-global-color-5)","background-image":"","background-repeat":"repeat","background-position":"center center","background-size":"auto","background-attachment":"scroll","background-type":"","background-media":"","overlay-type":"","overlay-color":"","overlay-opacity":"","overlay-gradient":""},"mobile":{"background-color":"var(--ast-global-color-5)","background-image":"","background-repeat":"repeat","background-position":"center center","background-size":"auto","background-attachment":"scroll","background-type":"","background-media":"","overlay-type":"","overlay-color":"","overlay-opacity":"","overlay-gradient":""}}},"product_brand":[],"product_cat":[22],"product_tag":[],"class_list":{"0":"post-16799","1":"product","2":"type-product","3":"status-publish","4":"has-post-thumbnail","6":"product_cat-drillbits","7":"desktop-align-left","8":"tablet-align-left","9":"mobile-align-left","11":"first","12":"instock","13":"shipping-taxable","14":"product-type-simple"},"acf":[],"_links":{"self":[{"href":"https:\/\/www.tenyutool.com\/de\/wp-json\/wp\/v2\/product\/16799","targetHints":{"allow":["GET"]}}],"collection":[{"href":"https:\/\/www.tenyutool.com\/de\/wp-json\/wp\/v2\/product"}],"about":[{"href":"https:\/\/www.tenyutool.com\/de\/wp-json\/wp\/v2\/types\/product"}],"replies":[{"embeddable":true,"href":"https:\/\/www.tenyutool.com\/de\/wp-json\/wp\/v2\/comments?post=16799"}],"wp:featuredmedia":[{"embeddable":true,"href":"https:\/\/www.tenyutool.com\/de\/wp-json\/wp\/v2\/media\/16801"}],"wp:attachment":[{"href":"https:\/\/www.tenyutool.com\/de\/wp-json\/wp\/v2\/media?parent=16799"}],"wp:term":[{"taxonomy":"product_brand","embeddable":true,"href":"https:\/\/www.tenyutool.com\/de\/wp-json\/wp\/v2\/product_brand?post=16799"},{"taxonomy":"product_cat","embeddable":true,"href":"https:\/\/www.tenyutool.com\/de\/wp-json\/wp\/v2\/product_cat?post=16799"},{"taxonomy":"product_tag","embeddable":true,"href":"https:\/\/www.tenyutool.com\/de\/wp-json\/wp\/v2\/product_tag?post=16799"}],"curies":[{"name":"wp","href":"https:\/\/api.w.org\/{rel}","templated":true}]}}