{"id":16852,"date":"2022-12-31T02:19:19","date_gmt":"2022-12-31T02:19:19","guid":{"rendered":"https:\/\/www.tenyutool.com\/?post_type=product&#038;p=16852"},"modified":"2022-12-31T02:19:19","modified_gmt":"2022-12-31T02:19:19","slug":"hss-4241-rundschaft-unibit-doppelspiralnut-stufenkegelbohrer-set-zum-metallbohren","status":"publish","type":"product","link":"https:\/\/www.tenyutool.com\/de\/product\/hss-4241-round-shank-unibit-double-spiral-flute-step-tapered-drill-bit-set-for-metal-drilling\/","title":{"rendered":"HSS 4241 Rundschaft-Unibit-Doppelspiralnut-Stufenbohrer-Set zum Bohren von Metall"},"content":{"rendered":"<p>Feature:<\/p>\n<ul>\n<li>Geschmiedet aus hochwertigem titanbeschichtetem Schnellarbeitsstahl<\/li>\n<li data-spm-anchor-id=\"a2700.pc-decorate.0.i39.3d363333HF2ndj\">Geeignet zum Bohren von d\u00fcnnerem Edelstahl, Kohlenstoffstahl, Aluminium, Eisen und anderen Materialien<\/li>\n<li data-spm-anchor-id=\"a2700.pc-decorate.0.i39.3d363333HF2ndj\">Die Stufenbohrer-Sets haben eine deutliche Skalenmarkierung<\/li>\n<li data-spm-anchor-id=\"a2700.pc-decorate.0.i39.3d363333HF2ndj\">Universal-Rundschaft<\/li>\n<li data-spm-anchor-id=\"a2700.pc-decorate.0.i39.3d363333HF2ndj\">Stufenbohrer k\u00f6nnen L\u00f6cher mit unterschiedlichen Durchmessern bohren, was Ihnen viel \u00c4rger erspart<\/li>\n<\/ul>\n<figure id=\"attachment_16854\" aria-describedby=\"caption-attachment-16854\" style=\"width: 800px\" class=\"wp-caption alignnone\"><img fetchpriority=\"high\" decoding=\"async\" class=\"size-full wp-image-16854\" src=\"https:\/\/www.tenyutool.com\/wp-content\/uploads\/2022\/12\/H879ee38100d04866a0805fa65cc7981e5.jpg\" alt=\"hss 4241 Unibit-Rundschaft-Doppelspiralnut-Stufenbohrer-Set f\u00fcr Metallbohrungen\" width=\"800\" height=\"800\" srcset=\"https:\/\/www.tenyutool.com\/wp-content\/uploads\/2022\/12\/H879ee38100d04866a0805fa65cc7981e5.jpg 800w, https:\/\/www.tenyutool.com\/wp-content\/uploads\/2022\/12\/H879ee38100d04866a0805fa65cc7981e5-150x150.jpg 150w, https:\/\/www.tenyutool.com\/wp-content\/uploads\/2022\/12\/H879ee38100d04866a0805fa65cc7981e5-768x768.jpg 768w, https:\/\/www.tenyutool.com\/wp-content\/uploads\/2022\/12\/H879ee38100d04866a0805fa65cc7981e5-12x12.jpg 12w, https:\/\/www.tenyutool.com\/wp-content\/uploads\/2022\/12\/H879ee38100d04866a0805fa65cc7981e5-300x300.jpg 300w, https:\/\/www.tenyutool.com\/wp-content\/uploads\/2022\/12\/H879ee38100d04866a0805fa65cc7981e5-600x600.jpg 600w, https:\/\/www.tenyutool.com\/wp-content\/uploads\/2022\/12\/H879ee38100d04866a0805fa65cc7981e5-100x100.jpg 100w\" sizes=\"(max-width: 800px) 100vw, 800px\" \/><figcaption id=\"caption-attachment-16854\" class=\"wp-caption-text\">hss 4241 Unibit-Rundschaft-Doppelspiralnut-Stufenbohrer-Set f\u00fcr Metallbohrungen<\/figcaption><\/figure>\n<table width=\"794\">\n<tbody>\n<tr>\n<td colspan=\"6\" width=\"794\">Produktbeschreibung<\/td>\n<\/tr>\n<tr>\n<td colspan=\"6\">Mehr Auswahl f\u00fcr Sie: <a href=\"https:\/\/www.tenyutool.com\/de\/\">Heim<\/a> &gt; HSS-Bohrer &gt; Stufenbohrer<\/td>\n<\/tr>\n<tr>\n<td>Produktname<\/td>\n<td colspan=\"5\" width=\"572\">HSS 4241 Rundschaft-Unibit-Doppelspiralnut-Stufenbohrer-Set zum Bohren von Metall<\/td>\n<\/tr>\n<tr>\n<td>Gr\u00f6\u00dfe<\/td>\n<td colspan=\"5\" width=\"572\">\u00a04-12 mm, 4-20 mm, 4-32 mm<\/td>\n<\/tr>\n<tr>\n<td>Material<\/td>\n<td colspan=\"5\">HSS4241<\/td>\n<\/tr>\n<tr>\n<td>Fl\u00f6tentyp<\/td>\n<td colspan=\"5\" width=\"572\">\u00a0Spiralfl\u00f6te<\/td>\n<\/tr>\n<tr>\n<td>Fl\u00f6tennummer<\/td>\n<td colspan=\"5\">Doppelfl\u00f6te<\/td>\n<\/tr>\n<tr>\n<td>Schaft<\/td>\n<td colspan=\"5\" width=\"572\">\u00a0Rundschaft<\/td>\n<\/tr>\n<tr>\n<td>Paket<\/td>\n<td colspan=\"5\" width=\"572\">3 St\u00fcck in Metallbox<\/td>\n<\/tr>\n<\/tbody>\n<\/table>","protected":false},"excerpt":{"rendered":"<p>Feature: Forged from high-quality titanium coated high-speed steel Suitable for drilling thinner stainless steel, carbon steel, aluminum, iron, and other materials The step drill bit sets have a clear scale mark Universal round shank Step drill bits can drill different kinds of diameter holes, which greatly saves you a lot of trouble Product Description More [&hellip;]<\/p>\n","protected":false},"featured_media":16854,"comment_status":"closed","ping_status":"closed","template":"","meta":{"_acf_changed":false,"_seopress_robots_primary_cat":"","_seopress_titles_title":"Step Tapered Drill Bit Set | for Metal Drilling","_seopress_titles_desc":"","_seopress_robots_index":"","site-sidebar-layout":"default","site-content-layout":"default","ast-site-content-layout":"default","site-content-style":"default","site-sidebar-style":"default","ast-global-header-display":"","ast-banner-title-visibility":"","ast-main-header-display":"","ast-hfb-above-header-display":"","ast-hfb-below-header-display":"","ast-hfb-mobile-header-display":"","site-post-title":"","ast-breadcrumbs-content":"","ast-featured-img":"","footer-sml-layout":"","ast-disable-related-posts":"","theme-transparent-header-meta":"default","adv-header-id-meta":"","stick-header-meta":"","header-above-stick-meta":"","header-main-stick-meta":"","header-below-stick-meta":"","astra-migrate-meta-layouts":"default","ast-page-background-enabled":"default","ast-page-background-meta":{"desktop":{"background-color":"","background-image":"","background-repeat":"repeat","background-position":"center center","background-size":"auto","background-attachment":"scroll","background-type":"","background-media":"","overlay-type":"","overlay-color":"","overlay-opacity":"","overlay-gradient":""},"tablet":{"background-color":"","background-image":"","background-repeat":"repeat","background-position":"center center","background-size":"auto","background-attachment":"scroll","background-type":"","background-media":"","overlay-type":"","overlay-color":"","overlay-opacity":"","overlay-gradient":""},"mobile":{"background-color":"","background-image":"","background-repeat":"repeat","background-position":"center center","background-size":"auto","background-attachment":"scroll","background-type":"","background-media":"","overlay-type":"","overlay-color":"","overlay-opacity":"","overlay-gradient":""}},"ast-content-background-meta":{"desktop":{"background-color":"var(--ast-global-color-5)","background-image":"","background-repeat":"repeat","background-position":"center center","background-size":"auto","background-attachment":"scroll","background-type":"","background-media":"","overlay-type":"","overlay-color":"","overlay-opacity":"","overlay-gradient":""},"tablet":{"background-color":"var(--ast-global-color-5)","background-image":"","background-repeat":"repeat","background-position":"center center","background-size":"auto","background-attachment":"scroll","background-type":"","background-media":"","overlay-type":"","overlay-color":"","overlay-opacity":"","overlay-gradient":""},"mobile":{"background-color":"var(--ast-global-color-5)","background-image":"","background-repeat":"repeat","background-position":"center center","background-size":"auto","background-attachment":"scroll","background-type":"","background-media":"","overlay-type":"","overlay-color":"","overlay-opacity":"","overlay-gradient":""}}},"product_brand":[],"product_cat":[22],"product_tag":[],"class_list":{"0":"post-16852","1":"product","2":"type-product","3":"status-publish","4":"has-post-thumbnail","6":"product_cat-drillbits","7":"desktop-align-left","8":"tablet-align-left","9":"mobile-align-left","11":"first","12":"instock","13":"shipping-taxable","14":"product-type-simple"},"acf":[],"_links":{"self":[{"href":"https:\/\/www.tenyutool.com\/de\/wp-json\/wp\/v2\/product\/16852","targetHints":{"allow":["GET"]}}],"collection":[{"href":"https:\/\/www.tenyutool.com\/de\/wp-json\/wp\/v2\/product"}],"about":[{"href":"https:\/\/www.tenyutool.com\/de\/wp-json\/wp\/v2\/types\/product"}],"replies":[{"embeddable":true,"href":"https:\/\/www.tenyutool.com\/de\/wp-json\/wp\/v2\/comments?post=16852"}],"wp:featuredmedia":[{"embeddable":true,"href":"https:\/\/www.tenyutool.com\/de\/wp-json\/wp\/v2\/media\/16854"}],"wp:attachment":[{"href":"https:\/\/www.tenyutool.com\/de\/wp-json\/wp\/v2\/media?parent=16852"}],"wp:term":[{"taxonomy":"product_brand","embeddable":true,"href":"https:\/\/www.tenyutool.com\/de\/wp-json\/wp\/v2\/product_brand?post=16852"},{"taxonomy":"product_cat","embeddable":true,"href":"https:\/\/www.tenyutool.com\/de\/wp-json\/wp\/v2\/product_cat?post=16852"},{"taxonomy":"product_tag","embeddable":true,"href":"https:\/\/www.tenyutool.com\/de\/wp-json\/wp\/v2\/product_tag?post=16852"}],"curies":[{"name":"wp","href":"https:\/\/api.w.org\/{rel}","templated":true}]}}