{"id":16875,"date":"2023-01-09T02:36:10","date_gmt":"2023-01-09T02:36:10","guid":{"rendered":"https:\/\/www.tenyutool.com\/?post_type=product&#038;p=16875"},"modified":"2023-01-09T02:36:10","modified_gmt":"2023-01-09T02:36:10","slug":"4-teiliges-allzweck-power-clean-scheuerbursten-elektro-reinigungsbursten-kit-mit-verlangerung","status":"publish","type":"product","link":"https:\/\/www.tenyutool.com\/de\/product\/4-pcs-all-purpose-power-clean-scrubber-brush-electric-cleaning-brush-kit-with-extend\/","title":{"rendered":"4-teiliges Allzweck-Power-Clean-Schrubbb\u00fcrsten-Elektro-Reinigungsb\u00fcrsten-Set mit Verl\u00e4ngerung"},"content":{"rendered":"<p>Feature:<\/p>\n<ul>\n<li>Der B\u00fcrstenkopf des Steifheitsbohrers kann die hartn\u00e4ckige Reinigungsarbeit schneller erledigen und die Reinigung gr\u00fcndlicher machen.<\/li>\n<li data-spm-anchor-id=\"a2700.pc-decorate.0.i11.1e803333A6CFv9\">Alle B\u00fcrsten haben eine Viertelzoll-Schnellwechselschaltung, passend f\u00fcr die meisten Bohrer und Treiber.<\/li>\n<li data-spm-anchor-id=\"a2700.pc-decorate.0.i12.1e803333A6CFv9\">Verschiedene Gr\u00f6\u00dfen und Formen von B\u00fcrsten zur Reinigung rund um Ihre Badezimmeroberfl\u00e4chen.<\/li>\n<li data-spm-anchor-id=\"a2700.pc-decorate.0.i13.1e803333A6CFv9\">Nylonborsten mit mittlerer Steifigkeit zerkratzen nicht die Oberfl\u00e4chen Ihrer Badewannen- und Duschfliesen.<\/li>\n<li data-spm-anchor-id=\"a2700.pc-decorate.0.i14.1e803333A6CFv9\">Die Reinigung mit Bohrmaschinenb\u00fcrsten wird effizienter und erzielt sauberere Oberfl\u00e4chen als die manuelle Reinigung.<\/li>\n<\/ul>\n<figure id=\"attachment_16877\" aria-describedby=\"caption-attachment-16877\" style=\"width: 800px\" class=\"wp-caption alignnone\"><img fetchpriority=\"high\" decoding=\"async\" class=\"size-full wp-image-16877\" src=\"https:\/\/www.tenyutool.com\/wp-content\/uploads\/2023\/01\/Scrubber-Brush-Electric.jpg\" alt=\"4-teiliges Allzweck-Power-Clean-Scheuerb\u00fcrsten-Elektro-Reinigungsb\u00fcrsten-Kit mit Verl\u00e4ngerung\" width=\"800\" height=\"800\" srcset=\"https:\/\/www.tenyutool.com\/wp-content\/uploads\/2023\/01\/Scrubber-Brush-Electric.jpg 800w, https:\/\/www.tenyutool.com\/wp-content\/uploads\/2023\/01\/Scrubber-Brush-Electric-150x150.jpg 150w, https:\/\/www.tenyutool.com\/wp-content\/uploads\/2023\/01\/Scrubber-Brush-Electric-768x768.jpg 768w, https:\/\/www.tenyutool.com\/wp-content\/uploads\/2023\/01\/Scrubber-Brush-Electric-12x12.jpg 12w, https:\/\/www.tenyutool.com\/wp-content\/uploads\/2023\/01\/Scrubber-Brush-Electric-300x300.jpg 300w, https:\/\/www.tenyutool.com\/wp-content\/uploads\/2023\/01\/Scrubber-Brush-Electric-600x600.jpg 600w, https:\/\/www.tenyutool.com\/wp-content\/uploads\/2023\/01\/Scrubber-Brush-Electric-100x100.jpg 100w\" sizes=\"(max-width: 800px) 100vw, 800px\" \/><figcaption id=\"caption-attachment-16877\" class=\"wp-caption-text\">4-teiliges Allzweck-Power-Clean-Scheuerb\u00fcrsten-Elektro-Reinigungsb\u00fcrsten-Kit mit Verl\u00e4ngerung<\/figcaption><\/figure>\n<table width=\"794\">\n<tbody>\n<tr>\n<td colspan=\"6\" width=\"794\">Produktbeschreibung<\/td>\n<\/tr>\n<tr>\n<td colspan=\"6\">Mehr Auswahl f\u00fcr Sie: <a href=\"https:\/\/www.tenyutool.com\/de\/\">Heim<\/a> &gt; Reinigungsb\u00fcrste<\/td>\n<\/tr>\n<tr>\n<td>Produktname<\/td>\n<td colspan=\"5\">4-teiliges Allzweck-Power-Clean-Schrubbb\u00fcrsten-Elektro-Reinigungsb\u00fcrsten-Set mit Verl\u00e4ngerung<\/td>\n<\/tr>\n<tr>\n<td>Material<\/td>\n<td colspan=\"5\" width=\"572\">PP<\/td>\n<\/tr>\n<tr>\n<td>Anwendung<\/td>\n<td colspan=\"5\" width=\"572\">\u00a0f\u00fcr Reinigungsb\u00fcrste<\/td>\n<\/tr>\n<tr>\n<td>Farbe<\/td>\n<td colspan=\"5\" width=\"572\">\u00a0wei\u00df, gelb, gr\u00fcn, blau, rot, schwarz<\/td>\n<\/tr>\n<tr>\n<td>Paket<\/td>\n<td colspan=\"5\" width=\"572\">100 ST\u00dcCKE\/CTN Wird in einem Standardkarton geliefert<\/td>\n<\/tr>\n<\/tbody>\n<\/table>","protected":false},"excerpt":{"rendered":"<p>Feature: Stiffness drill brush head can get the stubborn cleaning job done faster and make cleaning more thoroughly. All brushes have quarter inch quick change shift to fits most drills and drivers. Different sizes and shapes of brushes for cleaning around your bathroom surfaces. Medium stiffness nylon bristles will not scratch your bathtub and shower [&hellip;]<\/p>\n","protected":false},"featured_media":16877,"comment_status":"closed","ping_status":"closed","template":"","meta":{"_acf_changed":false,"_seopress_robots_primary_cat":"","_seopress_titles_title":"All Purpose Power Clean Scrubber Brush Electric Cleaning | Brush Kit with Extend","_seopress_titles_desc":"","_seopress_robots_index":"","site-sidebar-layout":"default","site-content-layout":"default","ast-site-content-layout":"default","site-content-style":"default","site-sidebar-style":"default","ast-global-header-display":"","ast-banner-title-visibility":"","ast-main-header-display":"","ast-hfb-above-header-display":"","ast-hfb-below-header-display":"","ast-hfb-mobile-header-display":"","site-post-title":"","ast-breadcrumbs-content":"","ast-featured-img":"","footer-sml-layout":"","ast-disable-related-posts":"","theme-transparent-header-meta":"default","adv-header-id-meta":"","stick-header-meta":"","header-above-stick-meta":"","header-main-stick-meta":"","header-below-stick-meta":"","astra-migrate-meta-layouts":"default","ast-page-background-enabled":"default","ast-page-background-meta":{"desktop":{"background-color":"","background-image":"","background-repeat":"repeat","background-position":"center center","background-size":"auto","background-attachment":"scroll","background-type":"","background-media":"","overlay-type":"","overlay-color":"","overlay-opacity":"","overlay-gradient":""},"tablet":{"background-color":"","background-image":"","background-repeat":"repeat","background-position":"center center","background-size":"auto","background-attachment":"scroll","background-type":"","background-media":"","overlay-type":"","overlay-color":"","overlay-opacity":"","overlay-gradient":""},"mobile":{"background-color":"","background-image":"","background-repeat":"repeat","background-position":"center center","background-size":"auto","background-attachment":"scroll","background-type":"","background-media":"","overlay-type":"","overlay-color":"","overlay-opacity":"","overlay-gradient":""}},"ast-content-background-meta":{"desktop":{"background-color":"var(--ast-global-color-5)","background-image":"","background-repeat":"repeat","background-position":"center center","background-size":"auto","background-attachment":"scroll","background-type":"","background-media":"","overlay-type":"","overlay-color":"","overlay-opacity":"","overlay-gradient":""},"tablet":{"background-color":"var(--ast-global-color-5)","background-image":"","background-repeat":"repeat","background-position":"center center","background-size":"auto","background-attachment":"scroll","background-type":"","background-media":"","overlay-type":"","overlay-color":"","overlay-opacity":"","overlay-gradient":""},"mobile":{"background-color":"var(--ast-global-color-5)","background-image":"","background-repeat":"repeat","background-position":"center center","background-size":"auto","background-attachment":"scroll","background-type":"","background-media":"","overlay-type":"","overlay-color":"","overlay-opacity":"","overlay-gradient":""}}},"product_brand":[],"product_cat":[36],"product_tag":[],"class_list":{"0":"post-16875","1":"product","2":"type-product","3":"status-publish","4":"has-post-thumbnail","6":"product_cat-new-tools","7":"desktop-align-left","8":"tablet-align-left","9":"mobile-align-left","11":"first","12":"instock","13":"shipping-taxable","14":"product-type-simple"},"acf":[],"_links":{"self":[{"href":"https:\/\/www.tenyutool.com\/de\/wp-json\/wp\/v2\/product\/16875","targetHints":{"allow":["GET"]}}],"collection":[{"href":"https:\/\/www.tenyutool.com\/de\/wp-json\/wp\/v2\/product"}],"about":[{"href":"https:\/\/www.tenyutool.com\/de\/wp-json\/wp\/v2\/types\/product"}],"replies":[{"embeddable":true,"href":"https:\/\/www.tenyutool.com\/de\/wp-json\/wp\/v2\/comments?post=16875"}],"wp:featuredmedia":[{"embeddable":true,"href":"https:\/\/www.tenyutool.com\/de\/wp-json\/wp\/v2\/media\/16877"}],"wp:attachment":[{"href":"https:\/\/www.tenyutool.com\/de\/wp-json\/wp\/v2\/media?parent=16875"}],"wp:term":[{"taxonomy":"product_brand","embeddable":true,"href":"https:\/\/www.tenyutool.com\/de\/wp-json\/wp\/v2\/product_brand?post=16875"},{"taxonomy":"product_cat","embeddable":true,"href":"https:\/\/www.tenyutool.com\/de\/wp-json\/wp\/v2\/product_cat?post=16875"},{"taxonomy":"product_tag","embeddable":true,"href":"https:\/\/www.tenyutool.com\/de\/wp-json\/wp\/v2\/product_tag?post=16875"}],"curies":[{"name":"wp","href":"https:\/\/api.w.org\/{rel}","templated":true}]}}