{"id":16888,"date":"2023-01-15T05:32:06","date_gmt":"2023-01-15T05:32:06","guid":{"rendered":"https:\/\/www.tenyutool.com\/?post_type=product&#038;p=16888"},"modified":"2023-01-15T05:32:08","modified_gmt":"2023-01-15T05:32:08","slug":"9-in-multifunktionaler-magischer-bugelsage-diy-handbogensagen-holz-stein-arbeitshaushalt-bugelsage","status":"publish","type":"product","link":"https:\/\/www.tenyutool.com\/de\/product\/9-in-multifunctional-magic-hacksaw-diy-hand-bow-saws-wood-stone-working-household-hacksaw-tool\/","title":{"rendered":"9 in multifunktionaler magischer B\u00fcgels\u00e4ge DIY Handbogens\u00e4gen Holzsteinbearbeitung Haushalt B\u00fcgels\u00e4ge Werkzeug"},"content":{"rendered":"<p>Besonderheit:<\/p>\n<ul>\n<li>Um 90 Grad und 180 Grad einstellbare Klingenwinkel erm\u00f6glichen b\u00fcndige Schnitte.<\/li>\n<li data-spm-anchor-id=\"a2700.pc-decorate.0.i9.38a03333iO67vv\">Gro\u00dfer, komfortabler Spannknopf mit Vollgriff.<\/li>\n<li data-spm-anchor-id=\"a2700.pc-decorate.0.i10.38a03333iO67vv\">BREITE VERWENDUNG \u2013 Perfekt f\u00fcr MEHRWINKEL-S\u00e4gen.<\/li>\n<li data-spm-anchor-id=\"a2700.pc-decorate.0.i11.38a03333iO67vv\">Das Multis\u00e4gen-Set ist leicht, kompakt und einfach zu transportieren.<\/li>\n<li data-spm-anchor-id=\"a2700.pc-decorate.0.i13.38a03333iO67vv\">Die B\u00fcgels\u00e4ge aus hochwertigem Material, langlebig und solide.\n<p><figure id=\"attachment_16890\" aria-describedby=\"caption-attachment-16890\" style=\"width: 800px\" class=\"wp-caption alignnone\"><img fetchpriority=\"high\" decoding=\"async\" class=\"size-full wp-image-16890\" src=\"https:\/\/www.tenyutool.com\/wp-content\/uploads\/2023\/01\/\u5fae\u4fe1\u56fe\u7247_20230115132435.jpg\" alt=\"9 in multifunktionaler magischer B\u00fcgels\u00e4ge, DIY-Handbogens\u00e4gen, Holz, Stein, Arbeitshaushalt, B\u00fcgels\u00e4ge\" width=\"800\" height=\"800\" srcset=\"https:\/\/www.tenyutool.com\/wp-content\/uploads\/2023\/01\/\u5fae\u4fe1\u56fe\u7247_20230115132435.jpg 800w, https:\/\/www.tenyutool.com\/wp-content\/uploads\/2023\/01\/\u5fae\u4fe1\u56fe\u7247_20230115132435-150x150.jpg 150w, https:\/\/www.tenyutool.com\/wp-content\/uploads\/2023\/01\/\u5fae\u4fe1\u56fe\u7247_20230115132435-768x768.jpg 768w, https:\/\/www.tenyutool.com\/wp-content\/uploads\/2023\/01\/\u5fae\u4fe1\u56fe\u7247_20230115132435-12x12.jpg 12w, https:\/\/www.tenyutool.com\/wp-content\/uploads\/2023\/01\/\u5fae\u4fe1\u56fe\u7247_20230115132435-300x300.jpg 300w, https:\/\/www.tenyutool.com\/wp-content\/uploads\/2023\/01\/\u5fae\u4fe1\u56fe\u7247_20230115132435-600x600.jpg 600w, https:\/\/www.tenyutool.com\/wp-content\/uploads\/2023\/01\/\u5fae\u4fe1\u56fe\u7247_20230115132435-100x100.jpg 100w\" sizes=\"(max-width: 800px) 100vw, 800px\" \/><figcaption id=\"caption-attachment-16890\" class=\"wp-caption-text\">9 in multifunktionaler magischer B\u00fcgels\u00e4ge, DIY-Handbogens\u00e4gen, Holz, Stein, Arbeitshaushalt, B\u00fcgels\u00e4ge<\/figcaption><\/figure><\/li>\n<\/ul>\n<table width=\"794\">\n<tbody>\n<tr>\n<td colspan=\"6\" width=\"794\">Produktbeschreibung<\/td>\n<\/tr>\n<tr>\n<td colspan=\"6\">Mehr Auswahl f\u00fcr Sie: <a href=\"https:\/\/www.tenyutool.com\/de\/\">Heim<\/a> &gt; Produkte &gt; Neue Werkzeuge<\/td>\n<\/tr>\n<tr>\n<td>Produktname<\/td>\n<td colspan=\"5\" width=\"572\">9 in multifunktionaler magischer B\u00fcgels\u00e4ge DIY Handbogens\u00e4gen Holzsteinbearbeitung Haushalt B\u00fcgels\u00e4ge Werkzeug<\/td>\n<\/tr>\n<tr>\n<td>Material<\/td>\n<td colspan=\"5\" width=\"572\">Stahl<\/td>\n<\/tr>\n<tr>\n<td>Klingentyp<\/td>\n<td colspan=\"5\" width=\"572\">\u00a0Einziehbare Klinge<\/td>\n<\/tr>\n<tr>\n<td>Anwendung<\/td>\n<td colspan=\"5\" width=\"572\">Holz, Trockenbau, Deckenplatte, Metall, PVC, Kunststoff, Glas<\/td>\n<\/tr>\n<tr>\n<td>Gewicht<\/td>\n<td colspan=\"5\">0,35 kg<\/td>\n<\/tr>\n<\/tbody>\n<\/table>","protected":false},"excerpt":{"rendered":"<p>Feature\uff1a 90-Degree and 180-Degree Adjustable Blade Angles Allowing Flush Cuts. Large, Comfortable Tension Knob with a Full-grip Handle. WIDE USE &#8211; Perfect for MULTI-ANGLE Sawing. The Multi Saw Set is Lightweight, Compact and Easy to Carry. The Hacksaw Made from High Quality Material, Durable and Solid. Product Description More Choice For You: Home &gt; Products [&hellip;]<\/p>\n","protected":false},"featured_media":16890,"comment_status":"closed","ping_status":"closed","template":"","meta":{"_acf_changed":false,"_seopress_robots_primary_cat":"","_seopress_titles_title":"9 In Multifunctional Magic Hacksaw |  Working Household Hacksaw Tool","_seopress_titles_desc":"","_seopress_robots_index":"","site-sidebar-layout":"default","site-content-layout":"default","ast-site-content-layout":"default","site-content-style":"default","site-sidebar-style":"default","ast-global-header-display":"","ast-banner-title-visibility":"","ast-main-header-display":"","ast-hfb-above-header-display":"","ast-hfb-below-header-display":"","ast-hfb-mobile-header-display":"","site-post-title":"","ast-breadcrumbs-content":"","ast-featured-img":"","footer-sml-layout":"","ast-disable-related-posts":"","theme-transparent-header-meta":"default","adv-header-id-meta":"","stick-header-meta":"","header-above-stick-meta":"","header-main-stick-meta":"","header-below-stick-meta":"","astra-migrate-meta-layouts":"default","ast-page-background-enabled":"default","ast-page-background-meta":{"desktop":{"background-color":"","background-image":"","background-repeat":"repeat","background-position":"center center","background-size":"auto","background-attachment":"scroll","background-type":"","background-media":"","overlay-type":"","overlay-color":"","overlay-opacity":"","overlay-gradient":""},"tablet":{"background-color":"","background-image":"","background-repeat":"repeat","background-position":"center center","background-size":"auto","background-attachment":"scroll","background-type":"","background-media":"","overlay-type":"","overlay-color":"","overlay-opacity":"","overlay-gradient":""},"mobile":{"background-color":"","background-image":"","background-repeat":"repeat","background-position":"center center","background-size":"auto","background-attachment":"scroll","background-type":"","background-media":"","overlay-type":"","overlay-color":"","overlay-opacity":"","overlay-gradient":""}},"ast-content-background-meta":{"desktop":{"background-color":"var(--ast-global-color-5)","background-image":"","background-repeat":"repeat","background-position":"center center","background-size":"auto","background-attachment":"scroll","background-type":"","background-media":"","overlay-type":"","overlay-color":"","overlay-opacity":"","overlay-gradient":""},"tablet":{"background-color":"var(--ast-global-color-5)","background-image":"","background-repeat":"repeat","background-position":"center center","background-size":"auto","background-attachment":"scroll","background-type":"","background-media":"","overlay-type":"","overlay-color":"","overlay-opacity":"","overlay-gradient":""},"mobile":{"background-color":"var(--ast-global-color-5)","background-image":"","background-repeat":"repeat","background-position":"center center","background-size":"auto","background-attachment":"scroll","background-type":"","background-media":"","overlay-type":"","overlay-color":"","overlay-opacity":"","overlay-gradient":""}}},"product_brand":[],"product_cat":[36],"product_tag":[],"class_list":{"0":"post-16888","1":"product","2":"type-product","3":"status-publish","4":"has-post-thumbnail","6":"product_cat-new-tools","7":"desktop-align-left","8":"tablet-align-left","9":"mobile-align-left","11":"first","12":"instock","13":"shipping-taxable","14":"product-type-simple"},"acf":[],"_links":{"self":[{"href":"https:\/\/www.tenyutool.com\/de\/wp-json\/wp\/v2\/product\/16888","targetHints":{"allow":["GET"]}}],"collection":[{"href":"https:\/\/www.tenyutool.com\/de\/wp-json\/wp\/v2\/product"}],"about":[{"href":"https:\/\/www.tenyutool.com\/de\/wp-json\/wp\/v2\/types\/product"}],"replies":[{"embeddable":true,"href":"https:\/\/www.tenyutool.com\/de\/wp-json\/wp\/v2\/comments?post=16888"}],"wp:featuredmedia":[{"embeddable":true,"href":"https:\/\/www.tenyutool.com\/de\/wp-json\/wp\/v2\/media\/16890"}],"wp:attachment":[{"href":"https:\/\/www.tenyutool.com\/de\/wp-json\/wp\/v2\/media?parent=16888"}],"wp:term":[{"taxonomy":"product_brand","embeddable":true,"href":"https:\/\/www.tenyutool.com\/de\/wp-json\/wp\/v2\/product_brand?post=16888"},{"taxonomy":"product_cat","embeddable":true,"href":"https:\/\/www.tenyutool.com\/de\/wp-json\/wp\/v2\/product_cat?post=16888"},{"taxonomy":"product_tag","embeddable":true,"href":"https:\/\/www.tenyutool.com\/de\/wp-json\/wp\/v2\/product_tag?post=16888"}],"curies":[{"name":"wp","href":"https:\/\/api.w.org\/{rel}","templated":true}]}}