{"id":16906,"date":"2023-01-31T08:27:14","date_gmt":"2023-01-31T08:27:14","guid":{"rendered":"https:\/\/www.tenyutool.com\/?post_type=product&#038;p=16906"},"modified":"2023-01-31T08:41:48","modified_gmt":"2023-01-31T08:41:48","slug":"4-wege-klapplaschen-kreuzschlussel","status":"publish","type":"product","link":"https:\/\/www.tenyutool.com\/de\/product\/4-way-folding-lug-cross-wrench\/","title":{"rendered":"4-Wege-Klapprad-Kreuzschl\u00fcssel 14-Zoll-SAE-Metrik-Klappradschl\u00fcssel f\u00fcr Auto"},"content":{"rendered":"<p>Feature:<\/p>\n<ul>\n<li>Aus verchromtem, geh\u00e4rtetem, gesenkgeschmiedetem Kohlenstoffstahl.<\/li>\n<li data-spm-anchor-id=\"a2700.pc-decorate.0.i8.15bd3333J1vz4L\">Glatte und silbern polierte Oberfl\u00e4che, verformt sich nicht leicht.<\/li>\n<li data-spm-anchor-id=\"a2700.pc-decorate.0.i5.15bd3333J1vz4L\">Anzug im Kofferraum, R\u00fccksitz, Werkzeugtaschen, Garage f\u00fcr einfachen Zugang.<\/li>\n<li data-spm-anchor-id=\"a2700.pc-decorate.0.i4.15bd3333J1vz4L\">Einfach zu entfernen und festzuziehen, spart Zeit und M\u00fche.<\/li>\n<li data-spm-anchor-id=\"a2700.pc-decorate.0.i9.15bd3333J1vz4L\">Der 4-Wege-Radschl\u00fcssel ist ein praktisches Werkzeug, das f\u00fcr fast 98% aller Fahrzeugreifenschrauben geeignet ist.\n<figure id=\"attachment_16908\" aria-describedby=\"caption-attachment-16908\" style=\"width: 800px\" class=\"wp-caption alignnone\"><img fetchpriority=\"high\" decoding=\"async\" class=\"size-full wp-image-16908\" src=\"https:\/\/www.tenyutool.com\/wp-content\/uploads\/2023\/01\/4-Way-Folding-Lug-Cross-Wrench-.jpg\" alt=\"4-Wege-Klapprad-Kreuzschl\u00fcssel 14-Zoll-Sae-Metrik-Klappradschl\u00fcssel f\u00fcr Auto\" width=\"800\" height=\"800\" srcset=\"https:\/\/www.tenyutool.com\/wp-content\/uploads\/2023\/01\/4-Way-Folding-Lug-Cross-Wrench-.jpg 800w, https:\/\/www.tenyutool.com\/wp-content\/uploads\/2023\/01\/4-Way-Folding-Lug-Cross-Wrench--150x150.jpg 150w, https:\/\/www.tenyutool.com\/wp-content\/uploads\/2023\/01\/4-Way-Folding-Lug-Cross-Wrench--768x768.jpg 768w, https:\/\/www.tenyutool.com\/wp-content\/uploads\/2023\/01\/4-Way-Folding-Lug-Cross-Wrench--12x12.jpg 12w, https:\/\/www.tenyutool.com\/wp-content\/uploads\/2023\/01\/4-Way-Folding-Lug-Cross-Wrench--300x300.jpg 300w, https:\/\/www.tenyutool.com\/wp-content\/uploads\/2023\/01\/4-Way-Folding-Lug-Cross-Wrench--600x600.jpg 600w, https:\/\/www.tenyutool.com\/wp-content\/uploads\/2023\/01\/4-Way-Folding-Lug-Cross-Wrench--100x100.jpg 100w\" sizes=\"(max-width: 800px) 100vw, 800px\" \/><figcaption id=\"caption-attachment-16908\" class=\"wp-caption-text\">4-Wege-Klapprad-Kreuzschl\u00fcssel 14-Zoll-Sae-Metrik-Klappradschl\u00fcssel f\u00fcr Auto<\/figcaption><\/figure>\n<table width=\"816\">\n<tbody>\n<tr>\n<td colspan=\"6\" width=\"816\">Produktbeschreibung<\/td>\n<\/tr>\n<tr>\n<td colspan=\"6\" width=\"816\">Mehr Auswahl f\u00fcr Sie:\u00a0 <a href=\"https:\/\/www.tenyutool.com\/de\/\">Heim<\/a> &gt; Produkt &gt; Neue Tools<\/td>\n<\/tr>\n<tr>\n<td>Produktname<\/td>\n<td colspan=\"5\" width=\"594\">4-Wege-Klapprad-Kreuzschl\u00fcssel 14-Zoll-SAE-Metrik-Klappradschl\u00fcssel f\u00fcr Auto<\/td>\n<\/tr>\n<tr>\n<td>Material<\/td>\n<td colspan=\"5\" width=\"594\">Legierter Stahl<\/td>\n<\/tr>\n<tr>\n<td>Farbe<\/td>\n<td colspan=\"5\">Chrom<\/td>\n<\/tr>\n<tr>\n<td>Gr\u00f6\u00dfe<\/td>\n<td colspan=\"5\" width=\"594\">14 Zoll<\/td>\n<\/tr>\n<tr>\n<td>Verwendungszweck<\/td>\n<td colspan=\"5\" width=\"594\">\u00a0Einfaches Entfernen und Festziehen der Schraube<\/td>\n<\/tr>\n<\/tbody>\n<\/table>\n<\/li>\n<\/ul>","protected":false},"excerpt":{"rendered":"<p>Feature: Made of chrome plated hardened drop forged high-carbon steel. Smooth and silver polished surface,won&#8217;t easily deformed. Suit in trunk,rear seat,tool bags,garage for easy access. Easy to remove and tighten,saving your time and effort. 4 way lug wrench is a practical tool to suit for almost 98% of all vehicle tire screws. Product Description More [&hellip;]<\/p>\n","protected":false},"featured_media":16908,"comment_status":"closed","ping_status":"closed","template":"","meta":{"_acf_changed":false,"_seopress_robots_primary_cat":"none","_seopress_titles_title":"4-Way Folding Lug Cross Wrench | for Car","_seopress_titles_desc":"","_seopress_robots_index":"","site-sidebar-layout":"default","site-content-layout":"default","ast-site-content-layout":"default","site-content-style":"default","site-sidebar-style":"default","ast-global-header-display":"","ast-banner-title-visibility":"","ast-main-header-display":"","ast-hfb-above-header-display":"","ast-hfb-below-header-display":"","ast-hfb-mobile-header-display":"","site-post-title":"","ast-breadcrumbs-content":"","ast-featured-img":"","footer-sml-layout":"","ast-disable-related-posts":"","theme-transparent-header-meta":"default","adv-header-id-meta":"","stick-header-meta":"","header-above-stick-meta":"","header-main-stick-meta":"","header-below-stick-meta":"","astra-migrate-meta-layouts":"default","ast-page-background-enabled":"default","ast-page-background-meta":{"desktop":{"background-color":"","background-image":"","background-repeat":"repeat","background-position":"center center","background-size":"auto","background-attachment":"scroll","background-type":"","background-media":"","overlay-type":"","overlay-color":"","overlay-opacity":"","overlay-gradient":""},"tablet":{"background-color":"","background-image":"","background-repeat":"repeat","background-position":"center center","background-size":"auto","background-attachment":"scroll","background-type":"","background-media":"","overlay-type":"","overlay-color":"","overlay-opacity":"","overlay-gradient":""},"mobile":{"background-color":"","background-image":"","background-repeat":"repeat","background-position":"center center","background-size":"auto","background-attachment":"scroll","background-type":"","background-media":"","overlay-type":"","overlay-color":"","overlay-opacity":"","overlay-gradient":""}},"ast-content-background-meta":{"desktop":{"background-color":"var(--ast-global-color-5)","background-image":"","background-repeat":"repeat","background-position":"center center","background-size":"auto","background-attachment":"scroll","background-type":"","background-media":"","overlay-type":"","overlay-color":"","overlay-opacity":"","overlay-gradient":""},"tablet":{"background-color":"var(--ast-global-color-5)","background-image":"","background-repeat":"repeat","background-position":"center center","background-size":"auto","background-attachment":"scroll","background-type":"","background-media":"","overlay-type":"","overlay-color":"","overlay-opacity":"","overlay-gradient":""},"mobile":{"background-color":"var(--ast-global-color-5)","background-image":"","background-repeat":"repeat","background-position":"center center","background-size":"auto","background-attachment":"scroll","background-type":"","background-media":"","overlay-type":"","overlay-color":"","overlay-opacity":"","overlay-gradient":""}}},"product_brand":[],"product_cat":[36],"product_tag":[],"class_list":{"0":"post-16906","1":"product","2":"type-product","3":"status-publish","4":"has-post-thumbnail","6":"product_cat-new-tools","7":"desktop-align-left","8":"tablet-align-left","9":"mobile-align-left","11":"first","12":"instock","13":"shipping-taxable","14":"product-type-simple"},"acf":[],"_links":{"self":[{"href":"https:\/\/www.tenyutool.com\/de\/wp-json\/wp\/v2\/product\/16906","targetHints":{"allow":["GET"]}}],"collection":[{"href":"https:\/\/www.tenyutool.com\/de\/wp-json\/wp\/v2\/product"}],"about":[{"href":"https:\/\/www.tenyutool.com\/de\/wp-json\/wp\/v2\/types\/product"}],"replies":[{"embeddable":true,"href":"https:\/\/www.tenyutool.com\/de\/wp-json\/wp\/v2\/comments?post=16906"}],"wp:featuredmedia":[{"embeddable":true,"href":"https:\/\/www.tenyutool.com\/de\/wp-json\/wp\/v2\/media\/16908"}],"wp:attachment":[{"href":"https:\/\/www.tenyutool.com\/de\/wp-json\/wp\/v2\/media?parent=16906"}],"wp:term":[{"taxonomy":"product_brand","embeddable":true,"href":"https:\/\/www.tenyutool.com\/de\/wp-json\/wp\/v2\/product_brand?post=16906"},{"taxonomy":"product_cat","embeddable":true,"href":"https:\/\/www.tenyutool.com\/de\/wp-json\/wp\/v2\/product_cat?post=16906"},{"taxonomy":"product_tag","embeddable":true,"href":"https:\/\/www.tenyutool.com\/de\/wp-json\/wp\/v2\/product_tag?post=16906"}],"curies":[{"name":"wp","href":"https:\/\/api.w.org\/{rel}","templated":true}]}}