{"id":16912,"date":"2023-01-31T09:06:51","date_gmt":"2023-01-31T09:06:51","guid":{"rendered":"https:\/\/www.tenyutool.com\/?post_type=product&#038;p=16912"},"modified":"2023-01-31T09:06:53","modified_gmt":"2023-01-31T09:06:53","slug":"senkschlussel-satz","status":"publish","type":"product","link":"https:\/\/www.tenyutool.com\/de\/product\/sink-wrench-set\/","title":{"rendered":"Universelle gro\u00dfe \u00d6ffnung, verstellbarer Wasserrohrschl\u00fcssel, spezielles Reparaturwerkzeug f\u00fcr Badezimmer"},"content":{"rendered":"<p>Besonderheit:<\/p>\n<ul>\n<li>Abgerundete Zahnstruktur mit Eckzahn-Design, geeignet f\u00fcr die Demontage von Sp\u00fclbeckenarmaturen, mit umlaufenden Z\u00e4hnen, die nicht verrutschen.<\/li>\n<li>Der verstellbare Schraubenschl\u00fcssel wird mit 3 Ersatzk\u00f6pfen geliefert, wodurch er f\u00fcr die spezielle Form der Sp\u00fcle und der Rohrverschraubungen geeignet ist.<\/li>\n<li data-spm-anchor-id=\"a2700.pc-decorate.0.i7.77ad3333S3GxO3\">Der Schraubenschl\u00fcssel aus einer Aluminiumlegierung zeichnet sich durch hohe Z\u00e4higkeit, Schlagfestigkeit und Haltbarkeit aus.<\/li>\n<li data-spm-anchor-id=\"a2700.pc-decorate.0.i8.77ad3333S3GxO3\">\u00a0Der Griff ist kurz, ergonomisch, nicht leicht zu brechen und bequem in kleinen R\u00e4umen zu verwenden.<\/li>\n<li data-spm-anchor-id=\"a2700.pc-decorate.0.i9.77ad3333S3GxO3\">H\u00f6here Pr\u00e4zision, h\u00f6here Flexibilit\u00e4t und h\u00f6here Effizienz.<\/li>\n<\/ul>\n<figure id=\"attachment_16916\" aria-describedby=\"caption-attachment-16916\" style=\"width: 800px\" class=\"wp-caption alignnone\"><img fetchpriority=\"high\" decoding=\"async\" class=\"size-full wp-image-16916\" src=\"https:\/\/www.tenyutool.com\/wp-content\/uploads\/2023\/01\/sink-wrench-set.jpg\" alt=\"Universelle gro\u00dfe \u00d6ffnung verstellbarer Wasserrohrschl\u00fcssel f\u00fcr Zuhause, spezielles Reparaturwerkzeug f\u00fcr Badezimmerschl\u00fcssel\" width=\"800\" height=\"800\" srcset=\"https:\/\/www.tenyutool.com\/wp-content\/uploads\/2023\/01\/sink-wrench-set.jpg 800w, https:\/\/www.tenyutool.com\/wp-content\/uploads\/2023\/01\/sink-wrench-set-150x150.jpg 150w, https:\/\/www.tenyutool.com\/wp-content\/uploads\/2023\/01\/sink-wrench-set-768x768.jpg 768w, https:\/\/www.tenyutool.com\/wp-content\/uploads\/2023\/01\/sink-wrench-set-12x12.jpg 12w, https:\/\/www.tenyutool.com\/wp-content\/uploads\/2023\/01\/sink-wrench-set-300x300.jpg 300w, https:\/\/www.tenyutool.com\/wp-content\/uploads\/2023\/01\/sink-wrench-set-600x600.jpg 600w, https:\/\/www.tenyutool.com\/wp-content\/uploads\/2023\/01\/sink-wrench-set-100x100.jpg 100w\" sizes=\"(max-width: 800px) 100vw, 800px\" \/><figcaption id=\"caption-attachment-16916\" class=\"wp-caption-text\">Universelle gro\u00dfe \u00d6ffnung verstellbarer Wasserrohrschl\u00fcssel f\u00fcr Zuhause, spezielles Reparaturwerkzeug f\u00fcr Badezimmerschl\u00fcssel<\/figcaption><\/figure>\n<table width=\"816\">\n<tbody>\n<tr>\n<td colspan=\"6\" width=\"816\">Produktbeschreibung<\/td>\n<\/tr>\n<tr>\n<td colspan=\"6\" width=\"816\">Mehr Auswahl f\u00fcr Sie:\u00a0 <a href=\"https:\/\/www.tenyutool.com\/de\/\">Heim<\/a> &gt; Produkt &gt; Neue Tools<\/td>\n<\/tr>\n<tr>\n<td>Produktname<\/td>\n<td colspan=\"5\" width=\"594\">Universelle gro\u00dfe \u00d6ffnung, verstellbarer Wasserrohrschl\u00fcssel, spezielles Reparaturwerkzeug f\u00fcr Badezimmer<\/td>\n<\/tr>\n<tr>\n<td>Material<\/td>\n<td colspan=\"5\" width=\"594\">Legierung<\/td>\n<\/tr>\n<tr>\n<td>Anwendung<\/td>\n<td colspan=\"5\" width=\"594\">\u00a0Startseite Spezielles Reparaturwerkzeug f\u00fcr Badezimmerschl\u00fcssel<\/td>\n<\/tr>\n<tr>\n<td>Gewicht<\/td>\n<td colspan=\"5\" width=\"594\">226g<\/td>\n<\/tr>\n<tr>\n<td>Paket<\/td>\n<td colspan=\"5\" width=\"594\">Kunststoff-Box<\/td>\n<\/tr>\n<\/tbody>\n<\/table>\n<p>&nbsp;<\/p>\n<p>&nbsp;<\/p>","protected":false},"excerpt":{"rendered":"<p>Feature\uff1a Rounded tooth structure with canine teeth design, suitable for the disassembly of sink fittings, with teeth around the perimeter do not slip. The Adjustable Spanner Wrench comes with 3 replacement heads, making it suitable for the special shape of the sink and the pipe fittings. The wrench made of aluminum alloy, it is with [&hellip;]<\/p>\n","protected":false},"featured_media":16916,"comment_status":"closed","ping_status":"closed","template":"","meta":{"_acf_changed":false,"_seopress_robots_primary_cat":"","_seopress_titles_title":"Universal Large Opening Adjustable Water Pipe Wrench | Wrench Repair Tool","_seopress_titles_desc":"","_seopress_robots_index":"","site-sidebar-layout":"default","site-content-layout":"default","ast-site-content-layout":"default","site-content-style":"default","site-sidebar-style":"default","ast-global-header-display":"","ast-banner-title-visibility":"","ast-main-header-display":"","ast-hfb-above-header-display":"","ast-hfb-below-header-display":"","ast-hfb-mobile-header-display":"","site-post-title":"","ast-breadcrumbs-content":"","ast-featured-img":"","footer-sml-layout":"","ast-disable-related-posts":"","theme-transparent-header-meta":"default","adv-header-id-meta":"","stick-header-meta":"","header-above-stick-meta":"","header-main-stick-meta":"","header-below-stick-meta":"","astra-migrate-meta-layouts":"default","ast-page-background-enabled":"default","ast-page-background-meta":{"desktop":{"background-color":"","background-image":"","background-repeat":"repeat","background-position":"center center","background-size":"auto","background-attachment":"scroll","background-type":"","background-media":"","overlay-type":"","overlay-color":"","overlay-opacity":"","overlay-gradient":""},"tablet":{"background-color":"","background-image":"","background-repeat":"repeat","background-position":"center center","background-size":"auto","background-attachment":"scroll","background-type":"","background-media":"","overlay-type":"","overlay-color":"","overlay-opacity":"","overlay-gradient":""},"mobile":{"background-color":"","background-image":"","background-repeat":"repeat","background-position":"center center","background-size":"auto","background-attachment":"scroll","background-type":"","background-media":"","overlay-type":"","overlay-color":"","overlay-opacity":"","overlay-gradient":""}},"ast-content-background-meta":{"desktop":{"background-color":"var(--ast-global-color-5)","background-image":"","background-repeat":"repeat","background-position":"center center","background-size":"auto","background-attachment":"scroll","background-type":"","background-media":"","overlay-type":"","overlay-color":"","overlay-opacity":"","overlay-gradient":""},"tablet":{"background-color":"var(--ast-global-color-5)","background-image":"","background-repeat":"repeat","background-position":"center center","background-size":"auto","background-attachment":"scroll","background-type":"","background-media":"","overlay-type":"","overlay-color":"","overlay-opacity":"","overlay-gradient":""},"mobile":{"background-color":"var(--ast-global-color-5)","background-image":"","background-repeat":"repeat","background-position":"center center","background-size":"auto","background-attachment":"scroll","background-type":"","background-media":"","overlay-type":"","overlay-color":"","overlay-opacity":"","overlay-gradient":""}}},"product_brand":[],"product_cat":[36],"product_tag":[],"class_list":{"0":"post-16912","1":"product","2":"type-product","3":"status-publish","4":"has-post-thumbnail","6":"product_cat-new-tools","7":"desktop-align-left","8":"tablet-align-left","9":"mobile-align-left","11":"first","12":"instock","13":"shipping-taxable","14":"product-type-simple"},"acf":[],"_links":{"self":[{"href":"https:\/\/www.tenyutool.com\/de\/wp-json\/wp\/v2\/product\/16912","targetHints":{"allow":["GET"]}}],"collection":[{"href":"https:\/\/www.tenyutool.com\/de\/wp-json\/wp\/v2\/product"}],"about":[{"href":"https:\/\/www.tenyutool.com\/de\/wp-json\/wp\/v2\/types\/product"}],"replies":[{"embeddable":true,"href":"https:\/\/www.tenyutool.com\/de\/wp-json\/wp\/v2\/comments?post=16912"}],"wp:featuredmedia":[{"embeddable":true,"href":"https:\/\/www.tenyutool.com\/de\/wp-json\/wp\/v2\/media\/16916"}],"wp:attachment":[{"href":"https:\/\/www.tenyutool.com\/de\/wp-json\/wp\/v2\/media?parent=16912"}],"wp:term":[{"taxonomy":"product_brand","embeddable":true,"href":"https:\/\/www.tenyutool.com\/de\/wp-json\/wp\/v2\/product_brand?post=16912"},{"taxonomy":"product_cat","embeddable":true,"href":"https:\/\/www.tenyutool.com\/de\/wp-json\/wp\/v2\/product_cat?post=16912"},{"taxonomy":"product_tag","embeddable":true,"href":"https:\/\/www.tenyutool.com\/de\/wp-json\/wp\/v2\/product_tag?post=16912"}],"curies":[{"name":"wp","href":"https:\/\/api.w.org\/{rel}","templated":true}]}}