{"id":16944,"date":"2023-04-03T07:02:16","date_gmt":"2023-04-03T07:02:16","guid":{"rendered":"https:\/\/www.tenyutool.com\/?post_type=product&#038;p=16944"},"modified":"2023-04-03T07:02:17","modified_gmt":"2023-04-03T07:02:17","slug":"tct-kreissageblatt","status":"publish","type":"product","link":"https:\/\/www.tenyutool.com\/de\/product\/tct-circular-saw-blade\/","title":{"rendered":"U-f\u00f6rmiges, um 90 Grad V-f\u00f6rmig gebogenes TCT-Kreiss\u00e4geblatt f\u00fcr die Holzbearbeitung"},"content":{"rendered":"<p>Merkmale:<\/p>\n<ul>\n<li>Die Klinge besteht aus Wolframstahl, der eine hohe H\u00e4rte, Verschlei\u00dffestigkeit und Hitzebest\u00e4ndigkeit aufweist.<\/li>\n<li data-spm-anchor-id=\"a2700.pc-decorate.0.i4.7d223333LNzFwE\">Die Lackoberfl\u00e4che des S\u00e4geblatts verwendet eine fortschrittliche Spr\u00fchtechnologie, die super verschlei\u00dffeste und korrosionsbest\u00e4ndige Eigenschaften aufweist.<\/li>\n<li data-spm-anchor-id=\"a2700.pc-decorate.0.i6.7d223333LNzFwE\">Das Blatt wird durch Hochfrequenzschwei\u00dfen mit dem S\u00e4gek\u00f6rper verschmolzen und die Festigkeit ist extrem hoch.<\/li>\n<li data-spm-anchor-id=\"a2700.pc-decorate.0.i7.7d223333LNzFwE\">Der S\u00e4gek\u00f6rper besteht aus Stahl Nr. 45, der eine sehr hohe Festigkeit und Verformungsbest\u00e4ndigkeit aufweist.<\/li>\n<li data-spm-anchor-id=\"a2700.pc-decorate.0.i8.7d223333LNzFwE\">Geeignet f\u00fcr Winkelschleifer, Marmormaschine.<\/li>\n<\/ul>\n<figure id=\"attachment_16947\" aria-describedby=\"caption-attachment-16947\" style=\"width: 800px\" class=\"wp-caption alignnone\"><img fetchpriority=\"high\" decoding=\"async\" class=\"size-full wp-image-16947\" src=\"https:\/\/www.tenyutool.com\/wp-content\/uploads\/2023\/04\/tct-circular-saw-blade.jpg\" alt=\"U-f\u00f6rmiges 90-Grad-V-f\u00f6rmiges gebogenes TCT-Kreiss\u00e4geblatt f\u00fcr die Holzbearbeitung\" width=\"800\" height=\"800\" srcset=\"https:\/\/www.tenyutool.com\/wp-content\/uploads\/2023\/04\/tct-circular-saw-blade.jpg 800w, https:\/\/www.tenyutool.com\/wp-content\/uploads\/2023\/04\/tct-circular-saw-blade-150x150.jpg 150w, https:\/\/www.tenyutool.com\/wp-content\/uploads\/2023\/04\/tct-circular-saw-blade-768x768.jpg 768w, https:\/\/www.tenyutool.com\/wp-content\/uploads\/2023\/04\/tct-circular-saw-blade-12x12.jpg 12w, https:\/\/www.tenyutool.com\/wp-content\/uploads\/2023\/04\/tct-circular-saw-blade-300x300.jpg 300w, https:\/\/www.tenyutool.com\/wp-content\/uploads\/2023\/04\/tct-circular-saw-blade-600x600.jpg 600w, https:\/\/www.tenyutool.com\/wp-content\/uploads\/2023\/04\/tct-circular-saw-blade-100x100.jpg 100w\" sizes=\"(max-width: 800px) 100vw, 800px\" \/><figcaption id=\"caption-attachment-16947\" class=\"wp-caption-text\">U-f\u00f6rmiges 90-Grad-V-f\u00f6rmiges gebogenes TCT-Kreiss\u00e4geblatt f\u00fcr die Holzbearbeitung<\/figcaption><\/figure>\n<table width=\"794\">\n<tbody>\n<tr>\n<td colspan=\"6\" width=\"794\">Produktbeschreibung<\/td>\n<\/tr>\n<tr>\n<td colspan=\"6\">Mehr Auswahl f\u00fcr Sie:\u00a0<a href=\"https:\/\/www.tenyutool.com\/de\/\">Heim<\/a> &gt; TCT-Kreiss\u00e4geblatt<\/td>\n<\/tr>\n<tr>\n<td>Produktname<\/td>\n<td colspan=\"5\" width=\"572\">U-f\u00f6rmiges, um 90 Grad V-f\u00f6rmig gebogenes TCT-Kreiss\u00e4geblatt f\u00fcr die Holzbearbeitung<\/td>\n<\/tr>\n<tr>\n<td>Material<\/td>\n<td colspan=\"5\" width=\"572\">\u00a0Hartmetall<\/td>\n<\/tr>\n<tr>\n<td>Anwendung<\/td>\n<td colspan=\"5\" width=\"572\">Holz<\/td>\n<\/tr>\n<tr>\n<td>Verpackung<\/td>\n<td colspan=\"5\" width=\"572\">Standardkarton<\/td>\n<\/tr>\n<\/tbody>\n<\/table>","protected":false},"excerpt":{"rendered":"<p>Features: The blade is made of tungsten steel, which has high hardness, wear resistance and heat resistance. The paint surface of the saw blade uses advanced spraying technology, which has super wear-resistant and anti-corrosion characteristics. The blade is fused with the saw body by high-frequency welding, and the strength is extremely high. The saw body [&hellip;]<\/p>\n","protected":false},"featured_media":16947,"comment_status":"closed","ping_status":"closed","template":"","meta":{"_acf_changed":false,"_seopress_robots_primary_cat":"","_seopress_titles_title":"U-shaped 90-degree V-shaped curved | woodworking tct circular saw blade","_seopress_titles_desc":"","_seopress_robots_index":"","site-sidebar-layout":"default","site-content-layout":"default","ast-site-content-layout":"default","site-content-style":"default","site-sidebar-style":"default","ast-global-header-display":"","ast-banner-title-visibility":"","ast-main-header-display":"","ast-hfb-above-header-display":"","ast-hfb-below-header-display":"","ast-hfb-mobile-header-display":"","site-post-title":"","ast-breadcrumbs-content":"","ast-featured-img":"","footer-sml-layout":"","ast-disable-related-posts":"","theme-transparent-header-meta":"default","adv-header-id-meta":"","stick-header-meta":"","header-above-stick-meta":"","header-main-stick-meta":"","header-below-stick-meta":"","astra-migrate-meta-layouts":"default","ast-page-background-enabled":"default","ast-page-background-meta":{"desktop":{"background-color":"","background-image":"","background-repeat":"repeat","background-position":"center center","background-size":"auto","background-attachment":"scroll","background-type":"","background-media":"","overlay-type":"","overlay-color":"","overlay-opacity":"","overlay-gradient":""},"tablet":{"background-color":"","background-image":"","background-repeat":"repeat","background-position":"center center","background-size":"auto","background-attachment":"scroll","background-type":"","background-media":"","overlay-type":"","overlay-color":"","overlay-opacity":"","overlay-gradient":""},"mobile":{"background-color":"","background-image":"","background-repeat":"repeat","background-position":"center center","background-size":"auto","background-attachment":"scroll","background-type":"","background-media":"","overlay-type":"","overlay-color":"","overlay-opacity":"","overlay-gradient":""}},"ast-content-background-meta":{"desktop":{"background-color":"var(--ast-global-color-5)","background-image":"","background-repeat":"repeat","background-position":"center center","background-size":"auto","background-attachment":"scroll","background-type":"","background-media":"","overlay-type":"","overlay-color":"","overlay-opacity":"","overlay-gradient":""},"tablet":{"background-color":"var(--ast-global-color-5)","background-image":"","background-repeat":"repeat","background-position":"center center","background-size":"auto","background-attachment":"scroll","background-type":"","background-media":"","overlay-type":"","overlay-color":"","overlay-opacity":"","overlay-gradient":""},"mobile":{"background-color":"var(--ast-global-color-5)","background-image":"","background-repeat":"repeat","background-position":"center center","background-size":"auto","background-attachment":"scroll","background-type":"","background-media":"","overlay-type":"","overlay-color":"","overlay-opacity":"","overlay-gradient":""}}},"product_brand":[],"product_cat":[51],"product_tag":[],"class_list":{"0":"post-16944","1":"product","2":"type-product","3":"status-publish","4":"has-post-thumbnail","6":"product_cat-tct-saw-blade","7":"desktop-align-left","8":"tablet-align-left","9":"mobile-align-left","11":"first","12":"instock","13":"shipping-taxable","14":"product-type-simple"},"acf":[],"_links":{"self":[{"href":"https:\/\/www.tenyutool.com\/de\/wp-json\/wp\/v2\/product\/16944","targetHints":{"allow":["GET"]}}],"collection":[{"href":"https:\/\/www.tenyutool.com\/de\/wp-json\/wp\/v2\/product"}],"about":[{"href":"https:\/\/www.tenyutool.com\/de\/wp-json\/wp\/v2\/types\/product"}],"replies":[{"embeddable":true,"href":"https:\/\/www.tenyutool.com\/de\/wp-json\/wp\/v2\/comments?post=16944"}],"wp:featuredmedia":[{"embeddable":true,"href":"https:\/\/www.tenyutool.com\/de\/wp-json\/wp\/v2\/media\/16947"}],"wp:attachment":[{"href":"https:\/\/www.tenyutool.com\/de\/wp-json\/wp\/v2\/media?parent=16944"}],"wp:term":[{"taxonomy":"product_brand","embeddable":true,"href":"https:\/\/www.tenyutool.com\/de\/wp-json\/wp\/v2\/product_brand?post=16944"},{"taxonomy":"product_cat","embeddable":true,"href":"https:\/\/www.tenyutool.com\/de\/wp-json\/wp\/v2\/product_cat?post=16944"},{"taxonomy":"product_tag","embeddable":true,"href":"https:\/\/www.tenyutool.com\/de\/wp-json\/wp\/v2\/product_tag?post=16944"}],"curies":[{"name":"wp","href":"https:\/\/api.w.org\/{rel}","templated":true}]}}