{"id":2037,"date":"2020-11-01T02:55:22","date_gmt":"2020-11-01T02:55:22","guid":{"rendered":"http:\/\/tenyutool.leizi.xyz\/?page_id=2037"},"modified":"2026-04-06T02:09:02","modified_gmt":"2026-04-06T02:09:02","slug":"broca-para-perforacion-de-mamposteria-de-ladrillo-de-concreto-con-punta-de-carburo-de-flauta-en-u-con-chorro-de-arena-31","status":"publish","type":"page","link":"https:\/\/www.tenyutool.com\/espanol\/sand-blasted-u-flute-carbide-tipped-masonry-drill-bit-for-concrete-brick-masonry-drilling-31\/","title":{"rendered":"Brocas de pared | Broca de mamposter\u00eda de ladrillo cromado"},"content":{"rendered":"<p>\u00a0<\/p>\n<div class=\"innercontent\">\n<div class=\"singlepage\">\n<div class=\"container\">\n<div class=\"row\">\n<div class=\"single_block\">\n<div class=\"single-contents col-md-7 col-sm-12 col-xs-12\">\n<h2 class=\"single_title\">Broca de mamposter\u00eda con punta de carburo de flauta L cromada para perforaci\u00f3n de mamposter\u00eda de ladrillo de hormig\u00f3n<\/h2>\n<\/div>\n<\/div>\n<\/div>\n<\/div>\n<\/div>\n<\/div>\n<p>\u00a0<\/p>\n<div class=\"innercontent\">\n<div class=\"singlepage\">\n<div class=\"container\">\n<div class=\"row\">\n<div class=\"single_block\">\n<div class=\"single-contents col-md-7 col-sm-12 col-xs-12\">\n<h2 class=\"single_title\">Broca para mamposter\u00eda con punta de carburo de flauta R negra y brillante de v\u00e1stago triangular para perforaci\u00f3n de mamposter\u00eda de ladrillo de piedra de hormig\u00f3n<\/h2>\n<\/div>\n<\/div>\n<\/div>\n<\/div>\n<\/div>\n<\/div>\n<p>\u00a0<\/p>\n<div class=\"innercontent\">\n<div class=\"singlepage\">\n<div class=\"container\">\n<div class=\"row\">\n<div class=\"single_block\">\n<div class=\"single-contents col-md-7 col-sm-12 col-xs-12\">\n<h2 class=\"single_title\">Broca de mamposter\u00eda con punta de carburo de flauta SDS Plus de v\u00e1stago S4 cromado para perforaci\u00f3n de mamposter\u00eda de ladrillo de hormig\u00f3n<\/h2>\n<\/div>\n<\/div>\n<\/div>\n<\/div>\n<\/div>\n<\/div>\n<p>\u00a0<\/p>\n<div class=\"innercontent\">\n<div class=\"singlepage\">\n<div class=\"container\">\n<div class=\"row\">\n<div class=\"single_block\">\n<div class=\"single-contents col-md-7 col-sm-12 col-xs-12\">\n<h2 class=\"single_title\">Juego de brocas para mamposter\u00eda con punta de carburo de flauta S4 cromadas en caja de pl\u00e1stico para perforaci\u00f3n de mamposter\u00eda de ladrillos de hormig\u00f3n<\/h2>\n<\/div>\n<\/div>\n<\/div>\n<\/div>\n<\/div>\n<\/div>\n<p>\u00a0<\/p>\n\n\n<p><\/p>","protected":false},"excerpt":{"rendered":"<p>\u00a0 Chrome Plated L Flute Carbide Tipped Masonry Drill Bit for Concrete Brick Masonry Drilling \u00a0 Triangle Shank Black and Bright R Flute Carbide Tipped Masonry Drill Bit for Concrete Stone Brick Masonry Drilling \u00a0 Chrome Plated SDS Plus Shank S4 Flute Carbide Tipped Masonry Drill Bit for Concrete Brick Masonry Drilling \u00a0 Chrome Plated [&hellip;]<\/p>\n","protected":false},"author":1,"featured_media":0,"parent":0,"menu_order":1,"comment_status":"closed","ping_status":"closed","template":"product-details.php","meta":{"_acf_changed":false,"_seopress_robots_primary_cat":"","_seopress_titles_title":"Wall Drill Bits | Chrome Plated Brick Masonry Drill Bit","_seopress_titles_desc":"Premium chrome concrete drill bits from a specialized factory. Superior rust resistance and precision drilling in brick\/stone. We offer OEM services and wholesale discounts.","_seopress_robots_index":"","site-sidebar-layout":"default","site-content-layout":"page-builder","ast-site-content-layout":"full-width-container","site-content-style":"unboxed","site-sidebar-style":"unboxed","ast-global-header-display":"","ast-banner-title-visibility":"","ast-main-header-display":"","ast-hfb-above-header-display":"","ast-hfb-below-header-display":"","ast-hfb-mobile-header-display":"","site-post-title":"","ast-breadcrumbs-content":"","ast-featured-img":"","footer-sml-layout":"","ast-disable-related-posts":"","theme-transparent-header-meta":"default","adv-header-id-meta":"","stick-header-meta":"","header-above-stick-meta":"","header-main-stick-meta":"","header-below-stick-meta":"","astra-migrate-meta-layouts":"set","ast-page-background-enabled":"default","ast-page-background-meta":{"desktop":{"background-color":"","background-image":"","background-repeat":"repeat","background-position":"center center","background-size":"auto","background-attachment":"scroll","background-type":"","background-media":"","overlay-type":"","overlay-color":"","overlay-opacity":"","overlay-gradient":""},"tablet":{"background-color":"","background-image":"","background-repeat":"repeat","background-position":"center center","background-size":"auto","background-attachment":"scroll","background-type":"","background-media":"","overlay-type":"","overlay-color":"","overlay-opacity":"","overlay-gradient":""},"mobile":{"background-color":"","background-image":"","background-repeat":"repeat","background-position":"center center","background-size":"auto","background-attachment":"scroll","background-type":"","background-media":"","overlay-type":"","overlay-color":"","overlay-opacity":"","overlay-gradient":""}},"ast-content-background-meta":{"desktop":{"background-color":"var(--ast-global-color-5)","background-image":"","background-repeat":"repeat","background-position":"center center","background-size":"auto","background-attachment":"scroll","background-type":"","background-media":"","overlay-type":"","overlay-color":"","overlay-opacity":"","overlay-gradient":""},"tablet":{"background-color":"var(--ast-global-color-5)","background-image":"","background-repeat":"repeat","background-position":"center center","background-size":"auto","background-attachment":"scroll","background-type":"","background-media":"","overlay-type":"","overlay-color":"","overlay-opacity":"","overlay-gradient":""},"mobile":{"background-color":"var(--ast-global-color-5)","background-image":"","background-repeat":"repeat","background-position":"center center","background-size":"auto","background-attachment":"scroll","background-type":"","background-media":"","overlay-type":"","overlay-color":"","overlay-opacity":"","overlay-gradient":""}},"footnotes":""},"class_list":["post-2037","page","type-page","status-publish","hentry"],"acf":[],"_links":{"self":[{"href":"https:\/\/www.tenyutool.com\/espanol\/wp-json\/wp\/v2\/pages\/2037","targetHints":{"allow":["GET"]}}],"collection":[{"href":"https:\/\/www.tenyutool.com\/espanol\/wp-json\/wp\/v2\/pages"}],"about":[{"href":"https:\/\/www.tenyutool.com\/espanol\/wp-json\/wp\/v2\/types\/page"}],"author":[{"embeddable":true,"href":"https:\/\/www.tenyutool.com\/espanol\/wp-json\/wp\/v2\/users\/1"}],"replies":[{"embeddable":true,"href":"https:\/\/www.tenyutool.com\/espanol\/wp-json\/wp\/v2\/comments?post=2037"}],"version-history":[{"count":4,"href":"https:\/\/www.tenyutool.com\/espanol\/wp-json\/wp\/v2\/pages\/2037\/revisions"}],"predecessor-version":[{"id":31591,"href":"https:\/\/www.tenyutool.com\/espanol\/wp-json\/wp\/v2\/pages\/2037\/revisions\/31591"}],"wp:attachment":[{"href":"https:\/\/www.tenyutool.com\/espanol\/wp-json\/wp\/v2\/media?parent=2037"}],"curies":[{"name":"wp","href":"https:\/\/api.w.org\/{rel}","templated":true}]}}