{"id":14246,"date":"2022-08-12T06:00:56","date_gmt":"2022-08-12T06:00:56","guid":{"rendered":"https:\/\/www.tenyutool.com\/?post_type=product&#038;p=14246"},"modified":"2022-08-12T06:00:56","modified_gmt":"2022-08-12T06:00:56","slug":"juego-de-21-piezas-de-tornillo-de-banco-con-mini-brocas","status":"publish","type":"product","link":"https:\/\/www.tenyutool.com\/espanol\/product\/21pcs-pin-vise-with-mini-drill-bits-set\/","title":{"rendered":"Juego de 21 piezas de tornillo de banco con mini brocas"},"content":{"rendered":"<p>Rasgo:<\/p>\n<ul>\n<li>Las brocas helicoidales micro mini est\u00e1n hechas de acero de alta velocidad, lo que las hace duraderas y afiladas.<\/li>\n<li>Tienen una peque\u00f1a resistencia a la perforaci\u00f3n y pueden eliminar las virutas sin problemas.<\/li>\n<li>Vienen con una caja especialmente dise\u00f1ada que mantiene las brocas seguras en su lugar y las dispensa una a la vez.<\/li>\n<li>Estas mini brocas son excelentes para todo tipo de joyer\u00eda, manualidades y relojer\u00eda, y tambi\u00e9n son ideales para trabajos de carpinter\u00eda, reparaciones del hogar y reparaci\u00f3n de piezas electr\u00f3nicas.<\/li>\n<li>Las minipuntas de v\u00e1stago recto son compatibles con el Pin Vise.<\/li>\n<\/ul>\n<p>&nbsp;<\/p>\n<figure id=\"attachment_14249\" aria-describedby=\"caption-attachment-14249\" style=\"width: 800px\" class=\"wp-caption alignnone\"><img fetchpriority=\"high\" decoding=\"async\" class=\"size-full wp-image-14249\" src=\"https:\/\/www.tenyutool.com\/wp-content\/uploads\/2022\/08\/21pcs-HSS-Small-Mini-Micro-Drill-Bits-with-Aluminum-Hand-Drill-Pin-Vise-1.jpg\" alt=\"Juego de 21 piezas de tornillo de banco con mini brocas\" width=\"800\" height=\"800\" srcset=\"https:\/\/www.tenyutool.com\/wp-content\/uploads\/2022\/08\/21pcs-HSS-Small-Mini-Micro-Drill-Bits-with-Aluminum-Hand-Drill-Pin-Vise-1.jpg 800w, https:\/\/www.tenyutool.com\/wp-content\/uploads\/2022\/08\/21pcs-HSS-Small-Mini-Micro-Drill-Bits-with-Aluminum-Hand-Drill-Pin-Vise-1-150x150.jpg 150w, https:\/\/www.tenyutool.com\/wp-content\/uploads\/2022\/08\/21pcs-HSS-Small-Mini-Micro-Drill-Bits-with-Aluminum-Hand-Drill-Pin-Vise-1-768x768.jpg 768w, https:\/\/www.tenyutool.com\/wp-content\/uploads\/2022\/08\/21pcs-HSS-Small-Mini-Micro-Drill-Bits-with-Aluminum-Hand-Drill-Pin-Vise-1-12x12.jpg 12w, https:\/\/www.tenyutool.com\/wp-content\/uploads\/2022\/08\/21pcs-HSS-Small-Mini-Micro-Drill-Bits-with-Aluminum-Hand-Drill-Pin-Vise-1-300x300.jpg 300w, https:\/\/www.tenyutool.com\/wp-content\/uploads\/2022\/08\/21pcs-HSS-Small-Mini-Micro-Drill-Bits-with-Aluminum-Hand-Drill-Pin-Vise-1-600x600.jpg 600w, https:\/\/www.tenyutool.com\/wp-content\/uploads\/2022\/08\/21pcs-HSS-Small-Mini-Micro-Drill-Bits-with-Aluminum-Hand-Drill-Pin-Vise-1-100x100.jpg 100w\" sizes=\"(max-width: 800px) 100vw, 800px\" \/><figcaption id=\"caption-attachment-14249\" class=\"wp-caption-text\">Juego de 21 piezas de tornillo de banco con mini brocas<\/figcaption><\/figure>\n<table class=\"has-title all magic-4\">\n<tbody>\n<tr>\n<td colspan=\"1\" rowspan=\"1\">\n<div class=\"magic-5\">Nombre del producto<\/div>\n<\/td>\n<td colspan=\"3\" rowspan=\"1\">\n<div class=\"magic-6\" data-spm-anchor-id=\"a2700.details.0.i53.76f9435fjge666\">21 piezas HSS peque\u00f1o Mini Micro juego de brocas Twist Drill DIY Kit herramienta de mano rotativa con caja de taladro de mano de aluminio<\/div>\n<\/td>\n<\/tr>\n<tr>\n<td colspan=\"1\" rowspan=\"1\">\n<div class=\"magic-5\">Material<\/div>\n<\/td>\n<td colspan=\"3\" rowspan=\"1\">\n<div class=\"magic-6\">HSS 4241 (HSS M2, HSS Cobalt M35 est\u00e1 disponible)<\/div>\n<\/td>\n<\/tr>\n<tr>\n<td colspan=\"1\" rowspan=\"1\">\n<div class=\"magic-5\">Proceso<\/div>\n<\/td>\n<td colspan=\"3\" rowspan=\"1\">\n<div class=\"magic-6\">Laminado para HSS 4241 (completamente rectificado para HSS M2)<\/div>\n<\/td>\n<\/tr>\n<tr>\n<td colspan=\"1\" rowspan=\"1\">\n<div class=\"magic-5\">Tama\u00f1o<\/div>\n<\/td>\n<td colspan=\"3\" rowspan=\"1\">\n<div class=\"magic-8\">20 brocas (0,3 0,35 0,4 0,45 0,5 0,55 0,6 0,65 0,7 0,75 0,8 0,85 0,9 0,95 1,0 1,2 1,3 1,4 1,5 1,6 mm) con 1 pieza: taladro manual<\/div>\n<\/td>\n<\/tr>\n<tr>\n<td colspan=\"1\" rowspan=\"1\">\n<div class=\"magic-5\">Embalaje<\/div>\n<\/td>\n<td colspan=\"3\" rowspan=\"1\">\n<div class=\"magic-8\">21 piezas embaladas en una caja de pl\u00e1stico<\/div>\n<\/td>\n<\/tr>\n<tr>\n<td colspan=\"1\" rowspan=\"1\">\n<div class=\"magic-9\"><span class=\"magic-10\" data-spm-anchor-id=\"0.0.0.i27.2dea4f05rPiUyH\">Tipo de punto<\/span><\/div>\n<\/td>\n<td colspan=\"3\" rowspan=\"1\">\n<div class=\"magic-11\">Punto regular de 118 grados (el punto de divisi\u00f3n de 135 grados est\u00e1 disponible)<\/div>\n<\/td>\n<\/tr>\n<tr>\n<td colspan=\"1\" rowspan=\"1\">\n<div class=\"magic-9\"><span class=\"magic-10\" data-spm-anchor-id=\"a2700.pc-decorate.0.i12.3fbd3333ASJOcD\">Tipo de v\u00e1stago<\/span><\/div>\n<\/td>\n<td colspan=\"3\" rowspan=\"1\">\n<div class=\"magic-11\">V\u00e1stago recto<\/div>\n<\/td>\n<\/tr>\n<tr>\n<td colspan=\"1\" rowspan=\"1\">\n<div class=\"magic-9\"><span class=\"magic-10\" style=\"color: #000000;\">Acabado de la superficie<\/span><\/div>\n<\/td>\n<td colspan=\"3\" rowspan=\"1\">\n<div class=\"magic-11\">Brillante<\/div>\n<\/td>\n<\/tr>\n<\/tbody>\n<\/table>\n<p>&nbsp;<\/p>","protected":false},"excerpt":{"rendered":"<p>Feature: Micro mini twist drill bits are made of high-speed steel, making them both durable and sharp. They have a small drilling resistance and can remove chips smoothly. They come with a specially designed box that keeps bits securely in place and dispenses them one at a time. These mini drill bits are great for [&hellip;]<\/p>\n","protected":false},"featured_media":14249,"comment_status":"closed","ping_status":"closed","template":"","meta":{"_acf_changed":false,"_seopress_robots_primary_cat":"","_seopress_titles_title":"","_seopress_titles_desc":"","_seopress_robots_index":"","site-sidebar-layout":"default","site-content-layout":"default","ast-site-content-layout":"default","site-content-style":"default","site-sidebar-style":"default","ast-global-header-display":"","ast-banner-title-visibility":"","ast-main-header-display":"","ast-hfb-above-header-display":"","ast-hfb-below-header-display":"","ast-hfb-mobile-header-display":"","site-post-title":"","ast-breadcrumbs-content":"","ast-featured-img":"","footer-sml-layout":"","ast-disable-related-posts":"","theme-transparent-header-meta":"default","adv-header-id-meta":"","stick-header-meta":"","header-above-stick-meta":"","header-main-stick-meta":"","header-below-stick-meta":"","astra-migrate-meta-layouts":"default","ast-page-background-enabled":"default","ast-page-background-meta":{"desktop":{"background-color":"","background-image":"","background-repeat":"repeat","background-position":"center center","background-size":"auto","background-attachment":"scroll","background-type":"","background-media":"","overlay-type":"","overlay-color":"","overlay-opacity":"","overlay-gradient":""},"tablet":{"background-color":"","background-image":"","background-repeat":"repeat","background-position":"center center","background-size":"auto","background-attachment":"scroll","background-type":"","background-media":"","overlay-type":"","overlay-color":"","overlay-opacity":"","overlay-gradient":""},"mobile":{"background-color":"","background-image":"","background-repeat":"repeat","background-position":"center center","background-size":"auto","background-attachment":"scroll","background-type":"","background-media":"","overlay-type":"","overlay-color":"","overlay-opacity":"","overlay-gradient":""}},"ast-content-background-meta":{"desktop":{"background-color":"var(--ast-global-color-5)","background-image":"","background-repeat":"repeat","background-position":"center center","background-size":"auto","background-attachment":"scroll","background-type":"","background-media":"","overlay-type":"","overlay-color":"","overlay-opacity":"","overlay-gradient":""},"tablet":{"background-color":"var(--ast-global-color-5)","background-image":"","background-repeat":"repeat","background-position":"center center","background-size":"auto","background-attachment":"scroll","background-type":"","background-media":"","overlay-type":"","overlay-color":"","overlay-opacity":"","overlay-gradient":""},"mobile":{"background-color":"var(--ast-global-color-5)","background-image":"","background-repeat":"repeat","background-position":"center center","background-size":"auto","background-attachment":"scroll","background-type":"","background-media":"","overlay-type":"","overlay-color":"","overlay-opacity":"","overlay-gradient":""}}},"product_brand":[],"product_cat":[22],"product_tag":[],"class_list":{"0":"post-14246","1":"product","2":"type-product","3":"status-publish","4":"has-post-thumbnail","6":"product_cat-drillbits","7":"desktop-align-left","8":"tablet-align-left","9":"mobile-align-left","11":"first","12":"instock","13":"shipping-taxable","14":"product-type-simple"},"acf":[],"_links":{"self":[{"href":"https:\/\/www.tenyutool.com\/espanol\/wp-json\/wp\/v2\/product\/14246","targetHints":{"allow":["GET"]}}],"collection":[{"href":"https:\/\/www.tenyutool.com\/espanol\/wp-json\/wp\/v2\/product"}],"about":[{"href":"https:\/\/www.tenyutool.com\/espanol\/wp-json\/wp\/v2\/types\/product"}],"replies":[{"embeddable":true,"href":"https:\/\/www.tenyutool.com\/espanol\/wp-json\/wp\/v2\/comments?post=14246"}],"wp:featuredmedia":[{"embeddable":true,"href":"https:\/\/www.tenyutool.com\/espanol\/wp-json\/wp\/v2\/media\/14249"}],"wp:attachment":[{"href":"https:\/\/www.tenyutool.com\/espanol\/wp-json\/wp\/v2\/media?parent=14246"}],"wp:term":[{"taxonomy":"product_brand","embeddable":true,"href":"https:\/\/www.tenyutool.com\/espanol\/wp-json\/wp\/v2\/product_brand?post=14246"},{"taxonomy":"product_cat","embeddable":true,"href":"https:\/\/www.tenyutool.com\/espanol\/wp-json\/wp\/v2\/product_cat?post=14246"},{"taxonomy":"product_tag","embeddable":true,"href":"https:\/\/www.tenyutool.com\/espanol\/wp-json\/wp\/v2\/product_tag?post=14246"}],"curies":[{"name":"wp","href":"https:\/\/api.w.org\/{rel}","templated":true}]}}