{"id":14425,"date":"2022-08-16T01:57:52","date_gmt":"2022-08-16T01:57:52","guid":{"rendered":"https:\/\/www.tenyutool.com\/?post_type=product&#038;p=14425"},"modified":"2022-08-16T02:03:10","modified_gmt":"2022-08-16T02:03:10","slug":"broca-de-taladro-de-14-mm","status":"publish","type":"product","link":"https:\/\/www.tenyutool.com\/espanol\/product\/14mm-auger-drill-bit\/","title":{"rendered":"Broca de barrena de madera de una sola flauta sin v\u00e1stago"},"content":{"rendered":"<p>Rasgo<\/p>\n<ul>\n<li>Fabricado en acero de alto carbono con punta roscada.<\/li>\n<li>Punta de tornillo grueso autoalimentada dise\u00f1ada para una perforaci\u00f3n m\u00e1s r\u00e1pida.<\/li>\n<li>Produzca un corte m\u00e1s r\u00e1pido y m\u00e1s limpio y elimine r\u00e1pidamente las virutas de los agujeros.<\/li>\n<li>Fijado en todas las herramientas el\u00e9ctricas de forma m\u00e1s segura para reducir el deslizamiento en mandriles est\u00e1ndar.<\/li>\n<li data-spm-anchor-id=\"a2700.pc-decorate.0.i10.223f3333oqCITw\">Se utiliza en madera dura, madera blanda, vigas de gran secci\u00f3n, aglomerado, pl\u00e1stico y madera contrachapada para perforaciones precisas.<\/li>\n<\/ul>\n<figure id=\"attachment_14427\" aria-describedby=\"caption-attachment-14427\" style=\"width: 800px\" class=\"wp-caption alignnone\"><img fetchpriority=\"high\" decoding=\"async\" class=\"size-full wp-image-14427\" src=\"https:\/\/www.tenyutool.com\/wp-content\/uploads\/2022\/08\/Hex-Shank-Titanium-Coated-Single-Flute-Wood-Auger-Drill-Bit-without-Stem-for-Wood-Drilling.jpg\" alt=\"broca de barrena de madera de una sola flauta sin v\u00e1stago\" width=\"800\" height=\"800\" srcset=\"https:\/\/www.tenyutool.com\/wp-content\/uploads\/2022\/08\/Hex-Shank-Titanium-Coated-Single-Flute-Wood-Auger-Drill-Bit-without-Stem-for-Wood-Drilling.jpg 800w, https:\/\/www.tenyutool.com\/wp-content\/uploads\/2022\/08\/Hex-Shank-Titanium-Coated-Single-Flute-Wood-Auger-Drill-Bit-without-Stem-for-Wood-Drilling-150x150.jpg 150w, https:\/\/www.tenyutool.com\/wp-content\/uploads\/2022\/08\/Hex-Shank-Titanium-Coated-Single-Flute-Wood-Auger-Drill-Bit-without-Stem-for-Wood-Drilling-768x768.jpg 768w, https:\/\/www.tenyutool.com\/wp-content\/uploads\/2022\/08\/Hex-Shank-Titanium-Coated-Single-Flute-Wood-Auger-Drill-Bit-without-Stem-for-Wood-Drilling-12x12.jpg 12w, https:\/\/www.tenyutool.com\/wp-content\/uploads\/2022\/08\/Hex-Shank-Titanium-Coated-Single-Flute-Wood-Auger-Drill-Bit-without-Stem-for-Wood-Drilling-300x300.jpg 300w, https:\/\/www.tenyutool.com\/wp-content\/uploads\/2022\/08\/Hex-Shank-Titanium-Coated-Single-Flute-Wood-Auger-Drill-Bit-without-Stem-for-Wood-Drilling-600x600.jpg 600w, https:\/\/www.tenyutool.com\/wp-content\/uploads\/2022\/08\/Hex-Shank-Titanium-Coated-Single-Flute-Wood-Auger-Drill-Bit-without-Stem-for-Wood-Drilling-100x100.jpg 100w\" sizes=\"(max-width: 800px) 100vw, 800px\" \/><figcaption id=\"caption-attachment-14427\" class=\"wp-caption-text\">broca de barrena de madera de una sola flauta sin v\u00e1stago<\/figcaption><\/figure>\n<table class=\"has-title hight-light-first-column all magic-4\">\n<tbody>\n<tr>\n<td colspan=\"5\" rowspan=\"1\">\n<div class=\"magic-5\"><span class=\"magic-6\">Descripci\u00f3n del producto<\/span><\/div>\n<\/td>\n<\/tr>\n<tr>\n<td colspan=\"5\" rowspan=\"1\">\n<div class=\"magic-5\"><b><span class=\"magic-11\">M\u00e1s opciones para usted:\u00a0<a href=\"https:\/\/www.tenyutool.com\/espanol\/\" target=\"_blank\" rel=\"noopener\">Hogar<\/a>\u00a0&gt;\u00a0<a href=\"https:\/\/www.tenyutool.com\/espanol\/brocas-para-madera\/\" target=\"_blank\" rel=\"noopener\">Broca para madera<\/a>\u00a0&gt;\u00a0<a href=\"https:\/\/www.tenyutool.com\/espanol\/broca-de-barrena-de-madera\/\" target=\"_blank\" rel=\"noopener\">Broca de barrena de madera<\/a><\/span><\/b><\/div>\n<\/td>\n<\/tr>\n<tr>\n<td colspan=\"1\" rowspan=\"1\">\n<div class=\"magic-12\">nombre del producto<\/div>\n<\/td>\n<td colspan=\"4\" rowspan=\"1\">\n<div class=\"magic-13\" data-spm-anchor-id=\"a2700.details.0.i45.5a5c7c8eBwqjav\">Broca de barrena de madera de una sola flauta de v\u00e1stago hexagonal sin v\u00e1stago para taladrar madera<\/div>\n<\/td>\n<\/tr>\n<tr>\n<td colspan=\"1\" rowspan=\"1\">\n<div class=\"magic-12\">Ca\u00f1a<\/div>\n<\/td>\n<td colspan=\"1\" rowspan=\"1\">\n<div class=\"magic-14\" data-spm-anchor-id=\"a2700.details.0.i47.5a5c7c8eBwqjav\">V\u00e1stago hexagonal de cambio r\u00e1pido (tambi\u00e9n tenemos v\u00e1stago hexagonal, v\u00e1stago SDS Plus y v\u00e1stago para uso manual)<\/div>\n<\/td>\n<\/tr>\n<tr>\n<td colspan=\"1\" rowspan=\"1\">\n<div class=\"magic-12\">Flauta<\/div>\n<\/td>\n<td colspan=\"4\" rowspan=\"1\">\n<div class=\"magic-14\">Flauta simple con v\u00e1stago (Tambi\u00e9n tenemos flautas simples sin v\u00e1stago, flautas dobles,<br \/>\ntres flautas y cuatro flautas)<\/div>\n<\/td>\n<\/tr>\n<tr>\n<td colspan=\"1\" rowspan=\"1\">\n<div class=\"magic-12\">Consejo<\/div>\n<\/td>\n<td colspan=\"4\" rowspan=\"1\">\n<div class=\"magic-14\">Espuela simple con punta atornillada (tambi\u00e9n tenemos Espuelas dobles, Espuelas triples y Espuelas de cuatro cabezas cu\u00e1druples)<\/div>\n<\/td>\n<\/tr>\n<tr>\n<td colspan=\"1\" rowspan=\"1\">\n<div class=\"magic-12\">Material<\/div>\n<\/td>\n<td colspan=\"1\" rowspan=\"1\">\n<div class=\"magic-14\">Acero al carbono con tratamiento t\u00e9rmico<\/div>\n<\/td>\n<\/tr>\n<tr>\n<td colspan=\"1\" rowspan=\"1\">\n<div class=\"magic-12\">Acabado de la superficie<\/div>\n<\/td>\n<td colspan=\"1\" rowspan=\"1\">\n<div class=\"magic-14\">Recubierto de Titanio (Tambi\u00e9n Contamos con Pintura a Color, Negra y Brillante)<\/div>\n<\/td>\n<\/tr>\n<tr>\n<td colspan=\"1\" rowspan=\"1\">\n<div class=\"magic-12\">Paquete<\/div>\n<\/td>\n<td colspan=\"1\" rowspan=\"1\">\n<div class=\"magic-14\">Una pieza en una bolsa de PVC, tubo de PVC o bl\u00edster doble de PVC<\/div>\n<\/td>\n<\/tr>\n<\/tbody>\n<\/table>","protected":false},"excerpt":{"rendered":"<p>Feature Made of high carbon steel with a threaded tip. Self Feeding Coarse screw point designed for faster drilling. Produce a faster and cleaner cut and clear quickly chips out of holes. Fixed in all power tools more safely for slipping reducing in standard chucks. Be used in hardwood, softwood, large section beam, chipboard, plastic, [&hellip;]<\/p>\n","protected":false},"featured_media":14427,"comment_status":"closed","ping_status":"closed","template":"","meta":{"_acf_changed":false,"_seopress_robots_primary_cat":"none","_seopress_titles_title":"14mm Auger Drill Bit | Single Flute Wood Auger Bit","_seopress_titles_desc":"","_seopress_robots_index":"","site-sidebar-layout":"default","site-content-layout":"default","ast-site-content-layout":"default","site-content-style":"default","site-sidebar-style":"default","ast-global-header-display":"","ast-banner-title-visibility":"","ast-main-header-display":"","ast-hfb-above-header-display":"","ast-hfb-below-header-display":"","ast-hfb-mobile-header-display":"","site-post-title":"","ast-breadcrumbs-content":"","ast-featured-img":"","footer-sml-layout":"","ast-disable-related-posts":"","theme-transparent-header-meta":"default","adv-header-id-meta":"","stick-header-meta":"","header-above-stick-meta":"","header-main-stick-meta":"","header-below-stick-meta":"","astra-migrate-meta-layouts":"default","ast-page-background-enabled":"default","ast-page-background-meta":{"desktop":{"background-color":"","background-image":"","background-repeat":"repeat","background-position":"center center","background-size":"auto","background-attachment":"scroll","background-type":"","background-media":"","overlay-type":"","overlay-color":"","overlay-opacity":"","overlay-gradient":""},"tablet":{"background-color":"","background-image":"","background-repeat":"repeat","background-position":"center center","background-size":"auto","background-attachment":"scroll","background-type":"","background-media":"","overlay-type":"","overlay-color":"","overlay-opacity":"","overlay-gradient":""},"mobile":{"background-color":"","background-image":"","background-repeat":"repeat","background-position":"center center","background-size":"auto","background-attachment":"scroll","background-type":"","background-media":"","overlay-type":"","overlay-color":"","overlay-opacity":"","overlay-gradient":""}},"ast-content-background-meta":{"desktop":{"background-color":"var(--ast-global-color-5)","background-image":"","background-repeat":"repeat","background-position":"center center","background-size":"auto","background-attachment":"scroll","background-type":"","background-media":"","overlay-type":"","overlay-color":"","overlay-opacity":"","overlay-gradient":""},"tablet":{"background-color":"var(--ast-global-color-5)","background-image":"","background-repeat":"repeat","background-position":"center center","background-size":"auto","background-attachment":"scroll","background-type":"","background-media":"","overlay-type":"","overlay-color":"","overlay-opacity":"","overlay-gradient":""},"mobile":{"background-color":"var(--ast-global-color-5)","background-image":"","background-repeat":"repeat","background-position":"center center","background-size":"auto","background-attachment":"scroll","background-type":"","background-media":"","overlay-type":"","overlay-color":"","overlay-opacity":"","overlay-gradient":""}}},"product_brand":[],"product_cat":[23],"product_tag":[],"class_list":{"0":"post-14425","1":"product","2":"type-product","3":"status-publish","4":"has-post-thumbnail","6":"product_cat-wood-auger-drill-bits","7":"desktop-align-left","8":"tablet-align-left","9":"mobile-align-left","11":"first","12":"instock","13":"shipping-taxable","14":"product-type-simple"},"acf":[],"_links":{"self":[{"href":"https:\/\/www.tenyutool.com\/espanol\/wp-json\/wp\/v2\/product\/14425","targetHints":{"allow":["GET"]}}],"collection":[{"href":"https:\/\/www.tenyutool.com\/espanol\/wp-json\/wp\/v2\/product"}],"about":[{"href":"https:\/\/www.tenyutool.com\/espanol\/wp-json\/wp\/v2\/types\/product"}],"replies":[{"embeddable":true,"href":"https:\/\/www.tenyutool.com\/espanol\/wp-json\/wp\/v2\/comments?post=14425"}],"wp:featuredmedia":[{"embeddable":true,"href":"https:\/\/www.tenyutool.com\/espanol\/wp-json\/wp\/v2\/media\/14427"}],"wp:attachment":[{"href":"https:\/\/www.tenyutool.com\/espanol\/wp-json\/wp\/v2\/media?parent=14425"}],"wp:term":[{"taxonomy":"product_brand","embeddable":true,"href":"https:\/\/www.tenyutool.com\/espanol\/wp-json\/wp\/v2\/product_brand?post=14425"},{"taxonomy":"product_cat","embeddable":true,"href":"https:\/\/www.tenyutool.com\/espanol\/wp-json\/wp\/v2\/product_cat?post=14425"},{"taxonomy":"product_tag","embeddable":true,"href":"https:\/\/www.tenyutool.com\/espanol\/wp-json\/wp\/v2\/product_tag?post=14425"}],"curies":[{"name":"wp","href":"https:\/\/api.w.org\/{rel}","templated":true}]}}