{"id":14604,"date":"2022-08-17T07:05:36","date_gmt":"2022-08-17T07:05:36","guid":{"rendered":"https:\/\/www.tenyutool.com\/?post_type=product&#038;p=14604"},"modified":"2022-08-23T07:36:08","modified_gmt":"2022-08-23T07:36:08","slug":"6-brocas-de-centro-de-carburo-solido","status":"publish","type":"product","link":"https:\/\/www.tenyutool.com\/espanol\/product\/6pcs-solid-carbide-centre-drill-bits\/","title":{"rendered":"Brocas centrales de carburo s\u00f3lido de 6 uds con revestimiento de Tialn para torno metal\u00fargico"},"content":{"rendered":"<p>Rasgo:<\/p>\n<ul>\n<li>Con estas brocas de centro, puede lograr resultados de perforaci\u00f3n precisos y precisos. El revestimiento de tialn ayuda a prolongar la vida \u00fatil de las brocas y resistir el desgaste.<\/li>\n<li>La construcci\u00f3n de carburo s\u00f3lido los hace duraderos y capaces de soportar un uso intensivo.<\/li>\n<li>Y debido a que est\u00e1n hechos de materiales de alta calidad, son perfectos para usar en una variedad de materiales.<\/li>\n<li>Ya sea que est\u00e9 perforando metal, madera o pl\u00e1stico, nuestras brocas centrales har\u00e1n el trabajo de manera r\u00e1pida y eficiente.<\/li>\n<\/ul>\n<figure id=\"attachment_14189\" aria-describedby=\"caption-attachment-14189\" style=\"width: 800px\" class=\"wp-caption alignnone\"><img fetchpriority=\"high\" decoding=\"async\" class=\"size-full wp-image-14189\" src=\"https:\/\/www.tenyutool.com\/wp-content\/uploads\/2022\/08\/6pcs-Solid-Carbide-Centre-Drill-Bits-with-Tialn-Coated.jpg\" alt=\"Brocas de centro de carburo s\u00f3lido de 6 piezas con revestimiento de tialn\" width=\"800\" height=\"800\" srcset=\"https:\/\/www.tenyutool.com\/wp-content\/uploads\/2022\/08\/6pcs-Solid-Carbide-Centre-Drill-Bits-with-Tialn-Coated.jpg 800w, https:\/\/www.tenyutool.com\/wp-content\/uploads\/2022\/08\/6pcs-Solid-Carbide-Centre-Drill-Bits-with-Tialn-Coated-150x150.jpg 150w, https:\/\/www.tenyutool.com\/wp-content\/uploads\/2022\/08\/6pcs-Solid-Carbide-Centre-Drill-Bits-with-Tialn-Coated-768x768.jpg 768w, https:\/\/www.tenyutool.com\/wp-content\/uploads\/2022\/08\/6pcs-Solid-Carbide-Centre-Drill-Bits-with-Tialn-Coated-12x12.jpg 12w, https:\/\/www.tenyutool.com\/wp-content\/uploads\/2022\/08\/6pcs-Solid-Carbide-Centre-Drill-Bits-with-Tialn-Coated-300x300.jpg 300w, https:\/\/www.tenyutool.com\/wp-content\/uploads\/2022\/08\/6pcs-Solid-Carbide-Centre-Drill-Bits-with-Tialn-Coated-600x600.jpg 600w, https:\/\/www.tenyutool.com\/wp-content\/uploads\/2022\/08\/6pcs-Solid-Carbide-Centre-Drill-Bits-with-Tialn-Coated-100x100.jpg 100w\" sizes=\"(max-width: 800px) 100vw, 800px\" \/><figcaption id=\"caption-attachment-14189\" class=\"wp-caption-text\">Brocas de centro de carburo s\u00f3lido de 6 piezas con revestimiento de tialn<\/figcaption><\/figure>\n<table style=\"border-collapse: collapse; width: 808.52pt;\" border=\"0\" width=\"1078\" cellspacing=\"0\" cellpadding=\"0\">\n<tbody>\n<tr style=\"height: 30.00pt;\">\n<td class=\"et3\" style=\"height: 30.00pt; width: 808.50pt;\" colspan=\"9\" width=\"1078\" height=\"40\">Descripci\u00f3n del producto<\/td>\n<\/tr>\n<tr style=\"height: 32.00pt;\">\n<td class=\"et4\" style=\"height: 32.00pt;\" colspan=\"9\" height=\"42\">M\u00e1s opciones para usted: <a href=\"https:\/\/www.tenyutool.com\/espanol\/\">Hogar<\/a> &gt; brocas de centro<\/td>\n<\/tr>\n<tr style=\"height: 35.00pt;\">\n<td class=\"et6\" style=\"height: 35.00pt;\" height=\"46\">nombre del producto<\/td>\n<td class=\"et7\" style=\"width: 682.50pt;\" colspan=\"8\" width=\"910\">Brocas centrales de carburo s\u00f3lido de 6 uds con recubrimiento Tian para torno metal\u00fargico<\/td>\n<\/tr>\n<tr style=\"height: 32.00pt;\">\n<td class=\"et9\" style=\"height: 32.00pt;\" height=\"42\">Material<\/td>\n<td class=\"et10\" colspan=\"8\">Carburo<\/td>\n<\/tr>\n<tr style=\"height: 32.00pt;\">\n<td class=\"et12\" style=\"height: 32.00pt;\" height=\"42\">Tipo de acabado<\/td>\n<td class=\"et13\" style=\"border-right: .5pt solid #000000;\" colspan=\"8\">Nitruro de titanio y aluminio<\/td>\n<\/tr>\n<tr style=\"height: 32.00pt;\">\n<td class=\"et15\" style=\"height: 32.00pt;\" height=\"42\">Tipo de flauta de herramienta<\/td>\n<td class=\"et10\" colspan=\"8\">Espiral<\/td>\n<\/tr>\n<tr style=\"height: 32.00pt;\">\n<td class=\"et15\" style=\"height: 32.00pt;\" height=\"42\">Paquete<\/td>\n<td class=\"et13\" style=\"border-right: .5pt solid #000000;\" colspan=\"8\">Caja de pl\u00e1stico<\/td>\n<\/tr>\n<\/tbody>\n<\/table>","protected":false},"excerpt":{"rendered":"<p>Feature: With these center drill bits, you can achieve precise and accurate drilling results. The tialn coating helps to extend the life of the bits and resist wear and tear. The solid carbide construction makes them durable and able to withstand heavy use. And because they&#8217;re made from high quality materials, they&#8217;re perfect for use [&hellip;]<\/p>\n","protected":false},"featured_media":14189,"comment_status":"closed","ping_status":"closed","template":"","meta":{"_acf_changed":false,"_seopress_robots_primary_cat":"none","_seopress_titles_title":"Carbide Centre Drill Bits | for Lathe Metalworking","_seopress_titles_desc":"","_seopress_robots_index":"","site-sidebar-layout":"default","site-content-layout":"default","ast-site-content-layout":"default","site-content-style":"default","site-sidebar-style":"default","ast-global-header-display":"","ast-banner-title-visibility":"","ast-main-header-display":"","ast-hfb-above-header-display":"","ast-hfb-below-header-display":"","ast-hfb-mobile-header-display":"","site-post-title":"","ast-breadcrumbs-content":"","ast-featured-img":"","footer-sml-layout":"","ast-disable-related-posts":"","theme-transparent-header-meta":"default","adv-header-id-meta":"","stick-header-meta":"","header-above-stick-meta":"","header-main-stick-meta":"","header-below-stick-meta":"","astra-migrate-meta-layouts":"default","ast-page-background-enabled":"default","ast-page-background-meta":{"desktop":{"background-color":"","background-image":"","background-repeat":"repeat","background-position":"center center","background-size":"auto","background-attachment":"scroll","background-type":"","background-media":"","overlay-type":"","overlay-color":"","overlay-opacity":"","overlay-gradient":""},"tablet":{"background-color":"","background-image":"","background-repeat":"repeat","background-position":"center center","background-size":"auto","background-attachment":"scroll","background-type":"","background-media":"","overlay-type":"","overlay-color":"","overlay-opacity":"","overlay-gradient":""},"mobile":{"background-color":"","background-image":"","background-repeat":"repeat","background-position":"center center","background-size":"auto","background-attachment":"scroll","background-type":"","background-media":"","overlay-type":"","overlay-color":"","overlay-opacity":"","overlay-gradient":""}},"ast-content-background-meta":{"desktop":{"background-color":"var(--ast-global-color-5)","background-image":"","background-repeat":"repeat","background-position":"center center","background-size":"auto","background-attachment":"scroll","background-type":"","background-media":"","overlay-type":"","overlay-color":"","overlay-opacity":"","overlay-gradient":""},"tablet":{"background-color":"var(--ast-global-color-5)","background-image":"","background-repeat":"repeat","background-position":"center center","background-size":"auto","background-attachment":"scroll","background-type":"","background-media":"","overlay-type":"","overlay-color":"","overlay-opacity":"","overlay-gradient":""},"mobile":{"background-color":"var(--ast-global-color-5)","background-image":"","background-repeat":"repeat","background-position":"center center","background-size":"auto","background-attachment":"scroll","background-type":"","background-media":"","overlay-type":"","overlay-color":"","overlay-opacity":"","overlay-gradient":""}}},"product_brand":[],"product_cat":[24],"product_tag":[],"class_list":{"0":"post-14604","1":"product","2":"type-product","3":"status-publish","4":"has-post-thumbnail","6":"product_cat-center-drill-bit","7":"desktop-align-left","8":"tablet-align-left","9":"mobile-align-left","11":"first","12":"instock","13":"shipping-taxable","14":"product-type-simple"},"acf":[],"_links":{"self":[{"href":"https:\/\/www.tenyutool.com\/espanol\/wp-json\/wp\/v2\/product\/14604","targetHints":{"allow":["GET"]}}],"collection":[{"href":"https:\/\/www.tenyutool.com\/espanol\/wp-json\/wp\/v2\/product"}],"about":[{"href":"https:\/\/www.tenyutool.com\/espanol\/wp-json\/wp\/v2\/types\/product"}],"replies":[{"embeddable":true,"href":"https:\/\/www.tenyutool.com\/espanol\/wp-json\/wp\/v2\/comments?post=14604"}],"wp:featuredmedia":[{"embeddable":true,"href":"https:\/\/www.tenyutool.com\/espanol\/wp-json\/wp\/v2\/media\/14189"}],"wp:attachment":[{"href":"https:\/\/www.tenyutool.com\/espanol\/wp-json\/wp\/v2\/media?parent=14604"}],"wp:term":[{"taxonomy":"product_brand","embeddable":true,"href":"https:\/\/www.tenyutool.com\/espanol\/wp-json\/wp\/v2\/product_brand?post=14604"},{"taxonomy":"product_cat","embeddable":true,"href":"https:\/\/www.tenyutool.com\/espanol\/wp-json\/wp\/v2\/product_cat?post=14604"},{"taxonomy":"product_tag","embeddable":true,"href":"https:\/\/www.tenyutool.com\/espanol\/wp-json\/wp\/v2\/product_tag?post=14604"}],"curies":[{"name":"wp","href":"https:\/\/api.w.org\/{rel}","templated":true}]}}