{"id":15734,"date":"2022-09-14T09:47:43","date_gmt":"2022-09-14T09:47:43","guid":{"rendered":"https:\/\/www.tenyutool.com\/?post_type=product&#038;p=15734"},"modified":"2022-09-14T09:47:43","modified_gmt":"2022-09-14T09:47:43","slug":"co5-hss-cobalto-brocas","status":"publish","type":"product","link":"https:\/\/www.tenyutool.com\/espanol\/product\/co5-hss-cobalt-drill-bits\/","title":{"rendered":"DIN338 M35 Material Co5 Hss Brocas de cobalto para metal duro"},"content":{"rendered":"<p>Caracter\u00edsticas:<\/p>\n<ul>\n<li>Hecho de acero de alta velocidad de cobalto (5%), aumenta la resistencia al desgaste y al calor de la broca, la vida \u00fatil de la broca se prolonga.<\/li>\n<li>El procesamiento de pulido completo hace que la superficie de la broca sea m\u00e1s suave, la fricci\u00f3n se puede reducir y la velocidad de corte es m\u00e1s r\u00e1pida.<\/li>\n<li>Perfecto para taladrar en metales duros como el acero inoxidable y el hierro fundido, y tambi\u00e9n son posibles otros materiales m\u00e1s blandos.<\/li>\n<\/ul>\n<figure id=\"attachment_15736\" aria-describedby=\"caption-attachment-15736\" style=\"width: 650px\" class=\"wp-caption alignnone\"><img fetchpriority=\"high\" decoding=\"async\" class=\"size-full wp-image-15736\" src=\"https:\/\/www.tenyutool.com\/wp-content\/uploads\/2022\/09\/DIN338-M35-Material-Co5-Hss-Cobalt-Drill-Bits-for-Hard-Metal-1.jpg\" alt=\"brocas de cobalto din338 m35 material co5 hss para metal duro\" width=\"650\" height=\"450\" srcset=\"https:\/\/www.tenyutool.com\/wp-content\/uploads\/2022\/09\/DIN338-M35-Material-Co5-Hss-Cobalt-Drill-Bits-for-Hard-Metal-1.jpg 650w, https:\/\/www.tenyutool.com\/wp-content\/uploads\/2022\/09\/DIN338-M35-Material-Co5-Hss-Cobalt-Drill-Bits-for-Hard-Metal-1-18x12.jpg 18w, https:\/\/www.tenyutool.com\/wp-content\/uploads\/2022\/09\/DIN338-M35-Material-Co5-Hss-Cobalt-Drill-Bits-for-Hard-Metal-1-600x415.jpg 600w\" sizes=\"(max-width: 650px) 100vw, 650px\" \/><figcaption id=\"caption-attachment-15736\" class=\"wp-caption-text\">brocas de cobalto din338 m35 material co5 hss para metal duro<\/figcaption><\/figure>\n<table class=\"has-title hight-light-first-column all magic-7\">\n<tbody>\n<tr>\n<td colspan=\"5\" rowspan=\"1\">\n<div class=\"magic-8\"><span class=\"magic-9\" style=\"font-family: Arial;\" data-spm-anchor-id=\"a2700.details.0.i29.6beb7e06MqKB48\">Descripci\u00f3n del producto<\/span><\/div>\n<\/td>\n<\/tr>\n<tr>\n<td colspan=\"5\" rowspan=\"1\">\n<div class=\"magic-8\"><span class=\"magic-13\"><span class=\"magic-14\" style=\"font-family: Arial;\"><b class=\"magic-14\" data-spm-anchor-id=\"0.0.0.i53.2dea4f05jD1M0Y\"><span class=\"magic-14\">M\u00e1s opciones para usted<\/span>:\u00a0<a class=\"magic-14\" href=\"https:\/\/www.tenyutool.com\/espanol\/\" target=\"_blank\" rel=\"noopener\">Hogar<\/a>\u00a0&gt; Broca HSS\u00a0<\/b><\/span><b><\/b><\/span><\/div>\n<\/td>\n<\/tr>\n<tr>\n<td colspan=\"1\" rowspan=\"1\">\n<div class=\"magic-15\">nombre del producto<\/div>\n<\/td>\n<td colspan=\"4\" rowspan=\"1\">\n<div class=\"magic-16\">Tipos de acero de alta velocidad de las mejores brocas para metal Totalmente rectificadas<\/div>\n<\/td>\n<\/tr>\n<tr>\n<td colspan=\"1\" rowspan=\"1\">\n<div class=\"magic-15\">Material<\/div>\n<\/td>\n<td colspan=\"4\" rowspan=\"1\">\n<div class=\"magic-16\">Cobalto HSS ( M35 HSS-E HSS-Co5% )<\/div>\n<\/td>\n<\/tr>\n<tr>\n<td colspan=\"1\" rowspan=\"1\">\n<div class=\"magic-15\">Proceso<\/div>\n<\/td>\n<td colspan=\"4\" rowspan=\"1\">\n<div class=\"magic-16\" data-spm-anchor-id=\"a2700.details.0.i22.6beb7e06MqKB48\">Totalmente molido (tambi\u00e9n tiene laminado y pulido, laminado, fresado)<\/div>\n<\/td>\n<\/tr>\n<tr>\n<td colspan=\"1\" rowspan=\"1\">\n<div class=\"magic-15\">Est\u00e1ndar<\/div>\n<\/td>\n<td colspan=\"4\" rowspan=\"1\">\n<div class=\"magic-16\" data-spm-anchor-id=\"a2700.details.0.i23.6beb7e06MqKB48\">DIN338 (tambi\u00e9n tiene Stub DIN1897, Long DIN340, Extra Long DIN1869, Blacksmith Shank Reducido 10 mm, 13 mm, DIN345 Taper Shank est\u00e1n disponibles)<br \/>\nLongitud de Jobber (tambi\u00e9n tiene longitud de m\u00e1quina de tornillo corto, longitud c\u00f3nica larga, extensi\u00f3n de aeronave, extra larga de 12\u2033, 18\u2033, 24\u2033, v\u00e1stago reducido plateado y Deming de 1\/2\u2033)<\/div>\n<\/td>\n<\/tr>\n<tr>\n<td colspan=\"1\" rowspan=\"1\">\n<div class=\"magic-15\">Tama\u00f1o<\/div>\n<\/td>\n<td colspan=\"4\" rowspan=\"1\">\n<div class=\"magic-16\">1\/16\u2033 \u2013 1\u2033 (0.5mm-25mm)<\/div>\n<\/td>\n<\/tr>\n<tr>\n<td colspan=\"1\" rowspan=\"1\">\n<div class=\"magic-15\">Tipo de punto<\/div>\n<\/td>\n<td colspan=\"4\" rowspan=\"1\">\n<div class=\"magic-16\">Punto de divisi\u00f3n de 135 grados (tambi\u00e9n tiene punto regular de 118 grados, punto Turbo Max, punto piloto)<\/div>\n<\/td>\n<\/tr>\n<tr>\n<td colspan=\"1\" rowspan=\"1\">\n<div class=\"magic-17\">Paquete<\/div>\n<\/td>\n<td class=\"magic-18\" colspan=\"4\" rowspan=\"1\">\n<div class=\"magic-19\">10\/5 piezas en bolsa de PVC, caja de pl\u00e1stico, individualmente en tarjeta de piel, doble bl\u00edster, concha<\/div>\n<\/td>\n<\/tr>\n<\/tbody>\n<\/table>","protected":false},"excerpt":{"rendered":"<p>Features: Made from cobalt(5%) High Speed Steel , increases the wear and heat resistance of drill bit, the life span of drill bit is prolonged. Fully Grinding Processing makes the surface of drill bit smoother, the friction can be reduced and the cutting speed is faster. Perfect suitable for drilling in hard metals such as [&hellip;]<\/p>\n","protected":false},"featured_media":15736,"comment_status":"closed","ping_status":"closed","template":"","meta":{"_acf_changed":false,"_seopress_robots_primary_cat":"","_seopress_titles_title":"DIN338 M35 Material | Co5 Hss Cobalt Drill Bits","_seopress_titles_desc":"","_seopress_robots_index":"","site-sidebar-layout":"default","site-content-layout":"default","ast-site-content-layout":"default","site-content-style":"default","site-sidebar-style":"default","ast-global-header-display":"","ast-banner-title-visibility":"","ast-main-header-display":"","ast-hfb-above-header-display":"","ast-hfb-below-header-display":"","ast-hfb-mobile-header-display":"","site-post-title":"","ast-breadcrumbs-content":"","ast-featured-img":"","footer-sml-layout":"","ast-disable-related-posts":"","theme-transparent-header-meta":"default","adv-header-id-meta":"","stick-header-meta":"","header-above-stick-meta":"","header-main-stick-meta":"","header-below-stick-meta":"","astra-migrate-meta-layouts":"default","ast-page-background-enabled":"default","ast-page-background-meta":{"desktop":{"background-color":"","background-image":"","background-repeat":"repeat","background-position":"center center","background-size":"auto","background-attachment":"scroll","background-type":"","background-media":"","overlay-type":"","overlay-color":"","overlay-opacity":"","overlay-gradient":""},"tablet":{"background-color":"","background-image":"","background-repeat":"repeat","background-position":"center center","background-size":"auto","background-attachment":"scroll","background-type":"","background-media":"","overlay-type":"","overlay-color":"","overlay-opacity":"","overlay-gradient":""},"mobile":{"background-color":"","background-image":"","background-repeat":"repeat","background-position":"center center","background-size":"auto","background-attachment":"scroll","background-type":"","background-media":"","overlay-type":"","overlay-color":"","overlay-opacity":"","overlay-gradient":""}},"ast-content-background-meta":{"desktop":{"background-color":"var(--ast-global-color-5)","background-image":"","background-repeat":"repeat","background-position":"center center","background-size":"auto","background-attachment":"scroll","background-type":"","background-media":"","overlay-type":"","overlay-color":"","overlay-opacity":"","overlay-gradient":""},"tablet":{"background-color":"var(--ast-global-color-5)","background-image":"","background-repeat":"repeat","background-position":"center center","background-size":"auto","background-attachment":"scroll","background-type":"","background-media":"","overlay-type":"","overlay-color":"","overlay-opacity":"","overlay-gradient":""},"mobile":{"background-color":"var(--ast-global-color-5)","background-image":"","background-repeat":"repeat","background-position":"center center","background-size":"auto","background-attachment":"scroll","background-type":"","background-media":"","overlay-type":"","overlay-color":"","overlay-opacity":"","overlay-gradient":""}}},"product_brand":[],"product_cat":[29],"product_tag":[],"class_list":{"0":"post-15734","1":"product","2":"type-product","3":"status-publish","4":"has-post-thumbnail","6":"product_cat-hss-twist-drill-bits","7":"desktop-align-left","8":"tablet-align-left","9":"mobile-align-left","11":"first","12":"instock","13":"shipping-taxable","14":"product-type-simple"},"acf":[],"_links":{"self":[{"href":"https:\/\/www.tenyutool.com\/espanol\/wp-json\/wp\/v2\/product\/15734","targetHints":{"allow":["GET"]}}],"collection":[{"href":"https:\/\/www.tenyutool.com\/espanol\/wp-json\/wp\/v2\/product"}],"about":[{"href":"https:\/\/www.tenyutool.com\/espanol\/wp-json\/wp\/v2\/types\/product"}],"replies":[{"embeddable":true,"href":"https:\/\/www.tenyutool.com\/espanol\/wp-json\/wp\/v2\/comments?post=15734"}],"wp:featuredmedia":[{"embeddable":true,"href":"https:\/\/www.tenyutool.com\/espanol\/wp-json\/wp\/v2\/media\/15736"}],"wp:attachment":[{"href":"https:\/\/www.tenyutool.com\/espanol\/wp-json\/wp\/v2\/media?parent=15734"}],"wp:term":[{"taxonomy":"product_brand","embeddable":true,"href":"https:\/\/www.tenyutool.com\/espanol\/wp-json\/wp\/v2\/product_brand?post=15734"},{"taxonomy":"product_cat","embeddable":true,"href":"https:\/\/www.tenyutool.com\/espanol\/wp-json\/wp\/v2\/product_cat?post=15734"},{"taxonomy":"product_tag","embeddable":true,"href":"https:\/\/www.tenyutool.com\/espanol\/wp-json\/wp\/v2\/product_tag?post=15734"}],"curies":[{"name":"wp","href":"https:\/\/api.w.org\/{rel}","templated":true}]}}