{"id":15875,"date":"2022-10-06T07:13:44","date_gmt":"2022-10-06T07:13:44","guid":{"rendered":"https:\/\/www.tenyutool.com\/?post_type=product&#038;p=15875"},"modified":"2022-10-06T07:13:55","modified_gmt":"2022-10-06T07:13:55","slug":"juego-de-brocas-cortas","status":"publish","type":"product","link":"https:\/\/www.tenyutool.com\/espanol\/product\/short-drill-bit-set\/","title":{"rendered":"DIN1897 V\u00e1stago hexagonal Metal Hss Twist Stub Broca corta recubierta de titanio"},"content":{"rendered":"<p>Caracter\u00edsticas:<\/p>\n<ul>\n<li>Una buena combinaci\u00f3n de tenacidad y dureza.<\/li>\n<li>El \u00e1ngulo de punta dividida de 135 grados es autocentrante, reduce el caminar, es bueno para materiales duros y reduce la presi\u00f3n sobre los bordes cortantes.<\/li>\n<li>Longitud corta, para mayor rigidez y mayor resistencia.<\/li>\n<li>La flauta corta y la longitud total aumentan la rigidez, lo que da como resultado una mejor precisi\u00f3n del orificio y una mayor vida \u00fatil de la herramienta.<\/li>\n<li data-spm-anchor-id=\"a2700.pc-decorate.0.i12.69273333w5UdeT\">Recomendado para taladrar materiales de alta resistencia como acero inoxidable, titanio y acero al manganeso.<\/li>\n<\/ul>\n<figure id=\"attachment_15877\" aria-describedby=\"caption-attachment-15877\" style=\"width: 800px\" class=\"wp-caption alignnone\"><img fetchpriority=\"high\" decoding=\"async\" class=\"size-full wp-image-15877\" src=\"https:\/\/www.tenyutool.com\/wp-content\/uploads\/2022\/10\/DIN1897-Hex-Shank-Metal-Hss-Twist-Stub-Short-Titanium-Coated-Drill-Bit.jpg\" alt=\"din1897 v\u00e1stago hexagonal metal hss torcedura broca corta recubierta de titanio\" width=\"800\" height=\"800\" srcset=\"https:\/\/www.tenyutool.com\/wp-content\/uploads\/2022\/10\/DIN1897-Hex-Shank-Metal-Hss-Twist-Stub-Short-Titanium-Coated-Drill-Bit.jpg 800w, https:\/\/www.tenyutool.com\/wp-content\/uploads\/2022\/10\/DIN1897-Hex-Shank-Metal-Hss-Twist-Stub-Short-Titanium-Coated-Drill-Bit-150x150.jpg 150w, https:\/\/www.tenyutool.com\/wp-content\/uploads\/2022\/10\/DIN1897-Hex-Shank-Metal-Hss-Twist-Stub-Short-Titanium-Coated-Drill-Bit-768x768.jpg 768w, https:\/\/www.tenyutool.com\/wp-content\/uploads\/2022\/10\/DIN1897-Hex-Shank-Metal-Hss-Twist-Stub-Short-Titanium-Coated-Drill-Bit-12x12.jpg 12w, https:\/\/www.tenyutool.com\/wp-content\/uploads\/2022\/10\/DIN1897-Hex-Shank-Metal-Hss-Twist-Stub-Short-Titanium-Coated-Drill-Bit-300x300.jpg 300w, https:\/\/www.tenyutool.com\/wp-content\/uploads\/2022\/10\/DIN1897-Hex-Shank-Metal-Hss-Twist-Stub-Short-Titanium-Coated-Drill-Bit-600x600.jpg 600w, https:\/\/www.tenyutool.com\/wp-content\/uploads\/2022\/10\/DIN1897-Hex-Shank-Metal-Hss-Twist-Stub-Short-Titanium-Coated-Drill-Bit-100x100.jpg 100w\" sizes=\"(max-width: 800px) 100vw, 800px\" \/><figcaption id=\"caption-attachment-15877\" class=\"wp-caption-text\">din1897 v\u00e1stago hexagonal metal hss torcedura broca corta recubierta de titanio<\/figcaption><\/figure>\n<table class=\"has-title hight-light-first-column all magic-7\">\n<tbody>\n<tr>\n<td colspan=\"5\" rowspan=\"1\">\n<div class=\"magic-8\"><span class=\"magic-9\" style=\"font-family: Arial;\">Descripci\u00f3n del producto<\/span><\/div>\n<\/td>\n<\/tr>\n<tr>\n<td colspan=\"5\" rowspan=\"1\">\n<div class=\"magic-8\"><span class=\"magic-13\"><span class=\"magic-14\" style=\"font-family: Arial;\"><b class=\"magic-14\" data-spm-anchor-id=\"0.0.0.i53.2dea4f05jD1M0Y\"><span class=\"magic-14\">M\u00e1s opciones para usted<\/span>:\u00a0<a class=\"magic-14\" href=\"https:\/\/www.tenyutool.com\/espanol\/\" target=\"_blank\" rel=\"noopener\">Hogar<\/a>\u00a0&gt; Broca HSS\u00a0<span class=\"magic-14\" data-spm-anchor-id=\"0.0.0.i26.2dea4f058f9DSS\">&gt;\u00a0<\/span><\/b><\/span><b><span class=\"magic-14\">Broca de v\u00e1stago recto<\/span><\/b><\/span><\/div>\n<\/td>\n<\/tr>\n<tr>\n<td colspan=\"1\" rowspan=\"1\">\n<div class=\"magic-15\">nombre del producto<\/div>\n<\/td>\n<td colspan=\"4\" rowspan=\"1\">\n<div class=\"magic-16\">DIN1897 V\u00e1stago hexagonal Hss Broca helicoidal con superficie recubierta de titanio Juego de brocas de longitud corta para perforaci\u00f3n de metal de lat\u00f3n<\/div>\n<\/td>\n<\/tr>\n<tr>\n<td colspan=\"1\" rowspan=\"1\">\n<div class=\"magic-15\">Material<\/div>\n<\/td>\n<td colspan=\"4\" rowspan=\"1\">\n<div class=\"magic-16\">HSS4241, HSS4341, HSS6542 (M2), M35, M42<\/div>\n<\/td>\n<\/tr>\n<tr>\n<td colspan=\"1\" rowspan=\"1\">\n<div class=\"magic-15\">Proceso<\/div>\n<\/td>\n<td colspan=\"4\" rowspan=\"1\">\n<div class=\"magic-16\">Totalmente molido (tambi\u00e9n tiene laminado y pulido, laminado, fresado)<\/div>\n<\/td>\n<\/tr>\n<tr>\n<td colspan=\"1\" rowspan=\"1\">\n<div class=\"magic-15\">Est\u00e1ndar<\/div>\n<\/td>\n<td colspan=\"4\" rowspan=\"1\">\n<div class=\"magic-16\">Stub DIN1897, Stub Tornillo Longitud de la m\u00e1quina<\/div>\n<\/td>\n<\/tr>\n<tr>\n<td colspan=\"1\" rowspan=\"1\">\n<div class=\"magic-15\">Tama\u00f1o<\/div>\n<\/td>\n<td colspan=\"4\" rowspan=\"1\">\n<div class=\"magic-16\">1 \u2013 13 mm (3\/64\u2033 \u2013 1\/2\u2033)<\/div>\n<\/td>\n<\/tr>\n<tr>\n<td colspan=\"1\" rowspan=\"1\">\n<div class=\"magic-15\">Tipo de punto<\/div>\n<\/td>\n<td colspan=\"4\" rowspan=\"1\">\n<div class=\"magic-16\">Punto de divisi\u00f3n de 135 grados (tambi\u00e9n tiene punto regular de 118 grados, punto Turbo Max, punto piloto)<\/div>\n<\/td>\n<\/tr>\n<tr>\n<td colspan=\"1\" rowspan=\"1\">\n<div class=\"magic-17\">Tipo de v\u00e1stago<\/div>\n<\/td>\n<td class=\"magic-18\" colspan=\"4\" rowspan=\"1\">\n<div class=\"magic-19\">V\u00e1stago hexagonal (tambi\u00e9n tenemos v\u00e1stago Tri-Flats, v\u00e1stago recto, v\u00e1stago hexagonal R doble, v\u00e1stago reducido, v\u00e1stago hexagonal roscado, v\u00e1stago c\u00f3nico)<\/div>\n<\/td>\n<\/tr>\n<tr>\n<td colspan=\"1\" rowspan=\"1\">\n<div class=\"magic-15\">\u00c1ngulo de h\u00e9lice<\/div>\n<\/td>\n<td colspan=\"4\" rowspan=\"1\">\n<div class=\"magic-19\">Espiral regular tipo N (tambi\u00e9n tiene espiral lenta tipo H, espiral r\u00e1pida tipo W, espiral izquierda)<\/div>\n<\/td>\n<\/tr>\n<tr>\n<td colspan=\"1\" rowspan=\"1\">\n<div class=\"magic-15\">Web y tipo de flauta<\/div>\n<\/td>\n<td colspan=\"4\" rowspan=\"1\">\n<div class=\"magic-19\" data-spm-anchor-id=\"a2700.details.0.i24.26a57c63XA5ohH\">Telara\u00f1a y flauta regulares (tambi\u00e9n tienen telara\u00f1a gruesa con flauta parab\u00f3lica, telara\u00f1a resistente con flauta regular)<\/div>\n<\/td>\n<\/tr>\n<tr>\n<td colspan=\"1\" rowspan=\"1\">\n<div class=\"magic-15\">Acabado de la superficie<\/div>\n<\/td>\n<td colspan=\"4\" rowspan=\"1\">\n<div class=\"magic-19\">Color \u00e1mbar, brillante, \u00f3xido negro, negro y dorado, titanio, negro y brillante)<\/div>\n<\/td>\n<\/tr>\n<tr>\n<td colspan=\"1\" rowspan=\"1\">\n<div class=\"magic-15\">Paquete<\/div>\n<\/td>\n<td colspan=\"4\" rowspan=\"1\">\n<div class=\"magic-19\">10\/5 piezas en bolsa de PVC, caja de pl\u00e1stico, individualmente en tarjeta de piel, doble bl\u00edster, concha<\/div>\n<\/td>\n<\/tr>\n<\/tbody>\n<\/table>","protected":false},"excerpt":{"rendered":"<p>Features: A good combination of toughness and hardness. 135-degree split point angle is self-centering, reduces walking, is good for hard material, and reduces pressure on cutting edges. Short-length, for better rigidity and increased strength. Short flute and overall length increase rigidity, resulting in better hole accuracy and extended tool life. Recommended for drilling high tensile [&hellip;]<\/p>\n","protected":false},"featured_media":15877,"comment_status":"closed","ping_status":"closed","template":"","meta":{"_acf_changed":false,"_seopress_robots_primary_cat":"none","_seopress_titles_title":"Short Drill Bit Set | Titanium Hex Shank Durable Drill Bits","_seopress_titles_desc":"","_seopress_robots_index":"","site-sidebar-layout":"default","site-content-layout":"default","ast-site-content-layout":"default","site-content-style":"default","site-sidebar-style":"default","ast-global-header-display":"","ast-banner-title-visibility":"","ast-main-header-display":"","ast-hfb-above-header-display":"","ast-hfb-below-header-display":"","ast-hfb-mobile-header-display":"","site-post-title":"","ast-breadcrumbs-content":"","ast-featured-img":"","footer-sml-layout":"","ast-disable-related-posts":"","theme-transparent-header-meta":"default","adv-header-id-meta":"","stick-header-meta":"","header-above-stick-meta":"","header-main-stick-meta":"","header-below-stick-meta":"","astra-migrate-meta-layouts":"default","ast-page-background-enabled":"default","ast-page-background-meta":{"desktop":{"background-color":"","background-image":"","background-repeat":"repeat","background-position":"center center","background-size":"auto","background-attachment":"scroll","background-type":"","background-media":"","overlay-type":"","overlay-color":"","overlay-opacity":"","overlay-gradient":""},"tablet":{"background-color":"","background-image":"","background-repeat":"repeat","background-position":"center center","background-size":"auto","background-attachment":"scroll","background-type":"","background-media":"","overlay-type":"","overlay-color":"","overlay-opacity":"","overlay-gradient":""},"mobile":{"background-color":"","background-image":"","background-repeat":"repeat","background-position":"center center","background-size":"auto","background-attachment":"scroll","background-type":"","background-media":"","overlay-type":"","overlay-color":"","overlay-opacity":"","overlay-gradient":""}},"ast-content-background-meta":{"desktop":{"background-color":"var(--ast-global-color-5)","background-image":"","background-repeat":"repeat","background-position":"center center","background-size":"auto","background-attachment":"scroll","background-type":"","background-media":"","overlay-type":"","overlay-color":"","overlay-opacity":"","overlay-gradient":""},"tablet":{"background-color":"var(--ast-global-color-5)","background-image":"","background-repeat":"repeat","background-position":"center center","background-size":"auto","background-attachment":"scroll","background-type":"","background-media":"","overlay-type":"","overlay-color":"","overlay-opacity":"","overlay-gradient":""},"mobile":{"background-color":"var(--ast-global-color-5)","background-image":"","background-repeat":"repeat","background-position":"center center","background-size":"auto","background-attachment":"scroll","background-type":"","background-media":"","overlay-type":"","overlay-color":"","overlay-opacity":"","overlay-gradient":""}}},"product_brand":[],"product_cat":[22],"product_tag":[],"class_list":{"0":"post-15875","1":"product","2":"type-product","3":"status-publish","4":"has-post-thumbnail","6":"product_cat-drillbits","7":"desktop-align-left","8":"tablet-align-left","9":"mobile-align-left","11":"first","12":"instock","13":"shipping-taxable","14":"product-type-simple"},"acf":[],"_links":{"self":[{"href":"https:\/\/www.tenyutool.com\/espanol\/wp-json\/wp\/v2\/product\/15875","targetHints":{"allow":["GET"]}}],"collection":[{"href":"https:\/\/www.tenyutool.com\/espanol\/wp-json\/wp\/v2\/product"}],"about":[{"href":"https:\/\/www.tenyutool.com\/espanol\/wp-json\/wp\/v2\/types\/product"}],"replies":[{"embeddable":true,"href":"https:\/\/www.tenyutool.com\/espanol\/wp-json\/wp\/v2\/comments?post=15875"}],"wp:featuredmedia":[{"embeddable":true,"href":"https:\/\/www.tenyutool.com\/espanol\/wp-json\/wp\/v2\/media\/15877"}],"wp:attachment":[{"href":"https:\/\/www.tenyutool.com\/espanol\/wp-json\/wp\/v2\/media?parent=15875"}],"wp:term":[{"taxonomy":"product_brand","embeddable":true,"href":"https:\/\/www.tenyutool.com\/espanol\/wp-json\/wp\/v2\/product_brand?post=15875"},{"taxonomy":"product_cat","embeddable":true,"href":"https:\/\/www.tenyutool.com\/espanol\/wp-json\/wp\/v2\/product_cat?post=15875"},{"taxonomy":"product_tag","embeddable":true,"href":"https:\/\/www.tenyutool.com\/espanol\/wp-json\/wp\/v2\/product_tag?post=15875"}],"curies":[{"name":"wp","href":"https:\/\/api.w.org\/{rel}","templated":true}]}}