{"id":16196,"date":"2022-10-25T07:33:02","date_gmt":"2022-10-25T07:33:02","guid":{"rendered":"https:\/\/www.tenyutool.com\/?post_type=product&#038;p=16196"},"modified":"2022-10-25T07:33:03","modified_gmt":"2022-10-25T07:33:03","slug":"3-brocas-de-vastago-plano","status":"publish","type":"product","link":"https:\/\/www.tenyutool.com\/espanol\/product\/3-flat-shank-drill-bits\/","title":{"rendered":"Broca HSS de 1\/4\u2033 con acabado en negro y dorado, longitud est\u00e1ndar con v\u00e1stago de 3 planos, punta dividida de 135 grados"},"content":{"rendered":"<p>Caracter\u00edsticas:<\/p>\n<ul>\n<li>Construcci\u00f3n cl\u00e1sica de acero de alta velocidad M2 con acabado negro y dorado para una capacidad y durabilidad comprobadas.<\/li>\n<li>Dureza: Nivel de dureza de la pared de roca de las brocas helicoidales M2 HRC 62-63.<\/li>\n<li>Dise\u00f1o de 135 puntas y giros: aumenta la velocidad de corte con autocentrado y evita caminar, limpia las virutas y part\u00edculas m\u00e1s r\u00e1pido.<\/li>\n<li>Para uso en metal, madera y pl\u00e1sticos. No apto para uso en hormig\u00f3n\/mamposter\u00eda.\n<figure id=\"attachment_16198\" aria-describedby=\"caption-attachment-16198\" style=\"width: 800px\" class=\"wp-caption alignnone\"><img fetchpriority=\"high\" decoding=\"async\" class=\"size-full wp-image-16198\" src=\"https:\/\/www.tenyutool.com\/wp-content\/uploads\/2022\/10\/14-HSS-Black-Gold-Finished-Drill-Bit-Jobber-Length-with-3-flat-Shank-135-Degree-Split-Point.jpg\" alt=\"Broca hss de 1\/4&quot; con acabado en negro y dorado, longitud est\u00e1ndar con 3 espigas planas, punta dividida de 135 grados\" width=\"800\" height=\"800\" srcset=\"https:\/\/www.tenyutool.com\/wp-content\/uploads\/2022\/10\/14-HSS-Black-Gold-Finished-Drill-Bit-Jobber-Length-with-3-flat-Shank-135-Degree-Split-Point.jpg 800w, https:\/\/www.tenyutool.com\/wp-content\/uploads\/2022\/10\/14-HSS-Black-Gold-Finished-Drill-Bit-Jobber-Length-with-3-flat-Shank-135-Degree-Split-Point-150x150.jpg 150w, https:\/\/www.tenyutool.com\/wp-content\/uploads\/2022\/10\/14-HSS-Black-Gold-Finished-Drill-Bit-Jobber-Length-with-3-flat-Shank-135-Degree-Split-Point-768x768.jpg 768w, https:\/\/www.tenyutool.com\/wp-content\/uploads\/2022\/10\/14-HSS-Black-Gold-Finished-Drill-Bit-Jobber-Length-with-3-flat-Shank-135-Degree-Split-Point-12x12.jpg 12w, https:\/\/www.tenyutool.com\/wp-content\/uploads\/2022\/10\/14-HSS-Black-Gold-Finished-Drill-Bit-Jobber-Length-with-3-flat-Shank-135-Degree-Split-Point-300x300.jpg 300w, https:\/\/www.tenyutool.com\/wp-content\/uploads\/2022\/10\/14-HSS-Black-Gold-Finished-Drill-Bit-Jobber-Length-with-3-flat-Shank-135-Degree-Split-Point-600x600.jpg 600w, https:\/\/www.tenyutool.com\/wp-content\/uploads\/2022\/10\/14-HSS-Black-Gold-Finished-Drill-Bit-Jobber-Length-with-3-flat-Shank-135-Degree-Split-Point-100x100.jpg 100w\" sizes=\"(max-width: 800px) 100vw, 800px\" \/><figcaption id=\"caption-attachment-16198\" class=\"wp-caption-text\">Broca de 1\/4\u2033 hss con acabado en negro y dorado, longitud tipo jobber con 3 espigas planas, punta dividida de 135 grados<\/figcaption><\/figure>\n<table style=\"border-collapse: collapse; width: 1301px; height: 446px;\" border=\"0\" width=\"703\" cellspacing=\"0\" cellpadding=\"0\">\n<tbody>\n<tr style=\"height: 45.00pt;\">\n<td class=\"et2\" style=\"height: 45.00pt; width: 527.25pt;\" colspan=\"9\" width=\"703\" height=\"60\">\n<h2>Descripci\u00f3n del producto<\/h2>\n<\/td>\n<\/tr>\n<tr style=\"height: 25.00pt;\">\n<td class=\"et4\" style=\"height: 25.00pt;\" colspan=\"9\" height=\"33\">M\u00e1s opciones para ti:<a href=\"https:\/\/www.tenyutool.com\/espanol\/\">Hogar<\/a><\/td>\n<\/tr>\n<tr style=\"height: 35.00pt;\">\n<td class=\"et5\" style=\"height: 35.00pt;\" colspan=\"2\" height=\"46\">nombre del producto<\/td>\n<td class=\"et6\" colspan=\"7\">Broca HSS de 1\/4\u2033 con acabado en negro y dorado, longitud est\u00e1ndar con v\u00e1stago de 3 planos, punta dividida de 135 grados<\/td>\n<\/tr>\n<tr style=\"height: 35.00pt;\">\n<td class=\"et6\" style=\"height: 35.00pt;\" colspan=\"2\" height=\"46\">Tipo de acabado<\/td>\n<td class=\"et6\" colspan=\"7\">Oro<\/td>\n<\/tr>\n<tr style=\"height: 35.00pt;\">\n<td class=\"et6\" style=\"height: 35.00pt;\" colspan=\"2\" height=\"46\">Tipo de v\u00e1stago<\/td>\n<td class=\"et6\" colspan=\"7\">3-v\u00e1stago plano<\/td>\n<\/tr>\n<tr style=\"height: 35.00pt;\">\n<td class=\"et6\" style=\"height: 35.00pt;\" colspan=\"2\" height=\"46\">Cuerda de \u00e1ngulo de corte<\/td>\n<td class=\"et6\" colspan=\"7\">135 grados<\/td>\n<\/tr>\n<tr style=\"height: 35.00pt;\">\n<td class=\"et6\" style=\"height: 35.00pt;\" colspan=\"2\" height=\"46\">Recomendaci\u00f3n de superficie<\/td>\n<td class=\"et6\" colspan=\"7\">Madera, Pl\u00e1stico, Metal, Acero<\/td>\n<\/tr>\n<tr style=\"height: 30.00pt;\">\n<td class=\"et6\" style=\"height: 30.00pt;\" colspan=\"2\" height=\"40\">Tama\u00f1o del paquete<\/td>\n<td class=\"et7\" style=\"width: 378.00pt;\" colspan=\"7\" width=\"504\">6 brocas en una bolsa de pl\u00e1stico, di\u00e1metro 7\/16 pulgadas, longitud total 5-1\/2 pulgadas, longitud de trabajo 4-1\/16 pulgadas.<\/td>\n<\/tr>\n<\/tbody>\n<\/table>\n<\/li>\n<\/ul>","protected":false},"excerpt":{"rendered":"<p>Features: Classic M2 High Speed Steel construction with Black and Gold finish for proven capability and durability. Hardness: M2 Twist drill bits\u2019 Rock wall Hardness Level HRC 62-63. 135 Tip &amp; Twist Design: Increases cutting speed with self-centering and prevents walking, clears chips and particles faster. For use on metal, wood &amp; plastics. Not For [&hellip;]<\/p>\n","protected":false},"featured_media":16198,"comment_status":"closed","ping_status":"closed","template":"","meta":{"_acf_changed":false,"_seopress_robots_primary_cat":"","_seopress_titles_title":"1\/4&quot; HSS Black &amp; Gold Finished Drill Bit | Jobber Length with 3-flat Shank","_seopress_titles_desc":"","_seopress_robots_index":"","site-sidebar-layout":"default","site-content-layout":"default","ast-site-content-layout":"default","site-content-style":"default","site-sidebar-style":"default","ast-global-header-display":"","ast-banner-title-visibility":"","ast-main-header-display":"","ast-hfb-above-header-display":"","ast-hfb-below-header-display":"","ast-hfb-mobile-header-display":"","site-post-title":"","ast-breadcrumbs-content":"","ast-featured-img":"","footer-sml-layout":"","ast-disable-related-posts":"","theme-transparent-header-meta":"default","adv-header-id-meta":"","stick-header-meta":"","header-above-stick-meta":"","header-main-stick-meta":"","header-below-stick-meta":"","astra-migrate-meta-layouts":"default","ast-page-background-enabled":"default","ast-page-background-meta":{"desktop":{"background-color":"","background-image":"","background-repeat":"repeat","background-position":"center center","background-size":"auto","background-attachment":"scroll","background-type":"","background-media":"","overlay-type":"","overlay-color":"","overlay-opacity":"","overlay-gradient":""},"tablet":{"background-color":"","background-image":"","background-repeat":"repeat","background-position":"center center","background-size":"auto","background-attachment":"scroll","background-type":"","background-media":"","overlay-type":"","overlay-color":"","overlay-opacity":"","overlay-gradient":""},"mobile":{"background-color":"","background-image":"","background-repeat":"repeat","background-position":"center center","background-size":"auto","background-attachment":"scroll","background-type":"","background-media":"","overlay-type":"","overlay-color":"","overlay-opacity":"","overlay-gradient":""}},"ast-content-background-meta":{"desktop":{"background-color":"var(--ast-global-color-5)","background-image":"","background-repeat":"repeat","background-position":"center center","background-size":"auto","background-attachment":"scroll","background-type":"","background-media":"","overlay-type":"","overlay-color":"","overlay-opacity":"","overlay-gradient":""},"tablet":{"background-color":"var(--ast-global-color-5)","background-image":"","background-repeat":"repeat","background-position":"center center","background-size":"auto","background-attachment":"scroll","background-type":"","background-media":"","overlay-type":"","overlay-color":"","overlay-opacity":"","overlay-gradient":""},"mobile":{"background-color":"var(--ast-global-color-5)","background-image":"","background-repeat":"repeat","background-position":"center center","background-size":"auto","background-attachment":"scroll","background-type":"","background-media":"","overlay-type":"","overlay-color":"","overlay-opacity":"","overlay-gradient":""}}},"product_brand":[],"product_cat":[30,29],"product_tag":[],"class_list":{"0":"post-16196","1":"product","2":"type-product","3":"status-publish","4":"has-post-thumbnail","6":"product_cat-3-flat-shank-drill-bits","7":"product_cat-hss-twist-drill-bits","8":"desktop-align-left","9":"tablet-align-left","10":"mobile-align-left","12":"first","13":"instock","14":"shipping-taxable","15":"product-type-simple"},"acf":[],"_links":{"self":[{"href":"https:\/\/www.tenyutool.com\/espanol\/wp-json\/wp\/v2\/product\/16196","targetHints":{"allow":["GET"]}}],"collection":[{"href":"https:\/\/www.tenyutool.com\/espanol\/wp-json\/wp\/v2\/product"}],"about":[{"href":"https:\/\/www.tenyutool.com\/espanol\/wp-json\/wp\/v2\/types\/product"}],"replies":[{"embeddable":true,"href":"https:\/\/www.tenyutool.com\/espanol\/wp-json\/wp\/v2\/comments?post=16196"}],"wp:featuredmedia":[{"embeddable":true,"href":"https:\/\/www.tenyutool.com\/espanol\/wp-json\/wp\/v2\/media\/16198"}],"wp:attachment":[{"href":"https:\/\/www.tenyutool.com\/espanol\/wp-json\/wp\/v2\/media?parent=16196"}],"wp:term":[{"taxonomy":"product_brand","embeddable":true,"href":"https:\/\/www.tenyutool.com\/espanol\/wp-json\/wp\/v2\/product_brand?post=16196"},{"taxonomy":"product_cat","embeddable":true,"href":"https:\/\/www.tenyutool.com\/espanol\/wp-json\/wp\/v2\/product_cat?post=16196"},{"taxonomy":"product_tag","embeddable":true,"href":"https:\/\/www.tenyutool.com\/espanol\/wp-json\/wp\/v2\/product_tag?post=16196"}],"curies":[{"name":"wp","href":"https:\/\/api.w.org\/{rel}","templated":true}]}}