{"id":16615,"date":"2022-12-05T01:57:59","date_gmt":"2022-12-05T01:57:59","guid":{"rendered":"https:\/\/www.tenyutool.com\/?post_type=product&#038;p=16615"},"modified":"2022-12-05T01:58:56","modified_gmt":"2022-12-05T01:58:56","slug":"40cr-acero-sds-max-arcilla-pala-cincel","status":"publish","type":"product","link":"https:\/\/www.tenyutool.com\/espanol\/product\/40cr-steel-sds-max-clay-spade-chisel\/","title":{"rendered":"Rotomartillo de acero 40Cr SDS Max Shank Clay Spade Broca de cincel para excavar grava de suelo duro"},"content":{"rendered":"<p>Caracter\u00edsticas:<\/p>\n<ul>\n<li>Puntas de cincel de pala de arcilla de v\u00e1stago hexagonal de reemplazo extralargas y resistentes.<\/li>\n<li>Dise\u00f1ado para demolici\u00f3n seria.<\/li>\n<li>El mango extralargo est\u00e1 dise\u00f1ado para mejorar la accesibilidad y garantizar la comodidad.<\/li>\n<li>Se usa f\u00e1cilmente para cavar a trav\u00e9s de concreto, tierra compactada, cortar c\u00e9sped grueso y arar.<\/li>\n<li>Mayor dureza y resistencia a la abrasi\u00f3n, oxidaci\u00f3n y corrosi\u00f3n.<\/li>\n<\/ul>\n<figure id=\"attachment_16620\" aria-describedby=\"caption-attachment-16620\" style=\"width: 800px\" class=\"wp-caption alignnone\"><img fetchpriority=\"high\" decoding=\"async\" class=\"size-full wp-image-16620\" src=\"https:\/\/www.tenyutool.com\/wp-content\/uploads\/2022\/12\/40Cr-Steel-Rotary-Hammer-SDS-Max-Shank-Clay-Spade-Chisel-Drill-Bit-for-Digging-Hard-Soil-Gravel.jpg\" alt=\"Martillo rotativo de acero 40cr sds max v\u00e1stago arcilla pala cincel broca para excavar grava de suelo duro\" width=\"800\" height=\"800\" srcset=\"https:\/\/www.tenyutool.com\/wp-content\/uploads\/2022\/12\/40Cr-Steel-Rotary-Hammer-SDS-Max-Shank-Clay-Spade-Chisel-Drill-Bit-for-Digging-Hard-Soil-Gravel.jpg 800w, https:\/\/www.tenyutool.com\/wp-content\/uploads\/2022\/12\/40Cr-Steel-Rotary-Hammer-SDS-Max-Shank-Clay-Spade-Chisel-Drill-Bit-for-Digging-Hard-Soil-Gravel-150x150.jpg 150w, https:\/\/www.tenyutool.com\/wp-content\/uploads\/2022\/12\/40Cr-Steel-Rotary-Hammer-SDS-Max-Shank-Clay-Spade-Chisel-Drill-Bit-for-Digging-Hard-Soil-Gravel-768x768.jpg 768w, https:\/\/www.tenyutool.com\/wp-content\/uploads\/2022\/12\/40Cr-Steel-Rotary-Hammer-SDS-Max-Shank-Clay-Spade-Chisel-Drill-Bit-for-Digging-Hard-Soil-Gravel-12x12.jpg 12w, https:\/\/www.tenyutool.com\/wp-content\/uploads\/2022\/12\/40Cr-Steel-Rotary-Hammer-SDS-Max-Shank-Clay-Spade-Chisel-Drill-Bit-for-Digging-Hard-Soil-Gravel-300x300.jpg 300w, https:\/\/www.tenyutool.com\/wp-content\/uploads\/2022\/12\/40Cr-Steel-Rotary-Hammer-SDS-Max-Shank-Clay-Spade-Chisel-Drill-Bit-for-Digging-Hard-Soil-Gravel-600x600.jpg 600w, https:\/\/www.tenyutool.com\/wp-content\/uploads\/2022\/12\/40Cr-Steel-Rotary-Hammer-SDS-Max-Shank-Clay-Spade-Chisel-Drill-Bit-for-Digging-Hard-Soil-Gravel-100x100.jpg 100w\" sizes=\"(max-width: 800px) 100vw, 800px\" \/><figcaption id=\"caption-attachment-16620\" class=\"wp-caption-text\">Martillo rotativo de acero 40cr sds max v\u00e1stago arcilla pala cincel broca para excavar grava de suelo duro<\/figcaption><\/figure>\n<table class=\"has-title hight-light-first-column all magic-6\">\n<tbody>\n<tr>\n<td colspan=\"5\" rowspan=\"1\">\n<div class=\"magic-7\"><span class=\"magic-8\">Descripci\u00f3n del producto<\/span><\/div>\n<\/td>\n<\/tr>\n<tr>\n<td colspan=\"5\" rowspan=\"1\">\n<div class=\"magic-7\"><span class=\"magic-11\"><b data-spm-anchor-id=\"0.0.0.i43.2dea4f05AneQoR\">M\u00e1s opciones para usted:\u00a0<a href=\"https:\/\/www.tenyutool.com\/espanol\/\" target=\"_blank\" rel=\"noopener\">Hogar<\/a> &gt;\u00a0<a href=\"https:\/\/www.tenyutool.com\/espanol\/sds-cincel\/\" target=\"_blank\" rel=\"noopener\">Cincel<\/a><\/b><\/span><\/div>\n<\/td>\n<\/tr>\n<tr>\n<td colspan=\"1\" rowspan=\"1\">\n<div class=\"magic-12\">nombre del producto<\/div>\n<\/td>\n<td colspan=\"4\" rowspan=\"1\">\n<div class=\"magic-13\" data-spm-anchor-id=\"a2700.details.0.i22.710febc7C1brpK\">Broca de cincel de pala de arcilla de v\u00e1stago m\u00e1ximo SDS para martillo perforador de acero 40Cr para grava de suelo duro<\/div>\n<\/td>\n<\/tr>\n<tr>\n<td colspan=\"1\" rowspan=\"1\">\n<div class=\"magic-12\">Material<\/div>\n<\/td>\n<td colspan=\"4\" rowspan=\"1\">\n<div class=\"magic-14\">Acero 40Cr<\/div>\n<\/td>\n<\/tr>\n<tr>\n<td colspan=\"1\" rowspan=\"1\">\n<div class=\"magic-12\">Proceso<\/div>\n<\/td>\n<td colspan=\"4\" rowspan=\"1\">\n<div class=\"magic-14\">Tratamiento t\u00e9rmico<\/div>\n<\/td>\n<\/tr>\n<tr>\n<td colspan=\"1\" rowspan=\"1\">\n<div class=\"magic-12\">Tipo de cabeza<\/div>\n<\/td>\n<td colspan=\"4\" rowspan=\"1\">\n<div class=\"magic-14\">cincel de pala<\/div>\n<\/td>\n<\/tr>\n<tr>\n<td colspan=\"1\" rowspan=\"1\">\n<div class=\"magic-12\">Ca\u00f1a<\/div>\n<\/td>\n<td colspan=\"4\" rowspan=\"1\">\n<div class=\"magic-14\">V\u00e1stago SDS Max (tambi\u00e9n tenemos v\u00e1stago PH65, v\u00e1stago 17 A\/F)<\/div>\n<\/td>\n<\/tr>\n<tr>\n<td colspan=\"1\" rowspan=\"1\">\n<div class=\"magic-12\">Acabado de la superficie<\/div>\n<\/td>\n<td colspan=\"4\" rowspan=\"1\">\n<div class=\"magic-14\">Arenado<\/div>\n<\/td>\n<\/tr>\n<tr>\n<td colspan=\"1\" rowspan=\"1\">\n<div class=\"magic-12\">Paquete<\/div>\n<\/td>\n<td colspan=\"4\" rowspan=\"1\">\n<div class=\"magic-14\">Una pieza en una caja de pl\u00e1stico o madera<\/div>\n<\/td>\n<\/tr>\n<\/tbody>\n<\/table>\n<p>&nbsp;<\/p>","protected":false},"excerpt":{"rendered":"<p>Features: Extra-long and sturdy replacement hex shank clay spade chisel bits. Designed for serious demolition. The extra-long shank is designed to improve accessibility and ensure comfortability. Easily used for digging through concrete, packed soil, slicing through thick turf, and plowing. Increased hardness and resistance to abrasion, oxidation, and corrosion. Product Description More Choice For You:\u00a0Home [&hellip;]<\/p>\n","protected":false},"featured_media":16620,"comment_status":"closed","ping_status":"closed","template":"","meta":{"_acf_changed":false,"_seopress_robots_primary_cat":"none","_seopress_titles_title":"SDS Max Clay Spade | 40Cr Steel Clay Spade Chisel Drill Bit","_seopress_titles_desc":"","_seopress_robots_index":"","site-sidebar-layout":"default","site-content-layout":"default","ast-site-content-layout":"default","site-content-style":"default","site-sidebar-style":"default","ast-global-header-display":"","ast-banner-title-visibility":"","ast-main-header-display":"","ast-hfb-above-header-display":"","ast-hfb-below-header-display":"","ast-hfb-mobile-header-display":"","site-post-title":"","ast-breadcrumbs-content":"","ast-featured-img":"","footer-sml-layout":"","ast-disable-related-posts":"","theme-transparent-header-meta":"default","adv-header-id-meta":"","stick-header-meta":"","header-above-stick-meta":"","header-main-stick-meta":"","header-below-stick-meta":"","astra-migrate-meta-layouts":"default","ast-page-background-enabled":"default","ast-page-background-meta":{"desktop":{"background-color":"","background-image":"","background-repeat":"repeat","background-position":"center center","background-size":"auto","background-attachment":"scroll","background-type":"","background-media":"","overlay-type":"","overlay-color":"","overlay-opacity":"","overlay-gradient":""},"tablet":{"background-color":"","background-image":"","background-repeat":"repeat","background-position":"center center","background-size":"auto","background-attachment":"scroll","background-type":"","background-media":"","overlay-type":"","overlay-color":"","overlay-opacity":"","overlay-gradient":""},"mobile":{"background-color":"","background-image":"","background-repeat":"repeat","background-position":"center center","background-size":"auto","background-attachment":"scroll","background-type":"","background-media":"","overlay-type":"","overlay-color":"","overlay-opacity":"","overlay-gradient":""}},"ast-content-background-meta":{"desktop":{"background-color":"var(--ast-global-color-5)","background-image":"","background-repeat":"repeat","background-position":"center center","background-size":"auto","background-attachment":"scroll","background-type":"","background-media":"","overlay-type":"","overlay-color":"","overlay-opacity":"","overlay-gradient":""},"tablet":{"background-color":"var(--ast-global-color-5)","background-image":"","background-repeat":"repeat","background-position":"center center","background-size":"auto","background-attachment":"scroll","background-type":"","background-media":"","overlay-type":"","overlay-color":"","overlay-opacity":"","overlay-gradient":""},"mobile":{"background-color":"var(--ast-global-color-5)","background-image":"","background-repeat":"repeat","background-position":"center center","background-size":"auto","background-attachment":"scroll","background-type":"","background-media":"","overlay-type":"","overlay-color":"","overlay-opacity":"","overlay-gradient":""}}},"product_brand":[],"product_cat":[33],"product_tag":[],"class_list":{"0":"post-16615","1":"product","2":"type-product","3":"status-publish","4":"has-post-thumbnail","6":"product_cat-sds-chisel","7":"desktop-align-left","8":"tablet-align-left","9":"mobile-align-left","11":"first","12":"instock","13":"shipping-taxable","14":"product-type-simple"},"acf":[],"_links":{"self":[{"href":"https:\/\/www.tenyutool.com\/espanol\/wp-json\/wp\/v2\/product\/16615","targetHints":{"allow":["GET"]}}],"collection":[{"href":"https:\/\/www.tenyutool.com\/espanol\/wp-json\/wp\/v2\/product"}],"about":[{"href":"https:\/\/www.tenyutool.com\/espanol\/wp-json\/wp\/v2\/types\/product"}],"replies":[{"embeddable":true,"href":"https:\/\/www.tenyutool.com\/espanol\/wp-json\/wp\/v2\/comments?post=16615"}],"wp:featuredmedia":[{"embeddable":true,"href":"https:\/\/www.tenyutool.com\/espanol\/wp-json\/wp\/v2\/media\/16620"}],"wp:attachment":[{"href":"https:\/\/www.tenyutool.com\/espanol\/wp-json\/wp\/v2\/media?parent=16615"}],"wp:term":[{"taxonomy":"product_brand","embeddable":true,"href":"https:\/\/www.tenyutool.com\/espanol\/wp-json\/wp\/v2\/product_brand?post=16615"},{"taxonomy":"product_cat","embeddable":true,"href":"https:\/\/www.tenyutool.com\/espanol\/wp-json\/wp\/v2\/product_cat?post=16615"},{"taxonomy":"product_tag","embeddable":true,"href":"https:\/\/www.tenyutool.com\/espanol\/wp-json\/wp\/v2\/product_tag?post=16615"}],"curies":[{"name":"wp","href":"https:\/\/api.w.org\/{rel}","templated":true}]}}