{"id":16799,"date":"2022-12-28T06:25:43","date_gmt":"2022-12-28T06:25:43","guid":{"rendered":"https:\/\/www.tenyutool.com\/?post_type=product&#038;p=16799"},"modified":"2022-12-28T06:25:44","modified_gmt":"2022-12-28T06:25:44","slug":"multifuncion-246-pcs-taladro-y-bit-herramientas-hardware-combinacion-drill-bits-set-set-wood-hss-center-punch-destornillador","status":"publish","type":"product","link":"https:\/\/www.tenyutool.com\/espanol\/product\/multi-function-246-pcs-drill-and-bit-tools-hardware-combination-drill-bits-socket-set-wood-hss-center-punch-screwdriver\/","title":{"rendered":"Juego de brocas y brocas multifunci\u00f3n, 246 Uds., juego de z\u00f3calos de madera Hss, destornillador de punz\u00f3n central"},"content":{"rendered":"<p>Caracter\u00edsticas:<\/p>\n<ul>\n<li data-spm-anchor-id=\"0.0.0.i140.2dea4f05jD1M0Y\">\u00a0El juego completo incluye 87 brocas helicoidales HSS, 22 brocas para madera, 21 brocas para mamposter\u00eda, 4 topes para brocas, 66 brocas para 1 broca, 30 brocas para 2 brocas, 6 destornilladores para tuercas, 2 llaves hexagonales, 1 avellanador X, 4 sierras perforadoras X, 1 adaptador de eje X, 1 punz\u00f3n para clavos X y 1 soporte para brocas X.<\/li>\n<li data-spm-anchor-id=\"0.0.0.i140.2dea4f05jD1M0Y\">\u00a0Adecuado para taladrar en mamposter\u00eda, madera, metal y pl\u00e1stico y m\u00faltiples aplicaciones de atornillado y fijaci\u00f3n.<\/li>\n<li data-spm-anchor-id=\"0.0.0.i140.2dea4f05jD1M0Y\">\u00a0Se puede utilizar varias veces sin deformaci\u00f3n.<\/li>\n<li data-spm-anchor-id=\"0.0.0.i140.2dea4f05jD1M0Y\">\u00a0Est\u00e1 dise\u00f1ado para mantener todos los componentes organizados y convenientes para almacenar.<\/li>\n<li data-spm-anchor-id=\"0.0.0.i140.2dea4f05jD1M0Y\">\u00a0Con una amplia gama de tama\u00f1os de brocas e incluye las herramientas m\u00e1s esenciales de brocas, tornillos, un avellanador y m\u00e1s, que lo ayudar\u00e1n a obtener resultados profesionales en su pr\u00f3xima mejora del hogar o proyecto de bricolaje.<\/li>\n<\/ul>\n<figure id=\"attachment_16801\" aria-describedby=\"caption-attachment-16801\" style=\"width: 800px\" class=\"wp-caption alignnone\"><img fetchpriority=\"high\" decoding=\"async\" class=\"size-full wp-image-16801\" src=\"https:\/\/www.tenyutool.com\/wp-content\/uploads\/2022\/12\/H4904a5ad7ac94753af5c62522875ec4cy.webp.jpg\" alt=\"Multifunci\u00f3n 246 Uds. Herramientas de perforaci\u00f3n y brocas combinaci\u00f3n de herramientas brocas juego de z\u00f3calos destornillador de punz\u00f3n central hss de madera\" width=\"800\" height=\"800\" srcset=\"https:\/\/www.tenyutool.com\/wp-content\/uploads\/2022\/12\/H4904a5ad7ac94753af5c62522875ec4cy.webp.jpg 800w, https:\/\/www.tenyutool.com\/wp-content\/uploads\/2022\/12\/H4904a5ad7ac94753af5c62522875ec4cy.webp-150x150.jpg 150w, https:\/\/www.tenyutool.com\/wp-content\/uploads\/2022\/12\/H4904a5ad7ac94753af5c62522875ec4cy.webp-768x768.jpg 768w, https:\/\/www.tenyutool.com\/wp-content\/uploads\/2022\/12\/H4904a5ad7ac94753af5c62522875ec4cy.webp-12x12.jpg 12w, https:\/\/www.tenyutool.com\/wp-content\/uploads\/2022\/12\/H4904a5ad7ac94753af5c62522875ec4cy.webp-300x300.jpg 300w, https:\/\/www.tenyutool.com\/wp-content\/uploads\/2022\/12\/H4904a5ad7ac94753af5c62522875ec4cy.webp-600x600.jpg 600w, https:\/\/www.tenyutool.com\/wp-content\/uploads\/2022\/12\/H4904a5ad7ac94753af5c62522875ec4cy.webp-100x100.jpg 100w\" sizes=\"(max-width: 800px) 100vw, 800px\" \/><figcaption id=\"caption-attachment-16801\" class=\"wp-caption-text\">Multifunci\u00f3n 246 Uds. Herramientas de perforaci\u00f3n y brocas combinaci\u00f3n de herramientas brocas juego de z\u00f3calos destornillador de punz\u00f3n central hss de madera<\/figcaption><\/figure>\n<table width=\"794\">\n<tbody>\n<tr>\n<td colspan=\"6\" width=\"794\">Descripci\u00f3n del producto<\/td>\n<\/tr>\n<tr>\n<td colspan=\"6\">M\u00e1s opciones para usted: <a href=\"https:\/\/www.tenyutool.com\/espanol\/\">Hogar<\/a> &gt; Broca HSS &gt; Juego de brocas<\/td>\n<\/tr>\n<tr>\n<td>nombre del producto<\/td>\n<td colspan=\"5\" width=\"572\">Juego de brocas y brocas multifunci\u00f3n, 246 Uds., juego de z\u00f3calos de madera Hss, destornillador de punz\u00f3n central<\/td>\n<\/tr>\n<tr>\n<td>Material<\/td>\n<td colspan=\"5\" width=\"572\">\u00a0HSS 4241\/4341\/M2(HSS6542)\/M35\/M42\/Acero de alto carbono<\/td>\n<\/tr>\n<tr>\n<td>Acabado de la superficie<\/td>\n<td colspan=\"5\">Recubrimiento TiN\/Superficie brillante opcional\/Nitrurado\/Brillante\/Cobalto\/\u00d3xido negro<\/td>\n<\/tr>\n<tr>\n<td>Tipo de v\u00e1stago<\/td>\n<td colspan=\"5\" width=\"572\">V\u00e1stago redondo, V\u00e1stago hexagonal, V\u00e1stago SDS<\/td>\n<\/tr>\n<tr>\n<td>Uso<\/td>\n<td colspan=\"5\">Para perforaci\u00f3n de mamposter\u00eda de piedra de madera de acero inoxidable de metal<\/td>\n<\/tr>\n<tr>\n<td>Paquete<\/td>\n<td colspan=\"5\" width=\"572\">\u00a0 256 piezas en una caja de pl\u00e1stico\/metal<\/td>\n<\/tr>\n<\/tbody>\n<\/table>","protected":false},"excerpt":{"rendered":"<p>Features: \u00a0The full set includes 87 X HSS twist drills, 22 X wood drill bits, 21 X masonry drill bits, 4 X drill stops, 66 X 1 drill bits, 30 X 2 drill bits, 6 X nut drivers, 2 X hex keys, 1 X countersink, 4 X hole saws, 1 X arbor adaptor, 1 X [&hellip;]<\/p>\n","protected":false},"featured_media":16801,"comment_status":"closed","ping_status":"closed","template":"","meta":{"_acf_changed":false,"_seopress_robots_primary_cat":"","_seopress_titles_title":"Multi-function 246 pcs Drill and Bit Tools | Hardware Combination Drill Bits","_seopress_titles_desc":"","_seopress_robots_index":"","site-sidebar-layout":"default","site-content-layout":"default","ast-site-content-layout":"default","site-content-style":"default","site-sidebar-style":"default","ast-global-header-display":"","ast-banner-title-visibility":"","ast-main-header-display":"","ast-hfb-above-header-display":"","ast-hfb-below-header-display":"","ast-hfb-mobile-header-display":"","site-post-title":"","ast-breadcrumbs-content":"","ast-featured-img":"","footer-sml-layout":"","ast-disable-related-posts":"","theme-transparent-header-meta":"default","adv-header-id-meta":"","stick-header-meta":"","header-above-stick-meta":"","header-main-stick-meta":"","header-below-stick-meta":"","astra-migrate-meta-layouts":"default","ast-page-background-enabled":"default","ast-page-background-meta":{"desktop":{"background-color":"","background-image":"","background-repeat":"repeat","background-position":"center center","background-size":"auto","background-attachment":"scroll","background-type":"","background-media":"","overlay-type":"","overlay-color":"","overlay-opacity":"","overlay-gradient":""},"tablet":{"background-color":"","background-image":"","background-repeat":"repeat","background-position":"center center","background-size":"auto","background-attachment":"scroll","background-type":"","background-media":"","overlay-type":"","overlay-color":"","overlay-opacity":"","overlay-gradient":""},"mobile":{"background-color":"","background-image":"","background-repeat":"repeat","background-position":"center center","background-size":"auto","background-attachment":"scroll","background-type":"","background-media":"","overlay-type":"","overlay-color":"","overlay-opacity":"","overlay-gradient":""}},"ast-content-background-meta":{"desktop":{"background-color":"var(--ast-global-color-5)","background-image":"","background-repeat":"repeat","background-position":"center center","background-size":"auto","background-attachment":"scroll","background-type":"","background-media":"","overlay-type":"","overlay-color":"","overlay-opacity":"","overlay-gradient":""},"tablet":{"background-color":"var(--ast-global-color-5)","background-image":"","background-repeat":"repeat","background-position":"center center","background-size":"auto","background-attachment":"scroll","background-type":"","background-media":"","overlay-type":"","overlay-color":"","overlay-opacity":"","overlay-gradient":""},"mobile":{"background-color":"var(--ast-global-color-5)","background-image":"","background-repeat":"repeat","background-position":"center center","background-size":"auto","background-attachment":"scroll","background-type":"","background-media":"","overlay-type":"","overlay-color":"","overlay-opacity":"","overlay-gradient":""}}},"product_brand":[],"product_cat":[22],"product_tag":[],"class_list":{"0":"post-16799","1":"product","2":"type-product","3":"status-publish","4":"has-post-thumbnail","6":"product_cat-drillbits","7":"desktop-align-left","8":"tablet-align-left","9":"mobile-align-left","11":"first","12":"instock","13":"shipping-taxable","14":"product-type-simple"},"acf":[],"_links":{"self":[{"href":"https:\/\/www.tenyutool.com\/espanol\/wp-json\/wp\/v2\/product\/16799","targetHints":{"allow":["GET"]}}],"collection":[{"href":"https:\/\/www.tenyutool.com\/espanol\/wp-json\/wp\/v2\/product"}],"about":[{"href":"https:\/\/www.tenyutool.com\/espanol\/wp-json\/wp\/v2\/types\/product"}],"replies":[{"embeddable":true,"href":"https:\/\/www.tenyutool.com\/espanol\/wp-json\/wp\/v2\/comments?post=16799"}],"wp:featuredmedia":[{"embeddable":true,"href":"https:\/\/www.tenyutool.com\/espanol\/wp-json\/wp\/v2\/media\/16801"}],"wp:attachment":[{"href":"https:\/\/www.tenyutool.com\/espanol\/wp-json\/wp\/v2\/media?parent=16799"}],"wp:term":[{"taxonomy":"product_brand","embeddable":true,"href":"https:\/\/www.tenyutool.com\/espanol\/wp-json\/wp\/v2\/product_brand?post=16799"},{"taxonomy":"product_cat","embeddable":true,"href":"https:\/\/www.tenyutool.com\/espanol\/wp-json\/wp\/v2\/product_cat?post=16799"},{"taxonomy":"product_tag","embeddable":true,"href":"https:\/\/www.tenyutool.com\/espanol\/wp-json\/wp\/v2\/product_tag?post=16799"}],"curies":[{"name":"wp","href":"https:\/\/api.w.org\/{rel}","templated":true}]}}