{"id":16812,"date":"2022-12-29T07:47:57","date_gmt":"2022-12-29T07:47:57","guid":{"rendered":"https:\/\/www.tenyutool.com\/?post_type=product&#038;p=16812"},"modified":"2022-12-29T07:47:58","modified_gmt":"2022-12-29T07:47:58","slug":"13-piezas-de-acero-inoxidable-de-carburo-de-tungsteno-de-metal-hss-juego-de-sierra-de-agujero-de-broca","status":"publish","type":"product","link":"https:\/\/www.tenyutool.com\/espanol\/product\/13pcs-stainless-steel-tungsten-carbide-metal-hss-drill-bit-hole-saw-set\/","title":{"rendered":"13 piezas de acero inoxidable de carburo de tungsteno de metal hss juego de sierra de agujero de broca"},"content":{"rendered":"<p>Rasgo:<\/p>\n<ul>\n<li>Adecuado para placas de acero inoxidable, acero, fundici\u00f3n, aleaci\u00f3n de aluminio, hierro y otros tipos de perforaci\u00f3n de placas de metal.<\/li>\n<li data-spm-anchor-id=\"a2700.pc-decorate.0.i113.3a9f3333Fxs3pD\">Cada borde es una parte de las caracter\u00edsticas del trabajo de corte, haciendo que el agujero no sea f\u00e1cil de causar el fen\u00f3meno de la colla.<\/li>\n<li data-spm-anchor-id=\"a2700.pc-decorate.0.i112.3a9f3333Fxs3pD\">La broca helicoidal dentro del taladro que es desmontable.<\/li>\n<li data-spm-anchor-id=\"a2700.pc-decorate.0.i117.3a9f3333Fxs3pD\">Este producto no es f\u00e1cil de cortar un material met\u00e1lico relativamente delgado, se puede cortar dentro de la placa de acero inoxidable de 2-5 mm y la placa de metal \u226415 mm.<\/li>\n<li data-spm-anchor-id=\"a2700.pc-decorate.0.i121.3a9f3333Fxs3pD\">PD: Tambi\u00e9n tenemos otros tipos de sierras perforadoras o juegos de sierras perforadoras. Cont\u00e1ctenos si desea m\u00e1s detalles.<\/li>\n<\/ul>\n<figure id=\"attachment_16814\" aria-describedby=\"caption-attachment-16814\" style=\"width: 800px\" class=\"wp-caption alignnone\"><img fetchpriority=\"high\" decoding=\"async\" class=\"size-full wp-image-16814\" src=\"https:\/\/www.tenyutool.com\/wp-content\/uploads\/2022\/12\/hole-saw-set.jpg\" alt=\"13 piezas de acero inoxidable de carburo de tungsteno de metal hss juego de sierra de agujero de broca\" width=\"800\" height=\"800\" srcset=\"https:\/\/www.tenyutool.com\/wp-content\/uploads\/2022\/12\/hole-saw-set.jpg 800w, https:\/\/www.tenyutool.com\/wp-content\/uploads\/2022\/12\/hole-saw-set-150x150.jpg 150w, https:\/\/www.tenyutool.com\/wp-content\/uploads\/2022\/12\/hole-saw-set-768x768.jpg 768w, https:\/\/www.tenyutool.com\/wp-content\/uploads\/2022\/12\/hole-saw-set-12x12.jpg 12w, https:\/\/www.tenyutool.com\/wp-content\/uploads\/2022\/12\/hole-saw-set-300x300.jpg 300w, https:\/\/www.tenyutool.com\/wp-content\/uploads\/2022\/12\/hole-saw-set-600x600.jpg 600w, https:\/\/www.tenyutool.com\/wp-content\/uploads\/2022\/12\/hole-saw-set-100x100.jpg 100w\" sizes=\"(max-width: 800px) 100vw, 800px\" \/><figcaption id=\"caption-attachment-16814\" class=\"wp-caption-text\">13 piezas de acero inoxidable de carburo de tungsteno de metal hss juego de sierra de agujero de broca<\/figcaption><\/figure>\n<table width=\"794\">\n<tbody>\n<tr>\n<td colspan=\"6\" width=\"794\">Descripci\u00f3n del producto<\/td>\n<\/tr>\n<tr>\n<td colspan=\"6\" width=\"794\">M\u00e1s opciones para usted: <a href=\"https:\/\/www.tenyutool.com\/espanol\/\">Hogar<\/a> &gt; Sierra de corona<\/td>\n<\/tr>\n<tr>\n<td>nombre del producto<\/td>\n<td colspan=\"5\" width=\"572\">13 piezas de acero inoxidable de carburo de tungsteno de metal hss juego de sierra de agujero de broca<\/td>\n<\/tr>\n<tr>\n<td>Usar<\/td>\n<td colspan=\"5\" width=\"572\">\u00a0Juego de brocas para brocas para metal<\/td>\n<\/tr>\n<tr>\n<td>Material<\/td>\n<td colspan=\"5\" width=\"572\">Carburo y acero aleado<\/td>\n<\/tr>\n<tr>\n<td>Color<\/td>\n<td colspan=\"5\">plata<\/td>\n<\/tr>\n<tr>\n<td>Longitud<\/td>\n<td colspan=\"5\" width=\"572\">65-70 mm<\/td>\n<\/tr>\n<tr>\n<td>Paquete<\/td>\n<td colspan=\"5\" width=\"572\">\u00a013 agujeros para brocas.<\/td>\n<\/tr>\n<\/tbody>\n<\/table>\n<p>&nbsp;<\/p>","protected":false},"excerpt":{"rendered":"<p>Feature\uff1a Suitable for the stainless steel plate, steel, casting, Aluminum Alloy, iron and other kinds of metal plate drilling. Each edge is a part of the characteristics of the cutting work, making the hole is not easy to cause the phenomenon of colla. The twist drill bit inside the drill which is undetachable. This product [&hellip;]<\/p>\n","protected":false},"featured_media":16814,"comment_status":"closed","ping_status":"closed","template":"","meta":{"_acf_changed":false,"_seopress_robots_primary_cat":"","_seopress_titles_title":"hss drill bit hole saw set | stainless steel tungsten carbide","_seopress_titles_desc":"","_seopress_robots_index":"","site-sidebar-layout":"default","site-content-layout":"default","ast-site-content-layout":"default","site-content-style":"default","site-sidebar-style":"default","ast-global-header-display":"","ast-banner-title-visibility":"","ast-main-header-display":"","ast-hfb-above-header-display":"","ast-hfb-below-header-display":"","ast-hfb-mobile-header-display":"","site-post-title":"","ast-breadcrumbs-content":"","ast-featured-img":"","footer-sml-layout":"","ast-disable-related-posts":"","theme-transparent-header-meta":"default","adv-header-id-meta":"","stick-header-meta":"","header-above-stick-meta":"","header-main-stick-meta":"","header-below-stick-meta":"","astra-migrate-meta-layouts":"default","ast-page-background-enabled":"default","ast-page-background-meta":{"desktop":{"background-color":"","background-image":"","background-repeat":"repeat","background-position":"center center","background-size":"auto","background-attachment":"scroll","background-type":"","background-media":"","overlay-type":"","overlay-color":"","overlay-opacity":"","overlay-gradient":""},"tablet":{"background-color":"","background-image":"","background-repeat":"repeat","background-position":"center center","background-size":"auto","background-attachment":"scroll","background-type":"","background-media":"","overlay-type":"","overlay-color":"","overlay-opacity":"","overlay-gradient":""},"mobile":{"background-color":"","background-image":"","background-repeat":"repeat","background-position":"center center","background-size":"auto","background-attachment":"scroll","background-type":"","background-media":"","overlay-type":"","overlay-color":"","overlay-opacity":"","overlay-gradient":""}},"ast-content-background-meta":{"desktop":{"background-color":"var(--ast-global-color-5)","background-image":"","background-repeat":"repeat","background-position":"center center","background-size":"auto","background-attachment":"scroll","background-type":"","background-media":"","overlay-type":"","overlay-color":"","overlay-opacity":"","overlay-gradient":""},"tablet":{"background-color":"var(--ast-global-color-5)","background-image":"","background-repeat":"repeat","background-position":"center center","background-size":"auto","background-attachment":"scroll","background-type":"","background-media":"","overlay-type":"","overlay-color":"","overlay-opacity":"","overlay-gradient":""},"mobile":{"background-color":"var(--ast-global-color-5)","background-image":"","background-repeat":"repeat","background-position":"center center","background-size":"auto","background-attachment":"scroll","background-type":"","background-media":"","overlay-type":"","overlay-color":"","overlay-opacity":"","overlay-gradient":""}}},"product_brand":[],"product_cat":[27],"product_tag":[],"class_list":{"0":"post-16812","1":"product","2":"type-product","3":"status-publish","4":"has-post-thumbnail","6":"product_cat-hole-saw","7":"desktop-align-left","8":"tablet-align-left","9":"mobile-align-left","11":"first","12":"instock","13":"shipping-taxable","14":"product-type-simple"},"acf":[],"_links":{"self":[{"href":"https:\/\/www.tenyutool.com\/espanol\/wp-json\/wp\/v2\/product\/16812","targetHints":{"allow":["GET"]}}],"collection":[{"href":"https:\/\/www.tenyutool.com\/espanol\/wp-json\/wp\/v2\/product"}],"about":[{"href":"https:\/\/www.tenyutool.com\/espanol\/wp-json\/wp\/v2\/types\/product"}],"replies":[{"embeddable":true,"href":"https:\/\/www.tenyutool.com\/espanol\/wp-json\/wp\/v2\/comments?post=16812"}],"wp:featuredmedia":[{"embeddable":true,"href":"https:\/\/www.tenyutool.com\/espanol\/wp-json\/wp\/v2\/media\/16814"}],"wp:attachment":[{"href":"https:\/\/www.tenyutool.com\/espanol\/wp-json\/wp\/v2\/media?parent=16812"}],"wp:term":[{"taxonomy":"product_brand","embeddable":true,"href":"https:\/\/www.tenyutool.com\/espanol\/wp-json\/wp\/v2\/product_brand?post=16812"},{"taxonomy":"product_cat","embeddable":true,"href":"https:\/\/www.tenyutool.com\/espanol\/wp-json\/wp\/v2\/product_cat?post=16812"},{"taxonomy":"product_tag","embeddable":true,"href":"https:\/\/www.tenyutool.com\/espanol\/wp-json\/wp\/v2\/product_tag?post=16812"}],"curies":[{"name":"wp","href":"https:\/\/api.w.org\/{rel}","templated":true}]}}