{"id":16859,"date":"2023-01-02T01:59:03","date_gmt":"2023-01-02T01:59:03","guid":{"rendered":"https:\/\/www.tenyutool.com\/?post_type=product&#038;p=16859"},"modified":"2023-01-02T01:59:03","modified_gmt":"2023-01-02T01:59:03","slug":"puntas-de-destornillador-cruzadas-accesorios-de-cabeza-de-destornillador-electronico-magnetico-de-doble-cabeza-con-anillo-magnetico","status":"publish","type":"product","link":"https:\/\/www.tenyutool.com\/espanol\/product\/cross-screwdriver-bits-double-head-magnetic-electronic-screwdriver-head-accessories-with-magnetic-ring\/","title":{"rendered":"Puntas de destornillador cruzadas Accesorios de cabeza de destornillador electr\u00f3nico magn\u00e9tico de doble cabeza con anillo magn\u00e9tico"},"content":{"rendered":"<p>Rasgo:<\/p>\n<ul>\n<li>Hecho de material S2 de alto par, usable, larga vida \u00fatil.<\/li>\n<li data-spm-anchor-id=\"a2700.details.0.i8.3d352794uviqOV\">Fuerte anillo extra\u00edble de aluminio magn\u00e9tico.<\/li>\n<li data-spm-anchor-id=\"a2700.details.0.i8.3d352794uviqOV\">Doble cabezal PH2.<\/li>\n<li data-spm-anchor-id=\"a2700.details.0.i8.3d352794uviqOV\">Tratado t\u00e9rmicamente para resistir la rotura y el desgaste, para controlar la profundidad del tornillo durante las aplicaciones de conducci\u00f3n.<\/li>\n<li data-spm-anchor-id=\"a2700.details.0.i8.3d352794uviqOV\">Puede combinarse con cualquier taladro el\u00e9ctrico y taladro inal\u00e1mbrico.<\/li>\n<\/ul>\n<figure id=\"attachment_16861\" aria-describedby=\"caption-attachment-16861\" style=\"width: 800px\" class=\"wp-caption alignnone\"><img fetchpriority=\"high\" decoding=\"async\" class=\"size-full wp-image-16861\" src=\"https:\/\/www.tenyutool.com\/wp-content\/uploads\/2023\/01\/H0c634987c6ab4d1ab4cb7234c530e3a10.webp.jpg\" alt=\"puntas de destornillador cruzadas accesorios de cabeza de destornillador electr\u00f3nico magn\u00e9tico de doble cabeza con anillo magn\u00e9tico\" width=\"800\" height=\"800\" srcset=\"https:\/\/www.tenyutool.com\/wp-content\/uploads\/2023\/01\/H0c634987c6ab4d1ab4cb7234c530e3a10.webp.jpg 800w, https:\/\/www.tenyutool.com\/wp-content\/uploads\/2023\/01\/H0c634987c6ab4d1ab4cb7234c530e3a10.webp-150x150.jpg 150w, https:\/\/www.tenyutool.com\/wp-content\/uploads\/2023\/01\/H0c634987c6ab4d1ab4cb7234c530e3a10.webp-768x768.jpg 768w, https:\/\/www.tenyutool.com\/wp-content\/uploads\/2023\/01\/H0c634987c6ab4d1ab4cb7234c530e3a10.webp-12x12.jpg 12w, https:\/\/www.tenyutool.com\/wp-content\/uploads\/2023\/01\/H0c634987c6ab4d1ab4cb7234c530e3a10.webp-300x300.jpg 300w, https:\/\/www.tenyutool.com\/wp-content\/uploads\/2023\/01\/H0c634987c6ab4d1ab4cb7234c530e3a10.webp-600x600.jpg 600w, https:\/\/www.tenyutool.com\/wp-content\/uploads\/2023\/01\/H0c634987c6ab4d1ab4cb7234c530e3a10.webp-100x100.jpg 100w\" sizes=\"(max-width: 800px) 100vw, 800px\" \/><figcaption id=\"caption-attachment-16861\" class=\"wp-caption-text\">puntas de destornillador cruzadas accesorios de cabeza de destornillador electr\u00f3nico magn\u00e9tico de doble cabeza con anillo magn\u00e9tico<\/figcaption><\/figure>\n<table width=\"794\">\n<tbody>\n<tr>\n<td colspan=\"6\" width=\"794\">Descripci\u00f3n del producto<\/td>\n<\/tr>\n<tr>\n<td colspan=\"6\">M\u00e1s opciones para usted\uff1aInicio &gt; Destornillador y extractor de tornillos da\u00f1ados<\/td>\n<\/tr>\n<tr>\n<td>nombre del producto<\/td>\n<td colspan=\"5\" width=\"572\">Puntas de destornillador cruzadas Accesorios de cabeza de destornillador electr\u00f3nico magn\u00e9tico de doble cabeza con anillo magn\u00e9tico<\/td>\n<\/tr>\n<tr>\n<td>Material<\/td>\n<td colspan=\"5\" width=\"572\">\u00a0Material S2<\/td>\n<\/tr>\n<tr>\n<td>Tipo de cabeza<\/td>\n<td colspan=\"5\" width=\"572\">Cabeza doble PH2<\/td>\n<\/tr>\n<tr>\n<td>Color<\/td>\n<td colspan=\"5\" width=\"572\">Pulido con chorro de arena o personalizar<\/td>\n<\/tr>\n<tr>\n<td>Ca\u00f1a<\/td>\n<td colspan=\"5\" width=\"572\">V\u00e1stago hexagonal de 1\/4\u2033<\/td>\n<\/tr>\n<tr>\n<td>Paquete<\/td>\n<td colspan=\"5\" width=\"572\">10 piezas en una caja de pl\u00e1stico<\/td>\n<\/tr>\n<\/tbody>\n<\/table>","protected":false},"excerpt":{"rendered":"<p>Feature: Made of S2 material high torque, wearable, long service life. Strong magnetic aluminum removable ring. Double PH2 head. Heat treated to resist breakage and wear, to control depth of screw during driving applications. Can match with any power drill and cordless drill. Product Description More Choice For You\uff1aHome &gt;\u00a0 Screwdriver and Damaged Screw Remover [&hellip;]<\/p>\n","protected":false},"featured_media":16861,"comment_status":"closed","ping_status":"closed","template":"","meta":{"_acf_changed":false,"_seopress_robots_primary_cat":"","_seopress_titles_title":"Cross Screwdriver Bits | Head Accessories with magnetic Ring","_seopress_titles_desc":"","_seopress_robots_index":"","site-sidebar-layout":"default","site-content-layout":"default","ast-site-content-layout":"default","site-content-style":"default","site-sidebar-style":"default","ast-global-header-display":"","ast-banner-title-visibility":"","ast-main-header-display":"","ast-hfb-above-header-display":"","ast-hfb-below-header-display":"","ast-hfb-mobile-header-display":"","site-post-title":"","ast-breadcrumbs-content":"","ast-featured-img":"","footer-sml-layout":"","ast-disable-related-posts":"","theme-transparent-header-meta":"default","adv-header-id-meta":"","stick-header-meta":"","header-above-stick-meta":"","header-main-stick-meta":"","header-below-stick-meta":"","astra-migrate-meta-layouts":"default","ast-page-background-enabled":"default","ast-page-background-meta":{"desktop":{"background-color":"","background-image":"","background-repeat":"repeat","background-position":"center center","background-size":"auto","background-attachment":"scroll","background-type":"","background-media":"","overlay-type":"","overlay-color":"","overlay-opacity":"","overlay-gradient":""},"tablet":{"background-color":"","background-image":"","background-repeat":"repeat","background-position":"center center","background-size":"auto","background-attachment":"scroll","background-type":"","background-media":"","overlay-type":"","overlay-color":"","overlay-opacity":"","overlay-gradient":""},"mobile":{"background-color":"","background-image":"","background-repeat":"repeat","background-position":"center center","background-size":"auto","background-attachment":"scroll","background-type":"","background-media":"","overlay-type":"","overlay-color":"","overlay-opacity":"","overlay-gradient":""}},"ast-content-background-meta":{"desktop":{"background-color":"var(--ast-global-color-5)","background-image":"","background-repeat":"repeat","background-position":"center center","background-size":"auto","background-attachment":"scroll","background-type":"","background-media":"","overlay-type":"","overlay-color":"","overlay-opacity":"","overlay-gradient":""},"tablet":{"background-color":"var(--ast-global-color-5)","background-image":"","background-repeat":"repeat","background-position":"center center","background-size":"auto","background-attachment":"scroll","background-type":"","background-media":"","overlay-type":"","overlay-color":"","overlay-opacity":"","overlay-gradient":""},"mobile":{"background-color":"var(--ast-global-color-5)","background-image":"","background-repeat":"repeat","background-position":"center center","background-size":"auto","background-attachment":"scroll","background-type":"","background-media":"","overlay-type":"","overlay-color":"","overlay-opacity":"","overlay-gradient":""}}},"product_brand":[],"product_cat":[38],"product_tag":[],"class_list":{"0":"post-16859","1":"product","2":"type-product","3":"status-publish","4":"has-post-thumbnail","6":"product_cat-screwdriver-and-damaged-screw-remover","7":"desktop-align-left","8":"tablet-align-left","9":"mobile-align-left","11":"first","12":"instock","13":"shipping-taxable","14":"product-type-simple"},"acf":[],"_links":{"self":[{"href":"https:\/\/www.tenyutool.com\/espanol\/wp-json\/wp\/v2\/product\/16859","targetHints":{"allow":["GET"]}}],"collection":[{"href":"https:\/\/www.tenyutool.com\/espanol\/wp-json\/wp\/v2\/product"}],"about":[{"href":"https:\/\/www.tenyutool.com\/espanol\/wp-json\/wp\/v2\/types\/product"}],"replies":[{"embeddable":true,"href":"https:\/\/www.tenyutool.com\/espanol\/wp-json\/wp\/v2\/comments?post=16859"}],"wp:featuredmedia":[{"embeddable":true,"href":"https:\/\/www.tenyutool.com\/espanol\/wp-json\/wp\/v2\/media\/16861"}],"wp:attachment":[{"href":"https:\/\/www.tenyutool.com\/espanol\/wp-json\/wp\/v2\/media?parent=16859"}],"wp:term":[{"taxonomy":"product_brand","embeddable":true,"href":"https:\/\/www.tenyutool.com\/espanol\/wp-json\/wp\/v2\/product_brand?post=16859"},{"taxonomy":"product_cat","embeddable":true,"href":"https:\/\/www.tenyutool.com\/espanol\/wp-json\/wp\/v2\/product_cat?post=16859"},{"taxonomy":"product_tag","embeddable":true,"href":"https:\/\/www.tenyutool.com\/espanol\/wp-json\/wp\/v2\/product_tag?post=16859"}],"curies":[{"name":"wp","href":"https:\/\/api.w.org\/{rel}","templated":true}]}}