{"id":16872,"date":"2023-01-09T02:18:05","date_gmt":"2023-01-09T02:18:05","guid":{"rendered":"https:\/\/www.tenyutool.com\/?post_type=product&#038;p=16872"},"modified":"2023-01-09T02:18:05","modified_gmt":"2023-01-09T02:18:05","slug":"disco-de-lija-de-oxido-de-aluminio-de-6-pulgadas-grano-60-2000-redondo-papel-de-lija-pulido-humedo-y-seco","status":"publish","type":"product","link":"https:\/\/www.tenyutool.com\/espanol\/product\/6-inch-aluminum-oxide-sandpaper-60-2000-grit-round-sandpaper-polishing-wet-and-dry-sanding-disc\/","title":{"rendered":"Papel de lija de \u00f3xido de aluminio de 6 pulgadas, papel de lija redondo de grano 60-2000, disco de lijado h\u00famedo y seco"},"content":{"rendered":"<p>Rasgo:<\/p>\n<ul>\n<li>Material de lijado de red multifuncional, el efecto s\u00faper anti-obstrucci\u00f3n puede reducir efectivamente la deposici\u00f3n de polvo.<\/li>\n<li>Lijado pr\u00e1cticamente sin polvo, se puede utilizar con sistemas de aspiraci\u00f3n port\u00e1tiles o de otro tipo.<\/li>\n<li>Ampliamente utilizado para trabajos automotrices, pulido de autom\u00f3viles, trabajo de madera, trabajo de metales, lijado de imprimaciones, fibra de vidrio y pl\u00e1sticos.<\/li>\n<li>F\u00e1cil instalaci\u00f3n y extracci\u00f3n, tampoco se caer\u00e1 cuando se instale en uso.<\/li>\n<li>Se pueden utilizar tanto para fines h\u00famedos como secos.<\/li>\n<\/ul>\n<figure id=\"attachment_16874\" aria-describedby=\"caption-attachment-16874\" style=\"width: 800px\" class=\"wp-caption alignnone\"><img fetchpriority=\"high\" decoding=\"async\" class=\"size-full wp-image-16874\" src=\"https:\/\/www.tenyutool.com\/wp-content\/uploads\/2023\/01\/Round-Sandpaper.jpg\" alt=\"Papel de lija de \u00f3xido de aluminio de 6 pulgadas, papel de lija redondo de grano 60 2000, disco de lijado h\u00famedo y seco\" width=\"800\" height=\"800\" srcset=\"https:\/\/www.tenyutool.com\/wp-content\/uploads\/2023\/01\/Round-Sandpaper.jpg 800w, https:\/\/www.tenyutool.com\/wp-content\/uploads\/2023\/01\/Round-Sandpaper-150x150.jpg 150w, https:\/\/www.tenyutool.com\/wp-content\/uploads\/2023\/01\/Round-Sandpaper-768x768.jpg 768w, https:\/\/www.tenyutool.com\/wp-content\/uploads\/2023\/01\/Round-Sandpaper-12x12.jpg 12w, https:\/\/www.tenyutool.com\/wp-content\/uploads\/2023\/01\/Round-Sandpaper-300x300.jpg 300w, https:\/\/www.tenyutool.com\/wp-content\/uploads\/2023\/01\/Round-Sandpaper-600x600.jpg 600w, https:\/\/www.tenyutool.com\/wp-content\/uploads\/2023\/01\/Round-Sandpaper-100x100.jpg 100w\" sizes=\"(max-width: 800px) 100vw, 800px\" \/><figcaption id=\"caption-attachment-16874\" class=\"wp-caption-text\">Papel de lija de \u00f3xido de aluminio de 6 pulgadas, papel de lija redondo de grano 60 2000, disco de lijado h\u00famedo y seco<\/figcaption><\/figure>\n<table style=\"border-collapse: collapse; width: 595.52pt;\" border=\"0\" width=\"794\" cellspacing=\"0\" cellpadding=\"0\">\n<tbody>\n<tr style=\"height: 35.00pt;\">\n<td class=\"et2\" style=\"height: 35.00pt; width: 595.50pt;\" colspan=\"6\" width=\"794\" height=\"46\">Descripci\u00f3n del producto<\/td>\n<\/tr>\n<tr style=\"height: 35.00pt;\">\n<td class=\"et3\" style=\"height: 35.00pt;\" colspan=\"6\" height=\"46\">M\u00e1s opciones para usted<span class=\"font4\">\uff1a <\/span><a href=\"https:\/\/www.tenyutool.com\/espanol\/\"><span class=\"font3\">Hogar<\/span><\/a><span class=\"font4\">\uff1e<\/span><span class=\"font3\">Herramientas para pulir &gt; Papel de lija<\/span><\/td>\n<\/tr>\n<tr style=\"height: 35.00pt;\">\n<td class=\"et4\" style=\"height: 35.00pt;\" height=\"46\">nombre del producto<\/td>\n<td class=\"et5\" style=\"width: 429.00pt;\" colspan=\"5\" width=\"572\">Papel de lija de \u00f3xido de aluminio de 6 pulgadas, papel de lija redondo de grano 60-2000, disco de lijado h\u00famedo y seco<\/td>\n<\/tr>\n<tr style=\"height: 35.00pt;\">\n<td class=\"et4\" style=\"height: 35.00pt;\" height=\"46\">Material<\/td>\n<td class=\"et5\" style=\"width: 429.00pt;\" colspan=\"5\" width=\"572\">Papel de lija de \u00f3xido de aluminio<\/td>\n<\/tr>\n<tr style=\"height: 35.00pt;\">\n<td class=\"et7\" style=\"height: 35.00pt;\" height=\"46\">Solicitud<\/td>\n<td class=\"et6\" colspan=\"5\">para lijar o pulir<\/td>\n<\/tr>\n<tr style=\"height: 35.00pt;\">\n<td class=\"et7\" style=\"height: 35.00pt;\" height=\"46\">Arena<\/td>\n<td class=\"et5\" style=\"width: 429.00pt;\" colspan=\"5\" width=\"572\">grano 60-2000<\/td>\n<\/tr>\n<tr style=\"height: 35.00pt;\">\n<td class=\"et7\" style=\"height: 35.00pt;\" height=\"46\">Escribe<\/td>\n<td class=\"et5\" style=\"width: 429.00pt;\" colspan=\"5\" width=\"572\">disco abrasivo<\/td>\n<\/tr>\n<tr style=\"height: 35.00pt;\">\n<td class=\"et7\" style=\"height: 35.00pt;\" height=\"46\">Paquete<\/td>\n<td class=\"et5\" style=\"width: 429.00pt;\" colspan=\"5\" width=\"572\">100 piezas\/bolsa, 1000 piezas\/caja de cart\u00f3n est\u00e1ndar<\/td>\n<\/tr>\n<\/tbody>\n<\/table>","protected":false},"excerpt":{"rendered":"<p>Feature: Multifunctional net sanding material, super anti-clogging effect can effectively reduce dust deposition. Virtually dust-free sanding, can be used with portable or other vacuuming systems. Widely used for automotive work, car polishing, wood working, metal working, sanding down primers, fiberglass and plastics. Easy installation and removal, also will not fall off when installed in use. [&hellip;]<\/p>\n","protected":false},"featured_media":16874,"comment_status":"closed","ping_status":"closed","template":"","meta":{"_acf_changed":false,"_seopress_robots_primary_cat":"","_seopress_titles_title":"Aluminum Oxide Sandpaper | Sandpaper Polishing Wet and Dry Sanding Disc","_seopress_titles_desc":"","_seopress_robots_index":"","site-sidebar-layout":"default","site-content-layout":"default","ast-site-content-layout":"default","site-content-style":"default","site-sidebar-style":"default","ast-global-header-display":"","ast-banner-title-visibility":"","ast-main-header-display":"","ast-hfb-above-header-display":"","ast-hfb-below-header-display":"","ast-hfb-mobile-header-display":"","site-post-title":"","ast-breadcrumbs-content":"","ast-featured-img":"","footer-sml-layout":"","ast-disable-related-posts":"","theme-transparent-header-meta":"default","adv-header-id-meta":"","stick-header-meta":"","header-above-stick-meta":"","header-main-stick-meta":"","header-below-stick-meta":"","astra-migrate-meta-layouts":"default","ast-page-background-enabled":"default","ast-page-background-meta":{"desktop":{"background-color":"","background-image":"","background-repeat":"repeat","background-position":"center center","background-size":"auto","background-attachment":"scroll","background-type":"","background-media":"","overlay-type":"","overlay-color":"","overlay-opacity":"","overlay-gradient":""},"tablet":{"background-color":"","background-image":"","background-repeat":"repeat","background-position":"center center","background-size":"auto","background-attachment":"scroll","background-type":"","background-media":"","overlay-type":"","overlay-color":"","overlay-opacity":"","overlay-gradient":""},"mobile":{"background-color":"","background-image":"","background-repeat":"repeat","background-position":"center center","background-size":"auto","background-attachment":"scroll","background-type":"","background-media":"","overlay-type":"","overlay-color":"","overlay-opacity":"","overlay-gradient":""}},"ast-content-background-meta":{"desktop":{"background-color":"var(--ast-global-color-5)","background-image":"","background-repeat":"repeat","background-position":"center center","background-size":"auto","background-attachment":"scroll","background-type":"","background-media":"","overlay-type":"","overlay-color":"","overlay-opacity":"","overlay-gradient":""},"tablet":{"background-color":"var(--ast-global-color-5)","background-image":"","background-repeat":"repeat","background-position":"center center","background-size":"auto","background-attachment":"scroll","background-type":"","background-media":"","overlay-type":"","overlay-color":"","overlay-opacity":"","overlay-gradient":""},"mobile":{"background-color":"var(--ast-global-color-5)","background-image":"","background-repeat":"repeat","background-position":"center center","background-size":"auto","background-attachment":"scroll","background-type":"","background-media":"","overlay-type":"","overlay-color":"","overlay-opacity":"","overlay-gradient":""}}},"product_brand":[],"product_cat":[35],"product_tag":[],"class_list":{"0":"post-16872","1":"product","2":"type-product","3":"status-publish","4":"has-post-thumbnail","6":"product_cat-polishing-tools","7":"desktop-align-left","8":"tablet-align-left","9":"mobile-align-left","11":"first","12":"instock","13":"shipping-taxable","14":"product-type-simple"},"acf":[],"_links":{"self":[{"href":"https:\/\/www.tenyutool.com\/espanol\/wp-json\/wp\/v2\/product\/16872","targetHints":{"allow":["GET"]}}],"collection":[{"href":"https:\/\/www.tenyutool.com\/espanol\/wp-json\/wp\/v2\/product"}],"about":[{"href":"https:\/\/www.tenyutool.com\/espanol\/wp-json\/wp\/v2\/types\/product"}],"replies":[{"embeddable":true,"href":"https:\/\/www.tenyutool.com\/espanol\/wp-json\/wp\/v2\/comments?post=16872"}],"wp:featuredmedia":[{"embeddable":true,"href":"https:\/\/www.tenyutool.com\/espanol\/wp-json\/wp\/v2\/media\/16874"}],"wp:attachment":[{"href":"https:\/\/www.tenyutool.com\/espanol\/wp-json\/wp\/v2\/media?parent=16872"}],"wp:term":[{"taxonomy":"product_brand","embeddable":true,"href":"https:\/\/www.tenyutool.com\/espanol\/wp-json\/wp\/v2\/product_brand?post=16872"},{"taxonomy":"product_cat","embeddable":true,"href":"https:\/\/www.tenyutool.com\/espanol\/wp-json\/wp\/v2\/product_cat?post=16872"},{"taxonomy":"product_tag","embeddable":true,"href":"https:\/\/www.tenyutool.com\/espanol\/wp-json\/wp\/v2\/product_tag?post=16872"}],"curies":[{"name":"wp","href":"https:\/\/api.w.org\/{rel}","templated":true}]}}