{"id":16936,"date":"2023-04-03T06:26:53","date_gmt":"2023-04-03T06:26:53","guid":{"rendered":"https:\/\/www.tenyutool.com\/?post_type=product&#038;p=16936"},"modified":"2023-04-03T06:26:53","modified_gmt":"2023-04-03T06:26:53","slug":"juego-de-puntas-de-destornillador","status":"publish","type":"product","link":"https:\/\/www.tenyutool.com\/espanol\/product\/screwdriver-bits-set\/","title":{"rendered":"Juego de puntas de destornillador Phillips #2 Cabezal de lote antideslizante doble Punta de torsi\u00f3n Punta de destornillador"},"content":{"rendered":"<p>Rasgo:<\/p>\n<ul>\n<li>Magn\u00e9tico y de doble extremo: las puntas Phillips de doble extremo tienen un dise\u00f1o magn\u00e9tico, doble extremo para mayor versatilidad.<\/li>\n<li data-spm-anchor-id=\"a2700.pc-decorate.0.i23.5f993333gqP9io\">Broca para destornillador Phillips fabricada en aleaci\u00f3n de acero S2 para una m\u00e1xima durabilidad.<\/li>\n<li data-spm-anchor-id=\"a2700.pc-decorate.0.i24.5f993333gqP9io\">Gran reemplazo para puntas de destornillador Phillips perdidas, dobladas o rotas.<\/li>\n<li data-spm-anchor-id=\"a2700.pc-decorate.0.i25.5f993333gqP9io\">Punta de destornillador de cabeza cruzada apta para destornilladores el\u00e9ctricos, destornilladores manuales, taladros el\u00e9ctricos, taladros neum\u00e1ticos, etc.<\/li>\n<li data-spm-anchor-id=\"a2700.pc-decorate.0.i26.5f993333gqP9io\">Tratamiento superficial: Chorro de arena\/marr\u00f3n\/niquelado\/cromado\/color de pistola, etc.<\/li>\n<\/ul>\n<figure id=\"attachment_16939\" aria-describedby=\"caption-attachment-16939\" style=\"width: 800px\" class=\"wp-caption alignnone\"><img fetchpriority=\"high\" decoding=\"async\" class=\"size-full wp-image-16939\" src=\"https:\/\/www.tenyutool.com\/wp-content\/uploads\/2023\/04\/Screwdriver-Bits-Set.jpg\" alt=\"Juego de brocas de destornillador phillips #2 con cabeza de lote antideslizante doble broca de torsi\u00f3n\" width=\"800\" height=\"800\" srcset=\"https:\/\/www.tenyutool.com\/wp-content\/uploads\/2023\/04\/Screwdriver-Bits-Set.jpg 800w, https:\/\/www.tenyutool.com\/wp-content\/uploads\/2023\/04\/Screwdriver-Bits-Set-150x150.jpg 150w, https:\/\/www.tenyutool.com\/wp-content\/uploads\/2023\/04\/Screwdriver-Bits-Set-768x768.jpg 768w, https:\/\/www.tenyutool.com\/wp-content\/uploads\/2023\/04\/Screwdriver-Bits-Set-12x12.jpg 12w, https:\/\/www.tenyutool.com\/wp-content\/uploads\/2023\/04\/Screwdriver-Bits-Set-300x300.jpg 300w, https:\/\/www.tenyutool.com\/wp-content\/uploads\/2023\/04\/Screwdriver-Bits-Set-600x600.jpg 600w, https:\/\/www.tenyutool.com\/wp-content\/uploads\/2023\/04\/Screwdriver-Bits-Set-100x100.jpg 100w\" sizes=\"(max-width: 800px) 100vw, 800px\" \/><figcaption id=\"caption-attachment-16939\" class=\"wp-caption-text\">Juego de brocas de destornillador phillips #2 con cabeza de lote antideslizante doble broca de torsi\u00f3n<\/figcaption><\/figure>\n<table width=\"794\">\n<tbody>\n<tr>\n<td colspan=\"6\" width=\"794\">Descripci\u00f3n del producto<\/td>\n<\/tr>\n<tr>\n<td colspan=\"6\">M\u00e1s opciones para usted\uff1aInicio &gt; Destornillador y extractor de tornillos da\u00f1ados<\/td>\n<\/tr>\n<tr>\n<td>nombre del producto<\/td>\n<td colspan=\"5\" width=\"572\">Juego de puntas de destornillador Phillips #2 Cabezal de lote antideslizante doble Punta de torsi\u00f3n Punta de destornillador<\/td>\n<\/tr>\n<tr>\n<td>Material<\/td>\n<td colspan=\"5\">\u00a0Acero S2<\/td>\n<\/tr>\n<tr>\n<td>Dureza<\/td>\n<td colspan=\"5\">HRC56-60\/ HRC61-62<\/td>\n<\/tr>\n<tr>\n<td>Tama\u00f1o<\/td>\n<td colspan=\"5\" width=\"572\">PH2*50MM\/ 65MM \/ 100MM o por su solicitud<\/td>\n<\/tr>\n<tr>\n<td>Tipo de v\u00e1stago<\/td>\n<td colspan=\"5\">V\u00e1stago hexagonal<\/td>\n<\/tr>\n<\/tbody>\n<\/table>","protected":false},"excerpt":{"rendered":"<p>Feature\uff1a Magnetic &amp; Double Ended &#8211; Double end phillips bit are with magnetic design, Double-ended for extra versatility. Phillips screwdriver drill bit made of S2 alloy steel for maximum durability. Great replacement for missing, bent or broken phillips screwdriver bits. Cross head screwdriver bit fit for electric screwdrivers, hand screwdrivers, electric drills, air drills and [&hellip;]<\/p>\n","protected":false},"featured_media":16939,"comment_status":"closed","ping_status":"closed","template":"","meta":{"_acf_changed":false,"_seopress_robots_primary_cat":"","_seopress_titles_title":"Screwdriver Bit Torsion Bit Double Anti-slip Batch Head | #2 Phillips Screwdriver Bits Set","_seopress_titles_desc":"","_seopress_robots_index":"","site-sidebar-layout":"default","site-content-layout":"default","ast-site-content-layout":"default","site-content-style":"default","site-sidebar-style":"default","ast-global-header-display":"","ast-banner-title-visibility":"","ast-main-header-display":"","ast-hfb-above-header-display":"","ast-hfb-below-header-display":"","ast-hfb-mobile-header-display":"","site-post-title":"","ast-breadcrumbs-content":"","ast-featured-img":"","footer-sml-layout":"","ast-disable-related-posts":"","theme-transparent-header-meta":"default","adv-header-id-meta":"","stick-header-meta":"","header-above-stick-meta":"","header-main-stick-meta":"","header-below-stick-meta":"","astra-migrate-meta-layouts":"default","ast-page-background-enabled":"default","ast-page-background-meta":{"desktop":{"background-color":"","background-image":"","background-repeat":"repeat","background-position":"center center","background-size":"auto","background-attachment":"scroll","background-type":"","background-media":"","overlay-type":"","overlay-color":"","overlay-opacity":"","overlay-gradient":""},"tablet":{"background-color":"","background-image":"","background-repeat":"repeat","background-position":"center center","background-size":"auto","background-attachment":"scroll","background-type":"","background-media":"","overlay-type":"","overlay-color":"","overlay-opacity":"","overlay-gradient":""},"mobile":{"background-color":"","background-image":"","background-repeat":"repeat","background-position":"center center","background-size":"auto","background-attachment":"scroll","background-type":"","background-media":"","overlay-type":"","overlay-color":"","overlay-opacity":"","overlay-gradient":""}},"ast-content-background-meta":{"desktop":{"background-color":"var(--ast-global-color-5)","background-image":"","background-repeat":"repeat","background-position":"center center","background-size":"auto","background-attachment":"scroll","background-type":"","background-media":"","overlay-type":"","overlay-color":"","overlay-opacity":"","overlay-gradient":""},"tablet":{"background-color":"var(--ast-global-color-5)","background-image":"","background-repeat":"repeat","background-position":"center center","background-size":"auto","background-attachment":"scroll","background-type":"","background-media":"","overlay-type":"","overlay-color":"","overlay-opacity":"","overlay-gradient":""},"mobile":{"background-color":"var(--ast-global-color-5)","background-image":"","background-repeat":"repeat","background-position":"center center","background-size":"auto","background-attachment":"scroll","background-type":"","background-media":"","overlay-type":"","overlay-color":"","overlay-opacity":"","overlay-gradient":""}}},"product_brand":[],"product_cat":[38],"product_tag":[],"class_list":{"0":"post-16936","1":"product","2":"type-product","3":"status-publish","4":"has-post-thumbnail","6":"product_cat-screwdriver-and-damaged-screw-remover","7":"desktop-align-left","8":"tablet-align-left","9":"mobile-align-left","11":"first","12":"instock","13":"shipping-taxable","14":"product-type-simple"},"acf":[],"_links":{"self":[{"href":"https:\/\/www.tenyutool.com\/espanol\/wp-json\/wp\/v2\/product\/16936","targetHints":{"allow":["GET"]}}],"collection":[{"href":"https:\/\/www.tenyutool.com\/espanol\/wp-json\/wp\/v2\/product"}],"about":[{"href":"https:\/\/www.tenyutool.com\/espanol\/wp-json\/wp\/v2\/types\/product"}],"replies":[{"embeddable":true,"href":"https:\/\/www.tenyutool.com\/espanol\/wp-json\/wp\/v2\/comments?post=16936"}],"wp:featuredmedia":[{"embeddable":true,"href":"https:\/\/www.tenyutool.com\/espanol\/wp-json\/wp\/v2\/media\/16939"}],"wp:attachment":[{"href":"https:\/\/www.tenyutool.com\/espanol\/wp-json\/wp\/v2\/media?parent=16936"}],"wp:term":[{"taxonomy":"product_brand","embeddable":true,"href":"https:\/\/www.tenyutool.com\/espanol\/wp-json\/wp\/v2\/product_brand?post=16936"},{"taxonomy":"product_cat","embeddable":true,"href":"https:\/\/www.tenyutool.com\/espanol\/wp-json\/wp\/v2\/product_cat?post=16936"},{"taxonomy":"product_tag","embeddable":true,"href":"https:\/\/www.tenyutool.com\/espanol\/wp-json\/wp\/v2\/product_tag?post=16936"}],"curies":[{"name":"wp","href":"https:\/\/api.w.org\/{rel}","templated":true}]}}