{"id":16940,"date":"2023-04-03T06:40:13","date_gmt":"2023-04-03T06:40:13","guid":{"rendered":"https:\/\/www.tenyutool.com\/?post_type=product&#038;p=16940"},"modified":"2023-04-03T06:40:13","modified_gmt":"2023-04-03T06:40:13","slug":"ph2-destornillador-broca","status":"publish","type":"product","link":"https:\/\/www.tenyutool.com\/espanol\/product\/ph2-screwdriver-drill-bit\/","title":{"rendered":"Broca de destornillador S2 65 mm PH2 con magn\u00e9tico"},"content":{"rendered":"<p>Rasgo:<\/p>\n<ul>\n<li>Magn\u00e9tico y de doble extremo: las puntas Phillips de doble extremo tienen un dise\u00f1o magn\u00e9tico, doble extremo para mayor versatilidad.<\/li>\n<li data-spm-anchor-id=\"a2700.pc-decorate.0.i13.6c6d33330hQnNA\">Broca para destornillador Phillips fabricada en aleaci\u00f3n de acero S2 para una m\u00e1xima durabilidad.<\/li>\n<li data-spm-anchor-id=\"a2700.pc-decorate.0.i13.6c6d33330hQnNA\">Gran reemplazo para puntas de destornillador Phillips perdidas, dobladas o rotas.<\/li>\n<li data-spm-anchor-id=\"a2700.pc-decorate.0.i15.6c6d33330hQnNA\">Punta de destornillador de cabeza cruzada apta para destornilladores el\u00e9ctricos, destornilladores manuales, taladros el\u00e9ctricos, taladros neum\u00e1ticos, etc.<\/li>\n<li data-spm-anchor-id=\"a2700.pc-decorate.0.i16.6c6d33330hQnNA\">Tipo de broca: Phillips PH2, Tama\u00f1o del v\u00e1stago: 1\/4 de pulgada, Longitud total: 65 mm \/ 2,56 pulgadas.<\/li>\n<\/ul>\n<figure id=\"attachment_16943\" aria-describedby=\"caption-attachment-16943\" style=\"width: 800px\" class=\"wp-caption alignnone\"><img fetchpriority=\"high\" decoding=\"async\" class=\"size-full wp-image-16943\" src=\"https:\/\/www.tenyutool.com\/wp-content\/uploads\/2023\/04\/PH2-Screwdriver-Drill-Bit.jpg\" alt=\"broca destornillador s2 65mm ph2 con magn\u00e9tico\" width=\"800\" height=\"800\" srcset=\"https:\/\/www.tenyutool.com\/wp-content\/uploads\/2023\/04\/PH2-Screwdriver-Drill-Bit.jpg 800w, https:\/\/www.tenyutool.com\/wp-content\/uploads\/2023\/04\/PH2-Screwdriver-Drill-Bit-150x150.jpg 150w, https:\/\/www.tenyutool.com\/wp-content\/uploads\/2023\/04\/PH2-Screwdriver-Drill-Bit-768x768.jpg 768w, https:\/\/www.tenyutool.com\/wp-content\/uploads\/2023\/04\/PH2-Screwdriver-Drill-Bit-12x12.jpg 12w, https:\/\/www.tenyutool.com\/wp-content\/uploads\/2023\/04\/PH2-Screwdriver-Drill-Bit-300x300.jpg 300w, https:\/\/www.tenyutool.com\/wp-content\/uploads\/2023\/04\/PH2-Screwdriver-Drill-Bit-600x600.jpg 600w, https:\/\/www.tenyutool.com\/wp-content\/uploads\/2023\/04\/PH2-Screwdriver-Drill-Bit-100x100.jpg 100w\" sizes=\"(max-width: 800px) 100vw, 800px\" \/><figcaption id=\"caption-attachment-16943\" class=\"wp-caption-text\">broca destornillador s2 65mm ph2 con magn\u00e9tico<\/figcaption><\/figure>\n<table width=\"794\">\n<tbody>\n<tr>\n<td colspan=\"6\" width=\"794\">Descripci\u00f3n del producto<\/td>\n<\/tr>\n<tr>\n<td colspan=\"6\">M\u00e1s opciones para usted\uff1aInicio &gt; Destornillador y extractor de tornillos da\u00f1ados<\/td>\n<\/tr>\n<tr>\n<td>nombre del producto<\/td>\n<td colspan=\"5\" width=\"572\">Broca de destornillador S2 65 mm PH2 con magn\u00e9tico<\/td>\n<\/tr>\n<tr>\n<td>Material<\/td>\n<td colspan=\"5\" width=\"572\">\u00a0S2<\/td>\n<\/tr>\n<tr>\n<td>Tipo de cabeza de tornillo<\/td>\n<td colspan=\"5\" width=\"572\">\u00a0Phillips<\/td>\n<\/tr>\n<tr>\n<td>Dureza<\/td>\n<td colspan=\"5\" width=\"572\">\u00a0CHR 62-64\u00b0<\/td>\n<\/tr>\n<tr>\n<td>Cabeza<\/td>\n<td colspan=\"5\">PH1 PH2 PH3, PZ1 PZ2 PZ3, tipo T<\/td>\n<\/tr>\n<tr>\n<td>Paquete<\/td>\n<td colspan=\"5\" width=\"572\">10 piezas\/caja de pl\u00e1stico<\/td>\n<\/tr>\n<\/tbody>\n<\/table>","protected":false},"excerpt":{"rendered":"<p>Feature\uff1a Magnetic &amp; Double Ended &#8211; Double end phillips bit are with magnetic design, Double-ended for extra versatility. Phillips screwdriver drill bit made of S2 alloy steel for maximum durability. Great replacement for missing, bent or broken phillips screwdriver bits. Cross head screwdriver bit fit for electric screwdrivers, hand screwdrivers, electric drills, air drills and [&hellip;]<\/p>\n","protected":false},"featured_media":16943,"comment_status":"closed","ping_status":"closed","template":"","meta":{"_acf_changed":false,"_seopress_robots_primary_cat":"","_seopress_titles_title":"S2 65mm PH2 Screwdriver Drill Bit | with Magnetic","_seopress_titles_desc":"","_seopress_robots_index":"","site-sidebar-layout":"default","site-content-layout":"default","ast-site-content-layout":"default","site-content-style":"default","site-sidebar-style":"default","ast-global-header-display":"","ast-banner-title-visibility":"","ast-main-header-display":"","ast-hfb-above-header-display":"","ast-hfb-below-header-display":"","ast-hfb-mobile-header-display":"","site-post-title":"","ast-breadcrumbs-content":"","ast-featured-img":"","footer-sml-layout":"","ast-disable-related-posts":"","theme-transparent-header-meta":"default","adv-header-id-meta":"","stick-header-meta":"","header-above-stick-meta":"","header-main-stick-meta":"","header-below-stick-meta":"","astra-migrate-meta-layouts":"default","ast-page-background-enabled":"default","ast-page-background-meta":{"desktop":{"background-color":"","background-image":"","background-repeat":"repeat","background-position":"center center","background-size":"auto","background-attachment":"scroll","background-type":"","background-media":"","overlay-type":"","overlay-color":"","overlay-opacity":"","overlay-gradient":""},"tablet":{"background-color":"","background-image":"","background-repeat":"repeat","background-position":"center center","background-size":"auto","background-attachment":"scroll","background-type":"","background-media":"","overlay-type":"","overlay-color":"","overlay-opacity":"","overlay-gradient":""},"mobile":{"background-color":"","background-image":"","background-repeat":"repeat","background-position":"center center","background-size":"auto","background-attachment":"scroll","background-type":"","background-media":"","overlay-type":"","overlay-color":"","overlay-opacity":"","overlay-gradient":""}},"ast-content-background-meta":{"desktop":{"background-color":"var(--ast-global-color-5)","background-image":"","background-repeat":"repeat","background-position":"center center","background-size":"auto","background-attachment":"scroll","background-type":"","background-media":"","overlay-type":"","overlay-color":"","overlay-opacity":"","overlay-gradient":""},"tablet":{"background-color":"var(--ast-global-color-5)","background-image":"","background-repeat":"repeat","background-position":"center center","background-size":"auto","background-attachment":"scroll","background-type":"","background-media":"","overlay-type":"","overlay-color":"","overlay-opacity":"","overlay-gradient":""},"mobile":{"background-color":"var(--ast-global-color-5)","background-image":"","background-repeat":"repeat","background-position":"center center","background-size":"auto","background-attachment":"scroll","background-type":"","background-media":"","overlay-type":"","overlay-color":"","overlay-opacity":"","overlay-gradient":""}}},"product_brand":[],"product_cat":[38],"product_tag":[],"class_list":{"0":"post-16940","1":"product","2":"type-product","3":"status-publish","4":"has-post-thumbnail","6":"product_cat-screwdriver-and-damaged-screw-remover","7":"desktop-align-left","8":"tablet-align-left","9":"mobile-align-left","11":"first","12":"instock","13":"shipping-taxable","14":"product-type-simple"},"acf":[],"_links":{"self":[{"href":"https:\/\/www.tenyutool.com\/espanol\/wp-json\/wp\/v2\/product\/16940","targetHints":{"allow":["GET"]}}],"collection":[{"href":"https:\/\/www.tenyutool.com\/espanol\/wp-json\/wp\/v2\/product"}],"about":[{"href":"https:\/\/www.tenyutool.com\/espanol\/wp-json\/wp\/v2\/types\/product"}],"replies":[{"embeddable":true,"href":"https:\/\/www.tenyutool.com\/espanol\/wp-json\/wp\/v2\/comments?post=16940"}],"wp:featuredmedia":[{"embeddable":true,"href":"https:\/\/www.tenyutool.com\/espanol\/wp-json\/wp\/v2\/media\/16943"}],"wp:attachment":[{"href":"https:\/\/www.tenyutool.com\/espanol\/wp-json\/wp\/v2\/media?parent=16940"}],"wp:term":[{"taxonomy":"product_brand","embeddable":true,"href":"https:\/\/www.tenyutool.com\/espanol\/wp-json\/wp\/v2\/product_brand?post=16940"},{"taxonomy":"product_cat","embeddable":true,"href":"https:\/\/www.tenyutool.com\/espanol\/wp-json\/wp\/v2\/product_cat?post=16940"},{"taxonomy":"product_tag","embeddable":true,"href":"https:\/\/www.tenyutool.com\/espanol\/wp-json\/wp\/v2\/product_tag?post=16940"}],"curies":[{"name":"wp","href":"https:\/\/api.w.org\/{rel}","templated":true}]}}