{"id":2029,"date":"2020-11-01T02:46:59","date_gmt":"2020-11-01T02:46:59","guid":{"rendered":"http:\/\/tenyutool.leizi.xyz\/?page_id=2029"},"modified":"2022-06-16T00:59:26","modified_gmt":"2022-06-16T00:59:26","slug":"meche-de-maconnerie-a-pointe-au-carbure-en-u-sable-pour-le-forage-de-maconnerie-de-briques-en-beton-22","status":"publish","type":"page","link":"https:\/\/www.tenyutool.com\/fr\/sand-blasted-u-flute-carbide-tipped-masonry-drill-bit-for-concrete-brick-masonry-drilling-22\/","title":{"rendered":"Forets longs SDS | M\u00e8che de ma\u00e7onnerie SDS Plus chrom\u00e9e"},"content":{"rendered":"<p>&nbsp;<\/p>\n<div class=\"innercontent\">\n<div class=\"singlepage\">\n<div class=\"container\">\n<div class=\"row\">\n<div class=\"single_block\">\n<div class=\"single-contents col-md-7 col-sm-12 col-xs-12\">\n<h2 class=\"single_title\">Foret de ma\u00e7onnerie \u00e0 pointe de carbure SDS Plus Shank S4 plaqu\u00e9 chrome pour le forage de ma\u00e7onnerie en brique de b\u00e9ton<\/h2>\n<\/div>\n<\/div>\n<\/div>\n<\/div>\n<\/div>\n<\/div>\n<p>&nbsp;<\/p>\n<div class=\"innercontent\">\n<div class=\"singlepage\">\n<div class=\"container\">\n<div class=\"row\">\n<div class=\"single_block\">\n<div class=\"single-contents col-md-7 col-sm-12 col-xs-12\">\n<h2 class=\"single_title\">Jeu de forets \u00e0 ma\u00e7onnerie \u00e0 pointe de carbure S4 plaqu\u00e9 chrome dans une bo\u00eete en plastique pour le forage de ma\u00e7onnerie en brique de b\u00e9ton<\/h2>\n<\/div>\n<\/div>\n<\/div>\n<\/div>\n<\/div>\n<\/div>\n<p>&nbsp;<\/p>","protected":false},"excerpt":{"rendered":"<p>&nbsp; Foret \u00e0 ma\u00e7onnerie chrom\u00e9 SDS Plus Shank S4 \u00e0 pointe en carbure pour le forage de ma\u00e7onnerie en brique de b\u00e9ton Jeu de forets \u00e0 ma\u00e7onnerie \u00e0 pointe en carbure S4 fl\u00fbte chrom\u00e9 dans une bo\u00eete en plastique pour le forage \u00e0 ma\u00e7onnerie en brique de b\u00e9ton &nbsp;<\/p>","protected":false},"author":1,"featured_media":0,"parent":0,"menu_order":1,"comment_status":"closed","ping_status":"closed","template":"product-details.php","meta":{"_acf_changed":false,"_seopress_robots_primary_cat":"","_seopress_titles_title":"%%post_title%%","_seopress_titles_desc":"","_seopress_robots_index":"","site-sidebar-layout":"default","site-content-layout":"page-builder","ast-site-content-layout":"default","site-content-style":"default","site-sidebar-style":"default","ast-global-header-display":"","ast-banner-title-visibility":"","ast-main-header-display":"","ast-hfb-above-header-display":"","ast-hfb-below-header-display":"","ast-hfb-mobile-header-display":"","site-post-title":"","ast-breadcrumbs-content":"","ast-featured-img":"","footer-sml-layout":"","ast-disable-related-posts":"","theme-transparent-header-meta":"default","adv-header-id-meta":"","stick-header-meta":"","header-above-stick-meta":"","header-main-stick-meta":"","header-below-stick-meta":"","astra-migrate-meta-layouts":"default","ast-page-background-enabled":"default","ast-page-background-meta":{"desktop":{"background-color":"","background-image":"","background-repeat":"repeat","background-position":"center center","background-size":"auto","background-attachment":"scroll","background-type":"","background-media":"","overlay-type":"","overlay-color":"","overlay-opacity":"","overlay-gradient":""},"tablet":{"background-color":"","background-image":"","background-repeat":"repeat","background-position":"center center","background-size":"auto","background-attachment":"scroll","background-type":"","background-media":"","overlay-type":"","overlay-color":"","overlay-opacity":"","overlay-gradient":""},"mobile":{"background-color":"","background-image":"","background-repeat":"repeat","background-position":"center center","background-size":"auto","background-attachment":"scroll","background-type":"","background-media":"","overlay-type":"","overlay-color":"","overlay-opacity":"","overlay-gradient":""}},"ast-content-background-meta":{"desktop":{"background-color":"var(--ast-global-color-5)","background-image":"","background-repeat":"repeat","background-position":"center center","background-size":"auto","background-attachment":"scroll","background-type":"","background-media":"","overlay-type":"","overlay-color":"","overlay-opacity":"","overlay-gradient":""},"tablet":{"background-color":"var(--ast-global-color-5)","background-image":"","background-repeat":"repeat","background-position":"center center","background-size":"auto","background-attachment":"scroll","background-type":"","background-media":"","overlay-type":"","overlay-color":"","overlay-opacity":"","overlay-gradient":""},"mobile":{"background-color":"var(--ast-global-color-5)","background-image":"","background-repeat":"repeat","background-position":"center center","background-size":"auto","background-attachment":"scroll","background-type":"","background-media":"","overlay-type":"","overlay-color":"","overlay-opacity":"","overlay-gradient":""}},"footnotes":""},"class_list":["post-2029","page","type-page","status-publish","hentry"],"acf":[],"_links":{"self":[{"href":"https:\/\/www.tenyutool.com\/fr\/wp-json\/wp\/v2\/pages\/2029","targetHints":{"allow":["GET"]}}],"collection":[{"href":"https:\/\/www.tenyutool.com\/fr\/wp-json\/wp\/v2\/pages"}],"about":[{"href":"https:\/\/www.tenyutool.com\/fr\/wp-json\/wp\/v2\/types\/page"}],"author":[{"embeddable":true,"href":"https:\/\/www.tenyutool.com\/fr\/wp-json\/wp\/v2\/users\/1"}],"replies":[{"embeddable":true,"href":"https:\/\/www.tenyutool.com\/fr\/wp-json\/wp\/v2\/comments?post=2029"}],"version-history":[{"count":0,"href":"https:\/\/www.tenyutool.com\/fr\/wp-json\/wp\/v2\/pages\/2029\/revisions"}],"wp:attachment":[{"href":"https:\/\/www.tenyutool.com\/fr\/wp-json\/wp\/v2\/media?parent=2029"}],"curies":[{"name":"wp","href":"https:\/\/api.w.org\/{rel}","templated":true}]}}