{"id":2037,"date":"2020-11-01T02:55:22","date_gmt":"2020-11-01T02:55:22","guid":{"rendered":"http:\/\/tenyutool.leizi.xyz\/?page_id=2037"},"modified":"2026-04-06T02:09:02","modified_gmt":"2026-04-06T02:09:02","slug":"meche-de-maconnerie-a-pointe-au-carbure-sable-pour-le-forage-de-maconnerie-de-briques-en-beton-31","status":"publish","type":"page","link":"https:\/\/www.tenyutool.com\/fr\/sand-blasted-u-flute-carbide-tipped-masonry-drill-bit-for-concrete-brick-masonry-drilling-31\/","title":{"rendered":"Forets muraux | Foret \u00e0 ma\u00e7onnerie en brique chrom\u00e9e"},"content":{"rendered":"<p>\u00a0<\/p>\n<div class=\"innercontent\">\n<div class=\"singlepage\">\n<div class=\"container\">\n<div class=\"row\">\n<div class=\"single_block\">\n<div class=\"single-contents col-md-7 col-sm-12 col-xs-12\">\n<h2 class=\"single_title\">Foret de ma\u00e7onnerie \u00e0 pointe de carbure de fl\u00fbte en L chrom\u00e9 pour le forage de ma\u00e7onnerie en brique de b\u00e9ton<\/h2>\n<\/div>\n<\/div>\n<\/div>\n<\/div>\n<\/div>\n<\/div>\n<p>\u00a0<\/p>\n<div class=\"innercontent\">\n<div class=\"singlepage\">\n<div class=\"container\">\n<div class=\"row\">\n<div class=\"single_block\">\n<div class=\"single-contents col-md-7 col-sm-12 col-xs-12\">\n<h2 class=\"single_title\">Foret \u00e0 ma\u00e7onnerie \u00e0 pointe en carbure de tungst\u00e8ne noir et brillant \u00e0 tige triangulaire pour le forage de ma\u00e7onnerie en pierre de b\u00e9ton<\/h2>\n<\/div>\n<\/div>\n<\/div>\n<\/div>\n<\/div>\n<\/div>\n<p>\u00a0<\/p>\n<div class=\"innercontent\">\n<div class=\"singlepage\">\n<div class=\"container\">\n<div class=\"row\">\n<div class=\"single_block\">\n<div class=\"single-contents col-md-7 col-sm-12 col-xs-12\">\n<h2 class=\"single_title\">Foret de ma\u00e7onnerie \u00e0 pointe de carbure SDS Plus Shank S4 plaqu\u00e9 chrome pour le forage de ma\u00e7onnerie en brique de b\u00e9ton<\/h2>\n<\/div>\n<\/div>\n<\/div>\n<\/div>\n<\/div>\n<\/div>\n<p>\u00a0<\/p>\n<div class=\"innercontent\">\n<div class=\"singlepage\">\n<div class=\"container\">\n<div class=\"row\">\n<div class=\"single_block\">\n<div class=\"single-contents col-md-7 col-sm-12 col-xs-12\">\n<h2 class=\"single_title\">Jeu de forets \u00e0 ma\u00e7onnerie \u00e0 pointe de carbure S4 plaqu\u00e9 chrome dans une bo\u00eete en plastique pour le forage de ma\u00e7onnerie en brique de b\u00e9ton<\/h2>\n<\/div>\n<\/div>\n<\/div>\n<\/div>\n<\/div>\n<\/div>\n<p>\u00a0<\/p>\n\n\n<p><\/p>","protected":false},"excerpt":{"rendered":"<p>\u00a0 Chrome Plated L Flute Carbide Tipped Masonry Drill Bit for Concrete Brick Masonry Drilling \u00a0 Triangle Shank Black and Bright R Flute Carbide Tipped Masonry Drill Bit for Concrete Stone Brick Masonry Drilling \u00a0 Chrome Plated SDS Plus Shank S4 Flute Carbide Tipped Masonry Drill Bit for Concrete Brick Masonry Drilling \u00a0 Chrome Plated [&hellip;]<\/p>\n","protected":false},"author":1,"featured_media":0,"parent":0,"menu_order":1,"comment_status":"closed","ping_status":"closed","template":"product-details.php","meta":{"_acf_changed":false,"_seopress_robots_primary_cat":"","_seopress_titles_title":"Wall Drill Bits | Chrome Plated Brick Masonry Drill Bit","_seopress_titles_desc":"Premium chrome concrete drill bits from a specialized factory. Superior rust resistance and precision drilling in brick\/stone. We offer OEM services and wholesale discounts.","_seopress_robots_index":"","site-sidebar-layout":"default","site-content-layout":"page-builder","ast-site-content-layout":"full-width-container","site-content-style":"unboxed","site-sidebar-style":"unboxed","ast-global-header-display":"","ast-banner-title-visibility":"","ast-main-header-display":"","ast-hfb-above-header-display":"","ast-hfb-below-header-display":"","ast-hfb-mobile-header-display":"","site-post-title":"","ast-breadcrumbs-content":"","ast-featured-img":"","footer-sml-layout":"","ast-disable-related-posts":"","theme-transparent-header-meta":"default","adv-header-id-meta":"","stick-header-meta":"","header-above-stick-meta":"","header-main-stick-meta":"","header-below-stick-meta":"","astra-migrate-meta-layouts":"set","ast-page-background-enabled":"default","ast-page-background-meta":{"desktop":{"background-color":"","background-image":"","background-repeat":"repeat","background-position":"center center","background-size":"auto","background-attachment":"scroll","background-type":"","background-media":"","overlay-type":"","overlay-color":"","overlay-opacity":"","overlay-gradient":""},"tablet":{"background-color":"","background-image":"","background-repeat":"repeat","background-position":"center center","background-size":"auto","background-attachment":"scroll","background-type":"","background-media":"","overlay-type":"","overlay-color":"","overlay-opacity":"","overlay-gradient":""},"mobile":{"background-color":"","background-image":"","background-repeat":"repeat","background-position":"center center","background-size":"auto","background-attachment":"scroll","background-type":"","background-media":"","overlay-type":"","overlay-color":"","overlay-opacity":"","overlay-gradient":""}},"ast-content-background-meta":{"desktop":{"background-color":"var(--ast-global-color-5)","background-image":"","background-repeat":"repeat","background-position":"center center","background-size":"auto","background-attachment":"scroll","background-type":"","background-media":"","overlay-type":"","overlay-color":"","overlay-opacity":"","overlay-gradient":""},"tablet":{"background-color":"var(--ast-global-color-5)","background-image":"","background-repeat":"repeat","background-position":"center center","background-size":"auto","background-attachment":"scroll","background-type":"","background-media":"","overlay-type":"","overlay-color":"","overlay-opacity":"","overlay-gradient":""},"mobile":{"background-color":"var(--ast-global-color-5)","background-image":"","background-repeat":"repeat","background-position":"center center","background-size":"auto","background-attachment":"scroll","background-type":"","background-media":"","overlay-type":"","overlay-color":"","overlay-opacity":"","overlay-gradient":""}},"footnotes":""},"class_list":["post-2037","page","type-page","status-publish","hentry"],"acf":[],"_links":{"self":[{"href":"https:\/\/www.tenyutool.com\/fr\/wp-json\/wp\/v2\/pages\/2037","targetHints":{"allow":["GET"]}}],"collection":[{"href":"https:\/\/www.tenyutool.com\/fr\/wp-json\/wp\/v2\/pages"}],"about":[{"href":"https:\/\/www.tenyutool.com\/fr\/wp-json\/wp\/v2\/types\/page"}],"author":[{"embeddable":true,"href":"https:\/\/www.tenyutool.com\/fr\/wp-json\/wp\/v2\/users\/1"}],"replies":[{"embeddable":true,"href":"https:\/\/www.tenyutool.com\/fr\/wp-json\/wp\/v2\/comments?post=2037"}],"version-history":[{"count":4,"href":"https:\/\/www.tenyutool.com\/fr\/wp-json\/wp\/v2\/pages\/2037\/revisions"}],"predecessor-version":[{"id":31591,"href":"https:\/\/www.tenyutool.com\/fr\/wp-json\/wp\/v2\/pages\/2037\/revisions\/31591"}],"wp:attachment":[{"href":"https:\/\/www.tenyutool.com\/fr\/wp-json\/wp\/v2\/media?parent=2037"}],"curies":[{"name":"wp","href":"https:\/\/api.w.org\/{rel}","templated":true}]}}