{"id":14425,"date":"2022-08-16T01:57:52","date_gmt":"2022-08-16T01:57:52","guid":{"rendered":"https:\/\/www.tenyutool.com\/?post_type=product&#038;p=14425"},"modified":"2022-08-16T02:03:10","modified_gmt":"2022-08-16T02:03:10","slug":"foret-auger-14mm","status":"publish","type":"product","link":"https:\/\/www.tenyutool.com\/fr\/product\/14mm-auger-drill-bit\/","title":{"rendered":"Foret \u00e0 tari\u00e8re \u00e0 bois \u00e0 une fl\u00fbte sans tige"},"content":{"rendered":"<p>Caract\u00e9ristique<\/p>\n<ul>\n<li>Fabriqu\u00e9 en acier \u00e0 haute teneur en carbone avec une pointe filet\u00e9e.<\/li>\n<li>Pointe de vis grossi\u00e8re \u00e0 alimentation automatique con\u00e7ue pour un per\u00e7age plus rapide.<\/li>\n<li>Produisez une coupe plus rapide et plus propre et \u00e9liminez rapidement les copeaux des trous.<\/li>\n<li>Fix\u00e9 dans tous les outils \u00e9lectriques de mani\u00e8re plus s\u00fbre pour r\u00e9duire le glissement dans les mandrins standard.<\/li>\n<li data-spm-anchor-id=\"a2700.pc-decorate.0.i10.223f3333oqCITw\">\u00catre utilis\u00e9 dans le bois dur, le bois tendre, les poutres de grande section, les panneaux de particules, le plastique et le contreplaqu\u00e9 pour un per\u00e7age pr\u00e9cis.<\/li>\n<\/ul>\n<figure id=\"attachment_14427\" aria-describedby=\"caption-attachment-14427\" style=\"width: 800px\" class=\"wp-caption alignnone\"><img fetchpriority=\"high\" decoding=\"async\" class=\"size-full wp-image-14427\" src=\"https:\/\/www.tenyutool.com\/wp-content\/uploads\/2022\/08\/Hex-Shank-Titanium-Coated-Single-Flute-Wood-Auger-Drill-Bit-without-Stem-for-Wood-Drilling.jpg\" alt=\"Foret \u00e0 tari\u00e8re \u00e0 bois \u00e0 une fl\u00fbte sans tige\" width=\"800\" height=\"800\" srcset=\"https:\/\/www.tenyutool.com\/wp-content\/uploads\/2022\/08\/Hex-Shank-Titanium-Coated-Single-Flute-Wood-Auger-Drill-Bit-without-Stem-for-Wood-Drilling.jpg 800w, https:\/\/www.tenyutool.com\/wp-content\/uploads\/2022\/08\/Hex-Shank-Titanium-Coated-Single-Flute-Wood-Auger-Drill-Bit-without-Stem-for-Wood-Drilling-150x150.jpg 150w, https:\/\/www.tenyutool.com\/wp-content\/uploads\/2022\/08\/Hex-Shank-Titanium-Coated-Single-Flute-Wood-Auger-Drill-Bit-without-Stem-for-Wood-Drilling-768x768.jpg 768w, https:\/\/www.tenyutool.com\/wp-content\/uploads\/2022\/08\/Hex-Shank-Titanium-Coated-Single-Flute-Wood-Auger-Drill-Bit-without-Stem-for-Wood-Drilling-12x12.jpg 12w, https:\/\/www.tenyutool.com\/wp-content\/uploads\/2022\/08\/Hex-Shank-Titanium-Coated-Single-Flute-Wood-Auger-Drill-Bit-without-Stem-for-Wood-Drilling-300x300.jpg 300w, https:\/\/www.tenyutool.com\/wp-content\/uploads\/2022\/08\/Hex-Shank-Titanium-Coated-Single-Flute-Wood-Auger-Drill-Bit-without-Stem-for-Wood-Drilling-600x600.jpg 600w, https:\/\/www.tenyutool.com\/wp-content\/uploads\/2022\/08\/Hex-Shank-Titanium-Coated-Single-Flute-Wood-Auger-Drill-Bit-without-Stem-for-Wood-Drilling-100x100.jpg 100w\" sizes=\"(max-width: 800px) 100vw, 800px\" \/><figcaption id=\"caption-attachment-14427\" class=\"wp-caption-text\">Foret \u00e0 tari\u00e8re \u00e0 bois \u00e0 une fl\u00fbte sans tige<\/figcaption><\/figure>\n<table class=\"has-title hight-light-first-column all magic-4\">\n<tbody>\n<tr>\n<td colspan=\"5\" rowspan=\"1\">\n<div class=\"magic-5\"><span class=\"magic-6\">Description du produit<\/span><\/div>\n<\/td>\n<\/tr>\n<tr>\n<td colspan=\"5\" rowspan=\"1\">\n<div class=\"magic-5\"><b><span class=\"magic-11\">Plus de choix pour vous :\u00a0<a href=\"https:\/\/www.tenyutool.com\/fr\/\" target=\"_blank\" rel=\"noopener\">Maison<\/a>\u00a0&gt;\u00a0<a href=\"https:\/\/www.tenyutool.com\/fr\/forets-a-bois\/\" target=\"_blank\" rel=\"noopener\">Foret \u00e0 bois<\/a>\u00a0&gt;\u00a0<a href=\"https:\/\/www.tenyutool.com\/fr\/foret-a-tariere-a-bois\/\" target=\"_blank\" rel=\"noopener\">Foret \u00e0 bois<\/a><\/span><\/b><\/div>\n<\/td>\n<\/tr>\n<tr>\n<td colspan=\"1\" rowspan=\"1\">\n<div class=\"magic-12\">Nom du produit<\/div>\n<\/td>\n<td colspan=\"4\" rowspan=\"1\">\n<div class=\"magic-13\" data-spm-anchor-id=\"a2700.details.0.i45.5a5c7c8eBwqjav\">Foret \u00e0 tari\u00e8re \u00e0 bois \u00e0 une fl\u00fbte hexagonale sans tige pour le forage du bois<\/div>\n<\/td>\n<\/tr>\n<tr>\n<td colspan=\"1\" rowspan=\"1\">\n<div class=\"magic-12\">Jarret<\/div>\n<\/td>\n<td colspan=\"1\" rowspan=\"1\">\n<div class=\"magic-14\" data-spm-anchor-id=\"a2700.details.0.i47.5a5c7c8eBwqjav\">Tige hexagonale \u00e0 changement rapide (nous avons \u00e9galement une tige hexagonale, une tige SDS Plus et une tige \u00e0 usage manuel)<\/div>\n<\/td>\n<\/tr>\n<tr>\n<td colspan=\"1\" rowspan=\"1\">\n<div class=\"magic-12\">Fl\u00fbte<\/div>\n<\/td>\n<td colspan=\"4\" rowspan=\"1\">\n<div class=\"magic-14\">Fl\u00fbte simple avec tige (nous avons \u00e9galement des fl\u00fbtes simples sans tige, des fl\u00fbtes doubles,<br \/>\nTrois fl\u00fbtes et quatre fl\u00fbtes)<\/div>\n<\/td>\n<\/tr>\n<tr>\n<td colspan=\"1\" rowspan=\"1\">\n<div class=\"magic-12\">Pointe<\/div>\n<\/td>\n<td colspan=\"4\" rowspan=\"1\">\n<div class=\"magic-14\">\u00c9peron simple avec pointe de vis (nous avons \u00e9galement des \u00e9perons doubles, trois \u00e9perons et quatre \u00e9perons \u00e0 t\u00eate quadruple)<\/div>\n<\/td>\n<\/tr>\n<tr>\n<td colspan=\"1\" rowspan=\"1\">\n<div class=\"magic-12\">Mat\u00e9riel<\/div>\n<\/td>\n<td colspan=\"1\" rowspan=\"1\">\n<div class=\"magic-14\">Acier au carbone avec traitement thermique<\/div>\n<\/td>\n<\/tr>\n<tr>\n<td colspan=\"1\" rowspan=\"1\">\n<div class=\"magic-12\">Finition de surface<\/div>\n<\/td>\n<td colspan=\"1\" rowspan=\"1\">\n<div class=\"magic-14\">Rev\u00eatement en titane (nous avons \u00e9galement une peinture de couleur, noire et brillante)<\/div>\n<\/td>\n<\/tr>\n<tr>\n<td colspan=\"1\" rowspan=\"1\">\n<div class=\"magic-12\">Forfait<\/div>\n<\/td>\n<td colspan=\"1\" rowspan=\"1\">\n<div class=\"magic-14\">Une pi\u00e8ce dans une pochette en PVC, un tube en PVC ou un double blister en PVC<\/div>\n<\/td>\n<\/tr>\n<\/tbody>\n<\/table>","protected":false},"excerpt":{"rendered":"<p>Feature Made of high carbon steel with a threaded tip. Self Feeding Coarse screw point designed for faster drilling. Produce a faster and cleaner cut and clear quickly chips out of holes. Fixed in all power tools more safely for slipping reducing in standard chucks. Be used in hardwood, softwood, large section beam, chipboard, plastic, [&hellip;]<\/p>\n","protected":false},"featured_media":14427,"comment_status":"closed","ping_status":"closed","template":"","meta":{"_acf_changed":false,"_seopress_robots_primary_cat":"none","_seopress_titles_title":"14mm Auger Drill Bit | Single Flute Wood Auger Bit","_seopress_titles_desc":"","_seopress_robots_index":"","site-sidebar-layout":"default","site-content-layout":"default","ast-site-content-layout":"default","site-content-style":"default","site-sidebar-style":"default","ast-global-header-display":"","ast-banner-title-visibility":"","ast-main-header-display":"","ast-hfb-above-header-display":"","ast-hfb-below-header-display":"","ast-hfb-mobile-header-display":"","site-post-title":"","ast-breadcrumbs-content":"","ast-featured-img":"","footer-sml-layout":"","ast-disable-related-posts":"","theme-transparent-header-meta":"default","adv-header-id-meta":"","stick-header-meta":"","header-above-stick-meta":"","header-main-stick-meta":"","header-below-stick-meta":"","astra-migrate-meta-layouts":"default","ast-page-background-enabled":"default","ast-page-background-meta":{"desktop":{"background-color":"","background-image":"","background-repeat":"repeat","background-position":"center center","background-size":"auto","background-attachment":"scroll","background-type":"","background-media":"","overlay-type":"","overlay-color":"","overlay-opacity":"","overlay-gradient":""},"tablet":{"background-color":"","background-image":"","background-repeat":"repeat","background-position":"center center","background-size":"auto","background-attachment":"scroll","background-type":"","background-media":"","overlay-type":"","overlay-color":"","overlay-opacity":"","overlay-gradient":""},"mobile":{"background-color":"","background-image":"","background-repeat":"repeat","background-position":"center center","background-size":"auto","background-attachment":"scroll","background-type":"","background-media":"","overlay-type":"","overlay-color":"","overlay-opacity":"","overlay-gradient":""}},"ast-content-background-meta":{"desktop":{"background-color":"var(--ast-global-color-5)","background-image":"","background-repeat":"repeat","background-position":"center center","background-size":"auto","background-attachment":"scroll","background-type":"","background-media":"","overlay-type":"","overlay-color":"","overlay-opacity":"","overlay-gradient":""},"tablet":{"background-color":"var(--ast-global-color-5)","background-image":"","background-repeat":"repeat","background-position":"center center","background-size":"auto","background-attachment":"scroll","background-type":"","background-media":"","overlay-type":"","overlay-color":"","overlay-opacity":"","overlay-gradient":""},"mobile":{"background-color":"var(--ast-global-color-5)","background-image":"","background-repeat":"repeat","background-position":"center center","background-size":"auto","background-attachment":"scroll","background-type":"","background-media":"","overlay-type":"","overlay-color":"","overlay-opacity":"","overlay-gradient":""}}},"product_brand":[],"product_cat":[23],"product_tag":[],"class_list":{"0":"post-14425","1":"product","2":"type-product","3":"status-publish","4":"has-post-thumbnail","6":"product_cat-wood-auger-drill-bits","7":"desktop-align-left","8":"tablet-align-left","9":"mobile-align-left","11":"first","12":"instock","13":"shipping-taxable","14":"product-type-simple"},"acf":[],"_links":{"self":[{"href":"https:\/\/www.tenyutool.com\/fr\/wp-json\/wp\/v2\/product\/14425","targetHints":{"allow":["GET"]}}],"collection":[{"href":"https:\/\/www.tenyutool.com\/fr\/wp-json\/wp\/v2\/product"}],"about":[{"href":"https:\/\/www.tenyutool.com\/fr\/wp-json\/wp\/v2\/types\/product"}],"replies":[{"embeddable":true,"href":"https:\/\/www.tenyutool.com\/fr\/wp-json\/wp\/v2\/comments?post=14425"}],"wp:featuredmedia":[{"embeddable":true,"href":"https:\/\/www.tenyutool.com\/fr\/wp-json\/wp\/v2\/media\/14427"}],"wp:attachment":[{"href":"https:\/\/www.tenyutool.com\/fr\/wp-json\/wp\/v2\/media?parent=14425"}],"wp:term":[{"taxonomy":"product_brand","embeddable":true,"href":"https:\/\/www.tenyutool.com\/fr\/wp-json\/wp\/v2\/product_brand?post=14425"},{"taxonomy":"product_cat","embeddable":true,"href":"https:\/\/www.tenyutool.com\/fr\/wp-json\/wp\/v2\/product_cat?post=14425"},{"taxonomy":"product_tag","embeddable":true,"href":"https:\/\/www.tenyutool.com\/fr\/wp-json\/wp\/v2\/product_tag?post=14425"}],"curies":[{"name":"wp","href":"https:\/\/api.w.org\/{rel}","templated":true}]}}