{"id":14438,"date":"2022-08-16T02:49:41","date_gmt":"2022-08-16T02:49:41","guid":{"rendered":"https:\/\/www.tenyutool.com\/?post_type=product&#038;p=14438"},"modified":"2022-08-16T02:53:21","modified_gmt":"2022-08-16T02:53:21","slug":"tariere-a-glace","status":"publish","type":"product","link":"https:\/\/www.tenyutool.com\/fr\/product\/ice-auger-drill-bit\/","title":{"rendered":"Forets h\u00e9lico\u00efdaux en acier au carbure de tungst\u00e8ne pour la p\u00eache sur glace"},"content":{"rendered":"<p>Caract\u00e9ristique:<\/p>\n<ul>\n<li>Les forets \u00e0 tari\u00e8re \u00e0 glace sont un \u00e9quipement n\u00e9cessaire pour tous ceux qui aiment la p\u00eache sur glace.<\/li>\n<li>Ils sont fabriqu\u00e9s en carbure c\u00e9ment\u00e9 en acier au tungst\u00e8ne, ce qui les rend tr\u00e8s r\u00e9sistants et capables de r\u00e9sister \u00e0 des vitesses \u00e9lev\u00e9es.<\/li>\n<li>Ils sont \u00e9galement tr\u00e8s l\u00e9gers, ce qui les rend faciles \u00e0 transporter.<\/li>\n<li>Que vous soyez un d\u00e9butant ou un p\u00eacheur sur glace chevronn\u00e9, un foret \u00e0 tari\u00e8re \u00e0 glace est un outil essentiel.<\/li>\n<li>Des performances fiables dans toutes les conditions. La conception agressive coupe la glace rapidement et en douceur.<\/li>\n<\/ul>\n<figure id=\"attachment_14434\" aria-describedby=\"caption-attachment-14434\" style=\"width: 800px\" class=\"wp-caption alignnone\"><img fetchpriority=\"high\" decoding=\"async\" class=\"size-full wp-image-14434\" src=\"https:\/\/www.tenyutool.com\/wp-content\/uploads\/2022\/08\/Tungsten-Carbide-Steel-Ice-Augers-Twist-Drill-Bits-for-Ice-Fishing-Intensive-Heavy-Duty-Blue-Auger-Drill-Bit.jpg\" alt=\"Forets h\u00e9lico\u00efdaux en acier au carbure de tungst\u00e8ne forets h\u00e9lico\u00efdaux pour la p\u00eache sur glace\" width=\"800\" height=\"800\" srcset=\"https:\/\/www.tenyutool.com\/wp-content\/uploads\/2022\/08\/Tungsten-Carbide-Steel-Ice-Augers-Twist-Drill-Bits-for-Ice-Fishing-Intensive-Heavy-Duty-Blue-Auger-Drill-Bit.jpg 800w, https:\/\/www.tenyutool.com\/wp-content\/uploads\/2022\/08\/Tungsten-Carbide-Steel-Ice-Augers-Twist-Drill-Bits-for-Ice-Fishing-Intensive-Heavy-Duty-Blue-Auger-Drill-Bit-150x150.jpg 150w, https:\/\/www.tenyutool.com\/wp-content\/uploads\/2022\/08\/Tungsten-Carbide-Steel-Ice-Augers-Twist-Drill-Bits-for-Ice-Fishing-Intensive-Heavy-Duty-Blue-Auger-Drill-Bit-768x768.jpg 768w, https:\/\/www.tenyutool.com\/wp-content\/uploads\/2022\/08\/Tungsten-Carbide-Steel-Ice-Augers-Twist-Drill-Bits-for-Ice-Fishing-Intensive-Heavy-Duty-Blue-Auger-Drill-Bit-12x12.jpg 12w, https:\/\/www.tenyutool.com\/wp-content\/uploads\/2022\/08\/Tungsten-Carbide-Steel-Ice-Augers-Twist-Drill-Bits-for-Ice-Fishing-Intensive-Heavy-Duty-Blue-Auger-Drill-Bit-300x300.jpg 300w, https:\/\/www.tenyutool.com\/wp-content\/uploads\/2022\/08\/Tungsten-Carbide-Steel-Ice-Augers-Twist-Drill-Bits-for-Ice-Fishing-Intensive-Heavy-Duty-Blue-Auger-Drill-Bit-600x600.jpg 600w, https:\/\/www.tenyutool.com\/wp-content\/uploads\/2022\/08\/Tungsten-Carbide-Steel-Ice-Augers-Twist-Drill-Bits-for-Ice-Fishing-Intensive-Heavy-Duty-Blue-Auger-Drill-Bit-100x100.jpg 100w\" sizes=\"(max-width: 800px) 100vw, 800px\" \/><figcaption id=\"caption-attachment-14434\" class=\"wp-caption-text\">Forets h\u00e9lico\u00efdaux en acier au carbure de tungst\u00e8ne forets h\u00e9lico\u00efdaux pour la p\u00eache sur glace<\/figcaption><\/figure>\n<table class=\"has-title hight-light-first-column all magic-4\">\n<tbody>\n<tr>\n<td colspan=\"5\" rowspan=\"1\">\n<div class=\"magic-5\"><span class=\"magic-6\">Description du produit<\/span><\/div>\n<\/td>\n<\/tr>\n<tr>\n<td colspan=\"5\" rowspan=\"1\">\n<div class=\"magic-5\"><b><span class=\"magic-11\" data-spm-anchor-id=\"a2700.details.0.i34.4d9db425980MzE\">Plus de choix pour vous :\u00a0<a href=\"https:\/\/www.tenyutool.com\/fr\/\" target=\"_blank\" rel=\"noopener\">Maison<\/a> &gt; Tari\u00e8re \u00e0 glace manuelle<\/span><\/b><\/div>\n<\/td>\n<\/tr>\n<tr>\n<td colspan=\"1\" rowspan=\"1\">\n<div class=\"magic-12\">Nom du produit<\/div>\n<\/td>\n<td colspan=\"4\" rowspan=\"1\">\n<div class=\"magic-13\">Forets h\u00e9lico\u00efdaux en acier au carbure de tungst\u00e8ne pour la p\u00eache sur glace<\/div>\n<\/td>\n<\/tr>\n<tr>\n<td colspan=\"1\" rowspan=\"1\">\n<div class=\"magic-12\">Jarret<\/div>\n<\/td>\n<td colspan=\"4\" rowspan=\"1\">\n<div class=\"magic-14\">Tige hexagonale<\/div>\n<\/td>\n<\/tr>\n<tr>\n<td colspan=\"1\" rowspan=\"1\">\n<div class=\"magic-12\">Fl\u00fbte<\/div>\n<\/td>\n<td colspan=\"4\" rowspan=\"1\">\n<div class=\"magic-14\">Fl\u00fbte unique<\/div>\n<\/td>\n<\/tr>\n<tr>\n<td colspan=\"1\" rowspan=\"1\">\n<div class=\"magic-12\">Pointe<\/div>\n<\/td>\n<td colspan=\"4\" rowspan=\"1\">\n<div class=\"magic-14\">Foret h\u00e9lico\u00efdal<\/div>\n<\/td>\n<\/tr>\n<tr>\n<td colspan=\"1\" rowspan=\"1\">\n<div class=\"magic-12\">Mat\u00e9riel<\/div>\n<\/td>\n<td colspan=\"4\" rowspan=\"1\">\n<div class=\"magic-14\">Acier<\/div>\n<\/td>\n<\/tr>\n<tr>\n<td colspan=\"1\" rowspan=\"1\">\n<div class=\"magic-12\">Finition de surface<\/div>\n<\/td>\n<td colspan=\"4\" rowspan=\"1\">\n<div class=\"magic-14\">Bleu<\/div>\n<\/td>\n<\/tr>\n<tr>\n<td colspan=\"1\" rowspan=\"1\">\n<div class=\"magic-12\">Forfait<\/div>\n<\/td>\n<td colspan=\"4\" rowspan=\"1\">\n<div class=\"magic-14\">Une pi\u00e8ce dans un tube en PVC<\/div>\n<\/td>\n<\/tr>\n<\/tbody>\n<\/table>","protected":false},"excerpt":{"rendered":"<p>Feature: Ice auger drill bits are a necessary piece of equipment for anyone who enjoys ice fishing. They are made of Tungsten Steel Cemented Carbide, which makes them very tough and able to withstand high speeds. They are also very lightweight, making them easy to transport. Whether you&#8217;re a beginner or a seasoned ice fisherman, [&hellip;]<\/p>\n","protected":false},"featured_media":14434,"comment_status":"closed","ping_status":"closed","template":"","meta":{"_acf_changed":false,"_seopress_robots_primary_cat":"none","_seopress_titles_title":"Ice Auger Drill Bit | Ice Fishing Heavy Duty Blue Auger Bit","_seopress_titles_desc":"","_seopress_robots_index":"","site-sidebar-layout":"default","site-content-layout":"default","ast-site-content-layout":"default","site-content-style":"default","site-sidebar-style":"default","ast-global-header-display":"","ast-banner-title-visibility":"","ast-main-header-display":"","ast-hfb-above-header-display":"","ast-hfb-below-header-display":"","ast-hfb-mobile-header-display":"","site-post-title":"","ast-breadcrumbs-content":"","ast-featured-img":"","footer-sml-layout":"","ast-disable-related-posts":"","theme-transparent-header-meta":"default","adv-header-id-meta":"","stick-header-meta":"","header-above-stick-meta":"","header-main-stick-meta":"","header-below-stick-meta":"","astra-migrate-meta-layouts":"default","ast-page-background-enabled":"default","ast-page-background-meta":{"desktop":{"background-color":"","background-image":"","background-repeat":"repeat","background-position":"center center","background-size":"auto","background-attachment":"scroll","background-type":"","background-media":"","overlay-type":"","overlay-color":"","overlay-opacity":"","overlay-gradient":""},"tablet":{"background-color":"","background-image":"","background-repeat":"repeat","background-position":"center center","background-size":"auto","background-attachment":"scroll","background-type":"","background-media":"","overlay-type":"","overlay-color":"","overlay-opacity":"","overlay-gradient":""},"mobile":{"background-color":"","background-image":"","background-repeat":"repeat","background-position":"center center","background-size":"auto","background-attachment":"scroll","background-type":"","background-media":"","overlay-type":"","overlay-color":"","overlay-opacity":"","overlay-gradient":""}},"ast-content-background-meta":{"desktop":{"background-color":"var(--ast-global-color-5)","background-image":"","background-repeat":"repeat","background-position":"center center","background-size":"auto","background-attachment":"scroll","background-type":"","background-media":"","overlay-type":"","overlay-color":"","overlay-opacity":"","overlay-gradient":""},"tablet":{"background-color":"var(--ast-global-color-5)","background-image":"","background-repeat":"repeat","background-position":"center center","background-size":"auto","background-attachment":"scroll","background-type":"","background-media":"","overlay-type":"","overlay-color":"","overlay-opacity":"","overlay-gradient":""},"mobile":{"background-color":"var(--ast-global-color-5)","background-image":"","background-repeat":"repeat","background-position":"center center","background-size":"auto","background-attachment":"scroll","background-type":"","background-media":"","overlay-type":"","overlay-color":"","overlay-opacity":"","overlay-gradient":""}}},"product_brand":[],"product_cat":[23],"product_tag":[],"class_list":{"0":"post-14438","1":"product","2":"type-product","3":"status-publish","4":"has-post-thumbnail","6":"product_cat-wood-auger-drill-bits","7":"desktop-align-left","8":"tablet-align-left","9":"mobile-align-left","11":"first","12":"instock","13":"shipping-taxable","14":"product-type-simple"},"acf":[],"_links":{"self":[{"href":"https:\/\/www.tenyutool.com\/fr\/wp-json\/wp\/v2\/product\/14438","targetHints":{"allow":["GET"]}}],"collection":[{"href":"https:\/\/www.tenyutool.com\/fr\/wp-json\/wp\/v2\/product"}],"about":[{"href":"https:\/\/www.tenyutool.com\/fr\/wp-json\/wp\/v2\/types\/product"}],"replies":[{"embeddable":true,"href":"https:\/\/www.tenyutool.com\/fr\/wp-json\/wp\/v2\/comments?post=14438"}],"wp:featuredmedia":[{"embeddable":true,"href":"https:\/\/www.tenyutool.com\/fr\/wp-json\/wp\/v2\/media\/14434"}],"wp:attachment":[{"href":"https:\/\/www.tenyutool.com\/fr\/wp-json\/wp\/v2\/media?parent=14438"}],"wp:term":[{"taxonomy":"product_brand","embeddable":true,"href":"https:\/\/www.tenyutool.com\/fr\/wp-json\/wp\/v2\/product_brand?post=14438"},{"taxonomy":"product_cat","embeddable":true,"href":"https:\/\/www.tenyutool.com\/fr\/wp-json\/wp\/v2\/product_cat?post=14438"},{"taxonomy":"product_tag","embeddable":true,"href":"https:\/\/www.tenyutool.com\/fr\/wp-json\/wp\/v2\/product_tag?post=14438"}],"curies":[{"name":"wp","href":"https:\/\/api.w.org\/{rel}","templated":true}]}}