{"id":14597,"date":"2022-08-17T06:39:26","date_gmt":"2022-08-17T06:39:26","guid":{"rendered":"https:\/\/www.tenyutool.com\/?post_type=product&#038;p=14597"},"modified":"2022-08-23T07:38:13","modified_gmt":"2022-08-23T07:38:13","slug":"meches-a-centrer","status":"publish","type":"product","link":"https:\/\/www.tenyutool.com\/fr\/product\/center-drill-bits\/","title":{"rendered":"7 Pcs Center Drill Bits Set, M2 HSS 60\u00b0 Angle Center Drill Bits Kit Outils de fraisage"},"content":{"rendered":"<p>Caract\u00e9ristique:<\/p>\n<ul>\n<li>Ce foret polyvalent est parfait pour une large gamme d&#039;applications, du per\u00e7age g\u00e9n\u00e9ral aux travaux plus pr\u00e9cis.<\/li>\n<li>Fabriqu\u00e9 \u00e0 partir de mat\u00e9riaux de haute qualit\u00e9, notre foret central est con\u00e7u pour r\u00e9sister aux d\u00e9fis de forage les plus difficiles.<\/li>\n<li>avec un angle aigu de 60 degr\u00e9s, il est parfait pour cr\u00e9er des trous nets et pr\u00e9cis dans une vari\u00e9t\u00e9 de mat\u00e9riaux.<\/li>\n<li>Travaillez avec des tours et la plupart des perceuses \u00e9lectroniques pour percer des trous dans l&#039;acier, le fer, l&#039;alun, l&#039;acier au carbone, le laiton et d&#039;autres mat\u00e9riaux r\u00e9sistants allant de 170 HB \u00e0 200 HB.<\/li>\n<\/ul>\n<figure id=\"attachment_14190\" aria-describedby=\"caption-attachment-14190\" style=\"width: 800px\" class=\"wp-caption alignnone\"><img fetchpriority=\"high\" decoding=\"async\" class=\"size-full wp-image-14190\" src=\"https:\/\/www.tenyutool.com\/wp-content\/uploads\/2022\/08\/7-Pieces-M2-High-Speed-Steel-60-Degree-Angle-Centre-Drill-Bits-Set-Tools.jpg\" alt=\"7 pi\u00e8ces m2 en acier rapide \u00e0 angle de 60 degr\u00e9s outils de forets centraux\" width=\"800\" height=\"800\" srcset=\"https:\/\/www.tenyutool.com\/wp-content\/uploads\/2022\/08\/7-Pieces-M2-High-Speed-Steel-60-Degree-Angle-Centre-Drill-Bits-Set-Tools.jpg 800w, https:\/\/www.tenyutool.com\/wp-content\/uploads\/2022\/08\/7-Pieces-M2-High-Speed-Steel-60-Degree-Angle-Centre-Drill-Bits-Set-Tools-150x150.jpg 150w, https:\/\/www.tenyutool.com\/wp-content\/uploads\/2022\/08\/7-Pieces-M2-High-Speed-Steel-60-Degree-Angle-Centre-Drill-Bits-Set-Tools-768x768.jpg 768w, https:\/\/www.tenyutool.com\/wp-content\/uploads\/2022\/08\/7-Pieces-M2-High-Speed-Steel-60-Degree-Angle-Centre-Drill-Bits-Set-Tools-12x12.jpg 12w, https:\/\/www.tenyutool.com\/wp-content\/uploads\/2022\/08\/7-Pieces-M2-High-Speed-Steel-60-Degree-Angle-Centre-Drill-Bits-Set-Tools-300x300.jpg 300w, https:\/\/www.tenyutool.com\/wp-content\/uploads\/2022\/08\/7-Pieces-M2-High-Speed-Steel-60-Degree-Angle-Centre-Drill-Bits-Set-Tools-600x600.jpg 600w, https:\/\/www.tenyutool.com\/wp-content\/uploads\/2022\/08\/7-Pieces-M2-High-Speed-Steel-60-Degree-Angle-Centre-Drill-Bits-Set-Tools-100x100.jpg 100w\" sizes=\"(max-width: 800px) 100vw, 800px\" \/><figcaption id=\"caption-attachment-14190\" class=\"wp-caption-text\">7 pi\u00e8ces m2 en acier rapide \u00e0 angle de 60 degr\u00e9s outils de forets centraux<\/figcaption><\/figure>\n<table width=\"1078\">\n<tbody>\n<tr>\n<td colspan=\"9\" width=\"1078\">Description du produit<\/td>\n<\/tr>\n<tr>\n<td colspan=\"9\">Plus de choix pour vous : <a href=\"https:\/\/www.tenyutool.com\/fr\/\">Maison<\/a> &gt; m\u00e8ches \u00e0 centrer<\/td>\n<\/tr>\n<tr>\n<td>Nom du produit<\/td>\n<td colspan=\"8\" width=\"910\">7 Pcs Center Drill Bits Set, M2 HSS 60\u00b0 Angle Center Drill Bits Kit Outils de fraisage<\/td>\n<\/tr>\n<tr>\n<td>Mat\u00e9riel<\/td>\n<td colspan=\"8\">Acier rapide\/acier au cobalt<\/td>\n<\/tr>\n<tr>\n<td>Couleur<\/td>\n<td colspan=\"8\">Argent Or<\/td>\n<\/tr>\n<tr>\n<td>Type de fl\u00fbte d&#039;outil<\/td>\n<td colspan=\"8\">Spirale<\/td>\n<\/tr>\n<tr>\n<td>Forfait<\/td>\n<td colspan=\"8\">Boite en plastique<\/td>\n<\/tr>\n<\/tbody>\n<\/table>","protected":false},"excerpt":{"rendered":"<p>Feature: This versatile bit is perfect for a wide range of applications, from general drilling to more precise jobs. Made from high-quality materials, our center drill bit is designed to withstand even the toughest drilling challenges. with a sharp 60-degree angle, it&#8217;s perfect for creating clean, precise holes in a variety of materials. work with [&hellip;]<\/p>\n","protected":false},"featured_media":14190,"comment_status":"closed","ping_status":"closed","template":"","meta":{"_acf_changed":false,"_seopress_robots_primary_cat":"none","_seopress_titles_title":"Center Drill Bits Set | 60\u00b0 Angle Center Drill Bits Kit Countersink Tools","_seopress_titles_desc":"","_seopress_robots_index":"","site-sidebar-layout":"default","site-content-layout":"default","ast-site-content-layout":"default","site-content-style":"default","site-sidebar-style":"default","ast-global-header-display":"","ast-banner-title-visibility":"","ast-main-header-display":"","ast-hfb-above-header-display":"","ast-hfb-below-header-display":"","ast-hfb-mobile-header-display":"","site-post-title":"","ast-breadcrumbs-content":"","ast-featured-img":"","footer-sml-layout":"","ast-disable-related-posts":"","theme-transparent-header-meta":"default","adv-header-id-meta":"","stick-header-meta":"","header-above-stick-meta":"","header-main-stick-meta":"","header-below-stick-meta":"","astra-migrate-meta-layouts":"default","ast-page-background-enabled":"default","ast-page-background-meta":{"desktop":{"background-color":"","background-image":"","background-repeat":"repeat","background-position":"center center","background-size":"auto","background-attachment":"scroll","background-type":"","background-media":"","overlay-type":"","overlay-color":"","overlay-opacity":"","overlay-gradient":""},"tablet":{"background-color":"","background-image":"","background-repeat":"repeat","background-position":"center center","background-size":"auto","background-attachment":"scroll","background-type":"","background-media":"","overlay-type":"","overlay-color":"","overlay-opacity":"","overlay-gradient":""},"mobile":{"background-color":"","background-image":"","background-repeat":"repeat","background-position":"center center","background-size":"auto","background-attachment":"scroll","background-type":"","background-media":"","overlay-type":"","overlay-color":"","overlay-opacity":"","overlay-gradient":""}},"ast-content-background-meta":{"desktop":{"background-color":"var(--ast-global-color-5)","background-image":"","background-repeat":"repeat","background-position":"center center","background-size":"auto","background-attachment":"scroll","background-type":"","background-media":"","overlay-type":"","overlay-color":"","overlay-opacity":"","overlay-gradient":""},"tablet":{"background-color":"var(--ast-global-color-5)","background-image":"","background-repeat":"repeat","background-position":"center center","background-size":"auto","background-attachment":"scroll","background-type":"","background-media":"","overlay-type":"","overlay-color":"","overlay-opacity":"","overlay-gradient":""},"mobile":{"background-color":"var(--ast-global-color-5)","background-image":"","background-repeat":"repeat","background-position":"center center","background-size":"auto","background-attachment":"scroll","background-type":"","background-media":"","overlay-type":"","overlay-color":"","overlay-opacity":"","overlay-gradient":""}}},"product_brand":[],"product_cat":[24],"product_tag":[],"class_list":{"0":"post-14597","1":"product","2":"type-product","3":"status-publish","4":"has-post-thumbnail","6":"product_cat-center-drill-bit","7":"desktop-align-left","8":"tablet-align-left","9":"mobile-align-left","11":"first","12":"instock","13":"shipping-taxable","14":"product-type-simple"},"acf":[],"_links":{"self":[{"href":"https:\/\/www.tenyutool.com\/fr\/wp-json\/wp\/v2\/product\/14597","targetHints":{"allow":["GET"]}}],"collection":[{"href":"https:\/\/www.tenyutool.com\/fr\/wp-json\/wp\/v2\/product"}],"about":[{"href":"https:\/\/www.tenyutool.com\/fr\/wp-json\/wp\/v2\/types\/product"}],"replies":[{"embeddable":true,"href":"https:\/\/www.tenyutool.com\/fr\/wp-json\/wp\/v2\/comments?post=14597"}],"wp:featuredmedia":[{"embeddable":true,"href":"https:\/\/www.tenyutool.com\/fr\/wp-json\/wp\/v2\/media\/14190"}],"wp:attachment":[{"href":"https:\/\/www.tenyutool.com\/fr\/wp-json\/wp\/v2\/media?parent=14597"}],"wp:term":[{"taxonomy":"product_brand","embeddable":true,"href":"https:\/\/www.tenyutool.com\/fr\/wp-json\/wp\/v2\/product_brand?post=14597"},{"taxonomy":"product_cat","embeddable":true,"href":"https:\/\/www.tenyutool.com\/fr\/wp-json\/wp\/v2\/product_cat?post=14597"},{"taxonomy":"product_tag","embeddable":true,"href":"https:\/\/www.tenyutool.com\/fr\/wp-json\/wp\/v2\/product_tag?post=14597"}],"curies":[{"name":"wp","href":"https:\/\/api.w.org\/{rel}","templated":true}]}}