{"id":14608,"date":"2022-08-17T07:37:35","date_gmt":"2022-08-17T07:37:35","guid":{"rendered":"https:\/\/www.tenyutool.com\/?post_type=product&#038;p=14608"},"modified":"2022-08-23T07:32:34","modified_gmt":"2022-08-23T07:32:34","slug":"jeu-de-forets-a-centrer-4mm-hss","status":"publish","type":"product","link":"https:\/\/www.tenyutool.com\/fr\/product\/4mm-hss-centre-drill-set\/","title":{"rendered":"1 pi\u00e8ces conception de fl\u00fbte \u00e0 puce AType 4mm HSS jeu de forets centraux foret central fraise foret de tour"},"content":{"rendered":"<p>Caract\u00e9ristique:<\/p>\n<ul>\n<li>Convient pour perceuses d&#039;\u00e9tabli, fraiseuses, centres d&#039;usinage.<\/li>\n<li>Mat\u00e9riau en acier rapide, \u00e0 haute duret\u00e9, tranchant, r\u00e9sistant \u00e0 l&#039;usure et \u00e0 la chaleur, longue dur\u00e9e de vie.<\/li>\n<li>Conception de fl\u00fbte \u00e0 copeaux agrandie, b\u00e9n\u00e9fique pour un fonctionnement \u00e0 grande vitesse et acc\u00e9l\u00e9rer l&#039;\u00e9limination des copeaux.<\/li>\n<li>Meilleure r\u00e9sistance et durabilit\u00e9 Positionnement en spirale tout terrain avec une efficacit\u00e9 de travail \u00e9lev\u00e9e.<\/li>\n<li>Sp\u00e9cial pour le traitement de l&#039;acier et de l&#039;acier inoxydable, tr\u00e8s pratique.<\/li>\n<\/ul>\n<figure id=\"attachment_14186\" aria-describedby=\"caption-attachment-14186\" style=\"width: 800px\" class=\"wp-caption alignnone\"><img fetchpriority=\"high\" decoding=\"async\" class=\"size-full wp-image-14186\" src=\"https:\/\/www.tenyutool.com\/wp-content\/uploads\/2022\/08\/AType-4mm-HSS-Centre-Drill-Set-Center-Drill-Countersink-Lathe-Bit-Mill-Tooling.jpg\" alt=\"atype 4mm hss center drill set center drill fraise tour peu mill tooling\" width=\"800\" height=\"800\" srcset=\"https:\/\/www.tenyutool.com\/wp-content\/uploads\/2022\/08\/AType-4mm-HSS-Centre-Drill-Set-Center-Drill-Countersink-Lathe-Bit-Mill-Tooling.jpg 800w, https:\/\/www.tenyutool.com\/wp-content\/uploads\/2022\/08\/AType-4mm-HSS-Centre-Drill-Set-Center-Drill-Countersink-Lathe-Bit-Mill-Tooling-150x150.jpg 150w, https:\/\/www.tenyutool.com\/wp-content\/uploads\/2022\/08\/AType-4mm-HSS-Centre-Drill-Set-Center-Drill-Countersink-Lathe-Bit-Mill-Tooling-768x768.jpg 768w, https:\/\/www.tenyutool.com\/wp-content\/uploads\/2022\/08\/AType-4mm-HSS-Centre-Drill-Set-Center-Drill-Countersink-Lathe-Bit-Mill-Tooling-12x12.jpg 12w, https:\/\/www.tenyutool.com\/wp-content\/uploads\/2022\/08\/AType-4mm-HSS-Centre-Drill-Set-Center-Drill-Countersink-Lathe-Bit-Mill-Tooling-300x300.jpg 300w, https:\/\/www.tenyutool.com\/wp-content\/uploads\/2022\/08\/AType-4mm-HSS-Centre-Drill-Set-Center-Drill-Countersink-Lathe-Bit-Mill-Tooling-600x600.jpg 600w, https:\/\/www.tenyutool.com\/wp-content\/uploads\/2022\/08\/AType-4mm-HSS-Centre-Drill-Set-Center-Drill-Countersink-Lathe-Bit-Mill-Tooling-100x100.jpg 100w\" sizes=\"(max-width: 800px) 100vw, 800px\" \/><figcaption id=\"caption-attachment-14186\" class=\"wp-caption-text\">atype 4mm hss center drill set center drill fraise tour peu mill tooling<\/figcaption><\/figure>\n<table width=\"1078\">\n<tbody>\n<tr>\n<td colspan=\"9\" width=\"1078\">Description du produit<\/td>\n<\/tr>\n<tr>\n<td colspan=\"9\">Plus de choix pour vous : <a href=\"https:\/\/www.tenyutool.com\/fr\/\">Maison<\/a> &gt; m\u00e8ches \u00e0 centrer<\/td>\n<\/tr>\n<tr>\n<td>Nom du produit<\/td>\n<td colspan=\"8\" width=\"910\">1 pi\u00e8ces conception de fl\u00fbte \u00e0 puce AType 4mm HSS jeu de forets centraux foret central fraise foret de tour<\/td>\n<\/tr>\n<tr>\n<td>Mat\u00e9riel<\/td>\n<td colspan=\"8\">Acier \u00e0 haute vitesse<\/td>\n<\/tr>\n<tr>\n<td>Type de finition<\/td>\n<td colspan=\"8\">Titane<\/td>\n<\/tr>\n<tr>\n<td>Sp\u00e9cification:<\/td>\n<td colspan=\"8\">Environ. 4 mm \/ 0,2 pouces<\/td>\n<\/tr>\n<tr>\n<td>Type de fl\u00fbte d&#039;outil<\/td>\n<td colspan=\"8\">Spirale<\/td>\n<\/tr>\n<tr>\n<td>Forfait<\/td>\n<td colspan=\"8\">Boite en plastique<\/td>\n<\/tr>\n<\/tbody>\n<\/table>","protected":false},"excerpt":{"rendered":"<p>Feature: Suitable for bench drills, milling machines, machining centers. High\u2011speed steel material, with high hardness, of sharpness, wear\u2011resistant and heat\u2011resistant, long service life. Enlarged chip flute design, beneficial to high\u2011speed operation and accelerate chip removal. Better strength and durability all\u2011ground spiral positioning with high work efficiency. Special for die steel and stainless steel processing, very [&hellip;]<\/p>\n","protected":false},"featured_media":14186,"comment_status":"closed","ping_status":"closed","template":"","meta":{"_acf_changed":false,"_seopress_robots_primary_cat":"none","_seopress_titles_title":"4mm Center Drill | Countersink Lathe Bit","_seopress_titles_desc":"","_seopress_robots_index":"","site-sidebar-layout":"default","site-content-layout":"default","ast-site-content-layout":"default","site-content-style":"default","site-sidebar-style":"default","ast-global-header-display":"","ast-banner-title-visibility":"","ast-main-header-display":"","ast-hfb-above-header-display":"","ast-hfb-below-header-display":"","ast-hfb-mobile-header-display":"","site-post-title":"","ast-breadcrumbs-content":"","ast-featured-img":"","footer-sml-layout":"","ast-disable-related-posts":"","theme-transparent-header-meta":"default","adv-header-id-meta":"","stick-header-meta":"","header-above-stick-meta":"","header-main-stick-meta":"","header-below-stick-meta":"","astra-migrate-meta-layouts":"default","ast-page-background-enabled":"default","ast-page-background-meta":{"desktop":{"background-color":"","background-image":"","background-repeat":"repeat","background-position":"center center","background-size":"auto","background-attachment":"scroll","background-type":"","background-media":"","overlay-type":"","overlay-color":"","overlay-opacity":"","overlay-gradient":""},"tablet":{"background-color":"","background-image":"","background-repeat":"repeat","background-position":"center center","background-size":"auto","background-attachment":"scroll","background-type":"","background-media":"","overlay-type":"","overlay-color":"","overlay-opacity":"","overlay-gradient":""},"mobile":{"background-color":"","background-image":"","background-repeat":"repeat","background-position":"center center","background-size":"auto","background-attachment":"scroll","background-type":"","background-media":"","overlay-type":"","overlay-color":"","overlay-opacity":"","overlay-gradient":""}},"ast-content-background-meta":{"desktop":{"background-color":"var(--ast-global-color-5)","background-image":"","background-repeat":"repeat","background-position":"center center","background-size":"auto","background-attachment":"scroll","background-type":"","background-media":"","overlay-type":"","overlay-color":"","overlay-opacity":"","overlay-gradient":""},"tablet":{"background-color":"var(--ast-global-color-5)","background-image":"","background-repeat":"repeat","background-position":"center center","background-size":"auto","background-attachment":"scroll","background-type":"","background-media":"","overlay-type":"","overlay-color":"","overlay-opacity":"","overlay-gradient":""},"mobile":{"background-color":"var(--ast-global-color-5)","background-image":"","background-repeat":"repeat","background-position":"center center","background-size":"auto","background-attachment":"scroll","background-type":"","background-media":"","overlay-type":"","overlay-color":"","overlay-opacity":"","overlay-gradient":""}}},"product_brand":[],"product_cat":[24],"product_tag":[],"class_list":{"0":"post-14608","1":"product","2":"type-product","3":"status-publish","4":"has-post-thumbnail","6":"product_cat-center-drill-bit","7":"desktop-align-left","8":"tablet-align-left","9":"mobile-align-left","11":"first","12":"instock","13":"shipping-taxable","14":"product-type-simple"},"acf":[],"_links":{"self":[{"href":"https:\/\/www.tenyutool.com\/fr\/wp-json\/wp\/v2\/product\/14608","targetHints":{"allow":["GET"]}}],"collection":[{"href":"https:\/\/www.tenyutool.com\/fr\/wp-json\/wp\/v2\/product"}],"about":[{"href":"https:\/\/www.tenyutool.com\/fr\/wp-json\/wp\/v2\/types\/product"}],"replies":[{"embeddable":true,"href":"https:\/\/www.tenyutool.com\/fr\/wp-json\/wp\/v2\/comments?post=14608"}],"wp:featuredmedia":[{"embeddable":true,"href":"https:\/\/www.tenyutool.com\/fr\/wp-json\/wp\/v2\/media\/14186"}],"wp:attachment":[{"href":"https:\/\/www.tenyutool.com\/fr\/wp-json\/wp\/v2\/media?parent=14608"}],"wp:term":[{"taxonomy":"product_brand","embeddable":true,"href":"https:\/\/www.tenyutool.com\/fr\/wp-json\/wp\/v2\/product_brand?post=14608"},{"taxonomy":"product_cat","embeddable":true,"href":"https:\/\/www.tenyutool.com\/fr\/wp-json\/wp\/v2\/product_cat?post=14608"},{"taxonomy":"product_tag","embeddable":true,"href":"https:\/\/www.tenyutool.com\/fr\/wp-json\/wp\/v2\/product_tag?post=14608"}],"curies":[{"name":"wp","href":"https:\/\/api.w.org\/{rel}","templated":true}]}}