{"id":14709,"date":"2022-08-19T05:06:56","date_gmt":"2022-08-19T05:06:56","guid":{"rendered":"https:\/\/www.tenyutool.com\/?post_type=product&#038;p=14709"},"modified":"2022-08-19T05:10:43","modified_gmt":"2022-08-19T05:10:43","slug":"foret-d-installation-flexible","status":"publish","type":"product","link":"https:\/\/www.tenyutool.com\/fr\/product\/flexible-installer-drill-bit\/","title":{"rendered":"M\u00e8che \u00e0 tari\u00e8re flexible avec pointe de vis 1\/2 pouce x 54 pouces de long m\u00e8che \u00e0 c\u00e2ble flexible m\u00e8che \u00e0 poisson pour tirer le fil derri\u00e8re les murs"},"content":{"rendered":"<p>Caract\u00e9ristique:<\/p>\n<ul>\n<li>Foret flexible qui peut vous aider \u00e0 percer des trous dans le bois dans un mur.<\/li>\n<li>Il comporte une pointe \u00e0 vis qui tire le foret \u00e0 travers le bois.<\/li>\n<li>Un trou pratique dans la pointe qui permet une utilisation avec des poign\u00e9es de tirage de fil ou de c\u00e2ble.<\/li>\n<li>Le dos effil\u00e9 du foret le rend facile \u00e0 r\u00e9cup\u00e9rer et la tige en acier \u00e0 ressort r\u00e9siste \u00e0 la d\u00e9formation.<\/li>\n<li>Le foret a un diam\u00e8tre de 1\/2 pouce et une longueur de 54 pouces.<\/li>\n<\/ul>\n<div class=\"mceTemp\"><\/div>\n<figure id=\"attachment_14712\" aria-describedby=\"caption-attachment-14712\" style=\"width: 800px\" class=\"wp-caption alignnone\"><img fetchpriority=\"high\" decoding=\"async\" class=\"size-full wp-image-14712\" src=\"https:\/\/www.tenyutool.com\/wp-content\/uploads\/2022\/08\/Flex-Auger-Bit-with-Screw-Point-0.5Inch-x-54Inch-Long-Flexible-Cable-Drill-Bit-Fish-Bit-for-Pulling-Wire-Behind-Walls.jpg\" alt=\"Foret de tari\u00e8re flexible avec pointe de vis 1\/2 pouce x 54 pouces de long foret de c\u00e2ble flexible foret de poisson pour tirer le fil derri\u00e8re les murs\" width=\"800\" height=\"800\" srcset=\"https:\/\/www.tenyutool.com\/wp-content\/uploads\/2022\/08\/Flex-Auger-Bit-with-Screw-Point-0.5Inch-x-54Inch-Long-Flexible-Cable-Drill-Bit-Fish-Bit-for-Pulling-Wire-Behind-Walls.jpg 800w, https:\/\/www.tenyutool.com\/wp-content\/uploads\/2022\/08\/Flex-Auger-Bit-with-Screw-Point-0.5Inch-x-54Inch-Long-Flexible-Cable-Drill-Bit-Fish-Bit-for-Pulling-Wire-Behind-Walls-150x150.jpg 150w, https:\/\/www.tenyutool.com\/wp-content\/uploads\/2022\/08\/Flex-Auger-Bit-with-Screw-Point-0.5Inch-x-54Inch-Long-Flexible-Cable-Drill-Bit-Fish-Bit-for-Pulling-Wire-Behind-Walls-768x768.jpg 768w, https:\/\/www.tenyutool.com\/wp-content\/uploads\/2022\/08\/Flex-Auger-Bit-with-Screw-Point-0.5Inch-x-54Inch-Long-Flexible-Cable-Drill-Bit-Fish-Bit-for-Pulling-Wire-Behind-Walls-12x12.jpg 12w, https:\/\/www.tenyutool.com\/wp-content\/uploads\/2022\/08\/Flex-Auger-Bit-with-Screw-Point-0.5Inch-x-54Inch-Long-Flexible-Cable-Drill-Bit-Fish-Bit-for-Pulling-Wire-Behind-Walls-300x300.jpg 300w, https:\/\/www.tenyutool.com\/wp-content\/uploads\/2022\/08\/Flex-Auger-Bit-with-Screw-Point-0.5Inch-x-54Inch-Long-Flexible-Cable-Drill-Bit-Fish-Bit-for-Pulling-Wire-Behind-Walls-600x600.jpg 600w, https:\/\/www.tenyutool.com\/wp-content\/uploads\/2022\/08\/Flex-Auger-Bit-with-Screw-Point-0.5Inch-x-54Inch-Long-Flexible-Cable-Drill-Bit-Fish-Bit-for-Pulling-Wire-Behind-Walls-100x100.jpg 100w\" sizes=\"(max-width: 800px) 100vw, 800px\" \/><figcaption id=\"caption-attachment-14712\" class=\"wp-caption-text\">Foret de tari\u00e8re flexible avec pointe de vis 1\/2 pouce x 54 pouces de long foret de c\u00e2ble flexible foret de poisson pour tirer le fil derri\u00e8re les murs<\/figcaption><\/figure>\n<table class=\"has-title hight-light-first-column all magic-4\">\n<tbody>\n<tr>\n<td colspan=\"5\" rowspan=\"1\">\n<div class=\"magic-5\"><span class=\"magic-6\">Description du produit<\/span><\/div>\n<\/td>\n<\/tr>\n<tr>\n<td colspan=\"5\" rowspan=\"1\">\n<div class=\"magic-5\"><b><span class=\"magic-11\">Plus de choix pour vous :\u00a0<a href=\"https:\/\/www.tenyutool.com\/fr\/\" target=\"_blank\" rel=\"noopener\">Maison<\/a>\u00a0&gt;\u00a0<a href=\"https:\/\/www.tenyutool.com\/fr\/forets-a-bois\/\" target=\"_blank\" rel=\"noopener\">Foret \u00e0 bois<\/a>\u00a0&gt;\u00a0<a href=\"https:\/\/www.tenyutool.com\/fr\/foret-a-tariere-a-bois\/\" target=\"_blank\" rel=\"noopener\">Foret \u00e0 bois<\/a><\/span><\/b><\/div>\n<\/td>\n<\/tr>\n<tr>\n<td colspan=\"1\" rowspan=\"1\">\n<div class=\"magic-12\">Nom du produit<\/div>\n<\/td>\n<td colspan=\"4\" rowspan=\"1\">\n<div class=\"magic-13\" data-spm-anchor-id=\"a2700.details.0.i33.3ea41c75KgF4Wo\">M\u00e8che \u00e0 tari\u00e8re flexible avec pointe de vis 3\/8 pouces x 54 pouces de long m\u00e8che \u00e0 c\u00e2ble flexible m\u00e8che \u00e0 poisson pour tirer le fil derri\u00e8re les murs<\/div>\n<\/td>\n<\/tr>\n<tr>\n<td colspan=\"1\" rowspan=\"1\">\n<div class=\"magic-12\">Jarret<\/div>\n<\/td>\n<td colspan=\"4\" rowspan=\"1\">\n<div class=\"magic-14\">Tige droite<\/div>\n<\/td>\n<\/tr>\n<tr>\n<td colspan=\"1\" rowspan=\"1\">\n<div class=\"magic-12\">Pointe<\/div>\n<\/td>\n<td colspan=\"4\" rowspan=\"1\">\n<div class=\"magic-14\">Pointe de la vis<\/div>\n<\/td>\n<\/tr>\n<tr>\n<td colspan=\"1\" rowspan=\"1\">\n<div class=\"magic-12\">Mat\u00e9riau du foret<\/div>\n<\/td>\n<td colspan=\"4\" rowspan=\"1\">\n<div class=\"magic-14\">65Mn<\/div>\n<\/td>\n<\/tr>\n<tr>\n<td colspan=\"1\" rowspan=\"1\">\n<div class=\"magic-12\">Mat\u00e9riau de la tige<\/div>\n<\/td>\n<td colspan=\"4\" rowspan=\"1\">\n<div class=\"magic-14\">Ressort en acier<\/div>\n<\/td>\n<\/tr>\n<tr>\n<td colspan=\"1\" rowspan=\"1\">\n<div class=\"magic-12\">Finition de surface<\/div>\n<\/td>\n<td colspan=\"4\" rowspan=\"1\">\n<div class=\"magic-14\">Oxyde noir<\/div>\n<\/td>\n<\/tr>\n<tr>\n<td colspan=\"1\" rowspan=\"1\">\n<div class=\"magic-12\">Forfait<\/div>\n<\/td>\n<td colspan=\"4\" rowspan=\"1\">\n<div class=\"magic-14\">Bo\u00eete en plastique et sac en PVC<\/div>\n<\/td>\n<\/tr>\n<\/tbody>\n<\/table>\n<table width=\"820\">\n<tbody>\n<tr>\n<td colspan=\"8\" width=\"820\">Taille du produit<\/td>\n<\/tr>\n<tr>\n<td>Diam\u00e8tre de la taille en pouces<\/td>\n<td>Type de tige<\/td>\n<td>Type de pourboire<\/td>\n<td>Taille de tige<\/td>\n<td>Diam\u00e8tre de l&#039;arbre<\/td>\n<td>Longueur totale<\/td>\n<td>Profondeur de per\u00e7age maximale<\/td>\n<td>Pour utilis\u00e9 sur<\/td>\n<\/tr>\n<tr>\n<td>3\/8&#8243;(0.375&#8243;)<\/td>\n<td>Rond\/Tri-Plat<\/td>\n<td>Pointe de vis<\/td>\n<td>3\/16&#8243;<\/td>\n<td>3\/16&#8243;<\/td>\n<td>54&#8243;<\/td>\n<td>53&#8243;<\/td>\n<td>Bois<\/td>\n<\/tr>\n<tr>\n<td>1\/2&#8243;(0.5&#8243;)<\/td>\n<td>Rond\/Tri-Plat<\/td>\n<td>Pointe de vis<\/td>\n<td>1\/4&#8243;<\/td>\n<td>3\/16&#8243;<\/td>\n<td>54&#8243;<\/td>\n<td>53&#8243;<\/td>\n<td>Bois<\/td>\n<\/tr>\n<tr>\n<td>9\/16&#8243;(0.5625&#8243;)<\/td>\n<td>Rond\/Tri-Plat<\/td>\n<td>Pointe de vis<\/td>\n<td>1\/4&#8243;<\/td>\n<td>3\/16&#8243;<\/td>\n<td>54&#8243;<\/td>\n<td>53&#8243;<\/td>\n<td>Bois<\/td>\n<\/tr>\n<tr>\n<td>5\/8&#8243;(0.625&#8243;)<\/td>\n<td>Rond\/Tri-Plat<\/td>\n<td>Pointe de vis<\/td>\n<td>1\/4&#8243;<\/td>\n<td>3\/16&#8243;<\/td>\n<td>54&#8243;<\/td>\n<td>53&#8243;<\/td>\n<td>Bois<\/td>\n<\/tr>\n<tr>\n<td>3\/4&#8243;(0.75&#8243;)<\/td>\n<td>Rond\/Tri-Plat<\/td>\n<td>Pointe de vis<\/td>\n<td>1\/4&#8243;<\/td>\n<td>1\/4&#8243;<\/td>\n<td>54&#8243;<\/td>\n<td>53&#8243;<\/td>\n<td>Bois<\/td>\n<\/tr>\n<tr>\n<td>1&#8243;(1&#8243;)<\/td>\n<td>Rond\/Tri-Plat<\/td>\n<td>Pointe de vis<\/td>\n<td>1\/4&#8243;<\/td>\n<td>1\/4&#8243;<\/td>\n<td>54&#8243;<\/td>\n<td>53&#8243;<\/td>\n<td>Bois<\/td>\n<\/tr>\n<tr>\n<td><\/td>\n<td><\/td>\n<td><\/td>\n<td><\/td>\n<td><\/td>\n<td><\/td>\n<td><\/td>\n<td><\/td>\n<\/tr>\n<tr>\n<td>Diam\u00e8tre de la taille en pouces<\/td>\n<td>Type de tige<\/td>\n<td>Type de pourboire<\/td>\n<td>Taille de tige<\/td>\n<td>Diam\u00e8tre de l&#039;arbre<\/td>\n<td>Longueur totale<\/td>\n<td>Profondeur de per\u00e7age maximale<\/td>\n<td>Pour utilis\u00e9 sur<\/td>\n<\/tr>\n<tr>\n<td>3\/8&#8243;(0.375&#8243;)<\/td>\n<td>Rond\/Tri-Plat<\/td>\n<td>Pointe de vis<\/td>\n<td>3\/16&#8243;<\/td>\n<td>3\/16&#8243;<\/td>\n<td>72&#8243;<\/td>\n<td>71&#8243;<\/td>\n<td>Bois<\/td>\n<\/tr>\n<tr>\n<td>1\/2&#8243;(0.5&#8243;)<\/td>\n<td>Rond\/Tri-Plat<\/td>\n<td>Pointe de vis<\/td>\n<td>1\/4&#8243;<\/td>\n<td>3\/16&#8243;<\/td>\n<td>72&#8243;<\/td>\n<td>71&#8243;<\/td>\n<td>Bois<\/td>\n<\/tr>\n<tr>\n<td>9\/16&#8243;(0.5625&#8243;)<\/td>\n<td>Rond\/Tri-Plat<\/td>\n<td>Pointe de vis<\/td>\n<td>1\/4&#8243;<\/td>\n<td>3\/16&#8243;<\/td>\n<td>72&#8243;<\/td>\n<td>71&#8243;<\/td>\n<td>Bois<\/td>\n<\/tr>\n<\/tbody>\n<\/table>","protected":false},"excerpt":{"rendered":"<p>Feature: Flexible drill bit that can help you drill holes through wood within a wall. It features a screw point tip that pulls the bit through wood. A convenient hole in the tip that allows for use with wire or cable pulling grips. The tapered back of the bit makes it easy to retrieve, and [&hellip;]<\/p>\n","protected":false},"featured_media":14712,"comment_status":"closed","ping_status":"closed","template":"","meta":{"_acf_changed":false,"_seopress_robots_primary_cat":"none","_seopress_titles_title":"Flexible Installer Drill Bit | 1\/2&quot; x 54&quot; Cable Fish Wood Bit","_seopress_titles_desc":"","_seopress_robots_index":"","site-sidebar-layout":"default","site-content-layout":"default","ast-site-content-layout":"default","site-content-style":"default","site-sidebar-style":"default","ast-global-header-display":"","ast-banner-title-visibility":"","ast-main-header-display":"","ast-hfb-above-header-display":"","ast-hfb-below-header-display":"","ast-hfb-mobile-header-display":"","site-post-title":"","ast-breadcrumbs-content":"","ast-featured-img":"","footer-sml-layout":"","ast-disable-related-posts":"","theme-transparent-header-meta":"default","adv-header-id-meta":"","stick-header-meta":"","header-above-stick-meta":"","header-main-stick-meta":"","header-below-stick-meta":"","astra-migrate-meta-layouts":"default","ast-page-background-enabled":"default","ast-page-background-meta":{"desktop":{"background-color":"","background-image":"","background-repeat":"repeat","background-position":"center center","background-size":"auto","background-attachment":"scroll","background-type":"","background-media":"","overlay-type":"","overlay-color":"","overlay-opacity":"","overlay-gradient":""},"tablet":{"background-color":"","background-image":"","background-repeat":"repeat","background-position":"center center","background-size":"auto","background-attachment":"scroll","background-type":"","background-media":"","overlay-type":"","overlay-color":"","overlay-opacity":"","overlay-gradient":""},"mobile":{"background-color":"","background-image":"","background-repeat":"repeat","background-position":"center center","background-size":"auto","background-attachment":"scroll","background-type":"","background-media":"","overlay-type":"","overlay-color":"","overlay-opacity":"","overlay-gradient":""}},"ast-content-background-meta":{"desktop":{"background-color":"var(--ast-global-color-5)","background-image":"","background-repeat":"repeat","background-position":"center center","background-size":"auto","background-attachment":"scroll","background-type":"","background-media":"","overlay-type":"","overlay-color":"","overlay-opacity":"","overlay-gradient":""},"tablet":{"background-color":"var(--ast-global-color-5)","background-image":"","background-repeat":"repeat","background-position":"center center","background-size":"auto","background-attachment":"scroll","background-type":"","background-media":"","overlay-type":"","overlay-color":"","overlay-opacity":"","overlay-gradient":""},"mobile":{"background-color":"var(--ast-global-color-5)","background-image":"","background-repeat":"repeat","background-position":"center center","background-size":"auto","background-attachment":"scroll","background-type":"","background-media":"","overlay-type":"","overlay-color":"","overlay-opacity":"","overlay-gradient":""}}},"product_brand":[],"product_cat":[23],"product_tag":[],"class_list":{"0":"post-14709","1":"product","2":"type-product","3":"status-publish","4":"has-post-thumbnail","6":"product_cat-wood-auger-drill-bits","7":"desktop-align-left","8":"tablet-align-left","9":"mobile-align-left","11":"first","12":"instock","13":"shipping-taxable","14":"product-type-simple"},"acf":[],"_links":{"self":[{"href":"https:\/\/www.tenyutool.com\/fr\/wp-json\/wp\/v2\/product\/14709","targetHints":{"allow":["GET"]}}],"collection":[{"href":"https:\/\/www.tenyutool.com\/fr\/wp-json\/wp\/v2\/product"}],"about":[{"href":"https:\/\/www.tenyutool.com\/fr\/wp-json\/wp\/v2\/types\/product"}],"replies":[{"embeddable":true,"href":"https:\/\/www.tenyutool.com\/fr\/wp-json\/wp\/v2\/comments?post=14709"}],"wp:featuredmedia":[{"embeddable":true,"href":"https:\/\/www.tenyutool.com\/fr\/wp-json\/wp\/v2\/media\/14712"}],"wp:attachment":[{"href":"https:\/\/www.tenyutool.com\/fr\/wp-json\/wp\/v2\/media?parent=14709"}],"wp:term":[{"taxonomy":"product_brand","embeddable":true,"href":"https:\/\/www.tenyutool.com\/fr\/wp-json\/wp\/v2\/product_brand?post=14709"},{"taxonomy":"product_cat","embeddable":true,"href":"https:\/\/www.tenyutool.com\/fr\/wp-json\/wp\/v2\/product_cat?post=14709"},{"taxonomy":"product_tag","embeddable":true,"href":"https:\/\/www.tenyutool.com\/fr\/wp-json\/wp\/v2\/product_tag?post=14709"}],"curies":[{"name":"wp","href":"https:\/\/api.w.org\/{rel}","templated":true}]}}