{"id":14930,"date":"2022-08-22T08:47:01","date_gmt":"2022-08-22T08:47:01","guid":{"rendered":"https:\/\/www.tenyutool.com\/?post_type=product&#038;p=14930"},"modified":"2022-08-29T08:57:09","modified_gmt":"2022-08-29T08:57:09","slug":"hss-m2-6542-forets","status":"publish","type":"product","link":"https:\/\/www.tenyutool.com\/fr\/product\/hss-m2-6542-drill-bits\/","title":{"rendered":"Foret en acier \u00e0 grande vitesse coup\u00e9 divers types de mat\u00e9riaux M2 HSS 6542 pour le m\u00e9tal en acier inoxydable \u00e0 bas prix"},"content":{"rendered":"<p>Fonctionnalit\u00e9s:<\/p>\n<ul>\n<li>Les forets M2 sont plus chers que les autres forets, mais forer en acier inoxydable, longue dur\u00e9e de vie, mieux choisir<\/li>\n<li data-spm-anchor-id=\"0.0.0.i140.2dea4f05jD1M0Y\">Pas besoin de poin\u00e7on central, les perceuses \u00e0 pointe fendue \u00e0 135 \u00b0 au contact et emp\u00eachent la marche<\/li>\n<li data-spm-anchor-id=\"0.0.0.i140.2dea4f05jD1M0Y\">Point de masse, fl\u00fbtes, corps, d\u00e9gagement et diam\u00e8tre de per\u00e7age de pr\u00e9cision pour une pr\u00e9cision et des performances optimales<\/li>\n<li data-spm-anchor-id=\"0.0.0.i140.2dea4f05jD1M0Y\">Les cannelures rectifi\u00e9es fournissent un copeau rapide pour maximiser l&#039;efficacit\u00e9 sur toute la surface de travail du foret.<\/li>\n<\/ul>\n<figure id=\"attachment_14932\" aria-describedby=\"caption-attachment-14932\" style=\"width: 800px\" class=\"wp-caption alignnone\"><img fetchpriority=\"high\" decoding=\"async\" class=\"size-full wp-image-14932\" src=\"https:\/\/www.tenyutool.com\/wp-content\/uploads\/2022\/08\/Twist-Drill-China6-1.jpg\" alt=\"Foret en acier \u00e0 grande vitesse coup\u00e9 divers types de mat\u00e9riaux m2 hss 6542 pour le m\u00e9tal en acier inoxydable \u00e0 bas prix\" width=\"800\" height=\"800\" srcset=\"https:\/\/www.tenyutool.com\/wp-content\/uploads\/2022\/08\/Twist-Drill-China6-1.jpg 800w, https:\/\/www.tenyutool.com\/wp-content\/uploads\/2022\/08\/Twist-Drill-China6-1-150x150.jpg 150w, https:\/\/www.tenyutool.com\/wp-content\/uploads\/2022\/08\/Twist-Drill-China6-1-768x768.jpg 768w, https:\/\/www.tenyutool.com\/wp-content\/uploads\/2022\/08\/Twist-Drill-China6-1-12x12.jpg 12w, https:\/\/www.tenyutool.com\/wp-content\/uploads\/2022\/08\/Twist-Drill-China6-1-300x300.jpg 300w, https:\/\/www.tenyutool.com\/wp-content\/uploads\/2022\/08\/Twist-Drill-China6-1-600x600.jpg 600w, https:\/\/www.tenyutool.com\/wp-content\/uploads\/2022\/08\/Twist-Drill-China6-1-100x100.jpg 100w\" sizes=\"(max-width: 800px) 100vw, 800px\" \/><figcaption id=\"caption-attachment-14932\" class=\"wp-caption-text\">Foret en acier \u00e0 grande vitesse coup\u00e9 divers types de mat\u00e9riaux m2 hss 6542 pour le m\u00e9tal en acier inoxydable \u00e0 bas prix<\/figcaption><\/figure>\n<table class=\"has-title hight-light-first-column all magic-7\">\n<tbody>\n<tr>\n<td colspan=\"5\" rowspan=\"1\">\n<div class=\"magic-8\" data-spm-anchor-id=\"a2700.details.0.i38.413b3f69vXqKDK\"><span class=\"magic-9\" style=\"font-family: Arial;\">Description du produit<\/span><\/div>\n<\/td>\n<\/tr>\n<tr>\n<td colspan=\"5\" rowspan=\"1\">\n<div class=\"magic-8\"><span class=\"magic-13\"><span class=\"magic-14\" style=\"font-family: Arial;\"><b class=\"magic-14\" data-spm-anchor-id=\"0.0.0.i53.2dea4f05jD1M0Y\"><span class=\"magic-14\">Plus de choix pour vous<\/span>:\u00a0<a class=\"magic-14\" href=\"https:\/\/www.tenyutool.com\/fr\/\" target=\"_blank\" rel=\"noopener\">Maison<\/a>\u00a0&gt;\u00a0<a class=\"magic-14\" href=\"https:\/\/tenyutools.en.alibaba.com\/productgrouplist-806424819\/HSS_Drill_Bit.html?spm=a2700.icbuShop.88.22.6f5065bcUQbh6v\" target=\"_blank\" rel=\"noopener\">Foret HSS\u00a0<\/a><\/b><\/span><b><\/b><\/span><\/div>\n<\/td>\n<\/tr>\n<tr>\n<td colspan=\"1\" rowspan=\"1\">\n<div class=\"magic-15\">Nom du produit<\/div>\n<\/td>\n<td colspan=\"4\" rowspan=\"1\">\n<div class=\"magic-16\">Foret en acier \u00e0 grande vitesse coup\u00e9 divers types de mat\u00e9riaux M2 HSS 6542 pour le m\u00e9tal en acier inoxydable \u00e0 bas prix<\/div>\n<\/td>\n<\/tr>\n<tr>\n<td colspan=\"1\" rowspan=\"1\">\n<div class=\"magic-15\">Mat\u00e9riel<\/div>\n<\/td>\n<td colspan=\"4\" rowspan=\"1\">\n<div class=\"magic-16\">M2 HSS 6542 (M35 HSS-E HSS-Co5%)<\/div>\n<\/td>\n<\/tr>\n<tr>\n<td colspan=\"1\" rowspan=\"1\">\n<div class=\"magic-15\">Traiter<\/div>\n<\/td>\n<td colspan=\"4\" rowspan=\"1\">\n<div class=\"magic-16\">Enti\u00e8rement rectifi\u00e9 (ont \u00e9galement roul\u00e9 et poli, roul\u00e9, frais\u00e9)<\/div>\n<\/td>\n<\/tr>\n<tr>\n<td colspan=\"1\" rowspan=\"1\">\n<div class=\"magic-15\">Standard<\/div>\n<\/td>\n<td colspan=\"4\" rowspan=\"1\">\n<div class=\"magic-16\">DIN338 (Stub DIN1897, Long DIN340, Extra Long DIN1869, Blacksmith Reduced Shank 10mm, 13mm, DIN345 Taper Shank sont disponibles)<br \/>\nLongueur de travail (ont \u00e9galement une longueur de machine \u00e0 vis stub, une longueur de c\u00f4ne longue, une extension Airctraft, une tige extra longue de 12\u2033, 18\u2033, 24\u2033, Silver &amp; Deming 1\/2\u2033)<\/div>\n<\/td>\n<\/tr>\n<tr>\n<td colspan=\"1\" rowspan=\"1\">\n<div class=\"magic-15\">Taille<\/div>\n<\/td>\n<td colspan=\"4\" rowspan=\"1\">\n<div class=\"magic-16\">1\/16\u2033 \u2013 1\u2033 (0.5mm-25mm)<\/div>\n<\/td>\n<\/tr>\n<tr>\n<td colspan=\"1\" rowspan=\"1\">\n<div class=\"magic-15\">Type de points<\/div>\n<\/td>\n<td colspan=\"4\" rowspan=\"1\">\n<div class=\"magic-16\" data-spm-anchor-id=\"a2700.details.0.i39.413b3f69vXqKDK\">Point de partage \u00e0 135 degr\u00e9s (ont \u00e9galement un point r\u00e9gulier \u00e0 118 degr\u00e9s, un point Turbo Max, un point pilote)<\/div>\n<\/td>\n<\/tr>\n<tr>\n<td colspan=\"1\" rowspan=\"1\">\n<div class=\"magic-17\">Type de tige<\/div>\n<\/td>\n<td class=\"magic-18\" colspan=\"4\" rowspan=\"1\">\n<div class=\"magic-19\">Tige droite (ont \u00e9galement une tige Tri-Flats, une tige hexagonale, une tige hexagonale Double R, une tige r\u00e9duite, une tige hexagonale filet\u00e9e, une tige conique)<\/div>\n<\/td>\n<\/tr>\n<tr>\n<td colspan=\"1\" rowspan=\"1\">\n<div class=\"magic-15\">Angle d&#039;h\u00e9lice<\/div>\n<\/td>\n<td colspan=\"4\" rowspan=\"1\">\n<div class=\"magic-19\">Spirale r\u00e9guli\u00e8re de type N (A \u00e9galement spirale lente de type H, spirale rapide de type W, spirale \u00e0 gauche)<\/div>\n<\/td>\n<\/tr>\n<tr>\n<td colspan=\"1\" rowspan=\"1\">\n<div class=\"magic-15\">Type Web et fl\u00fbte<\/div>\n<\/td>\n<td colspan=\"4\" rowspan=\"1\">\n<div class=\"magic-19\">Toile et fl\u00fbte r\u00e9guli\u00e8res (ont \u00e9galement une toile \u00e9paisse avec fl\u00fbte parabolique, une toile robuste avec fl\u00fbte r\u00e9guli\u00e8re)<\/div>\n<\/td>\n<\/tr>\n<tr>\n<td colspan=\"1\" rowspan=\"1\">\n<div class=\"magic-15\">Finition de surface<\/div>\n<\/td>\n<td colspan=\"4\" rowspan=\"1\">\n<div class=\"magic-19\">Brillant (ont \u00e9galement de l&#039;oxyde noir, du noir et de l&#039;or, du titane, du noir et brillant, de la couleur ambre)<\/div>\n<\/td>\n<\/tr>\n<tr>\n<td colspan=\"1\" rowspan=\"1\">\n<div class=\"magic-15\">Forfait<\/div>\n<\/td>\n<td colspan=\"4\" rowspan=\"1\">\n<div class=\"magic-19\">10\/5 pi\u00e8ces dans une pochette en PVC, une bo\u00eete en plastique, individuellement dans une carte cutan\u00e9e, un double blister, une coque<\/div>\n<\/td>\n<\/tr>\n<\/tbody>\n<\/table>","protected":false},"excerpt":{"rendered":"<p>Features\uff1a M2 drill bits are more expensive than other drill bits, but drilling in stainless steel, long life, best choose No need center punch, 135 \u00b0 split-point drills on contact and prevents walking Precision ground point, flutes, body, clearance and drill diameter for the ultimate in accuracy and performance Ground flutes provide fast chip to [&hellip;]<\/p>\n","protected":false},"featured_media":14932,"comment_status":"closed","ping_status":"closed","template":"","meta":{"_acf_changed":false,"_seopress_robots_primary_cat":"none","_seopress_titles_title":"hss m2 6542 drill bits | for Metal Stainless Steel","_seopress_titles_desc":"","_seopress_robots_index":"","site-sidebar-layout":"default","site-content-layout":"default","ast-site-content-layout":"default","site-content-style":"default","site-sidebar-style":"default","ast-global-header-display":"","ast-banner-title-visibility":"","ast-main-header-display":"","ast-hfb-above-header-display":"","ast-hfb-below-header-display":"","ast-hfb-mobile-header-display":"","site-post-title":"","ast-breadcrumbs-content":"","ast-featured-img":"","footer-sml-layout":"","ast-disable-related-posts":"","theme-transparent-header-meta":"default","adv-header-id-meta":"","stick-header-meta":"","header-above-stick-meta":"","header-main-stick-meta":"","header-below-stick-meta":"","astra-migrate-meta-layouts":"default","ast-page-background-enabled":"default","ast-page-background-meta":{"desktop":{"background-color":"","background-image":"","background-repeat":"repeat","background-position":"center center","background-size":"auto","background-attachment":"scroll","background-type":"","background-media":"","overlay-type":"","overlay-color":"","overlay-opacity":"","overlay-gradient":""},"tablet":{"background-color":"","background-image":"","background-repeat":"repeat","background-position":"center center","background-size":"auto","background-attachment":"scroll","background-type":"","background-media":"","overlay-type":"","overlay-color":"","overlay-opacity":"","overlay-gradient":""},"mobile":{"background-color":"","background-image":"","background-repeat":"repeat","background-position":"center center","background-size":"auto","background-attachment":"scroll","background-type":"","background-media":"","overlay-type":"","overlay-color":"","overlay-opacity":"","overlay-gradient":""}},"ast-content-background-meta":{"desktop":{"background-color":"var(--ast-global-color-5)","background-image":"","background-repeat":"repeat","background-position":"center center","background-size":"auto","background-attachment":"scroll","background-type":"","background-media":"","overlay-type":"","overlay-color":"","overlay-opacity":"","overlay-gradient":""},"tablet":{"background-color":"var(--ast-global-color-5)","background-image":"","background-repeat":"repeat","background-position":"center center","background-size":"auto","background-attachment":"scroll","background-type":"","background-media":"","overlay-type":"","overlay-color":"","overlay-opacity":"","overlay-gradient":""},"mobile":{"background-color":"var(--ast-global-color-5)","background-image":"","background-repeat":"repeat","background-position":"center center","background-size":"auto","background-attachment":"scroll","background-type":"","background-media":"","overlay-type":"","overlay-color":"","overlay-opacity":"","overlay-gradient":""}}},"product_brand":[],"product_cat":[22],"product_tag":[],"class_list":{"0":"post-14930","1":"product","2":"type-product","3":"status-publish","4":"has-post-thumbnail","6":"product_cat-drillbits","7":"desktop-align-left","8":"tablet-align-left","9":"mobile-align-left","11":"first","12":"instock","13":"shipping-taxable","14":"product-type-simple"},"acf":[],"_links":{"self":[{"href":"https:\/\/www.tenyutool.com\/fr\/wp-json\/wp\/v2\/product\/14930","targetHints":{"allow":["GET"]}}],"collection":[{"href":"https:\/\/www.tenyutool.com\/fr\/wp-json\/wp\/v2\/product"}],"about":[{"href":"https:\/\/www.tenyutool.com\/fr\/wp-json\/wp\/v2\/types\/product"}],"replies":[{"embeddable":true,"href":"https:\/\/www.tenyutool.com\/fr\/wp-json\/wp\/v2\/comments?post=14930"}],"wp:featuredmedia":[{"embeddable":true,"href":"https:\/\/www.tenyutool.com\/fr\/wp-json\/wp\/v2\/media\/14932"}],"wp:attachment":[{"href":"https:\/\/www.tenyutool.com\/fr\/wp-json\/wp\/v2\/media?parent=14930"}],"wp:term":[{"taxonomy":"product_brand","embeddable":true,"href":"https:\/\/www.tenyutool.com\/fr\/wp-json\/wp\/v2\/product_brand?post=14930"},{"taxonomy":"product_cat","embeddable":true,"href":"https:\/\/www.tenyutool.com\/fr\/wp-json\/wp\/v2\/product_cat?post=14930"},{"taxonomy":"product_tag","embeddable":true,"href":"https:\/\/www.tenyutool.com\/fr\/wp-json\/wp\/v2\/product_tag?post=14930"}],"curies":[{"name":"wp","href":"https:\/\/api.w.org\/{rel}","templated":true}]}}