{"id":15300,"date":"2022-08-30T06:29:23","date_gmt":"2022-08-30T06:29:23","guid":{"rendered":"https:\/\/www.tenyutool.com\/?post_type=product&#038;p=15300"},"modified":"2022-08-30T06:29:24","modified_gmt":"2022-08-30T06:29:24","slug":"noyau-de-scie-trepan-diamant-brase-sous-vide","status":"publish","type":"product","link":"https:\/\/www.tenyutool.com\/fr\/product\/vacuum-brazed-diamond-hole-saw-core\/","title":{"rendered":"Scie cloche diamant\u00e9e bras\u00e9e sous vide ensemble de forets de noyau coupe-scie cloche sous vide pour le forage rapide de verre de carreaux de marbre"},"content":{"rendered":"<p>Caract\u00e9ristique:<\/p>\n<ul>\n<li>Le grain de diamant de haute qualit\u00e9 permet un per\u00e7age rapide et fluide.<\/li>\n<li>Forage \u00e0 sec sans eau, utilisez de l&#039;eau plus longtemps.<\/li>\n<li>La technologie du diamant bras\u00e9 sous vide offre une efficacit\u00e9 tr\u00e8s \u00e9lev\u00e9e, des coupes plus rapides, durables et robustes.<\/li>\n<li>Les trous lat\u00e9raux aident \u00e0 \u00e9liminer facilement les d\u00e9chets tout en dissipant la chaleur lors de la coupe du mat\u00e9riau.<\/li>\n<li>Convient pour une utilisation dans les trous de forage sur le b\u00e9ton, le marbre, les carreaux, le calcaire, la brique vitrifi\u00e9e, la c\u00e9ramique, le marbre ardoise, la pierre l\u00e9g\u00e8re en granit, etc.&nbsp;\n<p>&nbsp;<\/p>\n<figure id=\"attachment_15302\" aria-describedby=\"caption-attachment-15302\" style=\"width: 800px\" class=\"wp-caption alignnone\"><img fetchpriority=\"high\" decoding=\"async\" class=\"size-full wp-image-15302\" src=\"https:\/\/www.tenyutool.com\/wp-content\/uploads\/2022\/08\/diamond-hole-saw.jpg\" alt=\"trou de diamant bras\u00e9 sous vide scie core foret ensemble vide trou scie coupe pour carreaux de marbre verre rapide forage\" width=\"800\" height=\"800\" srcset=\"https:\/\/www.tenyutool.com\/wp-content\/uploads\/2022\/08\/diamond-hole-saw.jpg 800w, https:\/\/www.tenyutool.com\/wp-content\/uploads\/2022\/08\/diamond-hole-saw-150x150.jpg 150w, https:\/\/www.tenyutool.com\/wp-content\/uploads\/2022\/08\/diamond-hole-saw-768x768.jpg 768w, https:\/\/www.tenyutool.com\/wp-content\/uploads\/2022\/08\/diamond-hole-saw-12x12.jpg 12w, https:\/\/www.tenyutool.com\/wp-content\/uploads\/2022\/08\/diamond-hole-saw-300x300.jpg 300w, https:\/\/www.tenyutool.com\/wp-content\/uploads\/2022\/08\/diamond-hole-saw-600x600.jpg 600w, https:\/\/www.tenyutool.com\/wp-content\/uploads\/2022\/08\/diamond-hole-saw-100x100.jpg 100w\" sizes=\"(max-width: 800px) 100vw, 800px\" \/><figcaption id=\"caption-attachment-15302\" class=\"wp-caption-text\">trou de diamant bras\u00e9 sous vide scie core foret ensemble vide trou scie coupe pour carreaux de marbre verre rapide forage<\/figcaption><\/figure>\n<table class=\"has-title hight-light-first-column all magic-6\">\n<tbody>\n<tr>\n<td colspan=\"5\" rowspan=\"1\">\n<div class=\"magic-7\" data-spm-anchor-id=\"a2700.wholesale.0.i38.68e3138dVWSF0Q\"><span class=\"magic-8\">Description du produit<\/span><\/div>\n<\/td>\n<\/tr>\n<tr>\n<td colspan=\"5\" rowspan=\"1\">\n<div class=\"magic-7\"><b><span class=\"magic-11\">Plus de choix pour vous : <a href=\"https:\/\/www.tenyutool.com\/fr\/\" target=\"_blank\" rel=\"noopener\">Maison<\/a> &gt; Scie Cloche Diamant<\/span><\/b><\/div>\n<\/td>\n<\/tr>\n<tr>\n<td colspan=\"1\" rowspan=\"1\">\n<div class=\"magic-12\">Nom du produit<\/div>\n<\/td>\n<td colspan=\"1\" rowspan=\"1\">\n<div class=\"magic-13\">Scie cloche diamant\u00e9e bras\u00e9e sous vide ensemble de forets de noyau coupe-scie cloche sous vide pour le forage rapide de verre de carreaux de marbre<\/div>\n<\/td>\n<\/tr>\n<tr>\n<td colspan=\"1\" rowspan=\"1\">\n<div class=\"magic-12\">Mat\u00e9riau du corps<\/div>\n<\/td>\n<td colspan=\"1\" rowspan=\"1\">\n<div class=\"magic-13\">Acier \u00e0 haute teneur en carbone avec traitement thermique<\/div>\n<\/td>\n<\/tr>\n<tr>\n<td colspan=\"1\" rowspan=\"1\">\n<div class=\"magic-14\">Traiter<\/div>\n<\/td>\n<td colspan=\"4\" rowspan=\"1\">\n<div class=\"magic-13\">Bras\u00e9 sous vide<\/div>\n<\/td>\n<\/tr>\n<tr>\n<td colspan=\"1\" rowspan=\"1\">\n<div class=\"magic-14\">Jarret<\/div>\n<\/td>\n<td colspan=\"1\" rowspan=\"1\">\n<div class=\"magic-13\" data-spm-anchor-id=\"a2700.wholesale.0.i39.68e3138dVWSF0Q\">M14 (nous avons \u00e9galement 5\/8\u2033-11, G1\/2\u2033, M10, tige hexagonale, tige \u00e0 trois plats, tige ronde)<\/div>\n<\/td>\n<\/tr>\n<tr>\n<td colspan=\"1\" rowspan=\"1\">\n<div class=\"magic-14\">Finition de surface<\/div>\n<\/td>\n<td colspan=\"4\" rowspan=\"1\">\n<div class=\"magic-13\">Dor\u00e9\/bleu\/noir\/autre<\/div>\n<\/td>\n<\/tr>\n<tr>\n<td colspan=\"1\" rowspan=\"1\">\n<div class=\"magic-14\">Taille<\/div>\n<\/td>\n<td colspan=\"4\" rowspan=\"1\">\n<div class=\"magic-13\">5mm \u2013 60mm<\/div>\n<\/td>\n<\/tr>\n<tr>\n<td colspan=\"1\" rowspan=\"1\">\n<div class=\"magic-14\">Forfait<\/div>\n<\/td>\n<td colspan=\"4\" rowspan=\"1\">\n<div class=\"magic-13\">5 pi\u00e8ces, 6 pi\u00e8ces, 8 pi\u00e8ces, 12 pi\u00e8ces dans une bo\u00eete en aluminium ou selon vos besoins<\/div>\n<\/td>\n<\/tr>\n<\/tbody>\n<\/table>\n<\/li>\n<\/ul>","protected":false},"excerpt":{"rendered":"<p>Feature: High-quality Diamond Grain provides fast and smooth drilling. Dry drilling without water, use water for longer time. Vacuum Brazed diamond technology provides very high efficiency, cuts faster, durable and sturdy. Side holes help to remove the waste material easily while dissipating heat during cutting of the material. Suitable for use in drill holes on [&hellip;]<\/p>\n","protected":false},"featured_media":15302,"comment_status":"closed","ping_status":"closed","template":"","meta":{"_acf_changed":false,"_seopress_robots_primary_cat":"","_seopress_titles_title":"Vacuum Brazed Diamond Hole Saw Core | for Marble Tile Glass Fast Drilling","_seopress_titles_desc":"","_seopress_robots_index":"","site-sidebar-layout":"default","site-content-layout":"default","ast-site-content-layout":"default","site-content-style":"default","site-sidebar-style":"default","ast-global-header-display":"","ast-banner-title-visibility":"","ast-main-header-display":"","ast-hfb-above-header-display":"","ast-hfb-below-header-display":"","ast-hfb-mobile-header-display":"","site-post-title":"","ast-breadcrumbs-content":"","ast-featured-img":"","footer-sml-layout":"","ast-disable-related-posts":"","theme-transparent-header-meta":"default","adv-header-id-meta":"","stick-header-meta":"","header-above-stick-meta":"","header-main-stick-meta":"","header-below-stick-meta":"","astra-migrate-meta-layouts":"default","ast-page-background-enabled":"default","ast-page-background-meta":{"desktop":{"background-color":"","background-image":"","background-repeat":"repeat","background-position":"center center","background-size":"auto","background-attachment":"scroll","background-type":"","background-media":"","overlay-type":"","overlay-color":"","overlay-opacity":"","overlay-gradient":""},"tablet":{"background-color":"","background-image":"","background-repeat":"repeat","background-position":"center center","background-size":"auto","background-attachment":"scroll","background-type":"","background-media":"","overlay-type":"","overlay-color":"","overlay-opacity":"","overlay-gradient":""},"mobile":{"background-color":"","background-image":"","background-repeat":"repeat","background-position":"center center","background-size":"auto","background-attachment":"scroll","background-type":"","background-media":"","overlay-type":"","overlay-color":"","overlay-opacity":"","overlay-gradient":""}},"ast-content-background-meta":{"desktop":{"background-color":"var(--ast-global-color-5)","background-image":"","background-repeat":"repeat","background-position":"center center","background-size":"auto","background-attachment":"scroll","background-type":"","background-media":"","overlay-type":"","overlay-color":"","overlay-opacity":"","overlay-gradient":""},"tablet":{"background-color":"var(--ast-global-color-5)","background-image":"","background-repeat":"repeat","background-position":"center center","background-size":"auto","background-attachment":"scroll","background-type":"","background-media":"","overlay-type":"","overlay-color":"","overlay-opacity":"","overlay-gradient":""},"mobile":{"background-color":"var(--ast-global-color-5)","background-image":"","background-repeat":"repeat","background-position":"center center","background-size":"auto","background-attachment":"scroll","background-type":"","background-media":"","overlay-type":"","overlay-color":"","overlay-opacity":"","overlay-gradient":""}}},"product_brand":[],"product_cat":[27],"product_tag":[],"class_list":{"0":"post-15300","1":"product","2":"type-product","3":"status-publish","4":"has-post-thumbnail","6":"product_cat-hole-saw","7":"desktop-align-left","8":"tablet-align-left","9":"mobile-align-left","11":"first","12":"instock","13":"shipping-taxable","14":"product-type-simple"},"acf":[],"_links":{"self":[{"href":"https:\/\/www.tenyutool.com\/fr\/wp-json\/wp\/v2\/product\/15300","targetHints":{"allow":["GET"]}}],"collection":[{"href":"https:\/\/www.tenyutool.com\/fr\/wp-json\/wp\/v2\/product"}],"about":[{"href":"https:\/\/www.tenyutool.com\/fr\/wp-json\/wp\/v2\/types\/product"}],"replies":[{"embeddable":true,"href":"https:\/\/www.tenyutool.com\/fr\/wp-json\/wp\/v2\/comments?post=15300"}],"wp:featuredmedia":[{"embeddable":true,"href":"https:\/\/www.tenyutool.com\/fr\/wp-json\/wp\/v2\/media\/15302"}],"wp:attachment":[{"href":"https:\/\/www.tenyutool.com\/fr\/wp-json\/wp\/v2\/media?parent=15300"}],"wp:term":[{"taxonomy":"product_brand","embeddable":true,"href":"https:\/\/www.tenyutool.com\/fr\/wp-json\/wp\/v2\/product_brand?post=15300"},{"taxonomy":"product_cat","embeddable":true,"href":"https:\/\/www.tenyutool.com\/fr\/wp-json\/wp\/v2\/product_cat?post=15300"},{"taxonomy":"product_tag","embeddable":true,"href":"https:\/\/www.tenyutool.com\/fr\/wp-json\/wp\/v2\/product_tag?post=15300"}],"curies":[{"name":"wp","href":"https:\/\/api.w.org\/{rel}","templated":true}]}}