{"id":15414,"date":"2022-09-01T07:12:01","date_gmt":"2022-09-01T07:12:01","guid":{"rendered":"https:\/\/www.tenyutool.com\/?post_type=product&#038;p=15414"},"modified":"2022-09-01T07:31:47","modified_gmt":"2022-09-01T07:31:47","slug":"grignoteuses-coupe-acier","status":"publish","type":"product","link":"https:\/\/www.tenyutool.com\/fr\/product\/steel-cutting-nibblers\/","title":{"rendered":"5 pi\u00e8ces coupe-grignoteuse en m\u00e9tal avec bo\u00eete noire pour t\u00f4le en plastique coupe rapide et lisse"},"content":{"rendered":"<p>Traits:<\/p>\n<ul>\n<li>Taille compacte, facile \u00e0 utiliser et \u00e9conomie de main-d&#039;\u0153uvre.<\/li>\n<li>Plus facile et plus puissant que les cisailles et cisailles normales.<\/li>\n<li>T\u00eate \u00e0 double coupe pour couper des lignes droites, des lignes courbes, des cercles ou de nombreuses autres lignes et formes irr\u00e9guli\u00e8res.<\/li>\n<li>L&#039;outil parfait pour toute t\u00e2che de coupe.<\/li>\n<li>S&#039;adapte facilement \u00e0 n&#039;importe quelle perceuse standard qui fonctionne entre 1500 et 3000 tr\/min.<\/li>\n<\/ul>\n<figure id=\"attachment_15373\" aria-describedby=\"caption-attachment-15373\" style=\"width: 800px\" class=\"wp-caption alignnone\"><img fetchpriority=\"high\" decoding=\"async\" class=\"size-full wp-image-15373\" src=\"https:\/\/www.tenyutool.com\/wp-content\/uploads\/2022\/08\/5pcs-Metal-Nibbler-Cutter-with-Black-Box-for-Plastic-Sheet-Metal-Fast-and-Smooth-Cutting.jpg\" alt=\"Coupeur de grignoteuse en m\u00e9tal 5 pi\u00e8ces avec bo\u00eete noire pour t\u00f4le en plastique coupe rapide et lisse\" width=\"800\" height=\"800\" srcset=\"https:\/\/www.tenyutool.com\/wp-content\/uploads\/2022\/08\/5pcs-Metal-Nibbler-Cutter-with-Black-Box-for-Plastic-Sheet-Metal-Fast-and-Smooth-Cutting.jpg 800w, https:\/\/www.tenyutool.com\/wp-content\/uploads\/2022\/08\/5pcs-Metal-Nibbler-Cutter-with-Black-Box-for-Plastic-Sheet-Metal-Fast-and-Smooth-Cutting-150x150.jpg 150w, https:\/\/www.tenyutool.com\/wp-content\/uploads\/2022\/08\/5pcs-Metal-Nibbler-Cutter-with-Black-Box-for-Plastic-Sheet-Metal-Fast-and-Smooth-Cutting-768x768.jpg 768w, https:\/\/www.tenyutool.com\/wp-content\/uploads\/2022\/08\/5pcs-Metal-Nibbler-Cutter-with-Black-Box-for-Plastic-Sheet-Metal-Fast-and-Smooth-Cutting-12x12.jpg 12w, https:\/\/www.tenyutool.com\/wp-content\/uploads\/2022\/08\/5pcs-Metal-Nibbler-Cutter-with-Black-Box-for-Plastic-Sheet-Metal-Fast-and-Smooth-Cutting-300x300.jpg 300w, https:\/\/www.tenyutool.com\/wp-content\/uploads\/2022\/08\/5pcs-Metal-Nibbler-Cutter-with-Black-Box-for-Plastic-Sheet-Metal-Fast-and-Smooth-Cutting-600x600.jpg 600w, https:\/\/www.tenyutool.com\/wp-content\/uploads\/2022\/08\/5pcs-Metal-Nibbler-Cutter-with-Black-Box-for-Plastic-Sheet-Metal-Fast-and-Smooth-Cutting-100x100.jpg 100w\" sizes=\"(max-width: 800px) 100vw, 800px\" \/><figcaption id=\"caption-attachment-15373\" class=\"wp-caption-text\">5 pi\u00e8ces coupe-grignoteuse en m\u00e9tal avec bo\u00eete noire pour t\u00f4le en plastique coupe rapide et lisse<\/figcaption><\/figure>\n<table class=\"has-title hight-light-first-column all magic-4\">\n<tbody>\n<tr>\n<td colspan=\"5\" rowspan=\"1\">\n<div class=\"magic-5\"><span class=\"magic-6\">Description du produit<\/span><\/div>\n<\/td>\n<\/tr>\n<tr>\n<td colspan=\"5\" rowspan=\"1\">\n<div class=\"magic-5\"><b><span class=\"magic-9\">Plus de choix pour vous : <a href=\"https:\/\/www.tenyutool.com\/fr\/\" target=\"_blank\" rel=\"noopener\">Maison<\/a> &gt; <a href=\"https:\/\/www.tenyutool.com\/fr\/coupe-metal-grignoteuse-2\/\">Grignoteuse Cutter<\/a><\/span><\/b><\/div>\n<\/td>\n<\/tr>\n<tr>\n<td colspan=\"1\" rowspan=\"1\">\n<div class=\"magic-10\">Nom du produit<\/div>\n<\/td>\n<td colspan=\"4\" rowspan=\"1\">\n<div class=\"magic-11\" data-spm-anchor-id=\"a2700.wholesale.0.i35.1db34a41pH8utV\">5 pi\u00e8ces coupe-grignoteuse en m\u00e9tal avec bo\u00eete noire pour t\u00f4le en plastique coupe rapide et lisse<\/div>\n<\/td>\n<\/tr>\n<tr>\n<td colspan=\"1\" rowspan=\"1\">\n<div class=\"magic-10\">Mat\u00e9riel<\/div>\n<\/td>\n<td colspan=\"1\" rowspan=\"1\">\n<div class=\"magic-11\">Acier Carbone<\/div>\n<\/td>\n<\/tr>\n<tr>\n<td colspan=\"1\" rowspan=\"1\">\n<div class=\"magic-12\">Lester<\/div>\n<\/td>\n<td colspan=\"4\" rowspan=\"1\">\n<div class=\"magic-13\">900g (le poids varie selon les exigences d&#039;emballage)<\/div>\n<\/td>\n<\/tr>\n<tr>\n<td colspan=\"1\" rowspan=\"1\">\n<div class=\"magic-12\">Finition de surface<\/div>\n<\/td>\n<td colspan=\"4\" rowspan=\"1\">\n<div class=\"magic-13\">Orange<\/div>\n<\/td>\n<\/tr>\n<tr>\n<td colspan=\"1\" rowspan=\"1\">\n<div class=\"magic-12\">Forfait<\/div>\n<\/td>\n<td colspan=\"1\" rowspan=\"1\">\n<div class=\"magic-13\">Un ensemble emball\u00e9 dans une bo\u00eete noire<\/div>\n<\/td>\n<\/tr>\n<\/tbody>\n<\/table>\n<p>&nbsp;<\/p>\n<p>&nbsp;<\/p>\n<p>&nbsp;<\/p>","protected":false},"excerpt":{"rendered":"<p>Features: Compact size, easy to operate, and labor-saving. Easier and more powerful than normal shears and snips. Double-cutting head to cut straight lines, curve lines, circles, or many other irregular lines and shapes. The perfect tool for any cutting task. Easily fit into any standard drill that works between 1500-3000 RPM Product Description More Choice [&hellip;]<\/p>\n","protected":false},"featured_media":15373,"comment_status":"closed","ping_status":"closed","template":"","meta":{"_acf_changed":false,"_seopress_robots_primary_cat":"none","_seopress_titles_title":"Steel Cutting Nibblers | Nibbler Cutter for Wood Metal","_seopress_titles_desc":"","_seopress_robots_index":"","site-sidebar-layout":"default","site-content-layout":"default","ast-site-content-layout":"default","site-content-style":"default","site-sidebar-style":"default","ast-global-header-display":"","ast-banner-title-visibility":"","ast-main-header-display":"","ast-hfb-above-header-display":"","ast-hfb-below-header-display":"","ast-hfb-mobile-header-display":"","site-post-title":"","ast-breadcrumbs-content":"","ast-featured-img":"","footer-sml-layout":"","ast-disable-related-posts":"","theme-transparent-header-meta":"default","adv-header-id-meta":"","stick-header-meta":"","header-above-stick-meta":"","header-main-stick-meta":"","header-below-stick-meta":"","astra-migrate-meta-layouts":"default","ast-page-background-enabled":"default","ast-page-background-meta":{"desktop":{"background-color":"","background-image":"","background-repeat":"repeat","background-position":"center center","background-size":"auto","background-attachment":"scroll","background-type":"","background-media":"","overlay-type":"","overlay-color":"","overlay-opacity":"","overlay-gradient":""},"tablet":{"background-color":"","background-image":"","background-repeat":"repeat","background-position":"center center","background-size":"auto","background-attachment":"scroll","background-type":"","background-media":"","overlay-type":"","overlay-color":"","overlay-opacity":"","overlay-gradient":""},"mobile":{"background-color":"","background-image":"","background-repeat":"repeat","background-position":"center center","background-size":"auto","background-attachment":"scroll","background-type":"","background-media":"","overlay-type":"","overlay-color":"","overlay-opacity":"","overlay-gradient":""}},"ast-content-background-meta":{"desktop":{"background-color":"var(--ast-global-color-5)","background-image":"","background-repeat":"repeat","background-position":"center center","background-size":"auto","background-attachment":"scroll","background-type":"","background-media":"","overlay-type":"","overlay-color":"","overlay-opacity":"","overlay-gradient":""},"tablet":{"background-color":"var(--ast-global-color-5)","background-image":"","background-repeat":"repeat","background-position":"center center","background-size":"auto","background-attachment":"scroll","background-type":"","background-media":"","overlay-type":"","overlay-color":"","overlay-opacity":"","overlay-gradient":""},"mobile":{"background-color":"var(--ast-global-color-5)","background-image":"","background-repeat":"repeat","background-position":"center center","background-size":"auto","background-attachment":"scroll","background-type":"","background-media":"","overlay-type":"","overlay-color":"","overlay-opacity":"","overlay-gradient":""}}},"product_brand":[],"product_cat":[28],"product_tag":[],"class_list":{"0":"post-15414","1":"product","2":"type-product","3":"status-publish","4":"has-post-thumbnail","6":"product_cat-nibbler-cutter","7":"desktop-align-left","8":"tablet-align-left","9":"mobile-align-left","11":"first","12":"instock","13":"shipping-taxable","14":"product-type-simple"},"acf":[],"_links":{"self":[{"href":"https:\/\/www.tenyutool.com\/fr\/wp-json\/wp\/v2\/product\/15414","targetHints":{"allow":["GET"]}}],"collection":[{"href":"https:\/\/www.tenyutool.com\/fr\/wp-json\/wp\/v2\/product"}],"about":[{"href":"https:\/\/www.tenyutool.com\/fr\/wp-json\/wp\/v2\/types\/product"}],"replies":[{"embeddable":true,"href":"https:\/\/www.tenyutool.com\/fr\/wp-json\/wp\/v2\/comments?post=15414"}],"wp:featuredmedia":[{"embeddable":true,"href":"https:\/\/www.tenyutool.com\/fr\/wp-json\/wp\/v2\/media\/15373"}],"wp:attachment":[{"href":"https:\/\/www.tenyutool.com\/fr\/wp-json\/wp\/v2\/media?parent=15414"}],"wp:term":[{"taxonomy":"product_brand","embeddable":true,"href":"https:\/\/www.tenyutool.com\/fr\/wp-json\/wp\/v2\/product_brand?post=15414"},{"taxonomy":"product_cat","embeddable":true,"href":"https:\/\/www.tenyutool.com\/fr\/wp-json\/wp\/v2\/product_cat?post=15414"},{"taxonomy":"product_tag","embeddable":true,"href":"https:\/\/www.tenyutool.com\/fr\/wp-json\/wp\/v2\/product_tag?post=15414"}],"curies":[{"name":"wp","href":"https:\/\/api.w.org\/{rel}","templated":true}]}}