{"id":15419,"date":"2022-09-01T07:30:32","date_gmt":"2022-09-01T07:30:32","guid":{"rendered":"https:\/\/www.tenyutool.com\/?post_type=product&#038;p=15419"},"modified":"2022-09-01T07:30:32","modified_gmt":"2022-09-01T07:30:32","slug":"coupe-tole-grignoteuse","status":"publish","type":"product","link":"https:\/\/www.tenyutool.com\/fr\/product\/steel-sheet-cutter-nibbler\/","title":{"rendered":"6 pi\u00e8ces outil de coupe de grignoteuse en m\u00e9tal polyvalent avec forets \u00e9tag\u00e9s pour ensemble de coupe de m\u00e9tal et de bois"},"content":{"rendered":"<p>Traits:<\/p>\n<ul>\n<li>S&#039;adapte \u00e0 n&#039;importe quelle perceuse qui fonctionne entre 1500 et 3000 tr\/min, plus facile et plus puissante que les cisailles et cisailles normales.<\/li>\n<li>Cet accessoire pour perceuse \u00e0 grignoter est un outil tr\u00e8s utile pour la construction et la r\u00e9novation.<\/li>\n<li>Il est relativement petit et facile \u00e0 ranger n&#039;importe o\u00f9.<\/li>\n<li>Double t\u00eate de coupe \u00e0 360 degr\u00e9s pour couper des lignes droites, des lignes courbes, des s et des cercles.<\/li>\n<li>Cr\u00e9e un bord pr\u00e9cis et sans bavure.<\/li>\n<\/ul>\n<figure id=\"attachment_15372\" aria-describedby=\"caption-attachment-15372\" style=\"width: 800px\" class=\"wp-caption alignnone\"><img fetchpriority=\"high\" decoding=\"async\" class=\"size-full wp-image-15372\" src=\"https:\/\/www.tenyutool.com\/wp-content\/uploads\/2022\/08\/6PCS-Multipurpose-Metal-Nibbler-Cutter-Tool-with-Step-Drill-Bits-for-Metal-and-Wood-Cutting-Set.jpg\" alt=\"Outil de coupe de grignoteuse en m\u00e9tal polyvalent 6 pi\u00e8ces avec forets \u00e9tag\u00e9s pour ensemble de coupe de m\u00e9tal et de bois\" width=\"800\" height=\"800\" srcset=\"https:\/\/www.tenyutool.com\/wp-content\/uploads\/2022\/08\/6PCS-Multipurpose-Metal-Nibbler-Cutter-Tool-with-Step-Drill-Bits-for-Metal-and-Wood-Cutting-Set.jpg 800w, https:\/\/www.tenyutool.com\/wp-content\/uploads\/2022\/08\/6PCS-Multipurpose-Metal-Nibbler-Cutter-Tool-with-Step-Drill-Bits-for-Metal-and-Wood-Cutting-Set-150x150.jpg 150w, https:\/\/www.tenyutool.com\/wp-content\/uploads\/2022\/08\/6PCS-Multipurpose-Metal-Nibbler-Cutter-Tool-with-Step-Drill-Bits-for-Metal-and-Wood-Cutting-Set-768x768.jpg 768w, https:\/\/www.tenyutool.com\/wp-content\/uploads\/2022\/08\/6PCS-Multipurpose-Metal-Nibbler-Cutter-Tool-with-Step-Drill-Bits-for-Metal-and-Wood-Cutting-Set-12x12.jpg 12w, https:\/\/www.tenyutool.com\/wp-content\/uploads\/2022\/08\/6PCS-Multipurpose-Metal-Nibbler-Cutter-Tool-with-Step-Drill-Bits-for-Metal-and-Wood-Cutting-Set-300x300.jpg 300w, https:\/\/www.tenyutool.com\/wp-content\/uploads\/2022\/08\/6PCS-Multipurpose-Metal-Nibbler-Cutter-Tool-with-Step-Drill-Bits-for-Metal-and-Wood-Cutting-Set-600x600.jpg 600w, https:\/\/www.tenyutool.com\/wp-content\/uploads\/2022\/08\/6PCS-Multipurpose-Metal-Nibbler-Cutter-Tool-with-Step-Drill-Bits-for-Metal-and-Wood-Cutting-Set-100x100.jpg 100w\" sizes=\"(max-width: 800px) 100vw, 800px\" \/><figcaption id=\"caption-attachment-15372\" class=\"wp-caption-text\">Outil de coupe de grignoteuse en m\u00e9tal polyvalent de 6 pi\u00e8ces avec forets \u00e9tag\u00e9s pour ensemble de coupe de m\u00e9tal et de bois<\/figcaption><\/figure>\n<table class=\"has-title hight-light-first-column all magic-4\">\n<tbody>\n<tr>\n<td colspan=\"5\" rowspan=\"1\">\n<div class=\"magic-5\"><span class=\"magic-6\" data-spm-anchor-id=\"a2700.wholesale.0.i36.1db34a41pH8utV\">Description du produit<\/span><\/div>\n<\/td>\n<\/tr>\n<tr>\n<td colspan=\"5\" rowspan=\"1\">\n<div class=\"magic-5\"><b><span class=\"magic-9\">Plus de choix pour vous : <a href=\"https:\/\/www.tenyutool.com\/fr\/\" target=\"_blank\" rel=\"noopener\">Maison<\/a> &gt; <a href=\"https:\/\/www.tenyutool.com\/fr\/coupe-metal-grignoteuse-2\/\">Grignoteuse Cutter<\/a><\/span><\/b><\/div>\n<\/td>\n<\/tr>\n<tr>\n<td colspan=\"1\" rowspan=\"1\">\n<div class=\"magic-10\">Nom du produit<\/div>\n<\/td>\n<td colspan=\"4\" rowspan=\"1\">\n<div class=\"magic-11\" data-spm-anchor-id=\"a2700.wholesale.0.i35.1db34a41pH8utV\">6 pi\u00e8ces outil de coupe de grignoteuse en m\u00e9tal polyvalent avec forets \u00e9tag\u00e9s pour ensemble de coupe de m\u00e9tal et de bois<\/div>\n<\/td>\n<\/tr>\n<tr>\n<td colspan=\"1\" rowspan=\"1\">\n<div class=\"magic-10\">Mat\u00e9riel<\/div>\n<\/td>\n<td colspan=\"1\" rowspan=\"1\">\n<div class=\"magic-11\">Acier Carbone<\/div>\n<\/td>\n<\/tr>\n<tr>\n<td colspan=\"1\" rowspan=\"1\">\n<div class=\"magic-12\">Lester<\/div>\n<\/td>\n<td colspan=\"4\" rowspan=\"1\">\n<div class=\"magic-13\">900g (le poids varie selon les exigences d&#039;emballage)<\/div>\n<\/td>\n<\/tr>\n<tr>\n<td colspan=\"1\" rowspan=\"1\">\n<div class=\"magic-12\">Finition de surface<\/div>\n<\/td>\n<td colspan=\"4\" rowspan=\"1\">\n<div class=\"magic-13\">Orange<\/div>\n<\/td>\n<\/tr>\n<tr>\n<td colspan=\"1\" rowspan=\"1\">\n<div class=\"magic-12\">Forfait<\/div>\n<\/td>\n<td colspan=\"1\" rowspan=\"1\">\n<div class=\"magic-13\">Une pi\u00e8ce emball\u00e9e dans un double blister<\/div>\n<\/td>\n<\/tr>\n<\/tbody>\n<\/table>","protected":false},"excerpt":{"rendered":"<p>Features: Fits any drill that works between 1500-3000 RPM, More easy and more powerful than normal shears and snips. This nibbler cutter drill attachment is a very useful tool for construction and renovation. It is relatively small and easy to store anywhere. 360-degree double cutting head to cut straight lines, curve lines,s and circles. Creates [&hellip;]<\/p>\n","protected":false},"featured_media":15372,"comment_status":"closed","ping_status":"closed","template":"","meta":{"_acf_changed":false,"_seopress_robots_primary_cat":"none","_seopress_titles_title":"Steel Sheet Cutter Nibbler | Multipurpose Metal Nibbler Set","_seopress_titles_desc":"","_seopress_robots_index":"","site-sidebar-layout":"default","site-content-layout":"default","ast-site-content-layout":"default","site-content-style":"default","site-sidebar-style":"default","ast-global-header-display":"","ast-banner-title-visibility":"","ast-main-header-display":"","ast-hfb-above-header-display":"","ast-hfb-below-header-display":"","ast-hfb-mobile-header-display":"","site-post-title":"","ast-breadcrumbs-content":"","ast-featured-img":"","footer-sml-layout":"","ast-disable-related-posts":"","theme-transparent-header-meta":"default","adv-header-id-meta":"","stick-header-meta":"","header-above-stick-meta":"","header-main-stick-meta":"","header-below-stick-meta":"","astra-migrate-meta-layouts":"default","ast-page-background-enabled":"default","ast-page-background-meta":{"desktop":{"background-color":"","background-image":"","background-repeat":"repeat","background-position":"center center","background-size":"auto","background-attachment":"scroll","background-type":"","background-media":"","overlay-type":"","overlay-color":"","overlay-opacity":"","overlay-gradient":""},"tablet":{"background-color":"","background-image":"","background-repeat":"repeat","background-position":"center center","background-size":"auto","background-attachment":"scroll","background-type":"","background-media":"","overlay-type":"","overlay-color":"","overlay-opacity":"","overlay-gradient":""},"mobile":{"background-color":"","background-image":"","background-repeat":"repeat","background-position":"center center","background-size":"auto","background-attachment":"scroll","background-type":"","background-media":"","overlay-type":"","overlay-color":"","overlay-opacity":"","overlay-gradient":""}},"ast-content-background-meta":{"desktop":{"background-color":"var(--ast-global-color-5)","background-image":"","background-repeat":"repeat","background-position":"center center","background-size":"auto","background-attachment":"scroll","background-type":"","background-media":"","overlay-type":"","overlay-color":"","overlay-opacity":"","overlay-gradient":""},"tablet":{"background-color":"var(--ast-global-color-5)","background-image":"","background-repeat":"repeat","background-position":"center center","background-size":"auto","background-attachment":"scroll","background-type":"","background-media":"","overlay-type":"","overlay-color":"","overlay-opacity":"","overlay-gradient":""},"mobile":{"background-color":"var(--ast-global-color-5)","background-image":"","background-repeat":"repeat","background-position":"center center","background-size":"auto","background-attachment":"scroll","background-type":"","background-media":"","overlay-type":"","overlay-color":"","overlay-opacity":"","overlay-gradient":""}}},"product_brand":[],"product_cat":[28],"product_tag":[],"class_list":{"0":"post-15419","1":"product","2":"type-product","3":"status-publish","4":"has-post-thumbnail","6":"product_cat-nibbler-cutter","7":"desktop-align-left","8":"tablet-align-left","9":"mobile-align-left","11":"first","12":"instock","13":"shipping-taxable","14":"product-type-simple"},"acf":[],"_links":{"self":[{"href":"https:\/\/www.tenyutool.com\/fr\/wp-json\/wp\/v2\/product\/15419","targetHints":{"allow":["GET"]}}],"collection":[{"href":"https:\/\/www.tenyutool.com\/fr\/wp-json\/wp\/v2\/product"}],"about":[{"href":"https:\/\/www.tenyutool.com\/fr\/wp-json\/wp\/v2\/types\/product"}],"replies":[{"embeddable":true,"href":"https:\/\/www.tenyutool.com\/fr\/wp-json\/wp\/v2\/comments?post=15419"}],"wp:featuredmedia":[{"embeddable":true,"href":"https:\/\/www.tenyutool.com\/fr\/wp-json\/wp\/v2\/media\/15372"}],"wp:attachment":[{"href":"https:\/\/www.tenyutool.com\/fr\/wp-json\/wp\/v2\/media?parent=15419"}],"wp:term":[{"taxonomy":"product_brand","embeddable":true,"href":"https:\/\/www.tenyutool.com\/fr\/wp-json\/wp\/v2\/product_brand?post=15419"},{"taxonomy":"product_cat","embeddable":true,"href":"https:\/\/www.tenyutool.com\/fr\/wp-json\/wp\/v2\/product_cat?post=15419"},{"taxonomy":"product_tag","embeddable":true,"href":"https:\/\/www.tenyutool.com\/fr\/wp-json\/wp\/v2\/product_tag?post=15419"}],"curies":[{"name":"wp","href":"https:\/\/api.w.org\/{rel}","templated":true}]}}