{"id":15734,"date":"2022-09-14T09:47:43","date_gmt":"2022-09-14T09:47:43","guid":{"rendered":"https:\/\/www.tenyutool.com\/?post_type=product&#038;p=15734"},"modified":"2022-09-14T09:47:43","modified_gmt":"2022-09-14T09:47:43","slug":"forets-co5-hss-cobalt","status":"publish","type":"product","link":"https:\/\/www.tenyutool.com\/fr\/product\/co5-hss-cobalt-drill-bits\/","title":{"rendered":"DIN338 M35 Mat\u00e9riel Co5 Hss Cobalt Forets pour m\u00e9tal dur"},"content":{"rendered":"<p>Traits:<\/p>\n<ul>\n<li>Fabriqu\u00e9 \u00e0 partir d&#039;acier rapide au cobalt (5%), augmente la r\u00e9sistance \u00e0 l&#039;usure et \u00e0 la chaleur du foret, la dur\u00e9e de vie du foret est prolong\u00e9e.<\/li>\n<li>Le traitement de meulage complet rend la surface du foret plus lisse, le frottement peut \u00eatre r\u00e9duit et la vitesse de coupe est plus rapide.<\/li>\n<li>Parfaitement adapt\u00e9 au per\u00e7age dans les m\u00e9taux durs tels que l&#039;acier inoxydable et la fonte, et d&#039;autres mat\u00e9riaux plus tendres sont \u00e9galement possibles.<\/li>\n<\/ul>\n<figure id=\"attachment_15736\" aria-describedby=\"caption-attachment-15736\" style=\"width: 650px\" class=\"wp-caption alignnone\"><img fetchpriority=\"high\" decoding=\"async\" class=\"size-full wp-image-15736\" src=\"https:\/\/www.tenyutool.com\/wp-content\/uploads\/2022\/09\/DIN338-M35-Material-Co5-Hss-Cobalt-Drill-Bits-for-Hard-Metal-1.jpg\" alt=\"din338 m35 mat\u00e9riel co5 hss cobalt forets pour m\u00e9tal dur\" width=\"650\" height=\"450\" srcset=\"https:\/\/www.tenyutool.com\/wp-content\/uploads\/2022\/09\/DIN338-M35-Material-Co5-Hss-Cobalt-Drill-Bits-for-Hard-Metal-1.jpg 650w, https:\/\/www.tenyutool.com\/wp-content\/uploads\/2022\/09\/DIN338-M35-Material-Co5-Hss-Cobalt-Drill-Bits-for-Hard-Metal-1-18x12.jpg 18w, https:\/\/www.tenyutool.com\/wp-content\/uploads\/2022\/09\/DIN338-M35-Material-Co5-Hss-Cobalt-Drill-Bits-for-Hard-Metal-1-600x415.jpg 600w\" sizes=\"(max-width: 650px) 100vw, 650px\" \/><figcaption id=\"caption-attachment-15736\" class=\"wp-caption-text\">din338 m35 mat\u00e9riel co5 hss cobalt forets pour m\u00e9tal dur<\/figcaption><\/figure>\n<table class=\"has-title hight-light-first-column all magic-7\">\n<tbody>\n<tr>\n<td colspan=\"5\" rowspan=\"1\">\n<div class=\"magic-8\"><span class=\"magic-9\" style=\"font-family: Arial;\" data-spm-anchor-id=\"a2700.details.0.i29.6beb7e06MqKB48\">Description du produit<\/span><\/div>\n<\/td>\n<\/tr>\n<tr>\n<td colspan=\"5\" rowspan=\"1\">\n<div class=\"magic-8\"><span class=\"magic-13\"><span class=\"magic-14\" style=\"font-family: Arial;\"><b class=\"magic-14\" data-spm-anchor-id=\"0.0.0.i53.2dea4f05jD1M0Y\"><span class=\"magic-14\">Plus de choix pour vous<\/span>:\u00a0<a class=\"magic-14\" href=\"https:\/\/www.tenyutool.com\/fr\/\" target=\"_blank\" rel=\"noopener\">Maison<\/a>\u00a0&gt; Foret HSS\u00a0<\/b><\/span><b><\/b><\/span><\/div>\n<\/td>\n<\/tr>\n<tr>\n<td colspan=\"1\" rowspan=\"1\">\n<div class=\"magic-15\">Nom du produit<\/div>\n<\/td>\n<td colspan=\"4\" rowspan=\"1\">\n<div class=\"magic-16\">Types d&#039;acier rapide des meilleurs forets pour le m\u00e9tal enti\u00e8rement rectifi\u00e9s<\/div>\n<\/td>\n<\/tr>\n<tr>\n<td colspan=\"1\" rowspan=\"1\">\n<div class=\"magic-15\">Mat\u00e9riel<\/div>\n<\/td>\n<td colspan=\"4\" rowspan=\"1\">\n<div class=\"magic-16\">HSS Cobalt ( M35 HSS-E HSS-Co5% )<\/div>\n<\/td>\n<\/tr>\n<tr>\n<td colspan=\"1\" rowspan=\"1\">\n<div class=\"magic-15\">Traiter<\/div>\n<\/td>\n<td colspan=\"4\" rowspan=\"1\">\n<div class=\"magic-16\" data-spm-anchor-id=\"a2700.details.0.i22.6beb7e06MqKB48\">Enti\u00e8rement rectifi\u00e9 (ont \u00e9galement roul\u00e9 et poli, roul\u00e9, frais\u00e9)<\/div>\n<\/td>\n<\/tr>\n<tr>\n<td colspan=\"1\" rowspan=\"1\">\n<div class=\"magic-15\">Standard<\/div>\n<\/td>\n<td colspan=\"4\" rowspan=\"1\">\n<div class=\"magic-16\" data-spm-anchor-id=\"a2700.details.0.i23.6beb7e06MqKB48\">DIN338 (ont \u00e9galement un embout DIN1897, long DIN340, extra long DIN1869, tige r\u00e9duite de forgeron 10 mm, 13 mm, tige conique DIN345 sont disponibles)<br \/>\nLongueur de travail (ont \u00e9galement une longueur de machine \u00e0 vis stub, une longueur de c\u00f4ne longue, une extension Airctraft, une tige extra longue de 12\u2033, 18\u2033, 24\u2033, Silver &amp; Deming 1\/2\u2033)<\/div>\n<\/td>\n<\/tr>\n<tr>\n<td colspan=\"1\" rowspan=\"1\">\n<div class=\"magic-15\">Taille<\/div>\n<\/td>\n<td colspan=\"4\" rowspan=\"1\">\n<div class=\"magic-16\">1\/16\u2033 \u2013 1\u2033 (0.5mm-25mm)<\/div>\n<\/td>\n<\/tr>\n<tr>\n<td colspan=\"1\" rowspan=\"1\">\n<div class=\"magic-15\">Type de points<\/div>\n<\/td>\n<td colspan=\"4\" rowspan=\"1\">\n<div class=\"magic-16\">Point de partage \u00e0 135 degr\u00e9s (ont \u00e9galement un point r\u00e9gulier \u00e0 118 degr\u00e9s, un point Turbo Max, un point pilote)<\/div>\n<\/td>\n<\/tr>\n<tr>\n<td colspan=\"1\" rowspan=\"1\">\n<div class=\"magic-17\">Forfait<\/div>\n<\/td>\n<td class=\"magic-18\" colspan=\"4\" rowspan=\"1\">\n<div class=\"magic-19\">10\/5 pi\u00e8ces dans une pochette en PVC, une bo\u00eete en plastique, individuellement dans une carte cutan\u00e9e, un double blister, une coque<\/div>\n<\/td>\n<\/tr>\n<\/tbody>\n<\/table>","protected":false},"excerpt":{"rendered":"<p>Features: Made from cobalt(5%) High Speed Steel , increases the wear and heat resistance of drill bit, the life span of drill bit is prolonged. Fully Grinding Processing makes the surface of drill bit smoother, the friction can be reduced and the cutting speed is faster. Perfect suitable for drilling in hard metals such as [&hellip;]<\/p>\n","protected":false},"featured_media":15736,"comment_status":"closed","ping_status":"closed","template":"","meta":{"_acf_changed":false,"_seopress_robots_primary_cat":"","_seopress_titles_title":"DIN338 M35 Material | Co5 Hss Cobalt Drill Bits","_seopress_titles_desc":"","_seopress_robots_index":"","site-sidebar-layout":"default","site-content-layout":"default","ast-site-content-layout":"default","site-content-style":"default","site-sidebar-style":"default","ast-global-header-display":"","ast-banner-title-visibility":"","ast-main-header-display":"","ast-hfb-above-header-display":"","ast-hfb-below-header-display":"","ast-hfb-mobile-header-display":"","site-post-title":"","ast-breadcrumbs-content":"","ast-featured-img":"","footer-sml-layout":"","ast-disable-related-posts":"","theme-transparent-header-meta":"default","adv-header-id-meta":"","stick-header-meta":"","header-above-stick-meta":"","header-main-stick-meta":"","header-below-stick-meta":"","astra-migrate-meta-layouts":"default","ast-page-background-enabled":"default","ast-page-background-meta":{"desktop":{"background-color":"","background-image":"","background-repeat":"repeat","background-position":"center center","background-size":"auto","background-attachment":"scroll","background-type":"","background-media":"","overlay-type":"","overlay-color":"","overlay-opacity":"","overlay-gradient":""},"tablet":{"background-color":"","background-image":"","background-repeat":"repeat","background-position":"center center","background-size":"auto","background-attachment":"scroll","background-type":"","background-media":"","overlay-type":"","overlay-color":"","overlay-opacity":"","overlay-gradient":""},"mobile":{"background-color":"","background-image":"","background-repeat":"repeat","background-position":"center center","background-size":"auto","background-attachment":"scroll","background-type":"","background-media":"","overlay-type":"","overlay-color":"","overlay-opacity":"","overlay-gradient":""}},"ast-content-background-meta":{"desktop":{"background-color":"var(--ast-global-color-5)","background-image":"","background-repeat":"repeat","background-position":"center center","background-size":"auto","background-attachment":"scroll","background-type":"","background-media":"","overlay-type":"","overlay-color":"","overlay-opacity":"","overlay-gradient":""},"tablet":{"background-color":"var(--ast-global-color-5)","background-image":"","background-repeat":"repeat","background-position":"center center","background-size":"auto","background-attachment":"scroll","background-type":"","background-media":"","overlay-type":"","overlay-color":"","overlay-opacity":"","overlay-gradient":""},"mobile":{"background-color":"var(--ast-global-color-5)","background-image":"","background-repeat":"repeat","background-position":"center center","background-size":"auto","background-attachment":"scroll","background-type":"","background-media":"","overlay-type":"","overlay-color":"","overlay-opacity":"","overlay-gradient":""}}},"product_brand":[],"product_cat":[29],"product_tag":[],"class_list":{"0":"post-15734","1":"product","2":"type-product","3":"status-publish","4":"has-post-thumbnail","6":"product_cat-hss-twist-drill-bits","7":"desktop-align-left","8":"tablet-align-left","9":"mobile-align-left","11":"first","12":"instock","13":"shipping-taxable","14":"product-type-simple"},"acf":[],"_links":{"self":[{"href":"https:\/\/www.tenyutool.com\/fr\/wp-json\/wp\/v2\/product\/15734","targetHints":{"allow":["GET"]}}],"collection":[{"href":"https:\/\/www.tenyutool.com\/fr\/wp-json\/wp\/v2\/product"}],"about":[{"href":"https:\/\/www.tenyutool.com\/fr\/wp-json\/wp\/v2\/types\/product"}],"replies":[{"embeddable":true,"href":"https:\/\/www.tenyutool.com\/fr\/wp-json\/wp\/v2\/comments?post=15734"}],"wp:featuredmedia":[{"embeddable":true,"href":"https:\/\/www.tenyutool.com\/fr\/wp-json\/wp\/v2\/media\/15736"}],"wp:attachment":[{"href":"https:\/\/www.tenyutool.com\/fr\/wp-json\/wp\/v2\/media?parent=15734"}],"wp:term":[{"taxonomy":"product_brand","embeddable":true,"href":"https:\/\/www.tenyutool.com\/fr\/wp-json\/wp\/v2\/product_brand?post=15734"},{"taxonomy":"product_cat","embeddable":true,"href":"https:\/\/www.tenyutool.com\/fr\/wp-json\/wp\/v2\/product_cat?post=15734"},{"taxonomy":"product_tag","embeddable":true,"href":"https:\/\/www.tenyutool.com\/fr\/wp-json\/wp\/v2\/product_tag?post=15734"}],"curies":[{"name":"wp","href":"https:\/\/api.w.org\/{rel}","templated":true}]}}