{"id":15875,"date":"2022-10-06T07:13:44","date_gmt":"2022-10-06T07:13:44","guid":{"rendered":"https:\/\/www.tenyutool.com\/?post_type=product&#038;p=15875"},"modified":"2022-10-06T07:13:55","modified_gmt":"2022-10-06T07:13:55","slug":"jeu-de-meches-courtes","status":"publish","type":"product","link":"https:\/\/www.tenyutool.com\/fr\/product\/short-drill-bit-set\/","title":{"rendered":"DIN1897 Hex Shank Metal Hss Twist Stub Short Titanium Coated Drill Bit"},"content":{"rendered":"<p>Traits:<\/p>\n<ul>\n<li>Une bonne combinaison de t\u00e9nacit\u00e9 et de duret\u00e9.<\/li>\n<li>L&#039;angle de point de partage de 135 degr\u00e9s est auto-centrant, r\u00e9duit la marche, convient aux mat\u00e9riaux durs et r\u00e9duit la pression sur les ar\u00eates de coupe.<\/li>\n<li>De longueur courte, pour une meilleure rigidit\u00e9 et une r\u00e9sistance accrue.<\/li>\n<li>La goujure courte et la longueur totale augmentent la rigidit\u00e9, ce qui am\u00e9liore la pr\u00e9cision des trous et prolonge la dur\u00e9e de vie de l&#039;outil.<\/li>\n<li data-spm-anchor-id=\"a2700.pc-decorate.0.i12.69273333w5UdeT\">Recommand\u00e9 pour le per\u00e7age de mat\u00e9riaux \u00e0 haute r\u00e9sistance comme l&#039;acier inoxydable, le titane et l&#039;acier au mangan\u00e8se.<\/li>\n<\/ul>\n<figure id=\"attachment_15877\" aria-describedby=\"caption-attachment-15877\" style=\"width: 800px\" class=\"wp-caption alignnone\"><img fetchpriority=\"high\" decoding=\"async\" class=\"size-full wp-image-15877\" src=\"https:\/\/www.tenyutool.com\/wp-content\/uploads\/2022\/10\/DIN1897-Hex-Shank-Metal-Hss-Twist-Stub-Short-Titanium-Coated-Drill-Bit.jpg\" alt=\"din1897 foret \u00e0 tige hexagonale en m\u00e9tal hss twist stub court recouvert de titane\" width=\"800\" height=\"800\" srcset=\"https:\/\/www.tenyutool.com\/wp-content\/uploads\/2022\/10\/DIN1897-Hex-Shank-Metal-Hss-Twist-Stub-Short-Titanium-Coated-Drill-Bit.jpg 800w, https:\/\/www.tenyutool.com\/wp-content\/uploads\/2022\/10\/DIN1897-Hex-Shank-Metal-Hss-Twist-Stub-Short-Titanium-Coated-Drill-Bit-150x150.jpg 150w, https:\/\/www.tenyutool.com\/wp-content\/uploads\/2022\/10\/DIN1897-Hex-Shank-Metal-Hss-Twist-Stub-Short-Titanium-Coated-Drill-Bit-768x768.jpg 768w, https:\/\/www.tenyutool.com\/wp-content\/uploads\/2022\/10\/DIN1897-Hex-Shank-Metal-Hss-Twist-Stub-Short-Titanium-Coated-Drill-Bit-12x12.jpg 12w, https:\/\/www.tenyutool.com\/wp-content\/uploads\/2022\/10\/DIN1897-Hex-Shank-Metal-Hss-Twist-Stub-Short-Titanium-Coated-Drill-Bit-300x300.jpg 300w, https:\/\/www.tenyutool.com\/wp-content\/uploads\/2022\/10\/DIN1897-Hex-Shank-Metal-Hss-Twist-Stub-Short-Titanium-Coated-Drill-Bit-600x600.jpg 600w, https:\/\/www.tenyutool.com\/wp-content\/uploads\/2022\/10\/DIN1897-Hex-Shank-Metal-Hss-Twist-Stub-Short-Titanium-Coated-Drill-Bit-100x100.jpg 100w\" sizes=\"(max-width: 800px) 100vw, 800px\" \/><figcaption id=\"caption-attachment-15877\" class=\"wp-caption-text\">din1897 foret \u00e0 tige hexagonale en m\u00e9tal hss twist stub court recouvert de titane<\/figcaption><\/figure>\n<table class=\"has-title hight-light-first-column all magic-7\">\n<tbody>\n<tr>\n<td colspan=\"5\" rowspan=\"1\">\n<div class=\"magic-8\"><span class=\"magic-9\" style=\"font-family: Arial;\">Description du produit<\/span><\/div>\n<\/td>\n<\/tr>\n<tr>\n<td colspan=\"5\" rowspan=\"1\">\n<div class=\"magic-8\"><span class=\"magic-13\"><span class=\"magic-14\" style=\"font-family: Arial;\"><b class=\"magic-14\" data-spm-anchor-id=\"0.0.0.i53.2dea4f05jD1M0Y\"><span class=\"magic-14\">Plus de choix pour vous<\/span>:\u00a0<a class=\"magic-14\" href=\"https:\/\/www.tenyutool.com\/fr\/\" target=\"_blank\" rel=\"noopener\">Maison<\/a>\u00a0&gt; Foret HSS\u00a0<span class=\"magic-14\" data-spm-anchor-id=\"0.0.0.i26.2dea4f058f9DSS\">&gt;\u00a0<\/span><\/b><\/span><b><span class=\"magic-14\">Foret \u00e0 queue droite<\/span><\/b><\/span><\/div>\n<\/td>\n<\/tr>\n<tr>\n<td colspan=\"1\" rowspan=\"1\">\n<div class=\"magic-15\">Nom du produit<\/div>\n<\/td>\n<td colspan=\"4\" rowspan=\"1\">\n<div class=\"magic-16\">DIN1897 Hex Shank Hss Twist Stub Foret avec surface rev\u00eatue de titane Jeu de forets de courte longueur pour le per\u00e7age des m\u00e9taux en laiton<\/div>\n<\/td>\n<\/tr>\n<tr>\n<td colspan=\"1\" rowspan=\"1\">\n<div class=\"magic-15\">Mat\u00e9riel<\/div>\n<\/td>\n<td colspan=\"4\" rowspan=\"1\">\n<div class=\"magic-16\">HSS4241, HSS4341, HSS6542(M2), M35, M42<\/div>\n<\/td>\n<\/tr>\n<tr>\n<td colspan=\"1\" rowspan=\"1\">\n<div class=\"magic-15\">Traiter<\/div>\n<\/td>\n<td colspan=\"4\" rowspan=\"1\">\n<div class=\"magic-16\">Enti\u00e8rement rectifi\u00e9 (ont \u00e9galement roul\u00e9 et poli, roul\u00e9, frais\u00e9)<\/div>\n<\/td>\n<\/tr>\n<tr>\n<td colspan=\"1\" rowspan=\"1\">\n<div class=\"magic-15\">Standard<\/div>\n<\/td>\n<td colspan=\"4\" rowspan=\"1\">\n<div class=\"magic-16\">Stub DIN1897, longueur de machine de vis de stub<\/div>\n<\/td>\n<\/tr>\n<tr>\n<td colspan=\"1\" rowspan=\"1\">\n<div class=\"magic-15\">Taille<\/div>\n<\/td>\n<td colspan=\"4\" rowspan=\"1\">\n<div class=\"magic-16\">1 \u2013 13 mm (3\/64\u2033 \u2013 1\/2\u2033)<\/div>\n<\/td>\n<\/tr>\n<tr>\n<td colspan=\"1\" rowspan=\"1\">\n<div class=\"magic-15\">Type de points<\/div>\n<\/td>\n<td colspan=\"4\" rowspan=\"1\">\n<div class=\"magic-16\">Point de partage \u00e0 135 degr\u00e9s (ont \u00e9galement un point r\u00e9gulier \u00e0 118 degr\u00e9s, un point Turbo Max, un point pilote)<\/div>\n<\/td>\n<\/tr>\n<tr>\n<td colspan=\"1\" rowspan=\"1\">\n<div class=\"magic-17\">Type de tige<\/div>\n<\/td>\n<td class=\"magic-18\" colspan=\"4\" rowspan=\"1\">\n<div class=\"magic-19\">Tige hexagonale (ont \u00e9galement une tige Tri-Flats, une tige droite, une tige hexagonale Double R, une tige r\u00e9duite, une tige hexagonale filet\u00e9e, une tige conique)<\/div>\n<\/td>\n<\/tr>\n<tr>\n<td colspan=\"1\" rowspan=\"1\">\n<div class=\"magic-15\">Angle d&#039;h\u00e9lice<\/div>\n<\/td>\n<td colspan=\"4\" rowspan=\"1\">\n<div class=\"magic-19\">Spirale r\u00e9guli\u00e8re de type N (A \u00e9galement spirale lente de type H, spirale rapide de type W, spirale \u00e0 gauche)<\/div>\n<\/td>\n<\/tr>\n<tr>\n<td colspan=\"1\" rowspan=\"1\">\n<div class=\"magic-15\">Type Web et fl\u00fbte<\/div>\n<\/td>\n<td colspan=\"4\" rowspan=\"1\">\n<div class=\"magic-19\" data-spm-anchor-id=\"a2700.details.0.i24.26a57c63XA5ohH\">Toile et fl\u00fbte r\u00e9guli\u00e8res (ont \u00e9galement une toile \u00e9paisse avec fl\u00fbte parabolique, une toile robuste avec fl\u00fbte r\u00e9guli\u00e8re)<\/div>\n<\/td>\n<\/tr>\n<tr>\n<td colspan=\"1\" rowspan=\"1\">\n<div class=\"magic-15\">Finition de surface<\/div>\n<\/td>\n<td colspan=\"4\" rowspan=\"1\">\n<div class=\"magic-19\">Couleur ambre, brillant, oxyde noir, noir et or, titane, noir et brillant)<\/div>\n<\/td>\n<\/tr>\n<tr>\n<td colspan=\"1\" rowspan=\"1\">\n<div class=\"magic-15\">Forfait<\/div>\n<\/td>\n<td colspan=\"4\" rowspan=\"1\">\n<div class=\"magic-19\">10\/5 pi\u00e8ces dans une pochette en PVC, une bo\u00eete en plastique, individuellement dans une carte cutan\u00e9e, un double blister, une coque<\/div>\n<\/td>\n<\/tr>\n<\/tbody>\n<\/table>","protected":false},"excerpt":{"rendered":"<p>Features: A good combination of toughness and hardness. 135-degree split point angle is self-centering, reduces walking, is good for hard material, and reduces pressure on cutting edges. Short-length, for better rigidity and increased strength. Short flute and overall length increase rigidity, resulting in better hole accuracy and extended tool life. Recommended for drilling high tensile [&hellip;]<\/p>\n","protected":false},"featured_media":15877,"comment_status":"closed","ping_status":"closed","template":"","meta":{"_acf_changed":false,"_seopress_robots_primary_cat":"none","_seopress_titles_title":"Short Drill Bit Set | Titanium Hex Shank Durable Drill Bits","_seopress_titles_desc":"","_seopress_robots_index":"","site-sidebar-layout":"default","site-content-layout":"default","ast-site-content-layout":"default","site-content-style":"default","site-sidebar-style":"default","ast-global-header-display":"","ast-banner-title-visibility":"","ast-main-header-display":"","ast-hfb-above-header-display":"","ast-hfb-below-header-display":"","ast-hfb-mobile-header-display":"","site-post-title":"","ast-breadcrumbs-content":"","ast-featured-img":"","footer-sml-layout":"","ast-disable-related-posts":"","theme-transparent-header-meta":"default","adv-header-id-meta":"","stick-header-meta":"","header-above-stick-meta":"","header-main-stick-meta":"","header-below-stick-meta":"","astra-migrate-meta-layouts":"default","ast-page-background-enabled":"default","ast-page-background-meta":{"desktop":{"background-color":"","background-image":"","background-repeat":"repeat","background-position":"center center","background-size":"auto","background-attachment":"scroll","background-type":"","background-media":"","overlay-type":"","overlay-color":"","overlay-opacity":"","overlay-gradient":""},"tablet":{"background-color":"","background-image":"","background-repeat":"repeat","background-position":"center center","background-size":"auto","background-attachment":"scroll","background-type":"","background-media":"","overlay-type":"","overlay-color":"","overlay-opacity":"","overlay-gradient":""},"mobile":{"background-color":"","background-image":"","background-repeat":"repeat","background-position":"center center","background-size":"auto","background-attachment":"scroll","background-type":"","background-media":"","overlay-type":"","overlay-color":"","overlay-opacity":"","overlay-gradient":""}},"ast-content-background-meta":{"desktop":{"background-color":"var(--ast-global-color-5)","background-image":"","background-repeat":"repeat","background-position":"center center","background-size":"auto","background-attachment":"scroll","background-type":"","background-media":"","overlay-type":"","overlay-color":"","overlay-opacity":"","overlay-gradient":""},"tablet":{"background-color":"var(--ast-global-color-5)","background-image":"","background-repeat":"repeat","background-position":"center center","background-size":"auto","background-attachment":"scroll","background-type":"","background-media":"","overlay-type":"","overlay-color":"","overlay-opacity":"","overlay-gradient":""},"mobile":{"background-color":"var(--ast-global-color-5)","background-image":"","background-repeat":"repeat","background-position":"center center","background-size":"auto","background-attachment":"scroll","background-type":"","background-media":"","overlay-type":"","overlay-color":"","overlay-opacity":"","overlay-gradient":""}}},"product_brand":[],"product_cat":[22],"product_tag":[],"class_list":{"0":"post-15875","1":"product","2":"type-product","3":"status-publish","4":"has-post-thumbnail","6":"product_cat-drillbits","7":"desktop-align-left","8":"tablet-align-left","9":"mobile-align-left","11":"first","12":"instock","13":"shipping-taxable","14":"product-type-simple"},"acf":[],"_links":{"self":[{"href":"https:\/\/www.tenyutool.com\/fr\/wp-json\/wp\/v2\/product\/15875","targetHints":{"allow":["GET"]}}],"collection":[{"href":"https:\/\/www.tenyutool.com\/fr\/wp-json\/wp\/v2\/product"}],"about":[{"href":"https:\/\/www.tenyutool.com\/fr\/wp-json\/wp\/v2\/types\/product"}],"replies":[{"embeddable":true,"href":"https:\/\/www.tenyutool.com\/fr\/wp-json\/wp\/v2\/comments?post=15875"}],"wp:featuredmedia":[{"embeddable":true,"href":"https:\/\/www.tenyutool.com\/fr\/wp-json\/wp\/v2\/media\/15877"}],"wp:attachment":[{"href":"https:\/\/www.tenyutool.com\/fr\/wp-json\/wp\/v2\/media?parent=15875"}],"wp:term":[{"taxonomy":"product_brand","embeddable":true,"href":"https:\/\/www.tenyutool.com\/fr\/wp-json\/wp\/v2\/product_brand?post=15875"},{"taxonomy":"product_cat","embeddable":true,"href":"https:\/\/www.tenyutool.com\/fr\/wp-json\/wp\/v2\/product_cat?post=15875"},{"taxonomy":"product_tag","embeddable":true,"href":"https:\/\/www.tenyutool.com\/fr\/wp-json\/wp\/v2\/product_tag?post=15875"}],"curies":[{"name":"wp","href":"https:\/\/api.w.org\/{rel}","templated":true}]}}