{"id":16203,"date":"2022-10-27T06:22:19","date_gmt":"2022-10-27T06:22:19","guid":{"rendered":"https:\/\/www.tenyutool.com\/?post_type=product&#038;p=16203"},"modified":"2022-10-27T06:22:19","modified_gmt":"2022-10-27T06:22:19","slug":"forets-m16","status":"publish","type":"product","link":"https:\/\/www.tenyutool.com\/fr\/product\/m16-drill-bits\/","title":{"rendered":"Ensemble de tarauds et fili\u00e8res m\u00e9triques M16 x 1,25 en alliage d&#039;acier \u00e0 outils \u00e0 filetage rond droitier"},"content":{"rendered":"<p>Traits:<\/p>\n<ul>\n<li>Longueur du robinet : 4,02\u2033\/102 mm, longueur de la t\u00eate filet\u00e9e : 1,26\u2033\/32 mm.<\/li>\n<li>Mat\u00e9riau du taraud : acier rapide, mat\u00e9riau de la matrice : alliage d&#039;acier \u00e0 outils.<\/li>\n<li>Les tarauds \u00e0 main en acier rapide sont disponibles en trois styles : Style conique : Commence le filetage d&#039;\u00e9querre avec la pi\u00e8ce.<\/li>\n<li>Les outils non rev\u00eatus ne comportent que le substrat de base sans aucun traitement ou rev\u00eatement suppl\u00e9mentaire et conviennent \u00e0 une large gamme d&#039;applications.<\/li>\n<li>\n<figure id=\"attachment_16205\" aria-describedby=\"caption-attachment-16205\" style=\"width: 800px\" class=\"wp-caption alignnone\"><img fetchpriority=\"high\" decoding=\"async\" class=\"size-full wp-image-16205\" src=\"https:\/\/www.tenyutool.com\/wp-content\/uploads\/2022\/10\/M16-x-1.25-Metric-Tap-and-Die-Set-Alloy-Tool-Steel-Round-Thread-Die-Right-Hand.jpg\" alt=\"M16 x 1,25 ensemble de tarauds et fili\u00e8res m\u00e9triques en alliage d&#039;acier \u00e0 outils filetage rond fili\u00e8re droite\" width=\"800\" height=\"800\" srcset=\"https:\/\/www.tenyutool.com\/wp-content\/uploads\/2022\/10\/M16-x-1.25-Metric-Tap-and-Die-Set-Alloy-Tool-Steel-Round-Thread-Die-Right-Hand.jpg 800w, https:\/\/www.tenyutool.com\/wp-content\/uploads\/2022\/10\/M16-x-1.25-Metric-Tap-and-Die-Set-Alloy-Tool-Steel-Round-Thread-Die-Right-Hand-150x150.jpg 150w, https:\/\/www.tenyutool.com\/wp-content\/uploads\/2022\/10\/M16-x-1.25-Metric-Tap-and-Die-Set-Alloy-Tool-Steel-Round-Thread-Die-Right-Hand-768x768.jpg 768w, https:\/\/www.tenyutool.com\/wp-content\/uploads\/2022\/10\/M16-x-1.25-Metric-Tap-and-Die-Set-Alloy-Tool-Steel-Round-Thread-Die-Right-Hand-12x12.jpg 12w, https:\/\/www.tenyutool.com\/wp-content\/uploads\/2022\/10\/M16-x-1.25-Metric-Tap-and-Die-Set-Alloy-Tool-Steel-Round-Thread-Die-Right-Hand-300x300.jpg 300w, https:\/\/www.tenyutool.com\/wp-content\/uploads\/2022\/10\/M16-x-1.25-Metric-Tap-and-Die-Set-Alloy-Tool-Steel-Round-Thread-Die-Right-Hand-600x600.jpg 600w, https:\/\/www.tenyutool.com\/wp-content\/uploads\/2022\/10\/M16-x-1.25-Metric-Tap-and-Die-Set-Alloy-Tool-Steel-Round-Thread-Die-Right-Hand-100x100.jpg 100w\" sizes=\"(max-width: 800px) 100vw, 800px\" \/><figcaption id=\"caption-attachment-16205\" class=\"wp-caption-text\">M16 x 1,25 ensemble de tarauds et fili\u00e8res m\u00e9triques en alliage d&#039;acier \u00e0 outils filetage rond fili\u00e8re droite<\/figcaption><\/figure>\n<table style=\"border-collapse: collapse; width: 1151px; height: 311px;\" border=\"0\" width=\"876\" cellspacing=\"0\" cellpadding=\"0\">\n<tbody>\n<tr style=\"height: 45.00pt;\">\n<td class=\"et2\" style=\"height: 45.00pt; width: 657.00pt;\" colspan=\"9\" width=\"876\" height=\"60\">Description du produit<\/td>\n<\/tr>\n<tr style=\"height: 25.00pt;\">\n<td class=\"et4\" style=\"height: 25.00pt;\" colspan=\"9\" height=\"33\">Plus de choix pour vous : <a href=\"https:\/\/www.tenyutool.com\/fr\/\">Maison<\/a>&gt; Jeu de tarauds et fili\u00e8res<\/td>\n<\/tr>\n<tr style=\"height: 35.00pt;\">\n<td class=\"et5\" style=\"height: 35.00pt;\" colspan=\"2\" height=\"46\">Nom du produit<\/td>\n<td class=\"et6\" colspan=\"7\">Ensemble de tarauds et fili\u00e8res m\u00e9triques M16 x 1,25 en alliage d&#039;acier \u00e0 outils \u00e0 filetage rond droitier<\/td>\n<\/tr>\n<tr style=\"height: 35.00pt;\">\n<td class=\"et6\" style=\"height: 35.00pt;\" colspan=\"2\" height=\"46\">Mat\u00e9riel<\/td>\n<td class=\"et7\" colspan=\"7\">\u200e<span class=\"font0\">Acier \u00e0 haute vitesse<\/span><\/td>\n<\/tr>\n<tr style=\"height: 35.00pt;\">\n<td class=\"et6\" style=\"height: 35.00pt;\" colspan=\"2\" height=\"46\">Poids de l&#039;article<\/td>\n<td class=\"et7\" colspan=\"7\">\u200e<span class=\"font0\">4,9 onces<\/span><\/td>\n<\/tr>\n<tr style=\"height: 35.00pt;\">\n<td class=\"et6\" style=\"height: 35.00pt;\" colspan=\"2\" height=\"46\">Couleur<\/td>\n<td class=\"et7\" colspan=\"7\">\u200e<span class=\"font0\">Argent<\/span><\/td>\n<\/tr>\n<tr style=\"height: 35.00pt;\">\n<td class=\"et6\" style=\"height: 35.00pt;\" colspan=\"2\" height=\"46\">Dimensions du colis<\/td>\n<td class=\"et7\" colspan=\"7\">\u200e<span class=\"font0\">5 x 3,94 x 0,94 pouces<\/span><\/td>\n<\/tr>\n<\/tbody>\n<\/table>\n<\/li>\n<\/ul>","protected":false},"excerpt":{"rendered":"<p>Features: Tap Length: 4.02&#8243;\/102mm, Thread Head Length: 1.26&#8243;\/32mm. Tap Material: High-Speed Steel, Die Material: Alloy Tool Steel. High-Speed Steel Hand Taps come in three styles: Taper Style: Starts the thread square with the workpiece. Uncoated tools feature just the base substrate without any additional treatment or coatings and are suitable for a wide range of [&hellip;]<\/p>\n","protected":false},"featured_media":16205,"comment_status":"closed","ping_status":"closed","template":"","meta":{"_acf_changed":false,"_seopress_robots_primary_cat":"","_seopress_titles_title":"M16 x 1.25 Metric Tap and Die Set  | Steel Round Thread Die Right Hand","_seopress_titles_desc":"","_seopress_robots_index":"","site-sidebar-layout":"default","site-content-layout":"default","ast-site-content-layout":"default","site-content-style":"default","site-sidebar-style":"default","ast-global-header-display":"","ast-banner-title-visibility":"","ast-main-header-display":"","ast-hfb-above-header-display":"","ast-hfb-below-header-display":"","ast-hfb-mobile-header-display":"","site-post-title":"","ast-breadcrumbs-content":"","ast-featured-img":"","footer-sml-layout":"","ast-disable-related-posts":"","theme-transparent-header-meta":"default","adv-header-id-meta":"","stick-header-meta":"","header-above-stick-meta":"","header-main-stick-meta":"","header-below-stick-meta":"","astra-migrate-meta-layouts":"default","ast-page-background-enabled":"default","ast-page-background-meta":{"desktop":{"background-color":"","background-image":"","background-repeat":"repeat","background-position":"center center","background-size":"auto","background-attachment":"scroll","background-type":"","background-media":"","overlay-type":"","overlay-color":"","overlay-opacity":"","overlay-gradient":""},"tablet":{"background-color":"","background-image":"","background-repeat":"repeat","background-position":"center center","background-size":"auto","background-attachment":"scroll","background-type":"","background-media":"","overlay-type":"","overlay-color":"","overlay-opacity":"","overlay-gradient":""},"mobile":{"background-color":"","background-image":"","background-repeat":"repeat","background-position":"center center","background-size":"auto","background-attachment":"scroll","background-type":"","background-media":"","overlay-type":"","overlay-color":"","overlay-opacity":"","overlay-gradient":""}},"ast-content-background-meta":{"desktop":{"background-color":"var(--ast-global-color-5)","background-image":"","background-repeat":"repeat","background-position":"center center","background-size":"auto","background-attachment":"scroll","background-type":"","background-media":"","overlay-type":"","overlay-color":"","overlay-opacity":"","overlay-gradient":""},"tablet":{"background-color":"var(--ast-global-color-5)","background-image":"","background-repeat":"repeat","background-position":"center center","background-size":"auto","background-attachment":"scroll","background-type":"","background-media":"","overlay-type":"","overlay-color":"","overlay-opacity":"","overlay-gradient":""},"mobile":{"background-color":"var(--ast-global-color-5)","background-image":"","background-repeat":"repeat","background-position":"center center","background-size":"auto","background-attachment":"scroll","background-type":"","background-media":"","overlay-type":"","overlay-color":"","overlay-opacity":"","overlay-gradient":""}}},"product_brand":[],"product_cat":[31],"product_tag":[],"class_list":{"0":"post-16203","1":"product","2":"type-product","3":"status-publish","4":"has-post-thumbnail","6":"product_cat-tap-and-die-set","7":"desktop-align-left","8":"tablet-align-left","9":"mobile-align-left","11":"first","12":"instock","13":"shipping-taxable","14":"product-type-simple"},"acf":[],"_links":{"self":[{"href":"https:\/\/www.tenyutool.com\/fr\/wp-json\/wp\/v2\/product\/16203","targetHints":{"allow":["GET"]}}],"collection":[{"href":"https:\/\/www.tenyutool.com\/fr\/wp-json\/wp\/v2\/product"}],"about":[{"href":"https:\/\/www.tenyutool.com\/fr\/wp-json\/wp\/v2\/types\/product"}],"replies":[{"embeddable":true,"href":"https:\/\/www.tenyutool.com\/fr\/wp-json\/wp\/v2\/comments?post=16203"}],"wp:featuredmedia":[{"embeddable":true,"href":"https:\/\/www.tenyutool.com\/fr\/wp-json\/wp\/v2\/media\/16205"}],"wp:attachment":[{"href":"https:\/\/www.tenyutool.com\/fr\/wp-json\/wp\/v2\/media?parent=16203"}],"wp:term":[{"taxonomy":"product_brand","embeddable":true,"href":"https:\/\/www.tenyutool.com\/fr\/wp-json\/wp\/v2\/product_brand?post=16203"},{"taxonomy":"product_cat","embeddable":true,"href":"https:\/\/www.tenyutool.com\/fr\/wp-json\/wp\/v2\/product_cat?post=16203"},{"taxonomy":"product_tag","embeddable":true,"href":"https:\/\/www.tenyutool.com\/fr\/wp-json\/wp\/v2\/product_tag?post=16203"}],"curies":[{"name":"wp","href":"https:\/\/api.w.org\/{rel}","templated":true}]}}