{"id":16209,"date":"2022-10-28T09:22:47","date_gmt":"2022-10-28T09:22:47","guid":{"rendered":"https:\/\/www.tenyutool.com\/?post_type=product&#038;p=16209"},"modified":"2022-10-28T09:22:47","modified_gmt":"2022-10-28T09:22:47","slug":"1-4-core-drill-bits-set-concrete-core-drill-high-quality","status":"publish","type":"product","link":"https:\/\/www.tenyutool.com\/fr\/product\/1-4-core-drill-bits-set-concrete-core-drill-high-quality\/","title":{"rendered":"1\u2033-4\u2033 Ensemble de forets \u00e0 noyau pour b\u00e9ton de haute qualit\u00e9"},"content":{"rendered":"<p>Traits:<\/p>\n<ul>\n<li>Con\u00e7u pour percer le b\u00e9ton, le b\u00e9ton avec une l\u00e9g\u00e8re armature en acier ou la ma\u00e7onnerie dure.<\/li>\n<li>La concentration en diamant int\u00e9gr\u00e9e garantit une dur\u00e9e de vie plus longue du noyau et un forage efficace.<\/li>\n<li>MOUILL\u00c9 UNIQUEMENT - recommand\u00e9 pour une utilisation avec des carotteuses portatives ou des carotteuses d\u00e9di\u00e9es (mode rotatif uniquement).<\/li>\n<\/ul>\n<figure id=\"attachment_16212\" aria-describedby=\"caption-attachment-16212\" style=\"width: 800px\" class=\"wp-caption alignnone\"><img fetchpriority=\"high\" decoding=\"async\" class=\"size-full wp-image-16212\" src=\"https:\/\/www.tenyutool.com\/wp-content\/uploads\/2022\/10\/1-4-Core-Drill-Bits-Set-Concrete-Core-Drill-High-Quality-3.jpg\" alt=\"Jeu de forets \u00e0 noyau 1 &quot;4&quot; perceuse \u00e0 b\u00e9ton de haute qualit\u00e9\" width=\"800\" height=\"800\" srcset=\"https:\/\/www.tenyutool.com\/wp-content\/uploads\/2022\/10\/1-4-Core-Drill-Bits-Set-Concrete-Core-Drill-High-Quality-3.jpg 800w, https:\/\/www.tenyutool.com\/wp-content\/uploads\/2022\/10\/1-4-Core-Drill-Bits-Set-Concrete-Core-Drill-High-Quality-3-150x150.jpg 150w, https:\/\/www.tenyutool.com\/wp-content\/uploads\/2022\/10\/1-4-Core-Drill-Bits-Set-Concrete-Core-Drill-High-Quality-3-768x768.jpg 768w, https:\/\/www.tenyutool.com\/wp-content\/uploads\/2022\/10\/1-4-Core-Drill-Bits-Set-Concrete-Core-Drill-High-Quality-3-12x12.jpg 12w, https:\/\/www.tenyutool.com\/wp-content\/uploads\/2022\/10\/1-4-Core-Drill-Bits-Set-Concrete-Core-Drill-High-Quality-3-300x300.jpg 300w, https:\/\/www.tenyutool.com\/wp-content\/uploads\/2022\/10\/1-4-Core-Drill-Bits-Set-Concrete-Core-Drill-High-Quality-3-600x600.jpg 600w, https:\/\/www.tenyutool.com\/wp-content\/uploads\/2022\/10\/1-4-Core-Drill-Bits-Set-Concrete-Core-Drill-High-Quality-3-100x100.jpg 100w\" sizes=\"(max-width: 800px) 100vw, 800px\" \/><figcaption id=\"caption-attachment-16212\" class=\"wp-caption-text\">1\u2033 4\u2033 ensemble de forets \u00e0 b\u00e9ton de haute qualit\u00e9<\/figcaption><\/figure>\n<table width=\"703\">\n<tbody>\n<tr>\n<td colspan=\"9\" width=\"703\">Description du produit<\/td>\n<\/tr>\n<tr>\n<td colspan=\"9\">Plus de choix pour vous : <a href=\"https:\/\/www.tenyutool.com\/fr\/\">Maison<\/a> &gt; Tr\u00e9pans de carottage<\/td>\n<\/tr>\n<tr>\n<td colspan=\"2\">Nom du produit<\/td>\n<td colspan=\"7\">1\u2033-4\u2033 Ensemble de forets \u00e0 noyau pour b\u00e9ton de haute qualit\u00e9<\/td>\n<\/tr>\n<tr>\n<td colspan=\"2\" width=\"199\">\nMat\u00e9riel<\/td>\n<td colspan=\"7\">diamant<\/td>\n<\/tr>\n<tr>\n<td colspan=\"2\">Type de tige<\/td>\n<td colspan=\"7\">Filet\u00e9<\/td>\n<\/tr>\n<\/tbody>\n<\/table>","protected":false},"excerpt":{"rendered":"<p>Features: Designed to drill concrete, concrete with light steel reinforcement or hard masonry. Embedded diamond concentration guarantees longer core life and efficient drilling. WET ONLY &#8211; recommended to use with handheld core drills or dedicated core drill rigs (rotary mode only). Product Description More Choice For You: Home &gt; Coring Drill Bits Product Name 1&#8243;-4&#8243; [&hellip;]<\/p>\n","protected":false},"featured_media":16212,"comment_status":"closed","ping_status":"closed","template":"","meta":{"_acf_changed":false,"_seopress_robots_primary_cat":"","_seopress_titles_title":"1&quot;-4&quot; Core Drill Bits Set | Concrete Core Drill High Quality","_seopress_titles_desc":"","_seopress_robots_index":"","site-sidebar-layout":"default","site-content-layout":"default","ast-site-content-layout":"default","site-content-style":"default","site-sidebar-style":"default","ast-global-header-display":"","ast-banner-title-visibility":"","ast-main-header-display":"","ast-hfb-above-header-display":"","ast-hfb-below-header-display":"","ast-hfb-mobile-header-display":"","site-post-title":"","ast-breadcrumbs-content":"","ast-featured-img":"","footer-sml-layout":"","ast-disable-related-posts":"","theme-transparent-header-meta":"default","adv-header-id-meta":"","stick-header-meta":"","header-above-stick-meta":"","header-main-stick-meta":"","header-below-stick-meta":"","astra-migrate-meta-layouts":"default","ast-page-background-enabled":"default","ast-page-background-meta":{"desktop":{"background-color":"","background-image":"","background-repeat":"repeat","background-position":"center center","background-size":"auto","background-attachment":"scroll","background-type":"","background-media":"","overlay-type":"","overlay-color":"","overlay-opacity":"","overlay-gradient":""},"tablet":{"background-color":"","background-image":"","background-repeat":"repeat","background-position":"center center","background-size":"auto","background-attachment":"scroll","background-type":"","background-media":"","overlay-type":"","overlay-color":"","overlay-opacity":"","overlay-gradient":""},"mobile":{"background-color":"","background-image":"","background-repeat":"repeat","background-position":"center center","background-size":"auto","background-attachment":"scroll","background-type":"","background-media":"","overlay-type":"","overlay-color":"","overlay-opacity":"","overlay-gradient":""}},"ast-content-background-meta":{"desktop":{"background-color":"var(--ast-global-color-5)","background-image":"","background-repeat":"repeat","background-position":"center center","background-size":"auto","background-attachment":"scroll","background-type":"","background-media":"","overlay-type":"","overlay-color":"","overlay-opacity":"","overlay-gradient":""},"tablet":{"background-color":"var(--ast-global-color-5)","background-image":"","background-repeat":"repeat","background-position":"center center","background-size":"auto","background-attachment":"scroll","background-type":"","background-media":"","overlay-type":"","overlay-color":"","overlay-opacity":"","overlay-gradient":""},"mobile":{"background-color":"var(--ast-global-color-5)","background-image":"","background-repeat":"repeat","background-position":"center center","background-size":"auto","background-attachment":"scroll","background-type":"","background-media":"","overlay-type":"","overlay-color":"","overlay-opacity":"","overlay-gradient":""}}},"product_brand":[],"product_cat":[32],"product_tag":[],"class_list":{"0":"post-16209","1":"product","2":"type-product","3":"status-publish","4":"has-post-thumbnail","6":"product_cat-coring-drill-bits","7":"desktop-align-left","8":"tablet-align-left","9":"mobile-align-left","11":"first","12":"instock","13":"shipping-taxable","14":"product-type-simple"},"acf":[],"_links":{"self":[{"href":"https:\/\/www.tenyutool.com\/fr\/wp-json\/wp\/v2\/product\/16209","targetHints":{"allow":["GET"]}}],"collection":[{"href":"https:\/\/www.tenyutool.com\/fr\/wp-json\/wp\/v2\/product"}],"about":[{"href":"https:\/\/www.tenyutool.com\/fr\/wp-json\/wp\/v2\/types\/product"}],"replies":[{"embeddable":true,"href":"https:\/\/www.tenyutool.com\/fr\/wp-json\/wp\/v2\/comments?post=16209"}],"wp:featuredmedia":[{"embeddable":true,"href":"https:\/\/www.tenyutool.com\/fr\/wp-json\/wp\/v2\/media\/16212"}],"wp:attachment":[{"href":"https:\/\/www.tenyutool.com\/fr\/wp-json\/wp\/v2\/media?parent=16209"}],"wp:term":[{"taxonomy":"product_brand","embeddable":true,"href":"https:\/\/www.tenyutool.com\/fr\/wp-json\/wp\/v2\/product_brand?post=16209"},{"taxonomy":"product_cat","embeddable":true,"href":"https:\/\/www.tenyutool.com\/fr\/wp-json\/wp\/v2\/product_cat?post=16209"},{"taxonomy":"product_tag","embeddable":true,"href":"https:\/\/www.tenyutool.com\/fr\/wp-json\/wp\/v2\/product_tag?post=16209"}],"curies":[{"name":"wp","href":"https:\/\/api.w.org\/{rel}","templated":true}]}}