{"id":16615,"date":"2022-12-05T01:57:59","date_gmt":"2022-12-05T01:57:59","guid":{"rendered":"https:\/\/www.tenyutool.com\/?post_type=product&#038;p=16615"},"modified":"2022-12-05T01:58:56","modified_gmt":"2022-12-05T01:58:56","slug":"40cr-steel-sds-max-argile-beche-ciseau","status":"publish","type":"product","link":"https:\/\/www.tenyutool.com\/fr\/product\/40cr-steel-sds-max-clay-spade-chisel\/","title":{"rendered":"Marteau rotatif en acier 40Cr SDS Max Shank Clay Spade Chisel Foret pour creuser du gravier de sol dur"},"content":{"rendered":"<p>Traits:<\/p>\n<ul>\n<li>Forets de remplacement extra-longs et robustes \u00e0 tige hexagonale en argile.<\/li>\n<li>Con\u00e7u pour la d\u00e9molition s\u00e9rieuse.<\/li>\n<li>La tige extra-longue est con\u00e7ue pour am\u00e9liorer l&#039;accessibilit\u00e9 et assurer le confort.<\/li>\n<li>Facile \u00e0 utiliser pour creuser dans le b\u00e9ton, le sol tass\u00e9, trancher le gazon \u00e9pais et labourer.<\/li>\n<li>Duret\u00e9 accrue et r\u00e9sistance \u00e0 l&#039;abrasion, \u00e0 l&#039;oxydation et \u00e0 la corrosion.<\/li>\n<\/ul>\n<figure id=\"attachment_16620\" aria-describedby=\"caption-attachment-16620\" style=\"width: 800px\" class=\"wp-caption alignnone\"><img fetchpriority=\"high\" decoding=\"async\" class=\"size-full wp-image-16620\" src=\"https:\/\/www.tenyutool.com\/wp-content\/uploads\/2022\/12\/40Cr-Steel-Rotary-Hammer-SDS-Max-Shank-Clay-Spade-Chisel-Drill-Bit-for-Digging-Hard-Soil-Gravel.jpg\" alt=\"Marteau rotatif en acier 40cr sds max tige argile pelle ciseau foret pour creuser du gravier de sol dur\" width=\"800\" height=\"800\" srcset=\"https:\/\/www.tenyutool.com\/wp-content\/uploads\/2022\/12\/40Cr-Steel-Rotary-Hammer-SDS-Max-Shank-Clay-Spade-Chisel-Drill-Bit-for-Digging-Hard-Soil-Gravel.jpg 800w, https:\/\/www.tenyutool.com\/wp-content\/uploads\/2022\/12\/40Cr-Steel-Rotary-Hammer-SDS-Max-Shank-Clay-Spade-Chisel-Drill-Bit-for-Digging-Hard-Soil-Gravel-150x150.jpg 150w, https:\/\/www.tenyutool.com\/wp-content\/uploads\/2022\/12\/40Cr-Steel-Rotary-Hammer-SDS-Max-Shank-Clay-Spade-Chisel-Drill-Bit-for-Digging-Hard-Soil-Gravel-768x768.jpg 768w, https:\/\/www.tenyutool.com\/wp-content\/uploads\/2022\/12\/40Cr-Steel-Rotary-Hammer-SDS-Max-Shank-Clay-Spade-Chisel-Drill-Bit-for-Digging-Hard-Soil-Gravel-12x12.jpg 12w, https:\/\/www.tenyutool.com\/wp-content\/uploads\/2022\/12\/40Cr-Steel-Rotary-Hammer-SDS-Max-Shank-Clay-Spade-Chisel-Drill-Bit-for-Digging-Hard-Soil-Gravel-300x300.jpg 300w, https:\/\/www.tenyutool.com\/wp-content\/uploads\/2022\/12\/40Cr-Steel-Rotary-Hammer-SDS-Max-Shank-Clay-Spade-Chisel-Drill-Bit-for-Digging-Hard-Soil-Gravel-600x600.jpg 600w, https:\/\/www.tenyutool.com\/wp-content\/uploads\/2022\/12\/40Cr-Steel-Rotary-Hammer-SDS-Max-Shank-Clay-Spade-Chisel-Drill-Bit-for-Digging-Hard-Soil-Gravel-100x100.jpg 100w\" sizes=\"(max-width: 800px) 100vw, 800px\" \/><figcaption id=\"caption-attachment-16620\" class=\"wp-caption-text\">Marteau rotatif en acier 40cr sds max tige argile pelle ciseau foret pour creuser du gravier de sol dur<\/figcaption><\/figure>\n<table class=\"has-title hight-light-first-column all magic-6\">\n<tbody>\n<tr>\n<td colspan=\"5\" rowspan=\"1\">\n<div class=\"magic-7\"><span class=\"magic-8\">Description du produit<\/span><\/div>\n<\/td>\n<\/tr>\n<tr>\n<td colspan=\"5\" rowspan=\"1\">\n<div class=\"magic-7\"><span class=\"magic-11\"><b data-spm-anchor-id=\"0.0.0.i43.2dea4f05AneQoR\">Plus de choix pour vous :\u00a0<a href=\"https:\/\/www.tenyutool.com\/fr\/\" target=\"_blank\" rel=\"noopener\">Maison<\/a> &gt;\u00a0<a href=\"https:\/\/www.tenyutool.com\/fr\/ciseau-sds\/\" target=\"_blank\" rel=\"noopener\">Ciseau<\/a><\/b><\/span><\/div>\n<\/td>\n<\/tr>\n<tr>\n<td colspan=\"1\" rowspan=\"1\">\n<div class=\"magic-12\">Nom du produit<\/div>\n<\/td>\n<td colspan=\"4\" rowspan=\"1\">\n<div class=\"magic-13\" data-spm-anchor-id=\"a2700.details.0.i22.710febc7C1brpK\">Marteau rotatif en acier 40Cr SDS Max Shank Clay Spade Chisel Foret pour gravier de sol dur<\/div>\n<\/td>\n<\/tr>\n<tr>\n<td colspan=\"1\" rowspan=\"1\">\n<div class=\"magic-12\">Mat\u00e9riel<\/div>\n<\/td>\n<td colspan=\"4\" rowspan=\"1\">\n<div class=\"magic-14\">Acier 40Cr<\/div>\n<\/td>\n<\/tr>\n<tr>\n<td colspan=\"1\" rowspan=\"1\">\n<div class=\"magic-12\">Traiter<\/div>\n<\/td>\n<td colspan=\"4\" rowspan=\"1\">\n<div class=\"magic-14\">Traitement thermique<\/div>\n<\/td>\n<\/tr>\n<tr>\n<td colspan=\"1\" rowspan=\"1\">\n<div class=\"magic-12\">Type de t\u00eate<\/div>\n<\/td>\n<td colspan=\"4\" rowspan=\"1\">\n<div class=\"magic-14\">Ciseau b\u00eache<\/div>\n<\/td>\n<\/tr>\n<tr>\n<td colspan=\"1\" rowspan=\"1\">\n<div class=\"magic-12\">Jarret<\/div>\n<\/td>\n<td colspan=\"4\" rowspan=\"1\">\n<div class=\"magic-14\">Tige SDS Max (nous avons \u00e9galement une tige PH65, une tige 17 A\/F)<\/div>\n<\/td>\n<\/tr>\n<tr>\n<td colspan=\"1\" rowspan=\"1\">\n<div class=\"magic-12\">Finition de surface<\/div>\n<\/td>\n<td colspan=\"4\" rowspan=\"1\">\n<div class=\"magic-14\">Sabl\u00e9<\/div>\n<\/td>\n<\/tr>\n<tr>\n<td colspan=\"1\" rowspan=\"1\">\n<div class=\"magic-12\">Forfait<\/div>\n<\/td>\n<td colspan=\"4\" rowspan=\"1\">\n<div class=\"magic-14\">Une pi\u00e8ce dans une bo\u00eete en plastique ou en bois<\/div>\n<\/td>\n<\/tr>\n<\/tbody>\n<\/table>\n<p>&nbsp;<\/p>","protected":false},"excerpt":{"rendered":"<p>Features: Extra-long and sturdy replacement hex shank clay spade chisel bits. Designed for serious demolition. The extra-long shank is designed to improve accessibility and ensure comfortability. Easily used for digging through concrete, packed soil, slicing through thick turf, and plowing. Increased hardness and resistance to abrasion, oxidation, and corrosion. Product Description More Choice For You:\u00a0Home [&hellip;]<\/p>\n","protected":false},"featured_media":16620,"comment_status":"closed","ping_status":"closed","template":"","meta":{"_acf_changed":false,"_seopress_robots_primary_cat":"none","_seopress_titles_title":"SDS Max Clay Spade | 40Cr Steel Clay Spade Chisel Drill Bit","_seopress_titles_desc":"","_seopress_robots_index":"","site-sidebar-layout":"default","site-content-layout":"default","ast-site-content-layout":"default","site-content-style":"default","site-sidebar-style":"default","ast-global-header-display":"","ast-banner-title-visibility":"","ast-main-header-display":"","ast-hfb-above-header-display":"","ast-hfb-below-header-display":"","ast-hfb-mobile-header-display":"","site-post-title":"","ast-breadcrumbs-content":"","ast-featured-img":"","footer-sml-layout":"","ast-disable-related-posts":"","theme-transparent-header-meta":"default","adv-header-id-meta":"","stick-header-meta":"","header-above-stick-meta":"","header-main-stick-meta":"","header-below-stick-meta":"","astra-migrate-meta-layouts":"default","ast-page-background-enabled":"default","ast-page-background-meta":{"desktop":{"background-color":"","background-image":"","background-repeat":"repeat","background-position":"center center","background-size":"auto","background-attachment":"scroll","background-type":"","background-media":"","overlay-type":"","overlay-color":"","overlay-opacity":"","overlay-gradient":""},"tablet":{"background-color":"","background-image":"","background-repeat":"repeat","background-position":"center center","background-size":"auto","background-attachment":"scroll","background-type":"","background-media":"","overlay-type":"","overlay-color":"","overlay-opacity":"","overlay-gradient":""},"mobile":{"background-color":"","background-image":"","background-repeat":"repeat","background-position":"center center","background-size":"auto","background-attachment":"scroll","background-type":"","background-media":"","overlay-type":"","overlay-color":"","overlay-opacity":"","overlay-gradient":""}},"ast-content-background-meta":{"desktop":{"background-color":"var(--ast-global-color-5)","background-image":"","background-repeat":"repeat","background-position":"center center","background-size":"auto","background-attachment":"scroll","background-type":"","background-media":"","overlay-type":"","overlay-color":"","overlay-opacity":"","overlay-gradient":""},"tablet":{"background-color":"var(--ast-global-color-5)","background-image":"","background-repeat":"repeat","background-position":"center center","background-size":"auto","background-attachment":"scroll","background-type":"","background-media":"","overlay-type":"","overlay-color":"","overlay-opacity":"","overlay-gradient":""},"mobile":{"background-color":"var(--ast-global-color-5)","background-image":"","background-repeat":"repeat","background-position":"center center","background-size":"auto","background-attachment":"scroll","background-type":"","background-media":"","overlay-type":"","overlay-color":"","overlay-opacity":"","overlay-gradient":""}}},"product_brand":[],"product_cat":[33],"product_tag":[],"class_list":{"0":"post-16615","1":"product","2":"type-product","3":"status-publish","4":"has-post-thumbnail","6":"product_cat-sds-chisel","7":"desktop-align-left","8":"tablet-align-left","9":"mobile-align-left","11":"first","12":"instock","13":"shipping-taxable","14":"product-type-simple"},"acf":[],"_links":{"self":[{"href":"https:\/\/www.tenyutool.com\/fr\/wp-json\/wp\/v2\/product\/16615","targetHints":{"allow":["GET"]}}],"collection":[{"href":"https:\/\/www.tenyutool.com\/fr\/wp-json\/wp\/v2\/product"}],"about":[{"href":"https:\/\/www.tenyutool.com\/fr\/wp-json\/wp\/v2\/types\/product"}],"replies":[{"embeddable":true,"href":"https:\/\/www.tenyutool.com\/fr\/wp-json\/wp\/v2\/comments?post=16615"}],"wp:featuredmedia":[{"embeddable":true,"href":"https:\/\/www.tenyutool.com\/fr\/wp-json\/wp\/v2\/media\/16620"}],"wp:attachment":[{"href":"https:\/\/www.tenyutool.com\/fr\/wp-json\/wp\/v2\/media?parent=16615"}],"wp:term":[{"taxonomy":"product_brand","embeddable":true,"href":"https:\/\/www.tenyutool.com\/fr\/wp-json\/wp\/v2\/product_brand?post=16615"},{"taxonomy":"product_cat","embeddable":true,"href":"https:\/\/www.tenyutool.com\/fr\/wp-json\/wp\/v2\/product_cat?post=16615"},{"taxonomy":"product_tag","embeddable":true,"href":"https:\/\/www.tenyutool.com\/fr\/wp-json\/wp\/v2\/product_tag?post=16615"}],"curies":[{"name":"wp","href":"https:\/\/api.w.org\/{rel}","templated":true}]}}