{"id":16626,"date":"2022-12-05T02:11:16","date_gmt":"2022-12-05T02:11:16","guid":{"rendered":"https:\/\/www.tenyutool.com\/?post_type=product&#038;p=16626"},"modified":"2022-12-28T03:07:09","modified_gmt":"2022-12-28T03:07:09","slug":"sol-brique-sds-max-argile-beche-ciseau","status":"publish","type":"product","link":"https:\/\/www.tenyutool.com\/fr\/product\/soil-brick-sds-max-clay-spade-chisel\/","title":{"rendered":"Perceuse \u00e0 percussion rotative Brique de sol SDS Max Clay Spade Burin Foret pour un retrait rapide"},"content":{"rendered":"<div class=\"mceTemp\"><\/div>\n<p>Traits:<\/p>\n<ul>\n<li>Acier 40Cr pour une duret\u00e9 et une r\u00e9sistance accrues \u00e0 l&#039;abrasion, \u00e0 l&#039;oxydation et \u00e0 la corrosion.<\/li>\n<li>Tremp\u00e9 pour augmenter la r\u00e9sistance aux chocs.<\/li>\n<li>Tige SDS max, impact plus fort.<\/li>\n<li>L&#039;ensemble du corps peut supporter une forte duret\u00e9.<\/li>\n<li>Creuse dans le b\u00e9ton, le sol tass\u00e9, l&#039;argile, le gravier, l&#039;adobe, le gr\u00e8s, la terre gel\u00e9e, etc.\n<p><figure id=\"attachment_16796\" aria-describedby=\"caption-attachment-16796\" style=\"width: 800px\" class=\"wp-caption alignnone\"><img fetchpriority=\"high\" decoding=\"async\" class=\"size-full wp-image-16796\" src=\"https:\/\/www.tenyutool.com\/wp-content\/uploads\/2022\/12\/H7206edc687a4412c97b038b3e1f4206eo.webp.jpg\" alt=\"perceuse \u00e0 percussion rotative sol brique sds max argile pelle burin foret pour un retrait rapide\" width=\"800\" height=\"800\" srcset=\"https:\/\/www.tenyutool.com\/wp-content\/uploads\/2022\/12\/H7206edc687a4412c97b038b3e1f4206eo.webp.jpg 800w, https:\/\/www.tenyutool.com\/wp-content\/uploads\/2022\/12\/H7206edc687a4412c97b038b3e1f4206eo.webp-150x150.jpg 150w, https:\/\/www.tenyutool.com\/wp-content\/uploads\/2022\/12\/H7206edc687a4412c97b038b3e1f4206eo.webp-768x768.jpg 768w, https:\/\/www.tenyutool.com\/wp-content\/uploads\/2022\/12\/H7206edc687a4412c97b038b3e1f4206eo.webp-12x12.jpg 12w, https:\/\/www.tenyutool.com\/wp-content\/uploads\/2022\/12\/H7206edc687a4412c97b038b3e1f4206eo.webp-300x300.jpg 300w, https:\/\/www.tenyutool.com\/wp-content\/uploads\/2022\/12\/H7206edc687a4412c97b038b3e1f4206eo.webp-600x600.jpg 600w, https:\/\/www.tenyutool.com\/wp-content\/uploads\/2022\/12\/H7206edc687a4412c97b038b3e1f4206eo.webp-100x100.jpg 100w\" sizes=\"(max-width: 800px) 100vw, 800px\" \/><figcaption id=\"caption-attachment-16796\" class=\"wp-caption-text\">perceuse \u00e0 percussion rotative sol brique sds max argile pelle burin foret pour un retrait rapide<\/figcaption><\/figure><\/li>\n<\/ul>\n<table class=\"has-title hight-light-first-column all magic-6\">\n<tbody>\n<tr>\n<td colspan=\"5\" rowspan=\"1\">\n<div class=\"magic-7\"><span class=\"magic-8\">Description du produit<\/span><\/div>\n<\/td>\n<\/tr>\n<tr>\n<td colspan=\"5\" rowspan=\"1\">\n<div class=\"magic-7\"><span class=\"magic-11\"><b data-spm-anchor-id=\"0.0.0.i43.2dea4f05AneQoR\">Plus de choix pour vous :\u00a0<a href=\"https:\/\/www.tenyutool.com\/fr\/\" target=\"_blank\" rel=\"noopener\">Maison<\/a> &gt;\u00a0<a href=\"https:\/\/www.tenyutool.com\/fr\/ciseau-sds\/\" target=\"_blank\" rel=\"noopener\">Ciseau<\/a><\/b><\/span><\/div>\n<\/td>\n<\/tr>\n<tr>\n<td colspan=\"1\" rowspan=\"1\">\n<div class=\"magic-12\">Nom du produit<\/div>\n<\/td>\n<td colspan=\"4\" rowspan=\"1\">\n<div class=\"magic-13\" data-spm-anchor-id=\"a2700.details.0.i7.285e1f2aLuNjYr\">Perceuse \u00e0 percussion rotative Brique de sol SDS Max Clay Spade Burin Foret pour un retrait rapide<\/div>\n<\/td>\n<\/tr>\n<tr>\n<td colspan=\"1\" rowspan=\"1\">\n<div class=\"magic-12\">Mat\u00e9riel<\/div>\n<\/td>\n<td colspan=\"4\" rowspan=\"1\">\n<div class=\"magic-14\">Acier 40Cr<\/div>\n<\/td>\n<\/tr>\n<tr>\n<td colspan=\"1\" rowspan=\"1\">\n<div class=\"magic-12\">Traiter<\/div>\n<\/td>\n<td colspan=\"4\" rowspan=\"1\">\n<div class=\"magic-14\">Traitement thermique<\/div>\n<\/td>\n<\/tr>\n<tr>\n<td colspan=\"1\" rowspan=\"1\">\n<div class=\"magic-12\">Type de t\u00eate<\/div>\n<\/td>\n<td colspan=\"4\" rowspan=\"1\">\n<div class=\"magic-14\">Ciseau b\u00eache<\/div>\n<\/td>\n<\/tr>\n<tr>\n<td colspan=\"1\" rowspan=\"1\">\n<div class=\"magic-12\">Jarret<\/div>\n<\/td>\n<td colspan=\"4\" rowspan=\"1\">\n<div class=\"magic-14\">Tige SDS Max (nous avons \u00e9galement une tige 65PH)<\/div>\n<\/td>\n<\/tr>\n<tr>\n<td colspan=\"1\" rowspan=\"1\">\n<div class=\"magic-12\">Finition de surface<\/div>\n<\/td>\n<td colspan=\"4\" rowspan=\"1\">\n<div class=\"magic-14\">Sabl\u00e9<\/div>\n<\/td>\n<\/tr>\n<tr>\n<td colspan=\"1\" rowspan=\"1\">\n<div class=\"magic-12\">Forfait<\/div>\n<\/td>\n<td colspan=\"4\" rowspan=\"1\">\n<div class=\"magic-14\">Une pi\u00e8ce dans une bo\u00eete en bois ou une bo\u00eete en plastique<\/div>\n<\/td>\n<\/tr>\n<\/tbody>\n<\/table>\n<p>&nbsp;<\/p>","protected":false},"excerpt":{"rendered":"<p>Features: 40Cr steel for increased hardness and resistance to abrasion, oxidation, and corrosion. Tempered to increase impact durability. SDS max shank, stronger impact. The whole body can withstand strong hardness. Digs through concrete, packed soil, clay, gravel, adobe, sandstone, frozen dirt, and more. Product Description More Choice For You:\u00a0Home &gt;\u00a0Chisel Product Name Rotary Hammer Drill [&hellip;]<\/p>\n","protected":false},"featured_media":16796,"comment_status":"closed","ping_status":"closed","template":"","meta":{"_acf_changed":false,"_seopress_robots_primary_cat":"none","_seopress_titles_title":"Clay Spade Bit | SDS Max Clay Spade Chisel","_seopress_titles_desc":"","_seopress_robots_index":"","site-sidebar-layout":"default","site-content-layout":"default","ast-site-content-layout":"default","site-content-style":"default","site-sidebar-style":"default","ast-global-header-display":"","ast-banner-title-visibility":"","ast-main-header-display":"","ast-hfb-above-header-display":"","ast-hfb-below-header-display":"","ast-hfb-mobile-header-display":"","site-post-title":"","ast-breadcrumbs-content":"","ast-featured-img":"","footer-sml-layout":"","ast-disable-related-posts":"","theme-transparent-header-meta":"default","adv-header-id-meta":"","stick-header-meta":"","header-above-stick-meta":"","header-main-stick-meta":"","header-below-stick-meta":"","astra-migrate-meta-layouts":"default","ast-page-background-enabled":"default","ast-page-background-meta":{"desktop":{"background-color":"","background-image":"","background-repeat":"repeat","background-position":"center center","background-size":"auto","background-attachment":"scroll","background-type":"","background-media":"","overlay-type":"","overlay-color":"","overlay-opacity":"","overlay-gradient":""},"tablet":{"background-color":"","background-image":"","background-repeat":"repeat","background-position":"center center","background-size":"auto","background-attachment":"scroll","background-type":"","background-media":"","overlay-type":"","overlay-color":"","overlay-opacity":"","overlay-gradient":""},"mobile":{"background-color":"","background-image":"","background-repeat":"repeat","background-position":"center center","background-size":"auto","background-attachment":"scroll","background-type":"","background-media":"","overlay-type":"","overlay-color":"","overlay-opacity":"","overlay-gradient":""}},"ast-content-background-meta":{"desktop":{"background-color":"var(--ast-global-color-5)","background-image":"","background-repeat":"repeat","background-position":"center center","background-size":"auto","background-attachment":"scroll","background-type":"","background-media":"","overlay-type":"","overlay-color":"","overlay-opacity":"","overlay-gradient":""},"tablet":{"background-color":"var(--ast-global-color-5)","background-image":"","background-repeat":"repeat","background-position":"center center","background-size":"auto","background-attachment":"scroll","background-type":"","background-media":"","overlay-type":"","overlay-color":"","overlay-opacity":"","overlay-gradient":""},"mobile":{"background-color":"var(--ast-global-color-5)","background-image":"","background-repeat":"repeat","background-position":"center center","background-size":"auto","background-attachment":"scroll","background-type":"","background-media":"","overlay-type":"","overlay-color":"","overlay-opacity":"","overlay-gradient":""}}},"product_brand":[],"product_cat":[33],"product_tag":[],"class_list":{"0":"post-16626","1":"product","2":"type-product","3":"status-publish","4":"has-post-thumbnail","6":"product_cat-sds-chisel","7":"desktop-align-left","8":"tablet-align-left","9":"mobile-align-left","11":"first","12":"instock","13":"shipping-taxable","14":"product-type-simple"},"acf":[],"_links":{"self":[{"href":"https:\/\/www.tenyutool.com\/fr\/wp-json\/wp\/v2\/product\/16626","targetHints":{"allow":["GET"]}}],"collection":[{"href":"https:\/\/www.tenyutool.com\/fr\/wp-json\/wp\/v2\/product"}],"about":[{"href":"https:\/\/www.tenyutool.com\/fr\/wp-json\/wp\/v2\/types\/product"}],"replies":[{"embeddable":true,"href":"https:\/\/www.tenyutool.com\/fr\/wp-json\/wp\/v2\/comments?post=16626"}],"wp:featuredmedia":[{"embeddable":true,"href":"https:\/\/www.tenyutool.com\/fr\/wp-json\/wp\/v2\/media\/16796"}],"wp:attachment":[{"href":"https:\/\/www.tenyutool.com\/fr\/wp-json\/wp\/v2\/media?parent=16626"}],"wp:term":[{"taxonomy":"product_brand","embeddable":true,"href":"https:\/\/www.tenyutool.com\/fr\/wp-json\/wp\/v2\/product_brand?post=16626"},{"taxonomy":"product_cat","embeddable":true,"href":"https:\/\/www.tenyutool.com\/fr\/wp-json\/wp\/v2\/product_cat?post=16626"},{"taxonomy":"product_tag","embeddable":true,"href":"https:\/\/www.tenyutool.com\/fr\/wp-json\/wp\/v2\/product_tag?post=16626"}],"curies":[{"name":"wp","href":"https:\/\/api.w.org\/{rel}","templated":true}]}}